{"id":2075,"date":"2022-03-07T15:12:25","date_gmt":"2022-03-07T15:12:25","guid":{"rendered":"https:\/\/dasgrasshop.com\/?post_type=product&#038;p=2075"},"modified":"2022-03-07T15:15:06","modified_gmt":"2022-03-07T15:15:06","slug":"grand-daddy-purple","status":"publish","type":"product","link":"https:\/\/dasgrasshop.com\/hu\/product\/grand-daddy-purple\/","title":{"rendered":"Grand Daddy Purple"},"content":{"rendered":"<p>Grand daddy lila elad\u00f3<br \/>\nV\u00e9gre egy indica, amir\u0151l besz\u00e9lhet\u00fcnk! Miel\u0151tt a Cookies lett volna az \"it\" fajta, a Grand Daddy Purple for sale (GDP) volt az, amely t\u00f6bb mint 5 \u00e9vig uralta a kannabisz k\u00f6z\u00f6ss\u00e9get. Ez azt\u00e1n a c\u00edmsorozat! Tagadhatatlanul ez a legh\u00edresebb a Purple fajt\u00e1k k\u00f6z\u00fcl. K\u00f6nnyen megtal\u00e1lhat\u00f3 \u00e9s k\u00f6nnyen termeszthet\u0151, ez a t\u00f6rzs a f\u00fcves szc\u00e9na egyik alapdarabja, \u00e9s mindig visszat\u00e9rsz majd, hogy m\u00e9g t\u00f6bbet kapj. grand daddy purple strain for sale.<\/p>\n<p>Megjelen\u00e9s \u00e9s szag<\/p>\n<p>Az elad\u00f3 Grand Daddy Purple r\u00fcgyei hihetetlen\u00fcl s\u0171r\u0171 z\u00f6ldek, amelyek a n\u00f6v\u00e9ny \u00e9r\u00e9s\u00e9vel m\u00e9ly lila \u00e1rnyalatokat vesznek fel, amelyek a r\u00fcgyek eg\u00e9sz\u00e9n (nem csak a k\u00fclsej\u00e9n) v\u00e9gigfutnak. Az \u00e9l\u00e9nk narancss\u00e1rga sz\u0151rsz\u00e1lak b\u0151s\u00e9gesek, \u00e9s sz\u00e9p kontrasztot alkotnak a t\u00f6bbi sz\u00ednnel, amelyek a gyant\u00e1val bevont r\u00fcgyeket d\u00edsz\u00edtik. Az illata egyszer\u0171, \u00e9s ez lehet, hogy kicsit k\u00f6zhelyes, de t\u00e9nyleg olyan illata van, mint a sz\u0151l\u0151nek.<\/p>\n<p>A f\u00fcst<\/p>\n<p>Kor\u00e1bbi \u00e9letemben sok \u00e9ven \u00e1t termesztettem ezt a fajt\u00e1t. A GDP-t k\u00f6nnyen felismerem puszt\u00e1n az \u00edz alapj\u00e1n. Ism\u00e9t a hat\u00e1rozott sz\u0151l\u0151\u00edz az uralkod\u00f3 aroma. Ez az \u00edz hosszabb ideig megmarad a nyelven. A hat\u00e1s hosszan tart\u00f3 (3-4 \u00f3ra), sima, egyenletes \u00e9rz\u00e9ssel. Csod\u00e1latos gy\u00f3gyszer, hogy az \u00e9jszak\u00e1t egy m\u00e9ly testolvad\u00e1sban fejezd be. Grand Daddy lila t\u00f6rzs elad\u00f3 kapcsolatfelv\u00e9tel most<\/p>\n<p>\u00d6sszesen<\/p>\n<p>A Grand Daddy Purple-t mindig is \u00e9jszakai fajtak\u00e9nt k\u00e9pzeltem el. B\u00e1r nem ez a leger\u0151sebb indica t\u00f6rzs, sok m\u00e1s olyan t\u00f6rzset tudok elk\u00e9pzelni, amely jobb nappali haszn\u00e1latra. Ett\u0151l eltekintve a GDP-t az egyik legjobb \"gy\u00f3gy\u00e1szati\" t\u00f6rzsnek tartj\u00e1k. Ez \u00e9s az \u00e9tv\u00e1gyfokoz\u00f3 tulajdons\u00e1gai miatt a kemoter\u00e1pia mell\u00e9khat\u00e1saival k\u00fczd\u0151 betegek kedvence. A GDP \u00e1lmatlans\u00e1gi probl\u00e9m\u00e1kra is nagyszer\u0171. \u00dagy t\u0171nik, a GDP mostan\u00e1ban mindenhol jelen van, \u00edgy ha tal\u00e1lkozol vele, ne hagyd ki a lehet\u0151s\u00e9get, hogy r\u00e9szes\u00fclj ebb\u0151l a legend\u00e1s t\u00f6rzsb\u0151l. grand daddy purple elad\u00f3. purple punch strain<\/p>","protected":false},"excerpt":{"rendered":"<p>Grand daddy purple elad\u00f3 V\u00e9gre egy indica, amir\u0151l besz\u00e9lhet\u00fcnk! Miel\u0151tt a Cookies lett volna az \"it\" fajta, volt a Grand Daddy Purple for sale (GDP), amely t\u00f6bb mint 5 \u00e9vig uralta a kannabisz k\u00f6z\u00f6ss\u00e9get. Ez azt\u00e1n a c\u00edmsorozat! Tagadhatatlanul ez a legh\u00edresebb az \u00f6sszes Purple fajta k\u00f6z\u00fcl. Ez a k\u00f6nnyen megtal\u00e1lhat\u00f3 \u00e9s k\u00f6nnyen termeszthet\u0151 fajta [...]<\/p>","protected":false},"featured_media":2076,"comment_status":"open","ping_status":"closed","template":"","meta":[],"product_brand":[],"product_cat":[20],"product_tag":[29,32,33,27,34,30,28,31,35,36],"class_list":{"0":"post-2075","1":"product","2":"type-product","3":"status-publish","4":"has-post-thumbnail","6":"product_cat-exotische-weed-aromen-kaufen","7":"product_tag-cannabis-kaufen","8":"product_tag-cannabis-online-kaufen","9":"product_tag-gras-bestellen","10":"product_tag-gras-kaufen","11":"product_tag-gras-online-kaufen","12":"product_tag-marihuana-kaufen","13":"product_tag-thc-kaufen","14":"product_tag-weed-kaufen","15":"product_tag-weed-online-bestellen","16":"product_tag-weed-online-kaufen","18":"first","19":"instock","20":"shipping-taxable","21":"purchasable","22":"product-type-variable"},"_links":{"self":[{"href":"https:\/\/dasgrasshop.com\/hu\/wp-json\/wp\/v2\/product\/2075","targetHints":{"allow":["GET"]}}],"collection":[{"href":"https:\/\/dasgrasshop.com\/hu\/wp-json\/wp\/v2\/product"}],"about":[{"href":"https:\/\/dasgrasshop.com\/hu\/wp-json\/wp\/v2\/types\/product"}],"replies":[{"embeddable":true,"href":"https:\/\/dasgrasshop.com\/hu\/wp-json\/wp\/v2\/comments?post=2075"}],"wp:featuredmedia":[{"embeddable":true,"href":"https:\/\/dasgrasshop.com\/hu\/wp-json\/wp\/v2\/media\/2076"}],"wp:attachment":[{"href":"https:\/\/dasgrasshop.com\/hu\/wp-json\/wp\/v2\/media?parent=2075"}],"wp:term":[{"taxonomy":"product_brand","embeddable":true,"href":"https:\/\/dasgrasshop.com\/hu\/wp-json\/wp\/v2\/product_brand?post=2075"},{"taxonomy":"product_cat","embeddable":true,"href":"https:\/\/dasgrasshop.com\/hu\/wp-json\/wp\/v2\/product_cat?post=2075"},{"taxonomy":"product_tag","embeddable":true,"href":"https:\/\/dasgrasshop.com\/hu\/wp-json\/wp\/v2\/product_tag?post=2075"}],"curies":[{"name":"wp","href":"https:\/\/api.w.org\/{rel}","templated":true}]}}