{"id":2082,"date":"2022-03-07T20:47:01","date_gmt":"2022-03-07T20:47:01","guid":{"rendered":"https:\/\/dasgrasshop.com\/?post_type=product&#038;p=2082"},"modified":"2023-05-10T00:02:56","modified_gmt":"2023-05-10T00:02:56","slug":"pineapple-express","status":"publish","type":"product","link":"https:\/\/dasgrasshop.com\/hu\/product\/ananasz-expressz\/","title":{"rendered":"Anan\u00e1sz expressz"},"content":{"rendered":"<h2>V\u00e1s\u00e1roljon Pineapple Express online a legjobb online gy\u00f3gyszert\u00e1rb\u00f3l.<\/h2>\n<p>N\u00e9metorsz\u00e1gban, Ausztri\u00e1ban \u00e9s Sv\u00e1jcban elad\u00f3 anan\u00e1sz expressz kedvez\u0151 \u00e1ron megv\u00e1s\u00e1rolhat\u00f3 az Unkrautmarkt.com-on m\u00e9g ma. Az elad\u00f3k \u00e9s besz\u00e1ll\u00edt\u00f3k teljes csapata a nap 24 \u00f3r\u00e1j\u00e1ban rendelkez\u00e9sre \u00e1ll, hogy seg\u00edtsen \u00d6nnek online v\u00e1s\u00e1rolni Pineapple Express. Mi egy tapasztalt online gy\u00f3gyszert\u00e1r vagyunk, amely meg\u00e9rti az \u00fcgyfeleit. Itt v\u00e1s\u00e1rolhatja meg a legjobb term\u00e9keket. Rendelje meg a Pineapple Express N\u00e9metorsz\u00e1got, Ausztri\u00e1t \u00e9s Sv\u00e1jcot most!<\/p>\n<h3>Milyen jellemz\u0151i vannak a Pineapple Expressnek?<\/h3>\n<p>A Pineapple Express a Trainwreck \u00e9s a Hawaii keresztez\u00e9s\u00e9nek eredm\u00e9nye. Ez egy tr\u00f3pusi r\u00fcgy. Sima \u00e9s \u00e9des f\u00fcst\u00f6t termel, amely el\u00e9g ahhoz, hogy a doh\u00e1nyosok elsz\u00e1lljanak. Ez egy er\u0151s t\u00f6rzs, amely nagyon n\u00e9pszer\u0171v\u00e9 v\u00e1lt az USA, az Egyes\u00fclt Kir\u00e1lys\u00e1g, Kanada, N\u00e9metorsz\u00e1g \u00e9s Ausztr\u00e1lia online piac\u00e1n. Ennek a t\u00f6rzsnek a THC-tartalma \u00e1ltal\u00e1ban 24% felett van. Olyan szaga van, mint egy gy\u00fcm\u00f6lcs\u00f6s standnak. A Pineapple Express r\u00fcgyei olajbogy\u00f3 \u00e9s szikla alak\u00faak. Olyan az \u00edz\u00fck, mint egy friss anan\u00e1szszeleteknek. A r\u00f6vid teend\u0151id list\u00e1j\u00e1t ezzel a fajt\u00e1val pillanatok alatt elv\u00e9gezheted. Ezt a n\u00f6v\u00e9nyt szabadf\u00f6ld\u00f6n \u00e9s belt\u00e9ren egyar\u00e1nt termesztheti. A vir\u00e1gz\u00e1s k\u00f6r\u00fclbel\u00fcl 7-8 h\u00e9tig tart.<\/p>\n<ul>\n<li>Az \u00edze szuper er\u0151s.<\/li>\n<li>A z\u00fcmm\u00f6g\u00e9se er\u0151teljes.<\/li>\n<li>Olyan \u00e9rz\u00e9st ad, mintha a leveg\u0151ben lebegne.<\/li>\n<li>Enyhe zsibbad\u00e1st, valamint m\u00e1mor\u00edt\u00f3 \u00e9s boldogs\u00e1gos \u00e1llapotot eredm\u00e9nyez.<\/li>\n<li>Kreat\u00edvv\u00e1 \u00e9s besz\u00e9dess\u00e9 teszi a felhaszn\u00e1l\u00f3kat.<\/li>\n<li>Seg\u00edt a koncentr\u00e1ci\u00f3ban \u00e9s a produktivit\u00e1sban.<\/li>\n<li>Hasznos a szorong\u00e1sban, f\u00e1radts\u00e1gban, depresszi\u00f3ban, kr\u00f3nikus stresszben \u00e9s \u00e1ltal\u00e1nos nyugtalans\u00e1gban szenved\u0151knek.<\/li>\n<li>Kisebb nyugtat\u00f3 tulajdons\u00e1gokkal is rendelkezik.<\/li>\n<\/ul>\n<h3>Hogyan rendelhetem meg a Pineapple Express-t online?<\/h3>\n<p>Ha N\u00e9metorsz\u00e1gban, Ausztri\u00e1ban \u00e9s Sv\u00e1jcban szeretne online anan\u00e1sz expresszt rendelni, v\u00e1lassza az Unkrautmarkt.com-ot. Biztons\u00e1gosan becsomagoljuk a megrendel\u00e9s\u00e9t, \u00e9s az \u00d6n \u00e1ltal megadott helyre sz\u00e1ll\u00edtjuk. R\u00e9sz\u00fcnkr\u0151l nem lesz k\u00e9sedelem. Csatlakozz most!<\/p>","protected":false},"excerpt":{"rendered":"<p>A Pineapple Express 20,1% THC-t tartalmaz, \u00e9s \u00e9l\u00e9nk, \u00e9ber \u00e9s kreat\u00edv \u00e9rz\u00e9st kelt.<\/p>","protected":false},"featured_media":2083,"comment_status":"open","ping_status":"closed","template":"","meta":[],"product_brand":[],"product_cat":[20],"product_tag":[29,32,33,27,34,30,28,31,35,36],"class_list":{"0":"post-2082","1":"product","2":"type-product","3":"status-publish","4":"has-post-thumbnail","6":"product_cat-exotische-weed-aromen-kaufen","7":"product_tag-cannabis-kaufen","8":"product_tag-cannabis-online-kaufen","9":"product_tag-gras-bestellen","10":"product_tag-gras-kaufen","11":"product_tag-gras-online-kaufen","12":"product_tag-marihuana-kaufen","13":"product_tag-thc-kaufen","14":"product_tag-weed-kaufen","15":"product_tag-weed-online-bestellen","16":"product_tag-weed-online-kaufen","18":"first","19":"instock","20":"shipping-taxable","21":"purchasable","22":"product-type-variable"},"_links":{"self":[{"href":"https:\/\/dasgrasshop.com\/hu\/wp-json\/wp\/v2\/product\/2082","targetHints":{"allow":["GET"]}}],"collection":[{"href":"https:\/\/dasgrasshop.com\/hu\/wp-json\/wp\/v2\/product"}],"about":[{"href":"https:\/\/dasgrasshop.com\/hu\/wp-json\/wp\/v2\/types\/product"}],"replies":[{"embeddable":true,"href":"https:\/\/dasgrasshop.com\/hu\/wp-json\/wp\/v2\/comments?post=2082"}],"wp:featuredmedia":[{"embeddable":true,"href":"https:\/\/dasgrasshop.com\/hu\/wp-json\/wp\/v2\/media\/2083"}],"wp:attachment":[{"href":"https:\/\/dasgrasshop.com\/hu\/wp-json\/wp\/v2\/media?parent=2082"}],"wp:term":[{"taxonomy":"product_brand","embeddable":true,"href":"https:\/\/dasgrasshop.com\/hu\/wp-json\/wp\/v2\/product_brand?post=2082"},{"taxonomy":"product_cat","embeddable":true,"href":"https:\/\/dasgrasshop.com\/hu\/wp-json\/wp\/v2\/product_cat?post=2082"},{"taxonomy":"product_tag","embeddable":true,"href":"https:\/\/dasgrasshop.com\/hu\/wp-json\/wp\/v2\/product_tag?post=2082"}],"curies":[{"name":"wp","href":"https:\/\/api.w.org\/{rel}","templated":true}]}}