{"id":2135,"date":"2022-05-24T18:01:57","date_gmt":"2022-05-24T18:01:57","guid":{"rendered":"https:\/\/dasgrasshop.com\/?post_type=product&#038;p=2135"},"modified":"2022-11-25T22:07:06","modified_gmt":"2022-11-25T22:07:06","slug":"kaufe-marokkanisches-haschisch","status":"publish","type":"product","link":"https:\/\/dasgrasshop.com\/hu\/product\/buy-moroccan-hashish\/","title":{"rendered":"V\u00e1s\u00e1rolj marokk\u00f3i hasist"},"content":{"rendered":"<p>V\u00e1s\u00e1roljon marokk\u00f3i hasist online.<\/p>\n<p>&nbsp;<\/p>\n<p>Marokk\u00f3i hasis online v\u00e1s\u00e1rl\u00e1sa A n\u00e1lunk megrendelhet\u0151 hasis val\u00f3di eredete ismeretlen, de a t\u00f6rt\u00e9n\u00e9szek egyet\u00e9rtenek abban, hogy a hasist az iszl\u00e1m h\u00f3d\u00edt\u00e1sok sor\u00e1n, a 15-17. sz\u00e1zad k\u00f6z\u00f6tt hozt\u00e1k Marokk\u00f3ba. Sok \u00e9vsz\u00e1zad telt el azonban, mire a hasist t\u00f6megesen kezdt\u00e9k el \u00e1rulni vil\u00e1gszerte, a 60-70-es \u00e9vek, a hippik aranykora k\u00f6r\u00fcl.<\/p>\n<p>A hasist, ahogyan ebben az orsz\u00e1gban ismerik, \u00e1ltal\u00e1ban jointba sodort fekete doh\u00e1nnyal egy\u00fctt fogyasztj\u00e1k. A Rif-r\u00e9gi\u00f3ban azonban a rendelt hasis fogyaszt\u00e1sa r\u00e9sze egyes hagyom\u00e1nyos ritu\u00e1l\u00e9knak. Marokk\u00f3 m\u00e1s ter\u00fcleteivel \u00f6sszehasonl\u00edtva ez a r\u00e9gi\u00f3 az 1950-es \u00e9vekig kiv\u00e1lts\u00e1gokat \u00e9lvezett a kannabisz termeszt\u00e9se \u00e9s haszn\u00e1lata tekintet\u00e9ben.<\/p>\n<p>Ma ebben az orsz\u00e1gban t\u00f6bb ezer ember keresi a kenyer\u00e9t azzal, hogy online v\u00e1s\u00e1rol \u00e9s ad el hasist. A magas h\u0151m\u00e9rs\u00e9klet miatt ez a ter\u00fclet ide\u00e1lis a hasis el\u0151\u00e1ll\u00edt\u00e1s\u00e1ra, mert b\u00e1r m\u00e1s n\u00f6v\u00e9nyfajok nem \u00e9ln\u00e9nek meg ott, az \u00e9ghajlat rendk\u00edv\u00fcl kedvez\u0151 a gyomn\u00f6v\u00e9nyek sz\u00e1m\u00e1ra, amelyekb\u0151l a hasist nyerik.<\/p>\n<p>&nbsp;<\/p>\n<p>a marokk\u00f3i hasis online v\u00e1s\u00e1rl\u00e1sa, vagy marokk\u00f3i hasis egy olyan extrah\u00e1lt term\u00e9k, amely a kannabisz n\u00f6v\u00e9nyb\u0151l sz\u00e1rmaz\u00f3, trichom\u00e1knak nevezett, sz\u00e1ras gyanta mirigyek t\u00f6m\u00f6r\u00edtett vagy tiszt\u00edtott k\u00e9sz\u00edtm\u00e9nyeib\u0151l \u00e1ll. Ugyanazokat a hat\u00f3anyagokat tartalmazza, mint a marihu\u00e1na - p\u00e9ld\u00e1ul tetrahidrokannabinolt (<a href=\"https:\/\/dasgrasshop.com\/hu\/\">THC<\/a>) \u00e9s m\u00e1s kannabinoidok - de gyakran magasabb koncentr\u00e1ci\u00f3ban, mint az \u00e1tszit\u00e1latlan r\u00fcgyek vagy levelek, amelyekb\u0151l a marihu\u00e1na k\u00e9sz\u00fcl. A hasis lehet szil\u00e1rd vagy gyant\u00e1s, att\u00f3l f\u00fcgg\u0151en, hogy hogyan k\u00e9sz\u00edtik; a pr\u00e9selt hasis \u00e1ltal\u00e1ban szil\u00e1rd, m\u00edg a v\u00edzzel tiszt\u00edtott hasis - gyakran \"bubor\u00e9kos olvad\u00e9k hasis\"-nak nevezik - gyakran pasztaszer\u0171 anyag, v\u00e1ltoz\u00f3 kem\u00e9nys\u00e9ggel \u00e9s simas\u00e1ggal; sz\u00edne - leggyakrabban vil\u00e1gos \u00e9s s\u00f6t\u00e9tbarna k\u00f6z\u00f6tt - az \u00e1tl\u00e1tsz\u00f3t\u00f3l a s\u00e1rg\u00e1ig, barn\u00e1ig, feket\u00e9ig vagy v\u00f6r\u00f6sig v\u00e1ltozhat. Mindez az elj\u00e1r\u00e1st\u00f3l \u00e9s a marad\u00e9k old\u00f3szer mennyis\u00e9g\u00e9t\u0151l f\u00fcgg.<\/p>\n<p>Ebben az \u00f6sszef\u00fcgg\u00e9sben a kor\u00e1bbi szok\u00e1sokat, rutinokat \u00e9s a teljes\u00edtm\u00e9ny, a becs\u00fclet, az igazs\u00e1goss\u00e1g \u00e9s a hat\u00f3s\u00e1ggal szembeni bizalmatlans\u00e1g hagyom\u00e1nyos k\u00f3dexeit Br\u00fcsszel, Amszterdam \u00e9s Antwerpen ker\u00fcleteib\u0151l \u00fcltett\u00e9k \u00e1t, ami lehet\u0151v\u00e9 tette e k\u00f6z\u00f6ss\u00e9gek drasztikus n\u00f6veked\u00e9s\u00e9t, k\u00fcl\u00f6n\u00f6sen a holland Penose mellett a seg\u00edt\u0151 kapcsolat int\u00e9zm\u00e9ny\u00e9vel egy\u00fctt, amely akkor Eur\u00f3pa sz\u00e1mos vezet\u0151 jogi szervezete k\u00f6z\u00f6tt volt. A belga \u00e9s holland hat\u00f3s\u00e1gok - ak\u00e1r indokoltak, ak\u00e1r nem - \"t\u00e1rsadalmi elszigetelts\u00e9g\u00fckkel\" \u00e9s \"sokkal agressz\u00edvebb t\u00f6rzsi t\u00e1rsadalmukkal\" jellemezt\u00e9k ezeket a k\u00f6z\u00f6ss\u00e9geket, ami megk\u00fcl\u00f6nb\u00f6ztette \u0151ket a t\u00f6bbi bev\u00e1ndorl\u00f3 k\u00f6z\u00f6ss\u00e9gt\u0151l.<\/p>\n<p>Marokk\u00f3i hasis online v\u00e1s\u00e1rl\u00e1sa: Az \u00fajrahasznos\u00edtott antik fa- vagy \u00fcvegajt\u00f3k k\u00f6rnyezetbar\u00e1t megold\u00e1st jelentenek a bels\u0151 terek feldob\u00e1s\u00e1ra. Meleg\u00edts\u00fcnk fel egy kov\u00e1csoltvas serpeny\u0151t k\u00f6zepes l\u00e1ngon. Amikor sistereg, adjon hozz\u00e1 egy ev\u0151kan\u00e1l sz\u0151l\u0151magolajat, \u00e9s forgassa meg, hogy a serpeny\u0151 alj\u00e1t is bevonja. N\u00f6velje a h\u0151fokot, \u00e9s f\u0171szerezze a burgony\u00e1t egy csipetnyi s\u00f3val \u00e9s fekete borssal. a Marengo-per koronatan\u00faja, akinek szem\u00e9lyes testv\u00e9r\u00e9t \u00fcgyv\u00e9dj\u00e9vel egy\u00fctt a Taghi-szervezet meggyilkolta, mert felfedte bels\u0151 m\u0171k\u00f6d\u00e9s\u00fcket. A De Vries meg\u00f6l\u00e9s\u00e9vel gyan\u00fas\u00edtott szem\u00e9ly val\u00f3j\u00e1ban a Taghi b\u00e9rgyilkoss\u00e1gi csoportj\u00e1t ir\u00e1ny\u00edt\u00f3 szem\u00e9ly rokona, ami tov\u00e1bbi okot ad a holland hat\u00f3s\u00e1goknak arra, hogy azt higgy\u00e9k, Taghi szervezete felel\u0151s a gyilkoss\u00e1g\u00e9rt.<\/p>","protected":false},"excerpt":{"rendered":"<p>30 gramm<\/p>\n<p>Diszkr\u00e9t szolg\u00e1ltat\u00e1s\u2714 100 % p\u00e9nzvisszafizet\u00e9si garancia\u2714 Sz\u00e1ll\u00edt\u00e1s nyomon k\u00f6vet\u00e9ssel\u2714. 100 % \u00fcgyf\u00e9l-el\u00e9gedetts\u00e9g\u2714. Ingyenes 5g 5 k\u00fcl\u00f6nb\u00f6z\u0151 fajt\u00e1b\u00f3l az els\u0151 v\u00e1s\u00e1rl\u00f3k sz\u00e1m\u00e1ra<\/p>","protected":false},"featured_media":2136,"comment_status":"open","ping_status":"closed","template":"","meta":[],"product_brand":[],"product_cat":[19],"product_tag":[],"class_list":{"0":"post-2135","1":"product","2":"type-product","3":"status-publish","4":"has-post-thumbnail","6":"product_cat-haschisch-online-kaufen","8":"first","9":"instock","10":"sale","11":"shipping-taxable","12":"purchasable","13":"product-type-simple"},"_links":{"self":[{"href":"https:\/\/dasgrasshop.com\/hu\/wp-json\/wp\/v2\/product\/2135","targetHints":{"allow":["GET"]}}],"collection":[{"href":"https:\/\/dasgrasshop.com\/hu\/wp-json\/wp\/v2\/product"}],"about":[{"href":"https:\/\/dasgrasshop.com\/hu\/wp-json\/wp\/v2\/types\/product"}],"replies":[{"embeddable":true,"href":"https:\/\/dasgrasshop.com\/hu\/wp-json\/wp\/v2\/comments?post=2135"}],"wp:featuredmedia":[{"embeddable":true,"href":"https:\/\/dasgrasshop.com\/hu\/wp-json\/wp\/v2\/media\/2136"}],"wp:attachment":[{"href":"https:\/\/dasgrasshop.com\/hu\/wp-json\/wp\/v2\/media?parent=2135"}],"wp:term":[{"taxonomy":"product_brand","embeddable":true,"href":"https:\/\/dasgrasshop.com\/hu\/wp-json\/wp\/v2\/product_brand?post=2135"},{"taxonomy":"product_cat","embeddable":true,"href":"https:\/\/dasgrasshop.com\/hu\/wp-json\/wp\/v2\/product_cat?post=2135"},{"taxonomy":"product_tag","embeddable":true,"href":"https:\/\/dasgrasshop.com\/hu\/wp-json\/wp\/v2\/product_tag?post=2135"}],"curies":[{"name":"wp","href":"https:\/\/api.w.org\/{rel}","templated":true}]}}