{"id":2007,"date":"2022-03-07T12:44:42","date_gmt":"2022-03-07T12:44:42","guid":{"rendered":"https:\/\/dasgrasshop.com\/?post_type=product&#038;p=2007"},"modified":"2022-07-10T12:31:21","modified_gmt":"2022-07-10T12:31:21","slug":"gelato-weed","status":"publish","type":"product","link":"https:\/\/dasgrasshop.com\/it\/product\/gelato-alga\/","title":{"rendered":"Erba gelata"},"content":{"rendered":"<p><span style=\"vertical-align: inherit;\"><span style=\"vertical-align: inherit;\">Acquista la variet\u00e0 di erba Gelato - Erba esotica di alta qualit\u00e0<\/span><\/span><\/p>\n<p><span style=\"vertical-align: inherit;\"><span style=\"vertical-align: inherit;\">Un'altra variet\u00e0 di alto livello da <\/span><\/span><a href=\"https:\/\/dasgrasshop.com\/it\/\"><span style=\"vertical-align: inherit;\"><span style=\"vertical-align: inherit;\">Grasherr.com<\/span><\/span><\/a><span style=\"vertical-align: inherit;\"><span style=\"vertical-align: inherit;\"> ! <\/span><span style=\"vertical-align: inherit;\">L'erba Gelato \u00e8 il prodotto dell'incrocio di Thin Mint Girl Scout Cookies X Sunset Sherbet, due variet\u00e0 popolari per i loro aromi e sapori incredibilmente deliziosi. <\/span><span style=\"vertical-align: inherit;\">La variet\u00e0 Gelato ha aromi e sapori che sono stati descritti come terrosi, dolci, di menta, di agrumi, di bacche, di quercia, di sorbetto, di arancia, di lavanda e di biscotto. <\/span><span style=\"vertical-align: inherit;\">La pianta di Gelato \u00e8 corta e tozza. <\/span><span style=\"vertical-align: inherit;\">Le sue foglie sono di colore verde foresta con sfumature viola scuro. <\/span><span style=\"vertical-align: inherit;\">Le cime di stelo di erba gelata appaiono di colore viola scuro e sono attraversate da pistilli di colore arancione brillante. <\/span><span style=\"vertical-align: inherit;\">Le sue cime sono appiccicose con una copertura media di cristalli di tricomi.<\/span><\/span><\/p>\n<p><span style=\"vertical-align: inherit;\"><span style=\"vertical-align: inherit;\">La variet\u00e0 di marijuana Gelato ha alti livelli di THC, compresi tra 15 e 25%, che la rendono una variet\u00e0 piuttosto potente. <\/span><span style=\"vertical-align: inherit;\">Gli effetti dell'ibrido di design THC sono ben bilanciati - un interessante mix di rinvigorimento e rilassamento. <\/span><span style=\"vertical-align: inherit;\">Se desiderate uno sballo fisico da indica con un chiaro effetto sativa che vi mantenga abbastanza attivi da godere degli effetti di una variet\u00e0, allora questa variet\u00e0 fa per voi. <\/span><span style=\"vertical-align: inherit;\">L'effetto colpisce rapidamente, iniziando con un'euforia elevata e intensa. <\/span><span style=\"vertical-align: inherit;\">L'altezza della testa che offre \u00e8 beata ed edificante. <\/span><span style=\"vertical-align: inherit;\">Il livello di sballo corporeo si diffonde gradualmente, fino a quando non ci si sente completamente rilassati e calmi, ma con l'energia e la concentrazione sufficienti per rimanere positivi e socievoli.<\/span><\/span><\/p>\n<p><span style=\"vertical-align: inherit;\"><span style=\"vertical-align: inherit;\">Comprare gelato 45 UK, gelato #45 vs 33 comprare anche gelato 45 allbud, gelato 41 strain, gelato #45 yield, gelato 45 strain smart cart, gelato 45 vs 33, gelato 45 strain indica o sativa, gelati vs gelato strain, gelato strain 45, shark gelato strain, gelato 41 strain, wedding cake strain, blueberry gelato strain, lemon gelato strain, cannabis<\/span><\/span><\/p>\n<p><span style=\"vertical-align: inherit;\"><span style=\"vertical-align: inherit;\">Benefici medici dell'uso della variet\u00e0 ibrida di erba Gelato<\/span><\/span><br \/>\n<span style=\"vertical-align: inherit;\"><span style=\"vertical-align: inherit;\">Il leggero sballo cerebrale di Gelato, combinato con il rilassamento fisico, la rende una variet\u00e0 popolare per l'ansia e lo stress cronico. <\/span><span style=\"vertical-align: inherit;\">Il gelato offre una sferzata di energia cerebrale che aiuta ad alleviare la depressione cronica. <\/span><span style=\"vertical-align: inherit;\">Questa stimolazione pu\u00f2 essere utile anche nel trattamento di pazienti con disturbi dell'attenzione come ADHD e ADD. <\/span><span style=\"vertical-align: inherit;\">La componente indica rilassa il corpo per sedare l'iperattivit\u00e0, mentre la componente sativa fornisce la stimolazione necessaria per una concentrazione prolungata. <\/span><span style=\"vertical-align: inherit;\">La variet\u00e0 di gelato aiuta a contrastare la nausea grazie al suo gusto e al suo odore seducente; <\/span><span style=\"vertical-align: inherit;\">Questa variet\u00e0 di cannabis gelato aiuta anche a stimolare l'appetito nei pazienti che soffrono di nausea a causa della chemioterapia per il cancro o di malattie autoimmuni.<\/span><\/span><\/p>\n<p><span style=\"vertical-align: inherit;\"><span style=\"vertical-align: inherit;\">Effetti della variet\u00e0 di marijuana Gelato 45 <\/span><\/span><br \/>\n<span style=\"vertical-align: inherit;\"><span style=\"vertical-align: inherit;\">Felice <\/span><\/span><br \/>\n<span style=\"vertical-align: inherit;\"><span style=\"vertical-align: inherit;\">Euforico <\/span><\/span><br \/>\n<span style=\"vertical-align: inherit;\"><span style=\"vertical-align: inherit;\">Rilassato <\/span><\/span><br \/>\n<span style=\"vertical-align: inherit;\"><span style=\"vertical-align: inherit;\">Esaltato <\/span><\/span><br \/>\n<span style=\"vertical-align: inherit;\"><span style=\"vertical-align: inherit;\">Creativo <\/span><\/span><br \/>\n<span style=\"vertical-align: inherit;\"><span style=\"vertical-align: inherit;\">Classificazione: 55% Indica\/45% Sativa<\/span><\/span><\/p>\n<p><span style=\"vertical-align: inherit;\"><span style=\"vertical-align: inherit;\">Stirpe: Thin Mint Girl Scout Cookies X Sunset Sherbet<\/span><\/span><\/p>\n<p><span style=\"vertical-align: inherit;\"><span style=\"vertical-align: inherit;\">Tempo di fioritura: 8 - 9 settimane<\/span><\/span><\/p>\n<p><span style=\"vertical-align: inherit;\"><span style=\"vertical-align: inherit;\">Condizioni di coltivazione: Interno\/esterno<\/span><\/span><\/p>\n<p><span style=\"vertical-align: inherit;\"><span style=\"vertical-align: inherit;\">Resa: da media a elevata<\/span><\/span><\/p>\n<p>&nbsp;<\/p>\n<p><span style=\"vertical-align: inherit;\"><span style=\"vertical-align: inherit;\">Comprare gelato 45 Germania, dove comprare gelato #45 vs 33, gelato 45 tutte le gemme in vendita, gelato 41 ceppo, gelato #45 resa, gelato 45 ceppo smart cart, gelato 45 vs 33, gelato 45 ceppo indica o sativa, gelati vs gelato ceppo, gelato ceppo 45, \u00e8 possibile acquistare anche gelato squalo ceppo, gelato 41 ceppo, torta nuziale ceppo, gelato mirtillo ceppo, sorbetto ceppo, gelato limone ceppo \u00c8 possibile acquistare gelato <\/span><\/span><a href=\"https:\/\/hempbudswholesale.com\/\" target=\"_blank\" rel=\"noopener\"><span style=\"vertical-align: inherit;\"><span style=\"vertical-align: inherit;\">CBD<\/span><\/span><\/a><span style=\"vertical-align: inherit;\"><span style=\"vertical-align: inherit;\"> germogli di canapa<\/span><\/span><\/p>","protected":false},"excerpt":{"rendered":"<p>Gelato Weed ha il fascino morbido e fruttato di Sunset Sherbert con la bont\u00e0 terrosa ed erbacea di Thin Mints. Con una disponibilit\u00e0 limitata e un aspetto e un sapore audaci, questa variet\u00e0 rientra in una categoria emergente di ibridi artigianali della West Coast che si concentrano sul sapore. Gelato porta con s\u00e9 diversi tratti desiderabili della sua stirpe fortemente incrociata e affascina con il suo aspetto e il suo sapore. Le sue vibrazioni trippy ma rilassanti la rendono una scelta perfetta per l'introspezione in solitaria o per gli incontri sociali.<\/p>","protected":false},"featured_media":2012,"comment_status":"open","ping_status":"closed","template":"","meta":[],"product_brand":[],"product_cat":[20],"product_tag":[29,32,33,27,34,30,28,31,35,36],"class_list":{"0":"post-2007","1":"product","2":"type-product","3":"status-publish","4":"has-post-thumbnail","6":"product_cat-exotische-weed-aromen-kaufen","7":"product_tag-cannabis-kaufen","8":"product_tag-cannabis-online-kaufen","9":"product_tag-gras-bestellen","10":"product_tag-gras-kaufen","11":"product_tag-gras-online-kaufen","12":"product_tag-marihuana-kaufen","13":"product_tag-thc-kaufen","14":"product_tag-weed-kaufen","15":"product_tag-weed-online-bestellen","16":"product_tag-weed-online-kaufen","18":"first","19":"instock","20":"shipping-taxable","21":"purchasable","22":"product-type-variable"},"_links":{"self":[{"href":"https:\/\/dasgrasshop.com\/it\/wp-json\/wp\/v2\/product\/2007","targetHints":{"allow":["GET"]}}],"collection":[{"href":"https:\/\/dasgrasshop.com\/it\/wp-json\/wp\/v2\/product"}],"about":[{"href":"https:\/\/dasgrasshop.com\/it\/wp-json\/wp\/v2\/types\/product"}],"replies":[{"embeddable":true,"href":"https:\/\/dasgrasshop.com\/it\/wp-json\/wp\/v2\/comments?post=2007"}],"wp:featuredmedia":[{"embeddable":true,"href":"https:\/\/dasgrasshop.com\/it\/wp-json\/wp\/v2\/media\/2012"}],"wp:attachment":[{"href":"https:\/\/dasgrasshop.com\/it\/wp-json\/wp\/v2\/media?parent=2007"}],"wp:term":[{"taxonomy":"product_brand","embeddable":true,"href":"https:\/\/dasgrasshop.com\/it\/wp-json\/wp\/v2\/product_brand?post=2007"},{"taxonomy":"product_cat","embeddable":true,"href":"https:\/\/dasgrasshop.com\/it\/wp-json\/wp\/v2\/product_cat?post=2007"},{"taxonomy":"product_tag","embeddable":true,"href":"https:\/\/dasgrasshop.com\/it\/wp-json\/wp\/v2\/product_tag?post=2007"}],"curies":[{"name":"wp","href":"https:\/\/api.w.org\/{rel}","templated":true}]}}