{"id":2016,"date":"2022-03-07T13:04:46","date_gmt":"2022-03-07T13:04:46","guid":{"rendered":"https:\/\/dasgrasshop.com\/?post_type=product&#038;p=2016"},"modified":"2022-03-07T13:10:12","modified_gmt":"2022-03-07T13:10:12","slug":"sour-diesel","status":"publish","type":"product","link":"https:\/\/dasgrasshop.com\/it\/product\/sour-diesel\/","title":{"rendered":"Diesel acido"},"content":{"rendered":"<p>Acquistare Sour Diesel online<br \/>\nLa Sour Diesel \u00e8 una delle variet\u00e0 sativa pi\u00f9 fumate di tutti i tempi. Se non avete mai sentito parlare di questa variet\u00e0, probabilmente vivete in una grotta in Afghanistan, oppure qualcuno che conoscete l'ha gi\u00e0 provata (e probabilmente la adora). L'esatta discendenza della Sour Diesel \u00e8 complicata e scarsamente documentata, come sembra essere il caso della maggior parte delle variet\u00e0 pi\u00f9 antiche.<\/p>\n<p>Alcuni ritengono che la variet\u00e0 Sour Diesel discenda semplicemente da un fenotipo di Chemdawg leggermente diverso e pi\u00f9 orientato verso il lato sativo dell'equazione. La teoria pi\u00f9 popolare sull'ascendenza \u00e8 che la Diesel originale sia il risultato di un incrocio tra (Chemdawg x Super Skunk x Northern Lights). Questo ibrido a prevalenza sativa (90% Sativa, 10% Indica) \u00e8 spesso chiamato \"Sour D\" e deve il suo nome unico all'odore quasi di gasolio e agrumi che emana.<\/p>\n<p>Per quanto ne so, la Sour Diesel esiste solo sotto forma di cloni e spesso \u00e8 difficile da trovare. A causa della rarit\u00e0 della vera Sour Diesel, esistono molti ibridi che hanno cercato di emulare la vera Sour Diesel High. Alcune si avvicinano molto, ma non c'\u00e8 nulla che possa essere paragonato alla vera Sour Diesel.<\/p>\n<p>Aspetto e odore del Sour Diesel<br \/>\nLa Sour Diesel \u00e8 una pianta alta e slanciata, adatta sia per giardini interni che esterni. Il suo fogliame si scurisce fino a diventare quasi viola nelle ultime settimane di fioritura. I boccioli hanno di solito pistilli di colore dal rosa all'arancione chiaro e la formazione \u00e8 sciolta e a forma di spiga.<\/p>\n<p>Tutte le Sour D che ho coltivato avevano una grande cola con 6-9 rami pi\u00f9 piccoli.<\/p>\n<p>Il profumo \u00e8 molto forte, quasi opprimente, eppure in qualche modo attraente. Questo perch\u00e9 questa variet\u00e0 ha un distinto odore pungente, erbaceo e agrumato di Diesel che si accompagna a un'eccitante esplosione di energia. Poich\u00e9 ha una discendenza sativa dominante, si pu\u00f2 presumere che agisca principalmente sulla mente.<\/p>\n<p>Il fumo<br \/>\nI fan di questa variet\u00e0 di solito usano la Sour Diesel come prima fonte di medicina per iniziare una lunga giornata - ci si sente svegli e pronti ad andare. Essendo la Sour Diesel a predominanza sativa, agisce quasi esclusivamente sulle funzioni cerebrali. Se si fuma una cosa vera, non si dovrebbero avvertire sensazioni di blocco del divano o di pesantezza del corpo durante il consumo.<\/p>\n<p>Il sapore di Sour Diesel \u00e8 esattamente come l'odore: un classico aroma di carburante funky. Questo \u00e8 anche il motivo per cui Sour Diesel \u00e8 cos\u00ec facile da individuare in una line-up.<\/p>\n<p>Questa variet\u00e0 \u00e8 cos\u00ec popolare perch\u00e9 lo sballo \u00e8 semplicemente incredibile, con oltre 20% di THC e una durata dell'effetto di 2-3 ore. Essendo a predominanza sativa, riempie il corpo e soprattutto la mente di energia motivante ed edificante. \u00c8 un vero e proprio toccasana per l'umore e la depressione. Essere di buon umore \u00e8 una sensazione naturale e senza sforzo quando si prova Sour Diesel.<\/p>\n<p>Totale<br \/>\nLa popolarit\u00e0 travolgente della Sour Diesel non \u00e8 una coincidenza e non \u00e8 pi\u00f9 solo un fenomeno della East Coast. Questa variet\u00e0 \u00e8 una delle pi\u00f9 affascinanti nella storia della cannabis. Rende le cose divertenti ancora pi\u00f9 divertenti; rende il cibo buono ancora pi\u00f9 buono. Come stimolatore dell'umore, rende la vita pi\u00f9 divertente. Le serate pi\u00f9 ordinarie diventano rapidamente memorabili quando c'\u00e8 di mezzo Sour Diesel. Questa variet\u00e0 non solo \u00e8 un toccasana per l'umore, ma ha anche dimostrato di essere efficace nel trattamento della depressione. Anche ansia, stress e perdita di appetito. Questa variet\u00e0 \u00e8 degna della sua fama e sar\u00e0 sempre una delle migliori variet\u00e0 del pianeta.<\/p>","protected":false},"excerpt":{"rendered":"<p>Comprare Sour Diesel online La Sour Diesel \u00e8 una delle variet\u00e0 sativa pi\u00f9 fumate di tutti i tempi. Se non avete mai sentito parlare di questa variet\u00e0, probabilmente vivete in una grotta in Afghanistan, oppure qualcuno che conoscete l'ha gi\u00e0 provata (e probabilmente la adora). L'esatta discendenza della Sour Diesel \u00e8 complicata e molto [...]<\/p>","protected":false},"featured_media":2017,"comment_status":"open","ping_status":"closed","template":"","meta":[],"product_brand":[],"product_cat":[20],"product_tag":[29,32,33,27,34,30,28,31,35,36],"class_list":{"0":"post-2016","1":"product","2":"type-product","3":"status-publish","4":"has-post-thumbnail","6":"product_cat-exotische-weed-aromen-kaufen","7":"product_tag-cannabis-kaufen","8":"product_tag-cannabis-online-kaufen","9":"product_tag-gras-bestellen","10":"product_tag-gras-kaufen","11":"product_tag-gras-online-kaufen","12":"product_tag-marihuana-kaufen","13":"product_tag-thc-kaufen","14":"product_tag-weed-kaufen","15":"product_tag-weed-online-bestellen","16":"product_tag-weed-online-kaufen","18":"first","19":"instock","20":"shipping-taxable","21":"purchasable","22":"product-type-variable"},"_links":{"self":[{"href":"https:\/\/dasgrasshop.com\/it\/wp-json\/wp\/v2\/product\/2016","targetHints":{"allow":["GET"]}}],"collection":[{"href":"https:\/\/dasgrasshop.com\/it\/wp-json\/wp\/v2\/product"}],"about":[{"href":"https:\/\/dasgrasshop.com\/it\/wp-json\/wp\/v2\/types\/product"}],"replies":[{"embeddable":true,"href":"https:\/\/dasgrasshop.com\/it\/wp-json\/wp\/v2\/comments?post=2016"}],"wp:featuredmedia":[{"embeddable":true,"href":"https:\/\/dasgrasshop.com\/it\/wp-json\/wp\/v2\/media\/2017"}],"wp:attachment":[{"href":"https:\/\/dasgrasshop.com\/it\/wp-json\/wp\/v2\/media?parent=2016"}],"wp:term":[{"taxonomy":"product_brand","embeddable":true,"href":"https:\/\/dasgrasshop.com\/it\/wp-json\/wp\/v2\/product_brand?post=2016"},{"taxonomy":"product_cat","embeddable":true,"href":"https:\/\/dasgrasshop.com\/it\/wp-json\/wp\/v2\/product_cat?post=2016"},{"taxonomy":"product_tag","embeddable":true,"href":"https:\/\/dasgrasshop.com\/it\/wp-json\/wp\/v2\/product_tag?post=2016"}],"curies":[{"name":"wp","href":"https:\/\/api.w.org\/{rel}","templated":true}]}}