{"id":2035,"date":"2022-03-07T14:16:35","date_gmt":"2022-03-07T14:16:35","guid":{"rendered":"https:\/\/dasgrasshop.com\/?post_type=product&#038;p=2035"},"modified":"2022-06-14T18:16:40","modified_gmt":"2022-06-14T18:16:40","slug":"blue-dream","status":"publish","type":"product","link":"https:\/\/dasgrasshop.com\/it\/product\/sogno-blu\/","title":{"rendered":"Sogno blu"},"content":{"rendered":"<p>Acquistare online la marijuana Blue Dream. Blue Dream \u00e8 un incrocio ibrido a dominanza sativa di Haze e Blueberry. Ha uno dei sapori pi\u00f9 corposi e ricercati di qualsiasi variet\u00e0. L'aroma di Blue Dream \u00e8 dolce, speziato e rinvigorente per i sensi. Ha boccioli densi e simili a popcorn che brillano di blu alla luce, completando il paesaggio di tricomi e peli arancioni.<\/p>\n<p>La marijuana Blue Dream produce uno sballo dal sapore eccellente che dura quanto \u00e8 equilibrato. \u00c8 un'ottima variet\u00e0 per la giornata. Quando si inala, si percepisce immediatamente Blue Dream. L'effetto si insinua abbastanza rapidamente, producendo uno sballo energico e concentrato. Secondo quanto riferito, la creativit\u00e0 fiorisce con questa variet\u00e0, rendendola una delle preferite dai consumatori di cannabis artistica.<\/p>","protected":false},"excerpt":{"rendered":"<p>Acquistare online la marijuana Blue Dream. Blue Dream \u00e8 un incrocio ibrido a dominanza sativa di Haze e Blueberry. Ha uno dei sapori pi\u00f9 corposi e ricercati di qualsiasi variet\u00e0. L'aroma di Blue Dream \u00e8 dolce, speziato e rinvigorente per i sensi. Ha boccioli densi, simili a popcorn, che brillano di blu alla luce e il paesaggio di tricomi e peli arancioni [...]<\/p>","protected":false},"featured_media":2044,"comment_status":"open","ping_status":"closed","template":"","meta":[],"product_brand":[],"product_cat":[20],"product_tag":[29,32,33,27,34,30,28,31,35,36],"class_list":{"0":"post-2035","1":"product","2":"type-product","3":"status-publish","4":"has-post-thumbnail","6":"product_cat-exotische-weed-aromen-kaufen","7":"product_tag-cannabis-kaufen","8":"product_tag-cannabis-online-kaufen","9":"product_tag-gras-bestellen","10":"product_tag-gras-kaufen","11":"product_tag-gras-online-kaufen","12":"product_tag-marihuana-kaufen","13":"product_tag-thc-kaufen","14":"product_tag-weed-kaufen","15":"product_tag-weed-online-bestellen","16":"product_tag-weed-online-kaufen","18":"first","19":"instock","20":"shipping-taxable","21":"purchasable","22":"product-type-variable"},"_links":{"self":[{"href":"https:\/\/dasgrasshop.com\/it\/wp-json\/wp\/v2\/product\/2035","targetHints":{"allow":["GET"]}}],"collection":[{"href":"https:\/\/dasgrasshop.com\/it\/wp-json\/wp\/v2\/product"}],"about":[{"href":"https:\/\/dasgrasshop.com\/it\/wp-json\/wp\/v2\/types\/product"}],"replies":[{"embeddable":true,"href":"https:\/\/dasgrasshop.com\/it\/wp-json\/wp\/v2\/comments?post=2035"}],"wp:featuredmedia":[{"embeddable":true,"href":"https:\/\/dasgrasshop.com\/it\/wp-json\/wp\/v2\/media\/2044"}],"wp:attachment":[{"href":"https:\/\/dasgrasshop.com\/it\/wp-json\/wp\/v2\/media?parent=2035"}],"wp:term":[{"taxonomy":"product_brand","embeddable":true,"href":"https:\/\/dasgrasshop.com\/it\/wp-json\/wp\/v2\/product_brand?post=2035"},{"taxonomy":"product_cat","embeddable":true,"href":"https:\/\/dasgrasshop.com\/it\/wp-json\/wp\/v2\/product_cat?post=2035"},{"taxonomy":"product_tag","embeddable":true,"href":"https:\/\/dasgrasshop.com\/it\/wp-json\/wp\/v2\/product_tag?post=2035"}],"curies":[{"name":"wp","href":"https:\/\/api.w.org\/{rel}","templated":true}]}}