{"id":2036,"date":"2022-03-07T13:44:21","date_gmt":"2022-03-07T13:44:21","guid":{"rendered":"https:\/\/dasgrasshop.com\/?post_type=product&#038;p=2036"},"modified":"2022-03-07T13:59:04","modified_gmt":"2022-03-07T13:59:04","slug":"wedding-cake","status":"publish","type":"product","link":"https:\/\/dasgrasshop.com\/it\/product\/torta-nuziale\/","title":{"rendered":"Torta nuziale"},"content":{"rendered":"<p>Ceppo di erba esotica Wedding Cake<br \/>\nAcquista in modo sicuro il baule per torte nuziali o il baule esotico per torte nuziali in vendita online con tracciabilit\u00e0 e recensioni di torte di diserbo. Non invadente. La variet\u00e0 Wedding Cake \u00e8 una deliziosa variet\u00e0 ibrida di marijuana a predominanza indica. I suoi genitori sono stati auto-selezionati per il loro gusto delizioso, ovvero l'erba Girl Scout Cookies e la marijuana del ceppo Cherry Pie. I genitori, a loro volta, hanno genetiche provenienti anche da OG Kush, Durban Poison e Granddaddy Purple, creando la variet\u00e0 esotica Wedding Cake. non solo un'erba deliziosa, ma anche una variet\u00e0 che ha un forte impatto, con livelli di THC superiori al 25%.<\/p>\n<p>torta nuziale ceppo Germania o acquistare torta nuziale<br \/>\nLe Wedding Cake Buds sono una forte variet\u00e0 medicinale. L'alto contenuto di THC la rende un ottimo stimolante dell'umore e un potente analgesico. La variet\u00e0 di marijuana medica Wedding Cake pu\u00f2 alleviare i dolori muscolo-scheletrici come la sciatica, i dolori infiammatori come l'artrite e i dolori neuropatici come la fibromialgia, tra le altre condizioni. Condizioni neurologiche come la SLA o il morbo di Lou Gehrig possono essere trattate con formulazioni medicinali di questa variet\u00e0 raccomandate da un medico. Molte altre condizioni sono consigliate e possono essere trattate legalmente con la marijuana Wedding Cake, a seconda delle leggi dei diversi Stati e Paesi. Inviateci un messaggio qui<\/p>\n<p>&nbsp;<\/p>\n<p>Effetti della variet\u00e0 della torta nuziale<br \/>\nLo sballo prodotto da questa variet\u00e0 \u00e8 incredibilmente edificante e rilassante allo stesso tempo. D\u00e0 una scarica di forza e allo stesso tempo fa entrare la mente in una fase di relativa calma.<\/p>\n<p>Con il tempo, questo forte effetto sul corpo si appiattisce - soprattutto sullo stomaco - e risveglia la fame e scatena un caso estremo di desiderio.<\/p>\n<p>I consumatori possono sperimentare un leggero sballo psichedelico, in cui i pensieri si sviluppano rapidamente e la percezione dell'ambiente circostante migliora.<\/p>\n<p>In un ambiente appropriato, sensazioni di euforia e vertigini possono portare a questo cambiamento nello spazio mentale. All'inizio pu\u00f2 sembrare dura, ma grazie alla combinazione con la dominanza indica, il rilassamento arriva dopo poco tempo.<\/p>\n<p>Quando si verifica questo rilassamento, alcuni utenti sentono un'ondata rinfrescante di eccitazione e densit\u00e0 che si diffonde nella parte superiore del corpo e negli arti.<\/p>\n<p>Anche quando la sedazione si fa sentire, la stimolazione mentale pu\u00f2 essere percepita, facendo sentire l'utente in sintonia con l'ambiente circostante. \u00c8 essenziale dedicarsi ad alcune attivit\u00e0 come la lettura, la scrittura e una leggera attivit\u00e0 fisica.<\/p>\n<p>Tuttavia, \u00e8 decisamente sconsigliato per attivit\u00e0 che richiedono un elevato grado di operativit\u00e0 e controllo della macchina (ad esempio, cucinare o guidare).<\/p>\n<p>La variet\u00e0 Wedding Cake \u00e8 una vera e propria potenza di THC e come tale non \u00e8 adatta ai neofiti della cultura della cannabis.<\/p>\n<p>Inoltre, i consumatori esperti dovrebbero avvicinarsi a questa variet\u00e0 con cautela. Questa variet\u00e0 sta diventando sempre pi\u00f9 popolare per il suo effetto robusto ma ben arrotondato, che pu\u00f2 essere usato sia per scopi ricreativi che terapeutici. variet\u00e0 esotica Wedding Cake<\/p>\n<p>Si consiglia vivamente di consumare questa variet\u00e0 solo dopo il tramonto e la cena, perch\u00e9 questa fetta di torta sar\u00e0 l'ultima cosa che si mangia prima di andare a letto.<\/p>\n<p>Benefici medici della torta nuziale<br \/>\nWedding Cake \u00e8 senza dubbio un'eccellente variet\u00e0 di cannabis per uso ricreativo. Il suo contenuto di THC produce un intenso high cerebrale e fisico che eleva l'utente e rilassa il corpo.<\/p>\n<p>Tuttavia, l'ubiquit\u00e0 dei suoi componenti psicoattivi e i loro effetti collaterali hanno anche un significativo valore curativo.<\/p>\n<p>Essendo una vera alternativa ai farmaci a base di oppioidi, raramente presenta effetti collaterali indesiderati come la nausea. Al contrario, soddisfa lo stomaco e stimola addirittura l'appetito.<\/p>\n<p>I pazienti affetti da disturbi alimentari come l'anoressia possono recuperare il loro peso, soprattutto sotto la supervisione di uno specialista.<\/p>\n<p>Funge da sedativo e stimolante dell'appetito ed \u00e8 molto benefico per i casi in cui si manifestano regolarmente sintomi associati alla depressione, alla fibromialgia, alla sclerosi multipla e ad altre patologie correlate.<\/p>\n<p>Con un eccellente profilo terpenico, non c'\u00e8 da stupirsi che Wedding Cake offra un aiuto terapeutico per l'ansia, l'artrite, la depressione lieve, l'emicrania e lo stress, con effetti contemporanei come la creativit\u00e0 e il rilassamento.<\/p>\n<p>Pu\u00f2 essere usato anche come sedativo per i pazienti, ma aiuta a calmare i nervi o a gestire i sintomi che provocano ansia. Sebbene non controlli completamente la concentrazione e i livelli di energia, provoca la normale secchezza degli occhi e della bocca.<\/p>\n<p>Effetti collaterali della torta nuziale<br \/>\nLa variet\u00e0 Wedding Cake o Pink Cookie ha un contenuto di THC pi\u00f9 elevato rispetto ad altre variet\u00e0 di cannabis, e quindi sono possibili alcuni effetti collaterali.<\/p>\n<p>Con la Wedding Cake si possono ipotizzare i soliti occhi secchi e l'alito cattivo causati dai cannabinoidi che inibiscono l'umidit\u00e0. \u00c8 lieve e spesso trascurata dai consumatori esperti.<\/p>\n<p>I fumatori principianti che soffrono di questi problemi possono gestire la secchezza bevendo molti liquidi.<\/p>\n<p>\u00c8 anche possibile che la potenza assoluta della Wedding Cake provochi un greenout. Questa condizione \u00e8 caratterizzata da un leggero stordimento che pu\u00f2 trasformarsi in ansia o in una sottile sensazione di irrequietezza.<\/p>","protected":false},"excerpt":{"rendered":"<p>Exotische Hochzeitstorte Unkraut Stamm Sicher kaufen Hochzeitstorte Stamm oder exotische Hochzeitstorte Stamm online zum Verkauf mit Tracking-und Unkrautbek\u00e4mpfung Kuchen Bewertungen. Unauff\u00e4llig. Wedding Cake Stamm ist ein k\u00f6stlicher Hybrid, Indica-dominante Marihuana-Sorte. Seine Eltern wurden selbst f\u00fcr ihre k\u00f6stlichen Geschmack ausgew\u00e4hlt, das sind Girl Scout Cookies Unkraut, und Cherry Pie Stamm Marihuana. Die Eltern wiederum haben die [&hellip;]<\/p>","protected":false},"featured_media":2037,"comment_status":"open","ping_status":"closed","template":"","meta":[],"product_brand":[],"product_cat":[20],"product_tag":[29,32,33,27,34,30,28,31,35,36],"class_list":{"0":"post-2036","1":"product","2":"type-product","3":"status-publish","4":"has-post-thumbnail","6":"product_cat-exotische-weed-aromen-kaufen","7":"product_tag-cannabis-kaufen","8":"product_tag-cannabis-online-kaufen","9":"product_tag-gras-bestellen","10":"product_tag-gras-kaufen","11":"product_tag-gras-online-kaufen","12":"product_tag-marihuana-kaufen","13":"product_tag-thc-kaufen","14":"product_tag-weed-kaufen","15":"product_tag-weed-online-bestellen","16":"product_tag-weed-online-kaufen","18":"first","19":"instock","20":"shipping-taxable","21":"purchasable","22":"product-type-variable"},"_links":{"self":[{"href":"https:\/\/dasgrasshop.com\/it\/wp-json\/wp\/v2\/product\/2036","targetHints":{"allow":["GET"]}}],"collection":[{"href":"https:\/\/dasgrasshop.com\/it\/wp-json\/wp\/v2\/product"}],"about":[{"href":"https:\/\/dasgrasshop.com\/it\/wp-json\/wp\/v2\/types\/product"}],"replies":[{"embeddable":true,"href":"https:\/\/dasgrasshop.com\/it\/wp-json\/wp\/v2\/comments?post=2036"}],"wp:featuredmedia":[{"embeddable":true,"href":"https:\/\/dasgrasshop.com\/it\/wp-json\/wp\/v2\/media\/2037"}],"wp:attachment":[{"href":"https:\/\/dasgrasshop.com\/it\/wp-json\/wp\/v2\/media?parent=2036"}],"wp:term":[{"taxonomy":"product_brand","embeddable":true,"href":"https:\/\/dasgrasshop.com\/it\/wp-json\/wp\/v2\/product_brand?post=2036"},{"taxonomy":"product_cat","embeddable":true,"href":"https:\/\/dasgrasshop.com\/it\/wp-json\/wp\/v2\/product_cat?post=2036"},{"taxonomy":"product_tag","embeddable":true,"href":"https:\/\/dasgrasshop.com\/it\/wp-json\/wp\/v2\/product_tag?post=2036"}],"curies":[{"name":"wp","href":"https:\/\/api.w.org\/{rel}","templated":true}]}}