{"id":2062,"date":"2022-03-07T14:56:07","date_gmt":"2022-03-07T14:56:07","guid":{"rendered":"https:\/\/dasgrasshop.com\/?post_type=product&#038;p=2062"},"modified":"2022-12-12T14:35:01","modified_gmt":"2022-12-12T14:35:01","slug":"northern-lights","status":"publish","type":"product","link":"https:\/\/dasgrasshop.com\/it\/product\/luci-del-nord\/","title":{"rendered":"L'aurora boreale"},"content":{"rendered":"<p>Ceppo Indica Northern Lights<br \/>\nAlcune variet\u00e0 sono semplicemente famose; la Northern Lights (Afghanica), tuttavia, ha raggiunto uno status leggendario.<\/p>\n<p>Se siete consumatori abituali di cannabis, \u00e8 molto probabile che abbiate provato Northern Lights. Oppure una delle variet\u00e0 sorelle del ceppo, come ad esempio: Sour Diesel e Shiva Skunk, per citarne alcune. L'esatta discendenza e la storia dell'aurora boreale sono avvolte nel mistero e potrebbero andare perdute per sempre.<\/p>\n<p>La teoria prevalente \u00e8 che questa variet\u00e0 sia nata nel Pacifico nord-occidentale e che abbia pochi estimatori. Poi \u00e8 arrivata in Olanda, dove sono stati incrociati i due fenotipi migliori (Northern Lights #5 x Northern Lights #2). La NL #5 ha assunto il ruolo pi\u00f9 importante nell'incrocio perch\u00e9 aumenta la potenza e accorcia il tempo di fioritura. La NL #2 conferisce alla variet\u00e0 un sapore e un odore fantastici e contribuisce alla potenza e alla forza complessiva dello sballo. Inoltre, la NL #2 \u00e8 una pianta pi\u00f9 resistente alle muffe e ai parassiti rispetto agli altri fenotipi.<\/p>\n<p>Aspetto e odore dell'aurora boreale<br \/>\nQuesta variet\u00e0 \u00e8 bellissima da vedere, sia da vicino che da lontano. L'ottavo esemplare che ho ricevuto per questo test aveva la forma di una grossa caramella, tagliata ad arte. Ha mostrato l'intero \"funzionamento interno\" del bocciolo, pur lasciando una quantit\u00e0 perfetta di materiale fogliare per sembrare naturale. La colorazione era complessivamente molto brillante, con verdi nitidi e pistilli quasi dorati. northern lights indica strain.<\/p>\n<p>Northern Lights si presenta con cime compatte e dense, ricoperte da una glassa bianco-argentea di tricromi, spesso separate da pochi centimetri di stelo, rendendo il taglio un gioco da ragazzi e offrendo una resa eccellente. Sebbene le cime siano dense e spesse (struttura tipica delle indica), non sono cos\u00ec impenetrabili da causare il marciume delle cime, che pu\u00f2 essere un grosso problema con molte variet\u00e0 di indica, rendendo la Northern Lights una buona indica che pu\u00f2 essere coltivata in ambienti umidi.<\/p>\n<p>L'aroma \u00e8 un odore fresco, erbaceo e leggermente puzzolente da lontano, che si trasforma in un complesso e dolce aroma di agrumi e pini con note di eucalipto quando i fiori vengono schiacciati. Quando viene schiacciato, l'aroma diventa ancora pi\u00f9 netto e assume una qualit\u00e0 agrumata e muschiata che ricorda la buccia d'arancia bruciata mescolata a un po' di pino.<\/p>\n<p>Il fumo<br \/>\nLeggermente dolce e agrumato all'inspirazione, pi\u00f9 pino e muschiato all'espirazione. La variet\u00e0 Northern Lights aveva sicuramente lo stesso sapore dell'odore, anche se nel complesso era leggermente meno pungente. Il fumo e il sapore avevano una qualit\u00e0 pastosa che pu\u00f2 essere meglio descritta come \"burrosa\", ma anche elementi di espansione che causavano tosse con grandi boccate. La vaporizzazione della gemma probabilmente aiuterebbe ad alleviare questo problema. L'esperienza \u00e8 fluida con una solida ritenzione del sapore ad ogni tiro, la ciotola \u00e8 finita di un grigio molto chiaro. Cenere quasi bianca, a dimostrazione del fatto che il coltivatore ha fatto un lavaggio pi\u00f9 abbondante.<\/p>\n<p>Alcuni dicono che si tratta di una variet\u00e0 \"strisciante\", ma per me l'effetto \u00e8 stato di immediata euforia e di forti effetti cerebrali quasi travolgenti - e questo solo alla prima boccata. Dopo qualche altra boccata per accompagnare l'intenso sballo da indica, si sviluppa una sensazione di benessere e felicit\u00e0 molto piacevole e calmante. northern lights indica strain.<\/p>\n<p>Totale<br \/>\nNel complesso, la Northern Lights \u00e8 un ottimo esempio di genetica della vecchia scuola ravvivata da tecniche di coltivazione moderne. La struttura vigorosa delle cime a predominanza indica con i suoi tricromi a testa spessa. E una serie di colori brillanti era meravigliosa da ammirare, rendendo quasi difficile fumare una tale bellezza. (Ho detto quasi).<\/p>\n<p>Sebbene l'odore e il sapore abbiano superato le aspettative, la dominanza indica era decisamente evidente. Anche se tecnicamente \u00e8 un ibrido, la maggior parte considera questa variet\u00e0 un'indica, con un rapporto di 95% indica e 5% sativa. Questo a sua volta rende la variet\u00e0 un po' pesante per la coltivazione diurna. Consigliato ai fumatori moderati ed esperti. Principalmente come indica serale o dopo il lavoro, quando si desidera un forte rilassamento.<\/p>\n<p>Lo sballo dura in genere 2-3 ore e la variet\u00e0 Northern Lights ha dimostrato di trattare stress, ansia e nervosismo. Anche per la sindrome dell'intestino irritabile, la nausea, la depressione, il dolore cronico, il mal di schiena, l'artrite e altri problemi legati al corpo. L'ho trovata molto utile anche per i problemi di insonnia e questa variet\u00e0 \u00e8 ora la mia prima scelta nelle notti insonni.<\/p>\n<p>L'unico svantaggio di Northern Lights \u00e8 che la variet\u00e0 originale \u00e8 molto rara da trovare. La maggior parte dei dispensari non vende la vera variet\u00e0, ma ibridi, ma non la vera Northern Lights. Quindi fate le vostre ricerche, parlate con persone affidabili e assicuratevi questo classico! Contattateci<\/p>\n<p>&nbsp;<\/p>\n<p>comprare erba online negli stati uniti, comprare erba online nel Regno Unito, comprare erba online in Irlanda, comprare erba online in Svizzera, comprare erba online in Australia, comprare erba online in Italia, comprare erba online in Danimarca, comprare erba online nell'Unione Europea, comprare erba online in Francia, comprare erba online<\/p>","protected":false},"excerpt":{"rendered":"<p>Northern Lights Indica Alcune variet\u00e0 sono semplicemente famose, ma la Northern Lights (Afghanica) ha raggiunto uno status leggendario. Se siete consumatori abituali di cannabis, \u00e8 molto probabile che abbiate provato Northern Lights. Oppure una delle variet\u00e0 sorelle del ceppo, come ad esempio: Sour Diesel e Shiva Skunk, per citarne alcune. Il [...]<\/p>","protected":false},"featured_media":2063,"comment_status":"open","ping_status":"closed","template":"","meta":[],"product_brand":[],"product_cat":[20],"product_tag":[29,32,33,27,34,30,28,31,35,36],"class_list":{"0":"post-2062","1":"product","2":"type-product","3":"status-publish","4":"has-post-thumbnail","6":"product_cat-exotische-weed-aromen-kaufen","7":"product_tag-cannabis-kaufen","8":"product_tag-cannabis-online-kaufen","9":"product_tag-gras-bestellen","10":"product_tag-gras-kaufen","11":"product_tag-gras-online-kaufen","12":"product_tag-marihuana-kaufen","13":"product_tag-thc-kaufen","14":"product_tag-weed-kaufen","15":"product_tag-weed-online-bestellen","16":"product_tag-weed-online-kaufen","18":"first","19":"instock","20":"shipping-taxable","21":"purchasable","22":"product-type-variable"},"_links":{"self":[{"href":"https:\/\/dasgrasshop.com\/it\/wp-json\/wp\/v2\/product\/2062","targetHints":{"allow":["GET"]}}],"collection":[{"href":"https:\/\/dasgrasshop.com\/it\/wp-json\/wp\/v2\/product"}],"about":[{"href":"https:\/\/dasgrasshop.com\/it\/wp-json\/wp\/v2\/types\/product"}],"replies":[{"embeddable":true,"href":"https:\/\/dasgrasshop.com\/it\/wp-json\/wp\/v2\/comments?post=2062"}],"wp:featuredmedia":[{"embeddable":true,"href":"https:\/\/dasgrasshop.com\/it\/wp-json\/wp\/v2\/media\/2063"}],"wp:attachment":[{"href":"https:\/\/dasgrasshop.com\/it\/wp-json\/wp\/v2\/media?parent=2062"}],"wp:term":[{"taxonomy":"product_brand","embeddable":true,"href":"https:\/\/dasgrasshop.com\/it\/wp-json\/wp\/v2\/product_brand?post=2062"},{"taxonomy":"product_cat","embeddable":true,"href":"https:\/\/dasgrasshop.com\/it\/wp-json\/wp\/v2\/product_cat?post=2062"},{"taxonomy":"product_tag","embeddable":true,"href":"https:\/\/dasgrasshop.com\/it\/wp-json\/wp\/v2\/product_tag?post=2062"}],"curies":[{"name":"wp","href":"https:\/\/api.w.org\/{rel}","templated":true}]}}