{"id":2068,"date":"2022-03-07T15:03:57","date_gmt":"2022-03-07T15:03:57","guid":{"rendered":"https:\/\/dasgrasshop.com\/?post_type=product&#038;p=2068"},"modified":"2022-07-31T00:08:33","modified_gmt":"2022-07-31T00:08:33","slug":"runtz-gras-kaufen","status":"publish","type":"product","link":"https:\/\/dasgrasshop.com\/it\/product\/runtz-gras-kaufen\/","title":{"rendered":"Acquista l'erba Runtz"},"content":{"rendered":"<p>Ceppo Runtz abbiamo runtz bianco in vendita, ceppo runtz bianco, ceppo runtz esotico, ceppo gruntz, ceppo runtz vlone, ceppo runtz cannabis Clicca qui per vedere tutti i ceppi runtz in vendita sul nostro sito web<br \/>\nIbrido - 50% Sativa \/ 50% Indica#<br \/>\nTHC: 23% - 24%<br \/>\nComprare erba Runtz Ceppo Germania<br \/>\nAcquista la variet\u00e0 di erba Runtz in Europa<\/p>\n<p>Runtz Weed \u00e8 una variet\u00e0 di cannabis fresca di Los Angeles, con un profilo terpenico che molti descriverebbero come dolce. Tuttavia, la Runtz come variet\u00e0 ha un numero incredibilmente vario di fenotipi che possono influenzare drasticamente i dati, rendendo quasi impossibile dire se la Runtz \u00e8 un ibrido sativa o indica, poich\u00e9 i diversi fenotipi finiscono per pendere in direzioni diverse.<\/p>\n<p>Questo vale anche per il contenuto di THC e CBD, che viene testato per ogni coltivazione e che al momento non \u00e8 disponibile su internet.<\/p>\n<p>Erba medica Runtz per uso ricreativo acquistare online Germania<br \/>\nRuntz \u00e8 una variet\u00e0 di cannabis fresca di Los Angeles, con un profilo terpenico che molti descriverebbero come dolce.<br \/>\nTuttavia, la variet\u00e0 Runtz presenta una serie incredibilmente varia di fenotipi che possono influenzare drasticamente i suoi dati.<br \/>\nQuesto vale anche per il contenuto di THC e CBD, che viene testato per ogni coltivazione e che al momento non \u00e8 disponibile su internet.<br \/>\n\u00c8 una variet\u00e0 popolare tra i fumatori di cannabis che sono interessati alla cultura e alla pubblicit\u00e0 che sta dietro alle confezioni dei prodotti di cannabis.<br \/>\nSe correttamente essiccati e stagionati, gli utenti possono vedere i colori oltre il verde nelle gemme.<br \/>\nI densi boccioli di Runtz sono spesso caratterizzati da una tavolozza di colori vibranti che vanno dai blu e dai viola ai verdi scuri e agli arancioni brillanti.<br \/>\nPertanto, \u00e8 quasi impossibile dire se la Runtz sia un ibrido Sativa o Indica.<br \/>\n\u00c8 una variet\u00e0 incredibilmente difficile da trovare, venduta quasi esclusivamente a Los Angeles.<br \/>\nSu Internet si trovano poche o nessuna informazione su Runtz.<br \/>\nMolti scrivono che questa variet\u00e0 \u00e8 ottima per alleviare lo stress, l'ansia e il dolore cronico.<br \/>\nProbabilmente vi sentirete euforici e felici, ma non abbastanza da uscire di casa.<\/p>\n<p>Acquista White Runtz Weed. La White Runtz Weed \u00e8 una variet\u00e0 ibrida bilanciata (50% Indica\/50% Sativa), creata incrociando i classici ceppi Zkittlez X Gelato. Conosciuta per il suo gusto super delizioso e per il suo high di lunga durata, White Runtz \u00e8 perfetta per tutti gli amanti degli ibridi. Questa variet\u00e0 di erba White Runtz ha un sapore come suggerisce il nome - caramelle di frutta agrodolci con una leggera nota di agrumi. Anche l'aroma \u00e8 molto simile, con un tono terroso di agrumi accentuato da frutta fresca e dolce. Allo stesso modo, lo sballo della variet\u00e0 White Runtz Weed \u00e8 altrettanto delizioso del suo sapore. Ceppo di cannabis Runtz, cos'\u00e8 il ceppo runtz, ceppo runtz rosa, ceppo runtz viola, ceppo runtz vlone, runtz bianco, Germania Uk, USA, Europa, Dove, onlinne,<\/p>\n<p>Per quanto riguarda un'altra variet\u00e0 Runtz chiamata White Runtz, anche la sua origine non \u00e8 chiara. Potrebbe essere un altro fenotipo di Runtz, dato che ha una quantit\u00e0 di THC paragonabile, anche se altri sostengono che sia un prodotto della collaborazione tra Runtz e Cookies. Le cime di questa variet\u00e0 sono solitamente viola e verdi. La White Runtz \u00e8 una variet\u00e0 a predominanza indica, il che significa che, anche se all'inizio potreste volervi muovere, non \u00e8 la migliore idea uscire di casa. Attualmente \u00e8 una delle variet\u00e0 di cannabis pi\u00f9 popolari in California, quindi non \u00e8 raro trovare erba etichettata come White Runtz che non ha nessuna delle sue caratteristiche.<\/p>\n<p>Coltivazione della variet\u00e0 Runtz<\/p>\n<p>Una pianta di cannabis allevata all'origine si presenta in due tipi, un maschio e una femmina. La White Runtz \u00e8 un prodotto speciale che si crea quando il maschio feconda la femmina. Questo produce qualcosa chiamato \"ibrido\" perch\u00e9 contiene le caratteristiche sia della pianta femminile che di quella maschile. Se un tempo era la variet\u00e0 pi\u00f9 calda del mercato, oggi \u00e8 solo un raro e delicato inciampo.<br \/>\nEffetti della variet\u00e0 Runtz<br \/>\nQuesto prodotto unico ha il massimo effetto sullo stress e lo fa scomparire come mai prima d'ora. Dal ritiro dei sentimenti cupi di disperazione e frustrazione, nasce la sottile sensazione di pura beatitudine, felicit\u00e0, positivit\u00e0 e pace.<br \/>\nForniamo e una buona selezione al dettaglio della variet\u00e0 di erba White Kuntz, White runtz, Acquista online la variet\u00e0 Pink runtz, immagini della variet\u00e0 white runtz, prezzo pink runtz, genetica della variet\u00e0 white runtz.<\/p>\n<p>Quanto costa un chilo di runtz, Ordinare online la variet\u00e0 Pink runtz, Vendita erba White runtz, Comprare online l'erba White runtz. Dove acquistare l'erba White runtz, Ceppo esotico runtz, Ceppo Runtz<\/p>\n<p>ceppo vlone runtz, scherzi ai sacchetti runtz, runtz bianco indica o sativa, ceppo runtz bianco frondoso, gruntz del ceppo runtz, recensione ceppo runtz bianco, biscotti gruntz, sacchetti mylar runtz bianco, nonno viola<\/p>\n<p>ceppo gruntz, ceppo gruntz uk, sunset runtz, ceppo ice cream cake, lattine runtz in vendita, comprare olio di cbd online, comprare lattine smart bud online,<\/p>\n<p>trib\u00f9 dei runtz bianchi parole chiave di riferimento<br \/>\nquanto costa un chilo di white runtz, quanto costa white runtz, white runtz kush, white runtz og, sito web runtz, carrelli runtz, cookies runtz, hawaiian runtz, sundae driver strain for sale, where can I get real <a href=\"https:\/\/deligentman.com\/\" target=\"_blank\" rel=\"noopener\">Erba dei ragazzi della giungla<\/a> trovare online<\/p>\n<p>&nbsp;<\/p>","protected":false},"excerpt":{"rendered":"<p>Ceppo Runtz abbiamo runtz bianco in vendita, ceppo runtz bianco, ceppo runtz esotico, ceppo gruntz, ceppo runtz vlone, ceppo cannabis runtz Clicca qui per vedere tutti i ceppi runtz in vendita sul nostro sito Ibrido - 50% Sativa \/50% Indica# THC: 23% - 24% Acquista Runtz weed Strain Germania Acquista Runtz weed Strain Europa [...]<\/p>","protected":false},"featured_media":2069,"comment_status":"open","ping_status":"closed","template":"","meta":[],"product_brand":[],"product_cat":[20],"product_tag":[],"class_list":{"0":"post-2068","1":"product","2":"type-product","3":"status-publish","4":"has-post-thumbnail","6":"product_cat-exotische-weed-aromen-kaufen","8":"first","9":"instock","10":"shipping-taxable","11":"purchasable","12":"product-type-variable"},"_links":{"self":[{"href":"https:\/\/dasgrasshop.com\/it\/wp-json\/wp\/v2\/product\/2068","targetHints":{"allow":["GET"]}}],"collection":[{"href":"https:\/\/dasgrasshop.com\/it\/wp-json\/wp\/v2\/product"}],"about":[{"href":"https:\/\/dasgrasshop.com\/it\/wp-json\/wp\/v2\/types\/product"}],"replies":[{"embeddable":true,"href":"https:\/\/dasgrasshop.com\/it\/wp-json\/wp\/v2\/comments?post=2068"}],"wp:featuredmedia":[{"embeddable":true,"href":"https:\/\/dasgrasshop.com\/it\/wp-json\/wp\/v2\/media\/2069"}],"wp:attachment":[{"href":"https:\/\/dasgrasshop.com\/it\/wp-json\/wp\/v2\/media?parent=2068"}],"wp:term":[{"taxonomy":"product_brand","embeddable":true,"href":"https:\/\/dasgrasshop.com\/it\/wp-json\/wp\/v2\/product_brand?post=2068"},{"taxonomy":"product_cat","embeddable":true,"href":"https:\/\/dasgrasshop.com\/it\/wp-json\/wp\/v2\/product_cat?post=2068"},{"taxonomy":"product_tag","embeddable":true,"href":"https:\/\/dasgrasshop.com\/it\/wp-json\/wp\/v2\/product_tag?post=2068"}],"curies":[{"name":"wp","href":"https:\/\/api.w.org\/{rel}","templated":true}]}}