{"id":2075,"date":"2022-03-07T15:12:25","date_gmt":"2022-03-07T15:12:25","guid":{"rendered":"https:\/\/dasgrasshop.com\/?post_type=product&#038;p=2075"},"modified":"2022-03-07T15:15:06","modified_gmt":"2022-03-07T15:15:06","slug":"grand-daddy-purple","status":"publish","type":"product","link":"https:\/\/dasgrasshop.com\/it\/product\/nonno-viola\/","title":{"rendered":"Nonno Viola"},"content":{"rendered":"<p>Grand daddy purple in vendita<br \/>\nFinalmente un'indica di cui parlare! Prima che Cookies fosse la variet\u00e0 \"it\", c'era Grand Daddy Purple in vendita (GDP), che ha dominato la comunit\u00e0 della cannabis per pi\u00f9 di 5 anni. Questa s\u00ec che \u00e8 una serie di titoli! \u00c8 innegabilmente la pi\u00f9 famosa di tutte le variet\u00e0 di Purple. Facile da trovare e da coltivare, questa variet\u00e0 \u00e8 un punto fermo nella scena dell'erba e vi far\u00e0 tornare per averne ancora. grand daddy purple strain for sale.<\/p>\n<p>Aspetto e odore<\/p>\n<p>Le cime della Grand Daddy Purple in vendita sono di un verde incredibilmente denso che, con la maturazione della pianta, assume profonde sfumature viola che si estendono a tutte le cime (non solo all'esterno). I peli arancioni brillanti sono abbondanti e creano un bel contrasto con gli altri colori che adornano le cime ricoperte di resina. L'odore \u00e8 semplice e forse un po' banale, ma sa davvero di uva.<\/p>\n<p>Il fumo<\/p>\n<p>Nella mia vita precedente ho coltivato questa variet\u00e0 per molti anni. Posso facilmente identificare il PIL solo dal gusto. Anche in questo caso, l'aroma predominante \u00e8 quello di uva. Questo sapore tende a rimanere sulla lingua per un lungo periodo di tempo. L'effetto \u00e8 di lunga durata (3-4 ore) con una sensazione di morbidezza e uniformit\u00e0. Un'incredibile medicina per concludere la serata con una profonda fusione del corpo. Grand Daddy purple strain in vendita contattaci ora<\/p>\n<p>Totale<\/p>\n<p>Ho sempre pensato a Grand Daddy Purple come a una variet\u00e0 notturna. Sebbene non sia la variet\u00e0 Indica pi\u00f9 forte, mi vengono in mente molte altre variet\u00e0 che sono migliori per l'uso diurno. Oltre a ci\u00f2, il GDP \u00e8 considerato uno dei migliori ceppi \"medicinali\". Queste propriet\u00e0, insieme a quelle che favoriscono l'appetito, lo rendono uno dei preferiti dai pazienti che lottano contro gli effetti collaterali della chemioterapia. Il PIL \u00e8 ottimo anche per i problemi di insonnia. La GDP sembra essere ormai ovunque, quindi se vi imbattete in lei, non perdete l'occasione di assaggiare questa variet\u00e0 leggendaria. grand daddy purple in vendita. purple punch strain<\/p>","protected":false},"excerpt":{"rendered":"<p>Grand daddy purple in vendita Finalmente un'indica di cui parlare! Prima che Cookies fosse la variet\u00e0 \"it\", c'era Grand Daddy Purple for sale (GDP), che ha dominato la comunit\u00e0 della cannabis per pi\u00f9 di 5 anni. Questa s\u00ec che \u00e8 una serie di titoli! \u00c8 innegabilmente la pi\u00f9 famosa di tutte le variet\u00e0 Purple. Questa variet\u00e0 facile da trovare e da coltivare \u00e8 [...]<\/p>","protected":false},"featured_media":2076,"comment_status":"open","ping_status":"closed","template":"","meta":[],"product_brand":[],"product_cat":[20],"product_tag":[29,32,33,27,34,30,28,31,35,36],"class_list":{"0":"post-2075","1":"product","2":"type-product","3":"status-publish","4":"has-post-thumbnail","6":"product_cat-exotische-weed-aromen-kaufen","7":"product_tag-cannabis-kaufen","8":"product_tag-cannabis-online-kaufen","9":"product_tag-gras-bestellen","10":"product_tag-gras-kaufen","11":"product_tag-gras-online-kaufen","12":"product_tag-marihuana-kaufen","13":"product_tag-thc-kaufen","14":"product_tag-weed-kaufen","15":"product_tag-weed-online-bestellen","16":"product_tag-weed-online-kaufen","18":"first","19":"instock","20":"shipping-taxable","21":"purchasable","22":"product-type-variable"},"_links":{"self":[{"href":"https:\/\/dasgrasshop.com\/it\/wp-json\/wp\/v2\/product\/2075","targetHints":{"allow":["GET"]}}],"collection":[{"href":"https:\/\/dasgrasshop.com\/it\/wp-json\/wp\/v2\/product"}],"about":[{"href":"https:\/\/dasgrasshop.com\/it\/wp-json\/wp\/v2\/types\/product"}],"replies":[{"embeddable":true,"href":"https:\/\/dasgrasshop.com\/it\/wp-json\/wp\/v2\/comments?post=2075"}],"wp:featuredmedia":[{"embeddable":true,"href":"https:\/\/dasgrasshop.com\/it\/wp-json\/wp\/v2\/media\/2076"}],"wp:attachment":[{"href":"https:\/\/dasgrasshop.com\/it\/wp-json\/wp\/v2\/media?parent=2075"}],"wp:term":[{"taxonomy":"product_brand","embeddable":true,"href":"https:\/\/dasgrasshop.com\/it\/wp-json\/wp\/v2\/product_brand?post=2075"},{"taxonomy":"product_cat","embeddable":true,"href":"https:\/\/dasgrasshop.com\/it\/wp-json\/wp\/v2\/product_cat?post=2075"},{"taxonomy":"product_tag","embeddable":true,"href":"https:\/\/dasgrasshop.com\/it\/wp-json\/wp\/v2\/product_tag?post=2075"}],"curies":[{"name":"wp","href":"https:\/\/api.w.org\/{rel}","templated":true}]}}