{"id":2082,"date":"2022-03-07T20:47:01","date_gmt":"2022-03-07T20:47:01","guid":{"rendered":"https:\/\/dasgrasshop.com\/?post_type=product&#038;p=2082"},"modified":"2023-05-10T00:02:56","modified_gmt":"2023-05-10T00:02:56","slug":"pineapple-express","status":"publish","type":"product","link":"https:\/\/dasgrasshop.com\/it\/product\/ananas-express\/","title":{"rendered":"Ananas Express"},"content":{"rendered":"<h2>Acquistare Pineapple Express online dalla migliore farmacia online.<\/h2>\n<p>L'ananas express in vendita in Germania, Austria e Svizzera pu\u00f2 essere acquistato oggi a prezzi convenienti su Unkrautmarkt.com. Il nostro intero team di venditori e fornitori \u00e8 disponibile 24 ore su 24, 7 giorni su 7, per aiutarvi ad acquistare Pineapple Express online. Siamo una farmacia online con esperienza che comprende i propri clienti. Qui \u00e8 possibile acquistare i migliori prodotti. Ordina ora Pineapple Express Germania, Austria e Svizzera!<\/p>\n<h3>Quali sono le caratteristiche di Pineapple Express?<\/h3>\n<p>Pineapple Express \u00e8 il risultato di un incrocio tra Trainwreck e Hawaiian. \u00c8 un germoglio tropicale. Produce un fumo morbido e dolce, sufficiente a far sballare i fumatori. \u00c8 una variet\u00e0 forte che \u00e8 diventata molto popolare nel mercato online di Stati Uniti, Regno Unito, Canada, Germania e Australia. Il contenuto di THC di questa variet\u00e0 \u00e8 generalmente superiore a 24%. Odora come un banco di frutta. I boccioli della Pineapple Express sono olivastri e a forma di roccia. Hanno il sapore di una fetta di ananas fresco. Con questa variet\u00e0 \u00e8 possibile completare in breve tempo il proprio elenco di cose da fare. \u00c8 possibile coltivare questa pianta sia all'aperto che in casa. La fioritura dura circa 7-8 settimane.<\/p>\n<ul>\n<li>Il sapore \u00e8 molto forte.<\/li>\n<li>Il suo ronzio \u00e8 potente.<\/li>\n<li>D\u00e0 la sensazione di fluttuare nell'aria.<\/li>\n<li>Produce un leggero intorpidimento e uno sballo inebriante e felice.<\/li>\n<li>Rende gli utenti creativi e loquaci.<\/li>\n<li>Aiuta a concentrarsi e a essere produttivi.<\/li>\n<li>\u00c8 utile per chi soffre di ansia, stanchezza, depressione, stress cronico e irrequietezza generale.<\/li>\n<li>Ha anche alcune piccole propriet\u00e0 calmanti.<\/li>\n<\/ul>\n<h3>Come si ordina il Pineapple Express online?<\/h3>\n<p>Se volete ordinare online l'Ananas Express in Germania, Austria e Svizzera, scegliete Unkrautmarkt.com. Imballeremo il vostro ordine in modo sicuro e lo spediremo nel luogo da voi indicato. Non ci saranno ritardi da parte nostra. Collegatevi ora!<\/p>","protected":false},"excerpt":{"rendered":"<p>La Pineapple Express contiene 20,1% di THC e pu\u00f2 farvi sentire vivaci, attenti e creativi.<\/p>","protected":false},"featured_media":2083,"comment_status":"open","ping_status":"closed","template":"","meta":[],"product_brand":[],"product_cat":[20],"product_tag":[29,32,33,27,34,30,28,31,35,36],"class_list":{"0":"post-2082","1":"product","2":"type-product","3":"status-publish","4":"has-post-thumbnail","6":"product_cat-exotische-weed-aromen-kaufen","7":"product_tag-cannabis-kaufen","8":"product_tag-cannabis-online-kaufen","9":"product_tag-gras-bestellen","10":"product_tag-gras-kaufen","11":"product_tag-gras-online-kaufen","12":"product_tag-marihuana-kaufen","13":"product_tag-thc-kaufen","14":"product_tag-weed-kaufen","15":"product_tag-weed-online-bestellen","16":"product_tag-weed-online-kaufen","18":"first","19":"instock","20":"shipping-taxable","21":"purchasable","22":"product-type-variable"},"_links":{"self":[{"href":"https:\/\/dasgrasshop.com\/it\/wp-json\/wp\/v2\/product\/2082","targetHints":{"allow":["GET"]}}],"collection":[{"href":"https:\/\/dasgrasshop.com\/it\/wp-json\/wp\/v2\/product"}],"about":[{"href":"https:\/\/dasgrasshop.com\/it\/wp-json\/wp\/v2\/types\/product"}],"replies":[{"embeddable":true,"href":"https:\/\/dasgrasshop.com\/it\/wp-json\/wp\/v2\/comments?post=2082"}],"wp:featuredmedia":[{"embeddable":true,"href":"https:\/\/dasgrasshop.com\/it\/wp-json\/wp\/v2\/media\/2083"}],"wp:attachment":[{"href":"https:\/\/dasgrasshop.com\/it\/wp-json\/wp\/v2\/media?parent=2082"}],"wp:term":[{"taxonomy":"product_brand","embeddable":true,"href":"https:\/\/dasgrasshop.com\/it\/wp-json\/wp\/v2\/product_brand?post=2082"},{"taxonomy":"product_cat","embeddable":true,"href":"https:\/\/dasgrasshop.com\/it\/wp-json\/wp\/v2\/product_cat?post=2082"},{"taxonomy":"product_tag","embeddable":true,"href":"https:\/\/dasgrasshop.com\/it\/wp-json\/wp\/v2\/product_tag?post=2082"}],"curies":[{"name":"wp","href":"https:\/\/api.w.org\/{rel}","templated":true}]}}