{"id":2135,"date":"2022-05-24T18:01:57","date_gmt":"2022-05-24T18:01:57","guid":{"rendered":"https:\/\/dasgrasshop.com\/?post_type=product&#038;p=2135"},"modified":"2022-11-25T22:07:06","modified_gmt":"2022-11-25T22:07:06","slug":"kaufe-marokkanisches-haschisch","status":"publish","type":"product","link":"https:\/\/dasgrasshop.com\/it\/product\/comprare-marocchino-hashish\/","title":{"rendered":"Comprare l'hashish marocchino"},"content":{"rendered":"<p>Acquistare hashish marocchino online.<\/p>\n<p>&nbsp;<\/p>\n<p>Acquistare hashish marocchino online La vera origine dell'hashish che potete ordinare da noi \u00e8 sconosciuta, ma gli storici concordano sul fatto che sia stato portato in Marocco durante le conquiste islamiche, tra il XV e il XVII secolo. Tuttavia, passarono molti secoli prima che l'hashish venisse venduto in massa in tutto il mondo, intorno agli anni '60-'70, l'et\u00e0 d'oro degli hippy.<\/p>\n<p>L'hashish, come \u00e8 noto in questo paese, viene solitamente consumato con tabacco nero arrotolato in uno spinello. Nella regione del Rif, tuttavia, il consumo di hashish ordinato fa parte di alcuni rituali tradizionali. Rispetto ad altre zone del Marocco, questa regione ha goduto di privilegi per quanto riguarda la coltivazione e l'uso della cannabis fino agli anni Cinquanta.<\/p>\n<p>Oggi, migliaia di persone in questo Paese si guadagnano da vivere comprando e vendendo hashish online. A causa delle alte temperature, quest'area \u00e8 ideale per la produzione di hashish, perch\u00e9 anche se altre specie di piante non sopravvivrebbero l\u00ec, il clima \u00e8 estremamente favorevole per le piante infestanti da cui si ricava l'hashish.<\/p>\n<p>&nbsp;<\/p>\n<p>L'hashish marocchino, o hashish marocchino, \u00e8 un prodotto estratto che consiste in preparazioni compresse o purificate di ghiandole di resina peduncolate, chiamate tricomi, provenienti dalla pianta di cannabis. Contiene gli stessi principi attivi della marijuana, come il tetraidrocannabinolo (<a href=\"https:\/\/dasgrasshop.com\/it\/\">THC<\/a>) e altri cannabinoidi, ma spesso in concentrazioni pi\u00f9 elevate rispetto alle cime o alle foglie non setacciate da cui si ricava la marijuana. L'hashish pu\u00f2 essere solido o resinoso a seconda del modo in cui viene preparato; l'hashish pressato \u00e8 di solito solido, mentre l'hashish lavato con acqua - spesso chiamato \"hashish a bolle\" - \u00e8 spesso una sostanza pastosa con durezza e morbidezza variabili; il suo colore, pi\u00f9 comunemente marrone chiaro o scuro, pu\u00f2 variare da trasparente a giallo, marrone, nero o rosso. Tutto dipende dal processo e dalla quantit\u00e0 di solvente rimanente.<\/p>\n<p>In questo contesto, dai distretti di Bruxelles, Amsterdam e Anversa vennero trapiantati i precedenti costumi, le routine e i codici tradizionali di conquista, onore, giustizia e sfiducia nell'autorit\u00e0, che permisero a queste comunit\u00e0 di crescere drasticamente soprattutto Insieme all'istituzione della relazione di aiuto insieme alla Penose olandese, allora tra le principali organizzazioni legali in Europa. Giustificate o meno, le autorit\u00e0 belghe e olandesi hanno caratterizzato queste comunit\u00e0 per il loro \"isolamento sociale\" e per una \"societ\u00e0 tribale molto pi\u00f9 aggressiva\" che le distingue dalle altre comunit\u00e0 di immigrati.<\/p>\n<p>Acquistare hashish marocchino online: Le porte antiche in legno o in vetro sono una soluzione ecologica per ravvivare gli spazi interni. Scaldare una padella di ferro forgiato a fuoco medio. Quando sfrigola, aggiungete un cucchiaio di olio di semi di vinacciolo e girate per ricoprire il fondo della padella. Aumentare la fiamma e condire la patata con un pizzico di sale e pepe nero. il testimone chiave del processo Marengo, il cui fratello personale \u00e8 stato assassinato insieme al suo avvocato dall'organizzazione di Taghi per aver rivelato i suoi meccanismi interni. La persona sospettata di aver ucciso De Vries \u00e8 in realt\u00e0 un parente della persona che controlla la squadra di Taghi, il che d\u00e0 alle autorit\u00e0 olandesi ulteriori motivi per credere che l'organizzazione di Taghi sia responsabile dell'omicidio.<\/p>","protected":false},"excerpt":{"rendered":"<p>30 grammi<\/p>\n<p>Servizio discreto\u2714 100 % Garanzia di rimborso\u2714 Consegna con tracciamento\u2714. 100 % Soddisfazione del cliente\u2714. 5 g di 5 variet\u00e0 diverse in omaggio per i primi acquirenti<\/p>","protected":false},"featured_media":2136,"comment_status":"open","ping_status":"closed","template":"","meta":[],"product_brand":[],"product_cat":[19],"product_tag":[],"class_list":{"0":"post-2135","1":"product","2":"type-product","3":"status-publish","4":"has-post-thumbnail","6":"product_cat-haschisch-online-kaufen","8":"first","9":"instock","10":"sale","11":"shipping-taxable","12":"purchasable","13":"product-type-simple"},"_links":{"self":[{"href":"https:\/\/dasgrasshop.com\/it\/wp-json\/wp\/v2\/product\/2135","targetHints":{"allow":["GET"]}}],"collection":[{"href":"https:\/\/dasgrasshop.com\/it\/wp-json\/wp\/v2\/product"}],"about":[{"href":"https:\/\/dasgrasshop.com\/it\/wp-json\/wp\/v2\/types\/product"}],"replies":[{"embeddable":true,"href":"https:\/\/dasgrasshop.com\/it\/wp-json\/wp\/v2\/comments?post=2135"}],"wp:featuredmedia":[{"embeddable":true,"href":"https:\/\/dasgrasshop.com\/it\/wp-json\/wp\/v2\/media\/2136"}],"wp:attachment":[{"href":"https:\/\/dasgrasshop.com\/it\/wp-json\/wp\/v2\/media?parent=2135"}],"wp:term":[{"taxonomy":"product_brand","embeddable":true,"href":"https:\/\/dasgrasshop.com\/it\/wp-json\/wp\/v2\/product_brand?post=2135"},{"taxonomy":"product_cat","embeddable":true,"href":"https:\/\/dasgrasshop.com\/it\/wp-json\/wp\/v2\/product_cat?post=2135"},{"taxonomy":"product_tag","embeddable":true,"href":"https:\/\/dasgrasshop.com\/it\/wp-json\/wp\/v2\/product_tag?post=2135"}],"curies":[{"name":"wp","href":"https:\/\/api.w.org\/{rel}","templated":true}]}}