{"id":2007,"date":"2022-03-07T12:44:42","date_gmt":"2022-03-07T12:44:42","guid":{"rendered":"https:\/\/dasgrasshop.com\/?post_type=product&#038;p=2007"},"modified":"2022-07-10T12:31:21","modified_gmt":"2022-07-10T12:31:21","slug":"gelato-weed","status":"publish","type":"product","link":"https:\/\/dasgrasshop.com\/pl\/product\/gelato-weed\/","title":{"rendered":"Ziele \u017celu"},"content":{"rendered":"<p><span style=\"vertical-align: inherit;\"><span style=\"vertical-align: inherit;\">Kup Gelato Weed Strain - najwy\u017cszej jako\u015bci egzotyczne zio\u0142o<\/span><\/span><\/p>\n<p><span style=\"vertical-align: inherit;\"><span style=\"vertical-align: inherit;\">Kolejna najwy\u017cszej klasy odmiana od <\/span><\/span><a href=\"https:\/\/dasgrasshop.com\/pl\/\"><span style=\"vertical-align: inherit;\"><span style=\"vertical-align: inherit;\">Grasherr.com<\/span><\/span><\/a><span style=\"vertical-align: inherit;\"><span style=\"vertical-align: inherit;\"> ! <\/span><span style=\"vertical-align: inherit;\">Ziele Gelato jest produktem skrzy\u017cowania Thin Mint Girl Scout Cookies X Sunset Sherbet, dw\u00f3ch szczep\u00f3w popularnych ze wzgl\u0119du na ich niesamowicie pyszne aromaty i smaki. <\/span><span style=\"vertical-align: inherit;\">Odmiana Gelato ma aromaty i smaki, kt\u00f3re zosta\u0142y opisane jako ziemiste, s\u0142odkie, mi\u0119towe, cytrusowe, jagodowe, d\u0119bowe, sherbet, pomara\u0144czowe, lawendowe i ciasteczkowe. <\/span><span style=\"vertical-align: inherit;\">Ro\u015blina Gelato jest kr\u00f3tka i kr\u0119pa. <\/span><span style=\"vertical-align: inherit;\">Jej li\u015bcie maj\u0105 kolor le\u015bnej zieleni z ciemnofioletowymi odcieniami. <\/span><span style=\"vertical-align: inherit;\">P\u0105ki \u0142odygowe chwast\u00f3w Gelato pojawiaj\u0105 si\u0119 w kolorze ciemnofioletowym i s\u0105 przestrzelone z jasnopomara\u0144czowymi s\u0142upkami. <\/span><span style=\"vertical-align: inherit;\">Jej p\u0105ki s\u0105 lepkie z przeci\u0119tnym pokryciem kryszta\u0142k\u00f3w trichom\u00f3w.<\/span><\/span><\/p>\n<p><span style=\"vertical-align: inherit;\"><span style=\"vertical-align: inherit;\">Odmiana marihuany Gelato ma wysoki poziom THC, wahaj\u0105cy si\u0119 mi\u0119dzy 15 a 25%, co czyni j\u0105 do\u015b\u0107 silnym szczepem. <\/span><span style=\"vertical-align: inherit;\">Efekty hybrydy o konstrukcji THC s\u0105 dobrze wywa\u017cone - ciekawa mieszanka pobudzenia i relaksu. <\/span><span style=\"vertical-align: inherit;\">Je\u015bli masz ochot\u0119 na fizyczny haj indica z wyra\u017anym efektem sativy, kt\u00f3ry sprawia, \u017ce jeste\u015b wystarczaj\u0105co aktywny, aby cieszy\u0107 si\u0119 efektami szczepu, to ta odmiana jest dla ciebie. <\/span><span style=\"vertical-align: inherit;\">Efekt uderza szybko, zaczynaj\u0105c od haju i intensywnej euforii. <\/span><span style=\"vertical-align: inherit;\">Jej head high, kt\u00f3ry dostarcza, jest b\u0142ogi i podnosz\u0105cy na duchu. <\/span><span style=\"vertical-align: inherit;\">Pe\u0142zaj\u0105cy cielesny haj b\u0119dzie stopniowo nabiera\u0142 mocy, a\u017c poczujesz si\u0119 ca\u0142kowicie zrelaksowany i spokojny, ale b\u0119dziesz mia\u0142 wystarczaj\u0105co du\u017co energii i skupienia, aby pozosta\u0107 pozytywnym i towarzyskim.<\/span><\/span><\/p>\n<p><span style=\"vertical-align: inherit;\"><span style=\"vertical-align: inherit;\">Kup gelato 45 UK, gelato #45 vs 33 r\u00f3wnie\u017c kupi\u0107 gelato 45 allbud, gelato 41 szczep, gelato #45 plon, \u017celato 45 szczep smart cart, gelato 45 vs 33, gelato 45 szczep indica lub sativa, gelati vs gelato szczep, \u017celato szczep 45, \u017celato szczep rekin, \u017celato 41 szczep, tort weselny szczep, jagoda \u017celato szczep, cytryna \u017celato szczep, konopie indyjskie<\/span><\/span><\/p>\n<p><span style=\"vertical-align: inherit;\"><span style=\"vertical-align: inherit;\">Medyczne korzy\u015bci z u\u017cywania hybrydowego szczepu Gelato Weed<\/span><\/span><br \/>\n<span style=\"vertical-align: inherit;\"><span style=\"vertical-align: inherit;\">\u0141agodny m\u00f3zgowy haj Gelato w po\u0142\u0105czeniu z fizycznym odpr\u0119\u017ceniem sprawia, \u017ce jest to popularna odmiana na niepok\u00f3j i chroniczny stres. <\/span><span style=\"vertical-align: inherit;\">Gelato dostarcza przyp\u0142ywu m\u00f3zgowej energii, kt\u00f3ra pomaga z\u0142agodzi\u0107 chroniczn\u0105 depresj\u0119. <\/span><span style=\"vertical-align: inherit;\">Stymulacja ta mo\u017ce r\u00f3wnie\u017c pom\u00f3c w leczeniu pacjent\u00f3w z zaburzeniami uwagi, takimi jak ADHD i ADD. <\/span><span style=\"vertical-align: inherit;\">Sk\u0142adnik indica relaksuje cia\u0142o, aby st\u0142umi\u0107 nadpobudliwo\u015b\u0107, podczas gdy sk\u0142adnik sativa zapewnia stymulacj\u0119 potrzebn\u0105 do trwa\u0142ej koncentracji. <\/span><span style=\"vertical-align: inherit;\">Odmiana gelato pomaga na nudno\u015bci ze wzgl\u0119du na sw\u00f3j uwodzicielski smak i zapach; <\/span><span style=\"vertical-align: inherit;\">Ta \u017celkowa odmiana marihuany pomaga r\u00f3wnie\u017c na apetyt u pacjent\u00f3w do\u015bwiadczaj\u0105cych nudno\u015bci z powodu chemioterapii w przypadku raka lub chor\u00f3b autoimmunologicznych.<\/span><\/span><\/p>\n<p><span style=\"vertical-align: inherit;\"><span style=\"vertical-align: inherit;\">Efekty dzia\u0142ania odmiany marihuany Gelato 45 <\/span><\/span><br \/>\n<span style=\"vertical-align: inherit;\"><span style=\"vertical-align: inherit;\">Happy <\/span><\/span><br \/>\n<span style=\"vertical-align: inherit;\"><span style=\"vertical-align: inherit;\">Euforyczny <\/span><\/span><br \/>\n<span style=\"vertical-align: inherit;\"><span style=\"vertical-align: inherit;\">Odpr\u0119\u017cony <\/span><\/span><br \/>\n<span style=\"vertical-align: inherit;\"><span style=\"vertical-align: inherit;\">Zachwyceni <\/span><\/span><br \/>\n<span style=\"vertical-align: inherit;\"><span style=\"vertical-align: inherit;\">Kreatywna <\/span><\/span><br \/>\n<span style=\"vertical-align: inherit;\"><span style=\"vertical-align: inherit;\">Klasyfikacja: 55% Indica\/45% Sativa<\/span><\/span><\/p>\n<p><span style=\"vertical-align: inherit;\"><span style=\"vertical-align: inherit;\">Pochodzenie: Thin Mint Girl Scout Cookies X Sunset Sherbet<\/span><\/span><\/p>\n<p><span style=\"vertical-align: inherit;\"><span style=\"vertical-align: inherit;\">Czas kwitnienia: 8 - 9 tygodni<\/span><\/span><\/p>\n<p><span style=\"vertical-align: inherit;\"><span style=\"vertical-align: inherit;\">Warunki uprawy: Do wewn\u0105trz \/ na zewn\u0105trz<\/span><\/span><\/p>\n<p><span style=\"vertical-align: inherit;\"><span style=\"vertical-align: inherit;\">Wydajno\u015b\u0107: \u015brednia do wysokiej<\/span><\/span><\/p>\n<p>&nbsp;<\/p>\n<p><span style=\"vertical-align: inherit;\"><span style=\"vertical-align: inherit;\">Kup gelato 45 Niemcy, gdzie kupi\u0107 gelato #45 vs 33, gelato 45 wszystkie bud na sprzeda\u017c, gelato 41 szczep, gelato #45 plon, \u017celato 45 szczep smart cart, gelato 45 vs 33, gelato 45 szczep indica lub sativa, gelati vs gelato szczep, \u017celato szczep 45, mo\u017cna r\u00f3wnie\u017c kupi\u0107 \u017celato rekin szczep, \u017celato 41 szczep, ciasto weselne szczep, jagoda \u017celato szczep, sherbet szczep, cytryna \u017celato szczep Mo\u017cna kupi\u0107 \u017celato <\/span><\/span><a href=\"https:\/\/hempbudswholesale.com\/\" target=\"_blank\" rel=\"noopener\"><span style=\"vertical-align: inherit;\"><span style=\"vertical-align: inherit;\">CBD<\/span><\/span><\/a><span style=\"vertical-align: inherit;\"><span style=\"vertical-align: inherit;\"> p\u0105ki konopi<\/span><\/span><\/p>","protected":false},"excerpt":{"rendered":"<p>Gelato Weed ma \u0142agodny i owocowy urok Sunset Sherbert z ziemist\u0105, zio\u0142ow\u0105 dobroci\u0105 Thin Mints. Dzi\u0119ki ograniczonej dost\u0119pno\u015bci oraz odwa\u017cnemu wygl\u0105dowi i smakowi, odmiana ta nale\u017cy do powstaj\u0105cej kategorii hybryd rzemie\u015blniczych z Zachodniego Wybrze\u017ca, kt\u00f3re skupiaj\u0105 si\u0119 na smaku. Gelato nosi w sobie kilka po\u017c\u0105danych cech ze swojego mocno skrzy\u017cowanego rodu i urzeka swoim wygl\u0105dem i smakiem. Jej trippy, ale relaksuj\u0105ce wibracje sprawiaj\u0105, \u017ce jest idealnym wyborem dla samotnej introspekcji lub spotka\u0144 towarzyskich.<\/p>","protected":false},"featured_media":2012,"comment_status":"open","ping_status":"closed","template":"","meta":[],"product_brand":[],"product_cat":[20],"product_tag":[29,32,33,27,34,30,28,31,35,36],"class_list":{"0":"post-2007","1":"product","2":"type-product","3":"status-publish","4":"has-post-thumbnail","6":"product_cat-exotische-weed-aromen-kaufen","7":"product_tag-cannabis-kaufen","8":"product_tag-cannabis-online-kaufen","9":"product_tag-gras-bestellen","10":"product_tag-gras-kaufen","11":"product_tag-gras-online-kaufen","12":"product_tag-marihuana-kaufen","13":"product_tag-thc-kaufen","14":"product_tag-weed-kaufen","15":"product_tag-weed-online-bestellen","16":"product_tag-weed-online-kaufen","18":"first","19":"instock","20":"shipping-taxable","21":"purchasable","22":"product-type-variable"},"_links":{"self":[{"href":"https:\/\/dasgrasshop.com\/pl\/wp-json\/wp\/v2\/product\/2007","targetHints":{"allow":["GET"]}}],"collection":[{"href":"https:\/\/dasgrasshop.com\/pl\/wp-json\/wp\/v2\/product"}],"about":[{"href":"https:\/\/dasgrasshop.com\/pl\/wp-json\/wp\/v2\/types\/product"}],"replies":[{"embeddable":true,"href":"https:\/\/dasgrasshop.com\/pl\/wp-json\/wp\/v2\/comments?post=2007"}],"wp:featuredmedia":[{"embeddable":true,"href":"https:\/\/dasgrasshop.com\/pl\/wp-json\/wp\/v2\/media\/2012"}],"wp:attachment":[{"href":"https:\/\/dasgrasshop.com\/pl\/wp-json\/wp\/v2\/media?parent=2007"}],"wp:term":[{"taxonomy":"product_brand","embeddable":true,"href":"https:\/\/dasgrasshop.com\/pl\/wp-json\/wp\/v2\/product_brand?post=2007"},{"taxonomy":"product_cat","embeddable":true,"href":"https:\/\/dasgrasshop.com\/pl\/wp-json\/wp\/v2\/product_cat?post=2007"},{"taxonomy":"product_tag","embeddable":true,"href":"https:\/\/dasgrasshop.com\/pl\/wp-json\/wp\/v2\/product_tag?post=2007"}],"curies":[{"name":"wp","href":"https:\/\/api.w.org\/{rel}","templated":true}]}}