{"id":2016,"date":"2022-03-07T13:04:46","date_gmt":"2022-03-07T13:04:46","guid":{"rendered":"https:\/\/dasgrasshop.com\/?post_type=product&#038;p=2016"},"modified":"2022-03-07T13:10:12","modified_gmt":"2022-03-07T13:10:12","slug":"sour-diesel","status":"publish","type":"product","link":"https:\/\/dasgrasshop.com\/pl\/product\/sour-diesel\/","title":{"rendered":"Kwa\u015bny olej nap\u0119dowy"},"content":{"rendered":"<p>Kup Sour Diesel online<br \/>\nSour Diesel jest jedn\u0105 z najbardziej palonych odmian sativy wszech czas\u00f3w. Je\u015bli nie s\u0142ysza\u0142e\u015b o tej odmianie, prawdopodobnie mieszkasz w jaskini w Afganistanie lub kto\u015b, kogo znasz, ju\u017c jej spr\u00f3bowa\u0142 (i prawdopodobnie j\u0105 uwielbia). Dok\u0142adne pochodzenie Sour Diesel jest skomplikowane i bardzo s\u0142abo udokumentowane, jak to bywa w przypadku wi\u0119kszo\u015bci starszych odmian.<\/p>\n<p>Niekt\u00f3rzy uwa\u017caj\u0105, \u017ce odmiana Sour Diesel wywodzi si\u0119 po prostu z fenotypu Chemdawg, kt\u00f3ry by\u0142 nieco odmienny i bardziej po stronie sativy. Najbardziej popularna teoria rodowodu m\u00f3wi, \u017ce oryginalny Diesel jest wynikiem krzy\u017c\u00f3wki (Chemdawg x Super Skunk x Northern Lights). Ta w wi\u0119kszo\u015bci sativowa hybryda (90% Sativa, 10% Indica) jest cz\u0119sto nazywana \"Sour D\", a swoj\u0105 unikaln\u0105 nazw\u0119 zawdzi\u0119cza prawie dieslowemu i cytrusowemu zapachowi, jaki wydziela.<\/p>\n<p>O ile wiem, Sour Diesel istnieje tylko w formie klon\u00f3w i cz\u0119sto trudno j\u0105 znale\u017a\u0107. Z powodu tej rzadko\u015bci prawdziwego Sour Diesel, istnieje wiele hybryd, kt\u00f3re pr\u00f3bowa\u0142y na\u015bladowa\u0107 prawdziwy Sour Diesel High. Niekt\u00f3re z nich s\u0105 bardzo bliskie, ale nie ma nic, co mog\u0142oby si\u0119 r\u00f3wna\u0107 z prawdziwym Sour Diesel.<\/p>\n<p>Wygl\u0105d i zapach Sour Diesel<br \/>\nSour Diesel to wysoka, smuk\u0142a ro\u015blina, kt\u00f3ra nadaje si\u0119 zar\u00f3wno do ogrod\u00f3w wewn\u0119trznych jak i zewn\u0119trznych. Jej li\u015bcie ciemniej\u0105 do prawie purpurowego koloru w ostatnich tygodniach kwitnienia. P\u0105ki maj\u0105 zazwyczaj r\u00f3\u017cowe do jasnopomara\u0144czowych s\u0142upki, a formacja jest lu\u017ana i ma kszta\u0142t k\u0142osu.<\/p>\n<p>Wszystkie Sour D, kt\u00f3re kiedykolwiek uprawia\u0142em mia\u0142y du\u017c\u0105 kol\u0119 z 6-9 mniejszymi ga\u0142\u0119ziami.<\/p>\n<p>Zapach jest bardzo silny, prawie obezw\u0142adniaj\u0105cy, a jednak w jaki\u015b spos\u00f3b poci\u0105gaj\u0105cy. Dzieje si\u0119 tak, poniewa\u017c ten szczep ma wyra\u017any, ostry, trawiasty, cytrusowy zapach Diesel, kt\u00f3ry przychodzi z ekscytuj\u0105cym wybuchem energii. Poniewa\u017c ma dominuj\u0105c\u0105 lini\u0119 sativy, mo\u017cna za\u0142o\u017cy\u0107, \u017ce dzia\u0142a g\u0142\u00f3wnie na umys\u0142.<\/p>\n<p>Dym<br \/>\nFani tej odmiany zazwyczaj u\u017cywaj\u0105 Sour Diesel jako pierwszego \u017ar\u00f3d\u0142a leku na pocz\u0105tek d\u0142ugiego dnia - czujesz si\u0119 obudzony i gotowy do dzia\u0142ania. Poniewa\u017c Sour Diesel jest tak zdominowana przez sativ\u0119, dzia\u0142a prawie wy\u0142\u0105cznie na funkcje m\u00f3zgowe. Je\u015bli palisz prawdziw\u0105 odmian\u0119, nie powinno by\u0107 mowy o \"couch lock\" lub ci\u0119\u017ckich doznaniach cielesnych podczas konsumpcji.<\/p>\n<p>Sour Diesel smakuje dok\u0142adnie tak, jak pachnie: klasycznym, funkowym aromatem paliwa. To r\u00f3wnie\u017c dlatego Sour Diesel jest tak \u0142atwy do wyw\u0119szenia w sk\u0142adzie.<\/p>\n<p>Odmiana ta jest tak popularna, poniewa\u017c haj jest po prostu niesamowity, z ponad 20% THC i czasem trwania efektu 2-3 godzin. Dzi\u0119ki dominacji sativy, wype\u0142nia cia\u0142o, a zw\u0142aszcza umys\u0142 motywuj\u0105c\u0105, podnosz\u0105c\u0105 na duchu energi\u0105. Jest to zdecydowany \u015brodek poprawiaj\u0105cy nastr\u00f3j i niszcz\u0105cy depresj\u0119. Bycie w dobrym nastroju jest naturalnym uczuciem bez wysi\u0142ku, kiedy do\u015bwiadcza si\u0119 Sour Diesel.<\/p>\n<p>Razem<br \/>\nOgromna popularno\u015b\u0107 Sour Diesel nie jest przypadkowa i nie jest ju\u017c tylko fenomenem Wschodniego Wybrze\u017ca. Szczep ten jest jednym z najbardziej fascynuj\u0105cych szczep\u00f3w w historii marihuany. Sprawia, \u017ce zabawne rzeczy staj\u0105 si\u0119 jeszcze bardziej zabawne; sprawia, \u017ce dobre jedzenie smakuje jeszcze lepiej. Jako \u015brodek poprawiaj\u0105cy nastr\u00f3j sprawia, \u017ce \u017cycie staje si\u0119 po prostu przyjemniejsze. Najzwyklejsze wieczory szybko staj\u0105 si\u0119 pami\u0119tne, gdy w gr\u0119 wchodzi Sour Diesel. Odmiana ta nie tylko poprawia nastr\u00f3j, ale jest r\u00f3wnie\u017c skuteczna w leczeniu depresji. R\u00f3wnie\u017c niepokoju, stresu i utraty apetytu. Ten szczep jest godny swojej s\u0142awy i zawsze b\u0119dzie jednym z najlepszych szczep\u00f3w na planecie.<\/p>","protected":false},"excerpt":{"rendered":"<p>Kup Sour Diesel online Sour Diesel jest jedn\u0105 z najbardziej palonych odmian sativy wszech czas\u00f3w. Je\u015bli nie s\u0142ysza\u0142e\u015b o tym szczepie, prawdopodobnie mieszkasz w jaskini w Afganistanie, lub kto\u015b kogo znasz ju\u017c go pr\u00f3bowa\u0142 (i prawdopodobnie go kocha). Dok\u0142adny rodow\u00f3d Sour Diesel jest skomplikowany i bardzo [...]<\/p>","protected":false},"featured_media":2017,"comment_status":"open","ping_status":"closed","template":"","meta":[],"product_brand":[],"product_cat":[20],"product_tag":[29,32,33,27,34,30,28,31,35,36],"class_list":{"0":"post-2016","1":"product","2":"type-product","3":"status-publish","4":"has-post-thumbnail","6":"product_cat-exotische-weed-aromen-kaufen","7":"product_tag-cannabis-kaufen","8":"product_tag-cannabis-online-kaufen","9":"product_tag-gras-bestellen","10":"product_tag-gras-kaufen","11":"product_tag-gras-online-kaufen","12":"product_tag-marihuana-kaufen","13":"product_tag-thc-kaufen","14":"product_tag-weed-kaufen","15":"product_tag-weed-online-bestellen","16":"product_tag-weed-online-kaufen","18":"first","19":"instock","20":"shipping-taxable","21":"purchasable","22":"product-type-variable"},"_links":{"self":[{"href":"https:\/\/dasgrasshop.com\/pl\/wp-json\/wp\/v2\/product\/2016","targetHints":{"allow":["GET"]}}],"collection":[{"href":"https:\/\/dasgrasshop.com\/pl\/wp-json\/wp\/v2\/product"}],"about":[{"href":"https:\/\/dasgrasshop.com\/pl\/wp-json\/wp\/v2\/types\/product"}],"replies":[{"embeddable":true,"href":"https:\/\/dasgrasshop.com\/pl\/wp-json\/wp\/v2\/comments?post=2016"}],"wp:featuredmedia":[{"embeddable":true,"href":"https:\/\/dasgrasshop.com\/pl\/wp-json\/wp\/v2\/media\/2017"}],"wp:attachment":[{"href":"https:\/\/dasgrasshop.com\/pl\/wp-json\/wp\/v2\/media?parent=2016"}],"wp:term":[{"taxonomy":"product_brand","embeddable":true,"href":"https:\/\/dasgrasshop.com\/pl\/wp-json\/wp\/v2\/product_brand?post=2016"},{"taxonomy":"product_cat","embeddable":true,"href":"https:\/\/dasgrasshop.com\/pl\/wp-json\/wp\/v2\/product_cat?post=2016"},{"taxonomy":"product_tag","embeddable":true,"href":"https:\/\/dasgrasshop.com\/pl\/wp-json\/wp\/v2\/product_tag?post=2016"}],"curies":[{"name":"wp","href":"https:\/\/api.w.org\/{rel}","templated":true}]}}