{"id":2022,"date":"2022-03-07T13:21:57","date_gmt":"2022-03-07T13:21:57","guid":{"rendered":"https:\/\/dasgrasshop.com\/?post_type=product&#038;p=2022"},"modified":"2026-05-01T19:29:14","modified_gmt":"2026-05-01T19:29:14","slug":"afghan-kush","status":"publish","type":"product","link":"https:\/\/dasgrasshop.com\/pl\/product\/afgan-kush\/","title":{"rendered":"Kusz Afga\u0144ski"},"content":{"rendered":"<p><span style=\"vertical-align: inherit;\"><span style=\"vertical-align: inherit;\">Odmiana Afghan Kush <\/span><\/span><br \/>\n<span style=\"vertical-align: inherit;\"><span style=\"vertical-align: inherit;\">Afghan Kush wygl\u0105da bardzo \u0142adnie, bladozielony z nut\u0105 \u017c\u00f3\u0142ci, pomara\u0144czowe w\u0142oski s\u0105 zar\u00f3wno jasne jak i ciemne, wygl\u0105da jak samorodek pomara\u0144czy i z\u0142ota, z c\u0119tkowanymi kryszta\u0142kami.<\/span><\/span><\/p>\n<p><span style=\"vertical-align: inherit;\"><span style=\"vertical-align: inherit;\">Nos <\/span><\/span><br \/>\n<span style=\"vertical-align: inherit;\"><span style=\"vertical-align: inherit;\">Afghan Kush pachnie bardzo \u0142agodnie, nawet jako ca\u0142a bry\u0142ka, z nut\u0105 szafranu i ma\u015blanej szkockiej. <\/span><span style=\"vertical-align: inherit;\">Jednak po prze\u0142amaniu p\u0105czka, zapach palonego toffi staje si\u0119 dominuj\u0105cy.<\/span><\/span><\/p>\n<p><span style=\"vertical-align: inherit;\"><span style=\"vertical-align: inherit;\">Smak <\/span><\/span><br \/>\n<span style=\"vertical-align: inherit;\"><span style=\"vertical-align: inherit;\">Ten p\u0105czek smakuje r\u00f3wnie pikantnie, a najsilniej ga\u0142ka muszkato\u0142owa, cynamon i imbir. <\/span><span style=\"vertical-align: inherit;\">Smak ga\u0142ki muszkato\u0142owej jest bardzo delikatny i zostanie zapami\u0119tany na kilka chwil.<\/span><\/span><\/p>\n<p><span style=\"vertical-align: inherit;\"><span style=\"vertical-align: inherit;\">Efekt <\/span><\/span><br \/>\n<span style=\"vertical-align: inherit;\"><span style=\"vertical-align: inherit;\">Efekty dzia\u0142ania Afghan Kush s\u0105 natychmiastowe. <\/span><span style=\"vertical-align: inherit;\">Dostaje si\u0119 bardzo lu\u017ane, i troch\u0119 ci\u0119\u017ckie oko, (nie dla \u017c\u00f3\u0142todziob\u00f3w). <\/span><span style=\"vertical-align: inherit;\">Stwierdzi\u0142am, \u017ce nie odczuwam du\u017cego b\u00f3lu. <\/span><span style=\"vertical-align: inherit;\">Ja te\u017c czuj\u0119, \u017ce to du\u017cy spazm. <\/span><span style=\"vertical-align: inherit;\">A je\u015bli masz problemy z zasypianiem i uwa\u017casz, \u017ce potrzebujesz snu od razu, Afghan Kush jest twoim zio\u0142em.<\/span><\/span><\/p>\n<p><span style=\"vertical-align: inherit;\"><span style=\"vertical-align: inherit;\">Afghan Kush jest zdecydowanie moj\u0105 ulubion\u0105 odmian\u0105 tego roku. <\/span><span style=\"vertical-align: inherit;\">Osobiste poznanie kogo\u015b, kto j\u0105 uprawia\u0142 i obserwowa\u0142 jej pi\u0119kno, da\u0142o mi pasj\u0119 do tak niesamowitej odmiany. <\/span><span style=\"vertical-align: inherit;\">Zapachy emanuj\u0105ce z tej dziewczyny by\u0142y ostre jak diabli w okresie kwitnienia, a potem s\u0142ab\u0142y w miar\u0119 suszenia. <\/span><span style=\"vertical-align: inherit;\">Podczas utwardzania pokaza\u0142a swoje prawdziwe oblicze. <\/span><span style=\"vertical-align: inherit;\">Przesz\u0142a od ostrego do mi\u0119kkiego s\u0142odkiego zapachu z nutami limonkowej zieleni i jasnych pomara\u0144czowych w\u0142os\u00f3w. <\/span><span style=\"vertical-align: inherit;\">Bardzo g\u0142adkie palenie w por\u00f3wnaniu do wi\u0119kszo\u015bci. <\/span><span style=\"vertical-align: inherit;\">Olej miodowy wykonany z tej bejcy jest fenomenalny. <\/span><span style=\"vertical-align: inherit;\">Najwy\u017cszy od jakiego\u015b czasu hitowy szczep<\/span><\/span><\/p>","protected":false},"excerpt":{"rendered":"<p><span style=\"vertical-align: inherit;\"><span style=\"vertical-align: inherit;\">Afghan Kush wygl\u0105da bardzo \u0142adnie, bladozielona z nut\u0105 \u017c\u00f3\u0142ci, pomara\u0144czowe w\u0142oski s\u0105 zar\u00f3wno jasne jak i ciemne, wygl\u0105da jak samorodek pomara\u0144czy i z\u0142ota, z c\u0119tkowanymi kryszta\u0142kami. <\/span><span style=\"vertical-align: inherit;\">Kup Afga\u0144ski Kush online - Afga\u0144ski Kush na sprzeda\u017c. <\/span><span style=\"vertical-align: inherit;\">Afghan Kush to popularna odmiana marihuany o poziomie THC si\u0119gaj\u0105cym 15%. <\/span><span style=\"vertical-align: inherit;\">Afghan Kush smakuje bardzo leczniczo i ma dramatyczne efekty przeciwb\u00f3lowe. <\/span><span style=\"vertical-align: inherit;\">Afghan Kush jest popularny w\u015br\u00f3d pacjent\u00f3w szukaj\u0105cych sposobu na z\u0142agodzenie b\u00f3lu, stresu, bezsenno\u015bci i nudno\u015bci.<\/span><\/span><\/p>","protected":false},"featured_media":2033,"comment_status":"open","ping_status":"closed","template":"","meta":[],"product_brand":[],"product_cat":[20],"product_tag":[29,32,33,27,34,30,28,31,35,36],"class_list":{"0":"post-2022","1":"product","2":"type-product","3":"status-publish","4":"has-post-thumbnail","6":"product_cat-exotische-weed-aromen-kaufen","7":"product_tag-cannabis-kaufen","8":"product_tag-cannabis-online-kaufen","9":"product_tag-gras-bestellen","10":"product_tag-gras-kaufen","11":"product_tag-gras-online-kaufen","12":"product_tag-marihuana-kaufen","13":"product_tag-thc-kaufen","14":"product_tag-weed-kaufen","15":"product_tag-weed-online-bestellen","16":"product_tag-weed-online-kaufen","18":"first","19":"instock","20":"shipping-taxable","21":"purchasable","22":"product-type-variable"},"_links":{"self":[{"href":"https:\/\/dasgrasshop.com\/pl\/wp-json\/wp\/v2\/product\/2022","targetHints":{"allow":["GET"]}}],"collection":[{"href":"https:\/\/dasgrasshop.com\/pl\/wp-json\/wp\/v2\/product"}],"about":[{"href":"https:\/\/dasgrasshop.com\/pl\/wp-json\/wp\/v2\/types\/product"}],"replies":[{"embeddable":true,"href":"https:\/\/dasgrasshop.com\/pl\/wp-json\/wp\/v2\/comments?post=2022"}],"wp:featuredmedia":[{"embeddable":true,"href":"https:\/\/dasgrasshop.com\/pl\/wp-json\/wp\/v2\/media\/2033"}],"wp:attachment":[{"href":"https:\/\/dasgrasshop.com\/pl\/wp-json\/wp\/v2\/media?parent=2022"}],"wp:term":[{"taxonomy":"product_brand","embeddable":true,"href":"https:\/\/dasgrasshop.com\/pl\/wp-json\/wp\/v2\/product_brand?post=2022"},{"taxonomy":"product_cat","embeddable":true,"href":"https:\/\/dasgrasshop.com\/pl\/wp-json\/wp\/v2\/product_cat?post=2022"},{"taxonomy":"product_tag","embeddable":true,"href":"https:\/\/dasgrasshop.com\/pl\/wp-json\/wp\/v2\/product_tag?post=2022"}],"curies":[{"name":"wp","href":"https:\/\/api.w.org\/{rel}","templated":true}]}}