{"id":2035,"date":"2022-03-07T14:16:35","date_gmt":"2022-03-07T14:16:35","guid":{"rendered":"https:\/\/dasgrasshop.com\/?post_type=product&#038;p=2035"},"modified":"2022-06-14T18:16:40","modified_gmt":"2022-06-14T18:16:40","slug":"blue-dream","status":"publish","type":"product","link":"https:\/\/dasgrasshop.com\/pl\/product\/blue-dream\/","title":{"rendered":"Blue Dream"},"content":{"rendered":"<p>Kup online marihuan\u0119 blue dream. Blue Dream jest hybrydow\u0105 krzy\u017c\u00f3wk\u0105 Haze i Blueberry z dominacj\u0105 sativy. Ma jeden z najbardziej poszukiwanych pe\u0142nych smak\u00f3w ze wszystkich szczep\u00f3w. Aromat Blue Dream jest s\u0142odki, pikantny i pobudzaj\u0105cy zmys\u0142y. Ma g\u0119ste, przypominaj\u0105ce popcorn p\u0105ki, kt\u00f3re w \u015bwietle mieni\u0105 si\u0119 na niebiesko, uzupe\u0142niaj\u0105c krajobraz trichom\u00f3w i pomara\u0144czowych w\u0142osk\u00f3w.<\/p>\n<p>Marihuana Blue Dream daje doskona\u0142y smakowo haj, kt\u00f3ry trwa tak d\u0142ugo, jak d\u0142ugo jest zr\u00f3wnowa\u017cony. Jest to \u015bwietna odmiana na ca\u0142y dzie\u0144. Podczas inhalacji od razu mo\u017cna poczu\u0107 Blue Dream. Efekt wkrada si\u0119 do\u015b\u0107 szybko, daj\u0105c energetyczny i skoncentrowany haj. Kreatywno\u015b\u0107 podobno rozkwita dzi\u0119ki tej odmianie, co czyni j\u0105 ulubion\u0105 w\u015br\u00f3d u\u017cytkownik\u00f3w marihuany artystycznej.<\/p>","protected":false},"excerpt":{"rendered":"<p>Kup online marihuan\u0119 blue dream. Blue Dream jest hybrydow\u0105 krzy\u017c\u00f3wk\u0105 Haze i Blueberry z dominacj\u0105 sativy. Ma jeden z najbardziej poszukiwanych pe\u0142nych smak\u00f3w ze wszystkich szczep\u00f3w. Aromat Blue Dream jest s\u0142odki, pikantny i pobudzaj\u0105cy zmys\u0142y. Ma g\u0119ste, popcornowate p\u0105ki, kt\u00f3re w \u015bwietle mieni\u0105 si\u0119 na niebiesko, a krajobraz trichom\u00f3w i pomara\u0144czowych w\u0142osk\u00f3w [...]<\/p>","protected":false},"featured_media":2044,"comment_status":"open","ping_status":"closed","template":"","meta":[],"product_brand":[],"product_cat":[20],"product_tag":[29,32,33,27,34,30,28,31,35,36],"class_list":{"0":"post-2035","1":"product","2":"type-product","3":"status-publish","4":"has-post-thumbnail","6":"product_cat-exotische-weed-aromen-kaufen","7":"product_tag-cannabis-kaufen","8":"product_tag-cannabis-online-kaufen","9":"product_tag-gras-bestellen","10":"product_tag-gras-kaufen","11":"product_tag-gras-online-kaufen","12":"product_tag-marihuana-kaufen","13":"product_tag-thc-kaufen","14":"product_tag-weed-kaufen","15":"product_tag-weed-online-bestellen","16":"product_tag-weed-online-kaufen","18":"first","19":"instock","20":"shipping-taxable","21":"purchasable","22":"product-type-variable"},"_links":{"self":[{"href":"https:\/\/dasgrasshop.com\/pl\/wp-json\/wp\/v2\/product\/2035","targetHints":{"allow":["GET"]}}],"collection":[{"href":"https:\/\/dasgrasshop.com\/pl\/wp-json\/wp\/v2\/product"}],"about":[{"href":"https:\/\/dasgrasshop.com\/pl\/wp-json\/wp\/v2\/types\/product"}],"replies":[{"embeddable":true,"href":"https:\/\/dasgrasshop.com\/pl\/wp-json\/wp\/v2\/comments?post=2035"}],"wp:featuredmedia":[{"embeddable":true,"href":"https:\/\/dasgrasshop.com\/pl\/wp-json\/wp\/v2\/media\/2044"}],"wp:attachment":[{"href":"https:\/\/dasgrasshop.com\/pl\/wp-json\/wp\/v2\/media?parent=2035"}],"wp:term":[{"taxonomy":"product_brand","embeddable":true,"href":"https:\/\/dasgrasshop.com\/pl\/wp-json\/wp\/v2\/product_brand?post=2035"},{"taxonomy":"product_cat","embeddable":true,"href":"https:\/\/dasgrasshop.com\/pl\/wp-json\/wp\/v2\/product_cat?post=2035"},{"taxonomy":"product_tag","embeddable":true,"href":"https:\/\/dasgrasshop.com\/pl\/wp-json\/wp\/v2\/product_tag?post=2035"}],"curies":[{"name":"wp","href":"https:\/\/api.w.org\/{rel}","templated":true}]}}