{"id":2036,"date":"2022-03-07T13:44:21","date_gmt":"2022-03-07T13:44:21","guid":{"rendered":"https:\/\/dasgrasshop.com\/?post_type=product&#038;p=2036"},"modified":"2022-03-07T13:59:04","modified_gmt":"2022-03-07T13:59:04","slug":"wedding-cake","status":"publish","type":"product","link":"https:\/\/dasgrasshop.com\/pl\/product\/tort-weselny\/","title":{"rendered":"Tort weselny"},"content":{"rendered":"<p>Exotic Wedding Cake Weed Strain<br \/>\nBezpiecznie kupi\u0107 pie\u0144 tortu weselnego lub egzotyczny pie\u0144 tortu weselnego online na sprzeda\u017c ze \u015bledzeniem i opiniami na temat tortu z chwastami. Nie rzuca si\u0119 w oczy. Odmiana Wedding Cake to pyszna hybryda, odmiana marihuany z dominacj\u0105 indica. Jej rodzicami zostali samoistnie wybrani ze wzgl\u0119du na sw\u00f3j pyszny smak, kt\u00f3rym s\u0105 chwast Girl Scout Cookies oraz marihuana Cherry Pie strain. Rodzice z kolei maj\u0105 genetyk\u0119 pochodz\u0105c\u0105 z OG Kush, Durban Poison i Granddaddy Purple, tworz\u0105c egzotyczn\u0105 odmian\u0119 tortu weselnego. To nie tylko pyszne zio\u0142o, ale tak\u017ce takie, kt\u00f3re ma powa\u017cny wp\u0142yw, z poziomem THC przekraczaj\u0105cym 25 procent.<\/p>\n<p>tort weselny szczep Niemcy lub kupi\u0107 tort weselny<br \/>\nWedding Cake Buds to silna odmiana lecznicza. Wysoka zawarto\u015b\u0107 THC sprawia, \u017ce jest ona doskona\u0142ym \u015brodkiem poprawiaj\u0105cym nastr\u00f3j, jak r\u00f3wnie\u017c silnym \u015brodkiem przeciwb\u00f3lowym. Odmiana medycznej marihuany Wedding Cake mo\u017ce z\u0142agodzi\u0107 b\u00f3l mi\u0119\u015bniowo-szkieletowy, taki jak rwa kulszowa, b\u00f3l zapalny, taki jak zapalenie staw\u00f3w, oraz b\u00f3l neuropatyczny, taki jak w fibromialgii, w\u015br\u00f3d innych schorze\u0144. Schorzenia neurologiczne takie jak ALS czy choroba Lou Gehriga mog\u0105 by\u0107 leczone preparatami leczniczymi tej odmiany zalecanymi przez lekarza. Wiele innych warunk\u00f3w jest zalecanych i mo\u017ce by\u0107 legalnie leczonych marihuan\u0105 Wedding Cake, w zale\u017cno\u015bci od prawa w r\u00f3\u017cnych stanach i krajach. Wy\u015blij nam wiadomo\u015b\u0107 tutaj<\/p>\n<p>&nbsp;<\/p>\n<p>Efekty odmiany tortu weselnego<br \/>\nHaj produkowany przez ten szczep jest niesamowicie podnosz\u0105cy na duchu i relaksuj\u0105cy jednocze\u015bnie. Daje zryw si\u0142y, jednocze\u015bnie wprowadzaj\u0105c umys\u0142 w faz\u0119 wzgl\u0119dnego spokoju.<\/p>\n<p>Z czasem ten silny wp\u0142yw na organizm sp\u0142aszcza si\u0119 - zw\u0142aszcza na \u017co\u0142\u0105dku - i budzi g\u0142\u00f3d oraz wyzwala skrajny przypadek zachcianek.<\/p>\n<p>Konsumenci mog\u0105 do\u015bwiadczy\u0107 \u0142agodnego psychodelicznego haju, w kt\u00f3rym ich my\u015bli szybko si\u0119 rozwijaj\u0105, a postrzeganie otoczenia ulega poprawie.<\/p>\n<p>W odpowiednim \u015brodowisku uczucia euforii i zawrotu g\u0142owy mog\u0105 wywo\u0142a\u0107 t\u0119 zmian\u0119 w przestrzeni g\u0142owy. Na pocz\u0105tku mo\u017ce si\u0119 to wydawa\u0107 surowe, ale dzi\u0119ki po\u0142\u0105czeniu z dominacj\u0105 indica, po kr\u00f3tkim czasie nast\u0119puje odpr\u0119\u017cenie.<\/p>\n<p>W miar\u0119 jak nast\u0119puje to rozlu\u017anienie, niekt\u00f3rzy u\u017cytkownicy czuj\u0105 orze\u017awiaj\u0105c\u0105 fal\u0119 podniecenia i g\u0119sto\u015bci rozchodz\u0105c\u0105 si\u0119 po g\u00f3rnej cz\u0119\u015bci cia\u0142a i ko\u0144czynach.<\/p>\n<p>Nawet gdy pojawia si\u0119 uspokojenie, stymulacja umys\u0142owa jest nadal odczuwalna, dzi\u0119ki czemu u\u017cytkownicy czuj\u0105 si\u0119 dostrojeni do otoczenia. Niezb\u0119dne jest zaanga\u017cowanie si\u0119 w pewne czynno\u015bci, takie jak czytanie, pisanie i lekka aktywno\u015b\u0107 fizyczna.<\/p>\n<p>Niemniej jednak zdecydowanie nie jest zalecany do zada\u0144 wymagaj\u0105cych wysokiego stopnia obs\u0142ugi i kontroli maszyn (np. gotowanie czy prowadzenie samochodu).<\/p>\n<p>Odmiana Wedding Cake jest kompletn\u0105 pot\u0119g\u0105 THC i jako taka nie nadaje si\u0119 dla nowicjuszy w kulturze konopi.<\/p>\n<p>Ponadto do\u015bwiadczeni u\u017cytkownicy powinni podchodzi\u0107 do tego szczepu z ostro\u017cno\u015bci\u0105. Odmiana ta staje si\u0119 coraz bardziej popularna ze wzgl\u0119du na swoje silne, ale dobrze zaokr\u0105glone dzia\u0142anie, kt\u00f3re mo\u017ce by\u0107 wykorzystywane zar\u00f3wno do cel\u00f3w rekreacyjnych, jak i terapeutycznych. egzotyczna odmiana Wedding Cake<\/p>\n<p>Bardzo zalecane jest spo\u017cywanie tej odmiany dopiero po zachodzie s\u0142o\u0144ca i przygotowaniu kolacji, poniewa\u017c ten kawa\u0142ek ciasta b\u0119dzie ostatni\u0105 rzecz\u0105, kt\u00f3r\u0105 zjesz przed p\u00f3j\u015bciem spa\u0107.<\/p>\n<p>Korzy\u015bci medyczne p\u0142yn\u0105ce z tortu weselnego<br \/>\nWedding Cake to bez w\u0105tpienia doskona\u0142a odmiana marihuany do u\u017cytku rekreacyjnego. Zawarto\u015b\u0107 THC powoduje intensywny m\u00f3zgowy i fizyczny haj, kt\u00f3ry podnosi u\u017cytkownika i relaksuje cia\u0142o.<\/p>\n<p>Jednak wszechobecno\u015b\u0107 jego sk\u0142adnik\u00f3w psychoaktywnych i ich nast\u0119pstwa maj\u0105 r\u00f3wnie\u017c istotn\u0105 warto\u015b\u0107 lecznicz\u0105.<\/p>\n<p>Jako prawdziwa alternatywa dla lek\u00f3w opartych na opioidach, rzadko ma niepo\u017c\u0105dane efekty uboczne, takie jak nudno\u015bci. Wr\u0119cz przeciwnie, zaspokaja \u017co\u0142\u0105dek, a nawet pobudzi\u0142by apetyt.<\/p>\n<p>Pacjenci z zaburzeniami od\u017cywiania, takimi jak anoreksja, mogli odzyska\u0107 wag\u0119, zw\u0142aszcza pod okiem specjalisty.<\/p>\n<p>S\u0142u\u017cy jako \u015brodek uspokajaj\u0105cy i pobudzaj\u0105cy apetyt i jest bardzo korzystny dla przypadk\u00f3w, kt\u00f3re regularnie przechodz\u0105 przez objawy zwi\u0105zane z depresj\u0105, fibromialgi\u0105, MS i innymi powi\u0105zanymi cechami.<\/p>\n<p>Dzi\u0119ki doskona\u0142emu profilowi terpenowemu nic dziwnego, \u017ce Wedding Cake oferuje pomoc terapeutyczn\u0105 w przypadku l\u0119ku, artretyzmu, \u0142agodnej depresji, migreny i stresu ze wsp\u00f3\u0142czesnymi efektami, takimi jak kreatywno\u015b\u0107 i relaks.<\/p>\n<p>Mo\u017ce by\u0107 r\u00f3wnie\u017c stosowany jako \u015brodek uspokajaj\u0105cy dla pacjent\u00f3w, ale pomaga uspokoi\u0107 nerwy lub zarz\u0105dza\u0107 objawami wywo\u0142uj\u0105cymi l\u0119k. Cho\u0107 nie kontroluje ca\u0142kowicie koncentracji i poziomu energii, powoduje normalne wysychanie oczu i ust.<\/p>\n<p>Wedding Cake skutki uboczne<br \/>\nSzczep Wedding Cake lub Pink Cookie ma wy\u017csz\u0105 zawarto\u015b\u0107 THC ni\u017c inne odmiany marihuany, dlatego mo\u017cliwe s\u0105 pewne skutki uboczne.<\/p>\n<p>W przypadku Wedding Cake mo\u017cna za\u0142o\u017cy\u0107 zwyk\u0142\u0105 sucho\u015b\u0107 oczu i nie\u015bwie\u017cy oddech spowodowane przez hamuj\u0105ce wilgo\u0107 kannabinoidy. Jest \u0142agodny i cz\u0119sto lekcewa\u017cony przez do\u015bwiadczonych u\u017cytkownik\u00f3w.<\/p>\n<p>Pal\u0105cy nowicjusze, kt\u00f3rych dotycz\u0105 te problemy, mog\u0105 poradzi\u0107 sobie z sucho\u015bci\u0105 pij\u0105c du\u017co p\u0142yn\u00f3w.<\/p>\n<p>Mo\u017cliwe jest r\u00f3wnie\u017c, \u017ce absolutna potencja Wedding Cake mo\u017ce doprowadzi\u0107 do greenoutu. Stan ten charakteryzuje si\u0119 lekkimi zawrotami g\u0142owy, kt\u00f3re mog\u0105 przerodzi\u0107 si\u0119 w niepok\u00f3j lub subtelne uczucie niepokoju.<\/p>","protected":false},"excerpt":{"rendered":"<p>Exotic Wedding Cake Weed Trunk Bezpiecznie kupuj pie\u0144 tortu weselnego lub egzotyczny pie\u0144 tortu weselnego online na sprzeda\u017c ze \u015bledzeniem i opiniami na temat tortu z chwast\u00f3w. Niewymagaj\u0105cy. Szczep Wedding Cake to pyszna hybryda, szczep marihuany z dominacj\u0105 indica. Jej rodzice zostali samodzielnie wybrani ze wzgl\u0119du na pyszny smak, kt\u00f3rymi s\u0105 Girl Scout Cookies weed, oraz Cherry Pie strain marihuana. Rodzice z kolei maj\u0105 [...]<\/p>","protected":false},"featured_media":2037,"comment_status":"open","ping_status":"closed","template":"","meta":[],"product_brand":[],"product_cat":[20],"product_tag":[29,32,33,27,34,30,28,31,35,36],"class_list":{"0":"post-2036","1":"product","2":"type-product","3":"status-publish","4":"has-post-thumbnail","6":"product_cat-exotische-weed-aromen-kaufen","7":"product_tag-cannabis-kaufen","8":"product_tag-cannabis-online-kaufen","9":"product_tag-gras-bestellen","10":"product_tag-gras-kaufen","11":"product_tag-gras-online-kaufen","12":"product_tag-marihuana-kaufen","13":"product_tag-thc-kaufen","14":"product_tag-weed-kaufen","15":"product_tag-weed-online-bestellen","16":"product_tag-weed-online-kaufen","18":"first","19":"instock","20":"shipping-taxable","21":"purchasable","22":"product-type-variable"},"_links":{"self":[{"href":"https:\/\/dasgrasshop.com\/pl\/wp-json\/wp\/v2\/product\/2036","targetHints":{"allow":["GET"]}}],"collection":[{"href":"https:\/\/dasgrasshop.com\/pl\/wp-json\/wp\/v2\/product"}],"about":[{"href":"https:\/\/dasgrasshop.com\/pl\/wp-json\/wp\/v2\/types\/product"}],"replies":[{"embeddable":true,"href":"https:\/\/dasgrasshop.com\/pl\/wp-json\/wp\/v2\/comments?post=2036"}],"wp:featuredmedia":[{"embeddable":true,"href":"https:\/\/dasgrasshop.com\/pl\/wp-json\/wp\/v2\/media\/2037"}],"wp:attachment":[{"href":"https:\/\/dasgrasshop.com\/pl\/wp-json\/wp\/v2\/media?parent=2036"}],"wp:term":[{"taxonomy":"product_brand","embeddable":true,"href":"https:\/\/dasgrasshop.com\/pl\/wp-json\/wp\/v2\/product_brand?post=2036"},{"taxonomy":"product_cat","embeddable":true,"href":"https:\/\/dasgrasshop.com\/pl\/wp-json\/wp\/v2\/product_cat?post=2036"},{"taxonomy":"product_tag","embeddable":true,"href":"https:\/\/dasgrasshop.com\/pl\/wp-json\/wp\/v2\/product_tag?post=2036"}],"curies":[{"name":"wp","href":"https:\/\/api.w.org\/{rel}","templated":true}]}}