{"id":2050,"date":"2022-03-07T14:38:58","date_gmt":"2022-03-07T14:38:58","guid":{"rendered":"https:\/\/dasgrasshop.com\/?post_type=product&#038;p=2050"},"modified":"2023-04-21T22:15:10","modified_gmt":"2023-04-21T22:15:10","slug":"apple-fritter","status":"publish","type":"product","link":"https:\/\/dasgrasshop.com\/pl\/product\/apple-fritter\/","title":{"rendered":"Fritter jab\u0142kowy"},"content":{"rendered":"<p>Mo\u017cesz kupi\u0107 Apple Fritteronline.<br \/>\nZnana r\u00f3wnie\u017c jako \"Apple Fritters\", jest rzadk\u0105, r\u00f3wnomiernie zbalansowan\u0105 odmian\u0105 hybrydow\u0105 (50% Indica\/50% Sativa) stworzon\u0105 poprzez skrzy\u017cowanie klasycznych odmian Sour Apple X Animal Cookies. Znana z tego, \u017ce znalaz\u0142a si\u0119 na li\u015bcie \"World's Strongest Strains\" 2016 High Times'a, ta odmiana przynosi nieziemski haj i super pyszny smak, kt\u00f3ry sprawi, \u017ce ju\u017c po jednym spr\u00f3bowaniu b\u0119dziesz b\u0142aga\u0107 o wi\u0119cej. Ten bud ma super s\u0142odki, owocowy smak jab\u0142ka z lekko pikantnym waniliowym wydechem, kt\u00f3ry jest jak pyszna, \u015bwie\u017co upieczona szarlotka. Aromat jest bardzo podobny, r\u00f3wnie\u017c z efektem zio\u0142owym. Wysoki poziom Apple Fritter zaczyna si\u0119 niemal natychmiast po pierwszym wydechu, wype\u0142niaj\u0105c tw\u00f3j umys\u0142 p\u0119dz\u0105cym uniesieniem, kt\u00f3re wypycha wszelkie negatywne lub wy\u015bcigowe my\u015bli niemal natychmiast. W miar\u0119 jak tw\u00f3j stan psychiczny wznosi si\u0119 coraz wy\u017cej, mrowienie fizycznego haju sp\u0142ynie po tobie, rozlu\u017aniaj\u0105c twoje obola\u0142e mi\u0119\u015bnie i sprawiaj\u0105c, \u017ce poczujesz si\u0119 w pe\u0142nej harmonii z otaczaj\u0105cym ci\u0119 \u015bwiatem. W po\u0142\u0105czeniu z bardzo wysok\u0105 \u015bredni\u0105 zawarto\u015bci\u0105 THC wynosz\u0105c\u0105 22-28%, efekt ten daje Apple Fritter przewag\u0119 w leczeniu takich schorze\u0144 jak bezsenno\u015b\u0107, przewlek\u0142y b\u00f3l, depresja, wahania nastroju i przewlek\u0142y stres. P\u0105ki maj\u0105 kszta\u0142t piki, s\u0105 ciemnooliwkowo-zielone z g\u0142\u0119bokim purpurowym odcieniem, maj\u0105 jaskrawo pomara\u0144czowe w\u0142oski i pokryte s\u0105 drobnymi, bia\u0142ymi, kryszta\u0142owymi trichomami.<\/p>","protected":false},"excerpt":{"rendered":"<p>Sie k\u00f6nnen Apple Fritteronline kaufen. Auch bekannt als &#8222;Apple Fritters&#8220;, ist eine seltene, gleichm\u00e4\u00dfig ausbalancierte Hybridsorte (50% Indica\/50% Sativa), die durch Kreuzung der klassischen Sour Apple X Animal Cookies-Sorten entstanden ist. Bekannt daf\u00fcr, dass sie es auf die &#8222;World&#8217;s Strongest Strains&#8220;-Liste der High Times 2016 geschafft hat, bringt dieses Baby einen knallharten Rausch und einen [&hellip;]<\/p>","protected":false},"featured_media":2051,"comment_status":"open","ping_status":"closed","template":"","meta":[],"product_brand":[],"product_cat":[20],"product_tag":[29,32,33,27,34,30,28,31,35,36],"class_list":{"0":"post-2050","1":"product","2":"type-product","3":"status-publish","4":"has-post-thumbnail","6":"product_cat-exotische-weed-aromen-kaufen","7":"product_tag-cannabis-kaufen","8":"product_tag-cannabis-online-kaufen","9":"product_tag-gras-bestellen","10":"product_tag-gras-kaufen","11":"product_tag-gras-online-kaufen","12":"product_tag-marihuana-kaufen","13":"product_tag-thc-kaufen","14":"product_tag-weed-kaufen","15":"product_tag-weed-online-bestellen","16":"product_tag-weed-online-kaufen","18":"first","19":"instock","20":"shipping-taxable","21":"purchasable","22":"product-type-variable"},"_links":{"self":[{"href":"https:\/\/dasgrasshop.com\/pl\/wp-json\/wp\/v2\/product\/2050","targetHints":{"allow":["GET"]}}],"collection":[{"href":"https:\/\/dasgrasshop.com\/pl\/wp-json\/wp\/v2\/product"}],"about":[{"href":"https:\/\/dasgrasshop.com\/pl\/wp-json\/wp\/v2\/types\/product"}],"replies":[{"embeddable":true,"href":"https:\/\/dasgrasshop.com\/pl\/wp-json\/wp\/v2\/comments?post=2050"}],"wp:featuredmedia":[{"embeddable":true,"href":"https:\/\/dasgrasshop.com\/pl\/wp-json\/wp\/v2\/media\/2051"}],"wp:attachment":[{"href":"https:\/\/dasgrasshop.com\/pl\/wp-json\/wp\/v2\/media?parent=2050"}],"wp:term":[{"taxonomy":"product_brand","embeddable":true,"href":"https:\/\/dasgrasshop.com\/pl\/wp-json\/wp\/v2\/product_brand?post=2050"},{"taxonomy":"product_cat","embeddable":true,"href":"https:\/\/dasgrasshop.com\/pl\/wp-json\/wp\/v2\/product_cat?post=2050"},{"taxonomy":"product_tag","embeddable":true,"href":"https:\/\/dasgrasshop.com\/pl\/wp-json\/wp\/v2\/product_tag?post=2050"}],"curies":[{"name":"wp","href":"https:\/\/api.w.org\/{rel}","templated":true}]}}