{"id":2056,"date":"2022-03-07T14:46:13","date_gmt":"2022-03-07T14:46:13","guid":{"rendered":"https:\/\/dasgrasshop.com\/?post_type=product&#038;p=2056"},"modified":"2022-03-07T14:48:22","modified_gmt":"2022-03-07T14:48:22","slug":"lemon-haze","status":"publish","type":"product","link":"https:\/\/dasgrasshop.com\/pl\/product\/lemon-haze\/","title":{"rendered":"Lemon Haze"},"content":{"rendered":"<p>Kup Super Lemon Haze online. Jest mieszank\u0105 Lemon Skunk i Super Silver Haze i ma stosunek sativa \/ indica 80:20, co oznacza upojne, buzuj\u0105ce, m\u00f3zgowe efekty: Podniecenie, kreatywno\u015b\u0107, energia, euforia i intensywna przyjemno\u015b\u0107. S\u0105 to idealne \u015brodki do leczenia depresji, zm\u0119czenia, niepokoju, nudno\u015bci i przewlek\u0142ego b\u00f3lu. Na stronie <a href=\"https:\/\/legitweeddispensary.com\/\" target=\"_blank\" rel=\"noopener\">THC -<\/a>zawarto\u015b\u0107 tej odmiany jest wysoka, z co najmniej jedn\u0105 pr\u00f3bk\u0105 przekraczaj\u0105c\u0105 25 %, co stawia Super Lemon Haze na szczycie piramidy potencji. Nie jest jednak znany ze swoich poziom\u00f3w CBD, kt\u00f3re regularnie s\u0105 znacznie poni\u017cej 1 %. Innymi s\u0142owy, szczep ten nie powinien by\u0107 stosowany jako jedyny lek na choroby, kt\u00f3re wynikaj\u0105 z <a href=\"https:\/\/gethempnow.com\/\" target=\"_blank\" rel=\"noopener\">CBD<\/a> zaj\u0105\u0107 si\u0119 takimi sprawami, jak zaburzenia napadowe. Super Lemon Haze ma cierpki, soczysty cytrynowy smak i aromat ze s\u0142odkimi nutami cukierk\u00f3w. Kup Super Lemon Haze online. P\u0105k, kt\u00f3ry ma c\u0119tkowany zielono-br\u0105zowy wygl\u0105d, pokryty jest g\u0119st\u0105 warstw\u0105 \u017cywicznych trichom\u00f3w.<\/p>","protected":false},"excerpt":{"rendered":"<p>Kup Super Lemon Haze online. Jest mieszank\u0105 Lemon Skunk i Super Silver Haze i ma stosunek sativa \/ indica 80:20, co oznacza upojne, buzuj\u0105ce, m\u00f3zgowe efekty: Podniecenie, kreatywno\u015b\u0107, energia, euforia i intensywna przyjemno\u015b\u0107. S\u0105 to idealne \u015brodki do leczenia depresji, zm\u0119czenia, niepokoju, nudno\u015bci i przewlek\u0142ego b\u00f3lu. Zawarto\u015b\u0107 THC w tych [...]<\/p>","protected":false},"featured_media":2057,"comment_status":"open","ping_status":"closed","template":"","meta":[],"product_brand":[],"product_cat":[20],"product_tag":[29,32,33,27,34,30,28,31,35,36],"class_list":{"0":"post-2056","1":"product","2":"type-product","3":"status-publish","4":"has-post-thumbnail","6":"product_cat-exotische-weed-aromen-kaufen","7":"product_tag-cannabis-kaufen","8":"product_tag-cannabis-online-kaufen","9":"product_tag-gras-bestellen","10":"product_tag-gras-kaufen","11":"product_tag-gras-online-kaufen","12":"product_tag-marihuana-kaufen","13":"product_tag-thc-kaufen","14":"product_tag-weed-kaufen","15":"product_tag-weed-online-bestellen","16":"product_tag-weed-online-kaufen","18":"first","19":"instock","20":"shipping-taxable","21":"purchasable","22":"product-type-variable"},"_links":{"self":[{"href":"https:\/\/dasgrasshop.com\/pl\/wp-json\/wp\/v2\/product\/2056","targetHints":{"allow":["GET"]}}],"collection":[{"href":"https:\/\/dasgrasshop.com\/pl\/wp-json\/wp\/v2\/product"}],"about":[{"href":"https:\/\/dasgrasshop.com\/pl\/wp-json\/wp\/v2\/types\/product"}],"replies":[{"embeddable":true,"href":"https:\/\/dasgrasshop.com\/pl\/wp-json\/wp\/v2\/comments?post=2056"}],"wp:featuredmedia":[{"embeddable":true,"href":"https:\/\/dasgrasshop.com\/pl\/wp-json\/wp\/v2\/media\/2057"}],"wp:attachment":[{"href":"https:\/\/dasgrasshop.com\/pl\/wp-json\/wp\/v2\/media?parent=2056"}],"wp:term":[{"taxonomy":"product_brand","embeddable":true,"href":"https:\/\/dasgrasshop.com\/pl\/wp-json\/wp\/v2\/product_brand?post=2056"},{"taxonomy":"product_cat","embeddable":true,"href":"https:\/\/dasgrasshop.com\/pl\/wp-json\/wp\/v2\/product_cat?post=2056"},{"taxonomy":"product_tag","embeddable":true,"href":"https:\/\/dasgrasshop.com\/pl\/wp-json\/wp\/v2\/product_tag?post=2056"}],"curies":[{"name":"wp","href":"https:\/\/api.w.org\/{rel}","templated":true}]}}