{"id":2062,"date":"2022-03-07T14:56:07","date_gmt":"2022-03-07T14:56:07","guid":{"rendered":"https:\/\/dasgrasshop.com\/?post_type=product&#038;p=2062"},"modified":"2022-12-12T14:35:01","modified_gmt":"2022-12-12T14:35:01","slug":"northern-lights","status":"publish","type":"product","link":"https:\/\/dasgrasshop.com\/pl\/product\/northern-lights\/","title":{"rendered":"\u015awiat\u0142a p\u00f3\u0142nocne"},"content":{"rendered":"<p>Northern Lights odmiana Indica<br \/>\nNiekt\u00f3re odmiany s\u0105 po prostu s\u0142ynne; Northern Lights (Afghanica) osi\u0105gn\u0119\u0142a jednak status legendy.<\/p>\n<p>Je\u015bli jeste\u015b regularnym u\u017cytkownikiem marihuany, istnieje bardzo du\u017ca szansa, \u017ce pr\u00f3bowa\u0142e\u015b Northern Lights. Albo jedn\u0105 z siostrzanych odmian tego szczepu, takich jak: Sour Diesel i Shiva Skunk, aby wymieni\u0107 tylko kilka. Dok\u0142adny rodow\u00f3d i historia Northern Lights jest owiana tajemnic\u0105 i mo\u017ce zosta\u0107 utracona na zawsze.<\/p>\n<p>Dominuje teoria, \u017ce odmiana ta pochodzi z Pacific Northwest i ma niewielu fan\u00f3w. Nast\u0119pnie trafi\u0142a do Holandii, gdzie skrzy\u017cowano dwa najlepsze fenotypy (Northern Lights #5 x Northern Lights #2). NL #5 zaj\u0119\u0142a najwa\u017cniejsz\u0105 rol\u0119 w krzy\u017cu, poniewa\u017c NL #5 zwi\u0119ksza potencj\u0119 i skraca czas kwitnienia. NL #2 nadaje szczepowi fantastyczny smak i zapach oraz przyczynia si\u0119 do og\u00f3lnej mocy i si\u0142y haju. Ponadto, NL #2 jest ro\u015blin\u0105 bardziej odporn\u0105 na ple\u015b\u0144 i szkodniki ni\u017c inne fenotypy.<\/p>\n<p>Wygl\u0105d i zapach zorzy p\u00f3\u0142nocnej<br \/>\nTa odmiana by\u0142a pi\u0119kna do ogl\u0105dania, zar\u00f3wno z bliska, jak i z daleka. \u00d3smy egzemplarz, kt\u00f3ry otrzyma\u0142em do testu mia\u0142 kszta\u0142t du\u017cej bry\u0142ki, artystycznie wyci\u0119tej. Pokaza\u0142a ona ca\u0142e \"wn\u0119trze\" budki, pozostawiaj\u0105c jednocze\u015bnie idealn\u0105 ilo\u015b\u0107 li\u015bci, aby wygl\u0105da\u0142a naturalnie. Kolorystyka by\u0142a bardzo jasna, z wyra\u017an\u0105 zieleni\u0105 i prawie z\u0142otymi s\u0142upkami. northern lights indica strain.<\/p>\n<p>Northern Lights prezentuje zwarte, g\u0119ste buds pokryte srebrzysto-bia\u0142ym szronem trichrom\u00f3w, cz\u0119sto oddzielone od siebie kilkucentymetrow\u0105 \u0142odyg\u0105, co sprawia, \u017ce przycinanie jest \u0142atwe i zapewnia doskona\u0142e zbiory. Chocia\u017c buds s\u0105 g\u0119ste i grube (typowa struktura indica), nie s\u0105 tak nieprzeniknione, aby gnicie buds by\u0142o du\u017cym problemem - co mo\u017ce by\u0107 du\u017cym problemem w przypadku wielu odmian indica - co sprawia, \u017ce Northern Lights jest dobr\u0105 odmian\u0105 indica, kt\u00f3ra mo\u017ce by\u0107 uprawiana w wilgotnym \u015brodowisku.<\/p>\n<p>Aromat jest \u015bwie\u017cy, zio\u0142owy i lekko skunksowy z daleka, kt\u00f3ry zmienia si\u0119 w z\u0142o\u017cony, s\u0142odki cytrusowo-sosnowy aromat z nutami eukaliptusa, gdy kwiaty s\u0105 zgniecione. Po zgnieceniu, aromat staje si\u0119 jeszcze ostrzejszy i nabiera pi\u017cmowej, cytrusowej jako\u015bci przypominaj\u0105cej spalon\u0105 sk\u00f3rk\u0119 pomara\u0144czy zmieszan\u0105 z odrobin\u0105 sosny.<\/p>\n<p>Dym<br \/>\nLekko s\u0142odka i cytrusowa na wdechu, bardziej sosnowa i pi\u017cmowa na wydechu. Odmiana Northern Lights zdecydowanie smakowa\u0142a tak, jak pachnia\u0142a, chocia\u017c by\u0142a nieco mniej ostra. Dym i smak mia\u0142y \u0142agodn\u0105 jako\u015b\u0107, kt\u00f3r\u0105 najlepiej mo\u017cna opisa\u0107 jako \"ma\u015blan\u0105\", ale mia\u0142y te\u017c elementy ekspansji, kt\u00f3re powodowa\u0142y kaszel przy wi\u0119kszych zaci\u0105gni\u0119ciach. Waporyzacja budki prawdopodobnie pomog\u0142aby z\u0142agodzi\u0107 ten problem. G\u0142adkie do\u015bwiadczenie z solidnym zachowaniem smaku z ka\u017cdym uderzeniem, miseczka sko\u0144czy\u0142a si\u0119 bardzo jasnym szarym kolorem. Prawie bia\u0142y popi\u00f3\u0142, wskazuj\u0105cy na to, \u017ce hodowca wykona\u0142 proppierowy flush.<\/p>\n<p>Niekt\u00f3rzy twierdz\u0105, \u017ce jest to odmiana \"pe\u0142zaj\u0105ca\", ale dla mnie efektem by\u0142o natychmiastowe uczucie euforii i silne, niemal przyt\u0142aczaj\u0105ce dzia\u0142anie m\u00f3zgowe - i to ju\u017c po pierwszym zaci\u0105gni\u0119ciu. Po kilku kolejnych machni\u0119ciach, kt\u00f3re towarzyszy\u0142y intensywnemu hajowi indica, pojawi\u0142o si\u0119 bardzo przyjemne i uspokajaj\u0105ce uczucie dobrego samopoczucia i szcz\u0119\u015bcia. northern lights indica strain.<\/p>\n<p>Razem<br \/>\nPodsumowuj\u0105c, Northern Lights jest doskona\u0142ym przyk\u0142adem oldschoolowej genetyki o\u017cywionej przez nowoczesne techniki uprawy. Pe\u0142na wigoru struktura p\u0105k\u00f3w zdominowana przez indic\u0119, z jej grubymi trichromami. I ca\u0142a gama jasnych kolor\u00f3w by\u0142a wspania\u0142a do podziwiania, sprawiaj\u0105c, \u017ce prawie trudno by\u0142o pali\u0107 takie pi\u0119kno. (Powiedzia\u0142em prawie.)<\/p>\n<p>Podczas gdy zapach i smak przekroczy\u0142y oczekiwania, dominacja indica by\u0142a zdecydowanie zauwa\u017calna. Chocia\u017c technicznie rzecz bior\u0105c jest to hybryda, wi\u0119kszo\u015b\u0107 uwa\u017ca t\u0119 odmian\u0119 za indica, z proporcj\u0105 95% indica i 5% sativa. To z kolei sprawia, \u017ce odmiana ta jest nieco ci\u0119\u017cka do palenia w ci\u0105gu dnia. Zalecana dla umiarkowanych i do\u015bwiadczonych palaczy. G\u0142\u00f3wnie jako indica wieczorna lub po pracy, kiedy po\u017c\u0105dane jest silne odpr\u0119\u017cenie.<\/p>\n<p>Haj trwa zazwyczaj 2-3 godziny, a odmiana Northern Lights okaza\u0142a si\u0119 skuteczna w leczeniu stresu, niepokoju i nerwowo\u015bci. R\u00f3wnie\u017c w przypadku zespo\u0142u jelita dra\u017cliwego, nudno\u015bci, depresji, chronicznego b\u00f3lu, b\u00f3lu plec\u00f3w, artretyzmu i innych problem\u00f3w zwi\u0105zanych z cia\u0142em. Uwa\u017cam j\u0105 r\u00f3wnie\u017c za bardzo pomocn\u0105 w przypadku problem\u00f3w z bezsenno\u015bci\u0105 i ta odmiana jest teraz moim pierwszym wyborem w bezsenne noce.<\/p>\n<p>Jedyn\u0105 wad\u0105 Northern Lights jest to, \u017ce oryginalna odmiana jest bardzo rzadka do znalezienia. Wi\u0119kszo\u015b\u0107 dyspenserii nie sprzedaje prawdziwej odmiany, ale hybrydy, ale nie prawdziwe Northern Lights. Wi\u0119c odr\u00f3b swoj\u0105 prac\u0119 domow\u0105, porozmawiaj z renomowanymi lud\u017ami i zapewnij sobie ten klasyk! Skontaktuj si\u0119 z nami<\/p>\n<p>&nbsp;<\/p>\n<p>kupi\u0107 zio\u0142o online stany zjednoczone, kupi\u0107 zio\u0142o online w uk, kupi\u0107 zio\u0142o online w irlandii, kupi\u0107 zio\u0142o online w szwajcarii, kupi\u0107 zio\u0142o online w australii, kupi\u0107 zio\u0142o online we w\u0142oszech, kupi\u0107 zio\u0142o online w danii, kupi\u0107 zio\u0142o online w unii europejskiej, kupi\u0107 zio\u0142o online we francji, kupi\u0107 zio\u0142o online<\/p>","protected":false},"excerpt":{"rendered":"<p>Northern Lights Indica-Sorte Manche Sorten sind einfach ber\u00fchmt; Northern Lights (Afghanica) hat jedoch einen legend\u00e4ren Status erreicht. Wenn Sie ein regelm\u00e4\u00dfiger Cannabiskonsument sind, ist die Wahrscheinlichkeit sehr gro\u00df, dass Sie entweder Northern Lights probiert haben. Oder eine der Schwestersorten der Sorte, wie z.B.: Sour Diesel und Shiva Skunk, um nur ein paar zu nennen. Die [&hellip;]<\/p>","protected":false},"featured_media":2063,"comment_status":"open","ping_status":"closed","template":"","meta":[],"product_brand":[],"product_cat":[20],"product_tag":[29,32,33,27,34,30,28,31,35,36],"class_list":{"0":"post-2062","1":"product","2":"type-product","3":"status-publish","4":"has-post-thumbnail","6":"product_cat-exotische-weed-aromen-kaufen","7":"product_tag-cannabis-kaufen","8":"product_tag-cannabis-online-kaufen","9":"product_tag-gras-bestellen","10":"product_tag-gras-kaufen","11":"product_tag-gras-online-kaufen","12":"product_tag-marihuana-kaufen","13":"product_tag-thc-kaufen","14":"product_tag-weed-kaufen","15":"product_tag-weed-online-bestellen","16":"product_tag-weed-online-kaufen","18":"first","19":"instock","20":"shipping-taxable","21":"purchasable","22":"product-type-variable"},"_links":{"self":[{"href":"https:\/\/dasgrasshop.com\/pl\/wp-json\/wp\/v2\/product\/2062","targetHints":{"allow":["GET"]}}],"collection":[{"href":"https:\/\/dasgrasshop.com\/pl\/wp-json\/wp\/v2\/product"}],"about":[{"href":"https:\/\/dasgrasshop.com\/pl\/wp-json\/wp\/v2\/types\/product"}],"replies":[{"embeddable":true,"href":"https:\/\/dasgrasshop.com\/pl\/wp-json\/wp\/v2\/comments?post=2062"}],"wp:featuredmedia":[{"embeddable":true,"href":"https:\/\/dasgrasshop.com\/pl\/wp-json\/wp\/v2\/media\/2063"}],"wp:attachment":[{"href":"https:\/\/dasgrasshop.com\/pl\/wp-json\/wp\/v2\/media?parent=2062"}],"wp:term":[{"taxonomy":"product_brand","embeddable":true,"href":"https:\/\/dasgrasshop.com\/pl\/wp-json\/wp\/v2\/product_brand?post=2062"},{"taxonomy":"product_cat","embeddable":true,"href":"https:\/\/dasgrasshop.com\/pl\/wp-json\/wp\/v2\/product_cat?post=2062"},{"taxonomy":"product_tag","embeddable":true,"href":"https:\/\/dasgrasshop.com\/pl\/wp-json\/wp\/v2\/product_tag?post=2062"}],"curies":[{"name":"wp","href":"https:\/\/api.w.org\/{rel}","templated":true}]}}