{"id":2068,"date":"2022-03-07T15:03:57","date_gmt":"2022-03-07T15:03:57","guid":{"rendered":"https:\/\/dasgrasshop.com\/?post_type=product&#038;p=2068"},"modified":"2022-07-31T00:08:33","modified_gmt":"2022-07-31T00:08:33","slug":"runtz-gras-kaufen","status":"publish","type":"product","link":"https:\/\/dasgrasshop.com\/pl\/product\/runtz-gras-kaufen\/","title":{"rendered":"Kup Runtz Grass"},"content":{"rendered":"<p>Runtz Strain mamy bia\u0142y runtz na sprzeda\u017c, bia\u0142y szczep runtz, egzotyczny szczep runtz, szczep gruntz, vlone runtz szczep, runtz szczep konopi Kliknij tutaj, aby zobaczy\u0107 wszystkie szczepy runts na sprzeda\u017c na naszej stronie internetowej<br \/>\nHybryda - 50% Sativa \/50% Indica#<br \/>\nTHC: 23% - 24%<br \/>\nKupi\u0107 Runtz zio\u0142o Strain Niemcy<br \/>\nBuy Runtz weed Strain Europe<\/p>\n<p>Runtz Weed to odmiana marihuany \u015bwie\u017co z LA, o profilu terpenowym, kt\u00f3ry wi\u0119kszo\u015b\u0107 okre\u015bli\u0142aby jako s\u0142odki. Jednak Runtz jako odmiana ma niezwykle zr\u00f3\u017cnicowan\u0105 liczb\u0119 fenotyp\u00f3w, kt\u00f3re mog\u0105 drastycznie wp\u0142yn\u0105\u0107 na dane, co sprawia, \u017ce prawie niemo\u017cliwe jest stwierdzenie, czy Runtz jest hybryd\u0105 sativy czy indica, poniewa\u017c r\u00f3\u017cne fenotypy ko\u0144cz\u0105 si\u0119 przechy\u0142em w r\u00f3\u017cnych kierunkach.<\/p>\n<p>Dotyczy to r\u00f3wnie\u017c zawarto\u015bci THC i CBD, kt\u00f3ra jest badana na dan\u0105 upraw\u0119 i nie jest obecnie dost\u0119pna w internecie.<\/p>\n<p>Medical Runtz Weed do u\u017cytku rekreacyjnego kupi\u0107 online Niemcy<br \/>\nRuntz to odmiana marihuany \u015bwie\u017co z L.A., o profilu terpenowym, kt\u00f3ry wi\u0119kszo\u015b\u0107 os\u00f3b okre\u015bli\u0142aby jako s\u0142odki.<br \/>\nJednak Runtz jako odmiana ma niesamowicie zr\u00f3\u017cnicowany zestaw fenotyp\u00f3w, kt\u00f3re mog\u0105 drastycznie wp\u0142yn\u0105\u0107 na jego dane.<br \/>\nDotyczy to r\u00f3wnie\u017c zawarto\u015bci THC i CBD, kt\u00f3ra jest badana na dan\u0105 upraw\u0119 i nie jest obecnie dost\u0119pna w internecie.<br \/>\nJest to popularny szczep w\u015br\u00f3d palaczy marihuany, kt\u00f3rzy interesuj\u0105 si\u0119 kultur\u0105 i reklam\u0105 stoj\u0105c\u0105 za opakowaniami produkt\u00f3w z konopi.<br \/>\nPo odpowiednim wysuszeniu i utwardzeniu, u\u017cytkownicy mog\u0105 zobaczy\u0107 kolory poza zielonym w p\u0105ku.<br \/>\nG\u0119ste p\u0105ki Runtza cz\u0119sto charakteryzuj\u0105 si\u0119 \u017cyw\u0105 palet\u0105 kolor\u00f3w, od b\u0142\u0119kit\u00f3w i fiolet\u00f3w po ciemne zielenie i jaskrawe pomara\u0144cze.<br \/>\nDlatego te\u017c prawie niemo\u017cliwe jest stwierdzenie, czy Runtz jest hybryd\u0105 Sativy czy Indica.<br \/>\nTo niesamowicie trudna do znalezienia odmiana, sprzedawana niemal wy\u0142\u0105cznie z Los Angeles.<br \/>\nW internecie jest ma\u0142o informacji o Runtz.<br \/>\nWielu pisze, \u017ce ten szczep jest dobry do \u0142agodzenia stresu, niepokoju i chronicznego b\u00f3lu.<br \/>\nPrawdopodobnie poczujesz eufori\u0119 i rado\u015b\u0107, ale nie na tyle, by wyj\u015b\u0107 z domu.<\/p>\n<p>Buy White Runtz Weed. White Runtz Weed to zr\u00f3wnowa\u017cony szczep hybrydowy (50% Indica\/50% Sativa), powsta\u0142y w wyniku skrzy\u017cowania klasycznych szczep\u00f3w Zkittlez X Gelato. Znana ze swojego super pysznego smaku i d\u0142ugotrwa\u0142ego haju, White Runtz jest idealna dla ka\u017cdego mi\u0142o\u015bnika hybryd. Ta odmiana ziela White Runtz ma smak jak sama nazwa wskazuje - s\u0142odko-kwa\u015bnych cukierk\u00f3w owocowych z lekk\u0105 nut\u0105 cytrus\u00f3w. Aromat jest r\u00f3wnie\u017c bardzo podobny, z ziemistym tonem cytrus\u00f3w podkre\u015blonym przez \u015bwie\u017ce s\u0142odkie owoce. W ten sam spos\u00f3b haj odmiany White Runtz Weed jest r\u00f3wnie pyszny jak smak. Odmiana marihuany Runtz, co to jest odmiana Runtz, r\u00f3\u017cowa odmiana Runtz, fioletowa odmiana Runtz, odmiana Vlone Runtz, bia\u0142a odmiana Runtz ,Niemcy Uk , USA, Europa, Gdzie, onlinne,<\/p>\n<p>Je\u015bli chodzi o inn\u0105 odmian\u0119 Runtz zwan\u0105 White Runtz, to jej pochodzenie jest r\u00f3wnie\u017c niejasne. Mo\u017ce to by\u0107 kolejny fenotyp Runtza, poniewa\u017c ma por\u00f3wnywaln\u0105 ilo\u015b\u0107 THC, cho\u0107 inni twierdz\u0105, \u017ce jest to produkt wsp\u00f3\u0142pracy Runtza i Cookies. P\u0105ki tej odmiany s\u0105 zazwyczaj fioletowo-zielone. White Runtz to szczep z dominacj\u0105 indica, co oznacza, \u017ce cho\u0107 na pocz\u0105tku mo\u017cesz mie\u0107 ochot\u0119 na ruch, to wyj\u015bcie z domu nie jest najlepszym pomys\u0142em. Obecnie jest to jedna z najpopularniejszych odmian marihuany w Kalifornii, dlatego nierzadko mo\u017cna spotka\u0107 zio\u0142o oznaczone jako White Runtz, kt\u00f3re nie posiada \u017cadnych jego cech.<\/p>\n<p>Uprawa odmiany Runtz<\/p>\n<p>Ro\u015blina marihuany wyhodowana z jej pochodzenia wyst\u0119puje w dw\u00f3ch rodzajach, m\u0119skim i \u017ce\u0144skim. White Runtz to specjalny produkt, kt\u00f3ry powstaje, gdy samiec zap\u0142odni samic\u0119. W ten spos\u00f3b powstaje co\u015b, co nazywa si\u0119 \"hybryd\u0105\", poniewa\u017c zawiera cechy zar\u00f3wno \u017ce\u0144skiej, jak i m\u0119skiej ro\u015bliny. Tam, gdzie kiedy\u015b by\u0142a najgor\u0119tszym szczepem na rynku, teraz jest tylko rzadkim i delikatnym potykaczem.<br \/>\nEfekty dzia\u0142ania odmiany Runtza<br \/>\nTen wyj\u0105tkowy produkt ma najwi\u0119kszy wp\u0142yw na stres i sprawia, \u017ce znika on jak nigdy dot\u0105d. Z wycofania ponurych uczu\u0107 rozpaczy i frustracji, przychodzi subtelne uczucie czystej b\u0142ogo\u015bci, szcz\u0119\u015bcia, pozytywno\u015bci i spokoju.<br \/>\nDostarczamy i detaliczny dobry wyb\u00f3r bia\u0142ego runtz szczepu chwast\u00f3w White Kuntz, White runtz, Kup Pink runtz szczep online, bia\u0142y runtz szczep zdj\u0119cia, r\u00f3\u017cowy runtz cena, bia\u0142y runtz szczep genetyki<\/p>\n<p>ile wynosi funt runtz, Zam\u00f3wienie szczepu Pink runtz online, White runtz weed for sale, Kup White runtz weed online. Gdzie kupi\u0107 White runtz weed, Exotic runtz strain, Runtz strain<\/p>\n<p>vlone runtz szczep, dowcipy do work\u00f3w runtz, bia\u0142y runtz indica lub sativa, bia\u0142y runtz szczep li\u015bciasty, gruntz szczepu runtz, bia\u0142y runtz szczepu przegl\u0105du, gruntz ciasteczka, bia\u0142y runtz mylar torby, dziadek fioletowy<\/p>\n<p>szczep gruntz, szczep gruntz uk, sunset runtz, szczep ice cream cake, puszki runtz na sprzeda\u017c, kup olej cbd online, kup puszki smart bud online ,<\/p>\n<p>plemi\u0119 bia\u0142ych run\u00f3w s\u0142owa kluczowe<br \/>\nile wynosi funt bia\u0142ego runtu, ile wynosi bia\u0142y runtz, bia\u0142y runtz kush, bia\u0142y runtz og, strona internetowa runtu, runtz carts, ciasteczka runtu, hawajski runtz, szczep sundae driver na sprzeda\u017c, gdzie mog\u0119 dosta\u0107 prawdziwy <a href=\"https:\/\/deligentman.com\/\" target=\"_blank\" rel=\"noopener\">Jungle Boys Weed<\/a> znale\u017a\u0107 online<\/p>\n<p>&nbsp;<\/p>","protected":false},"excerpt":{"rendered":"<p>Runtz Strain haben wir wei\u00df Runtz zum Verkauf, wei\u00df runtz Stamm, exotische runtz Stamm, gruntz Stamm, vlone runtz Stamm, Runtz Cannabis Stamm Klicken Sie hier, um alle runts St\u00e4mme zum Verkauf auf unserer Website sehen Hybrid &#8211; 50% Sativa \/50% Indica# THC: 23% &#8211; 24% Kaufen Runtz weed Strain Germany Kaufen Runtz weed Strain Europe [&hellip;]<\/p>","protected":false},"featured_media":2069,"comment_status":"open","ping_status":"closed","template":"","meta":[],"product_brand":[],"product_cat":[20],"product_tag":[],"class_list":{"0":"post-2068","1":"product","2":"type-product","3":"status-publish","4":"has-post-thumbnail","6":"product_cat-exotische-weed-aromen-kaufen","8":"first","9":"instock","10":"shipping-taxable","11":"purchasable","12":"product-type-variable"},"_links":{"self":[{"href":"https:\/\/dasgrasshop.com\/pl\/wp-json\/wp\/v2\/product\/2068","targetHints":{"allow":["GET"]}}],"collection":[{"href":"https:\/\/dasgrasshop.com\/pl\/wp-json\/wp\/v2\/product"}],"about":[{"href":"https:\/\/dasgrasshop.com\/pl\/wp-json\/wp\/v2\/types\/product"}],"replies":[{"embeddable":true,"href":"https:\/\/dasgrasshop.com\/pl\/wp-json\/wp\/v2\/comments?post=2068"}],"wp:featuredmedia":[{"embeddable":true,"href":"https:\/\/dasgrasshop.com\/pl\/wp-json\/wp\/v2\/media\/2069"}],"wp:attachment":[{"href":"https:\/\/dasgrasshop.com\/pl\/wp-json\/wp\/v2\/media?parent=2068"}],"wp:term":[{"taxonomy":"product_brand","embeddable":true,"href":"https:\/\/dasgrasshop.com\/pl\/wp-json\/wp\/v2\/product_brand?post=2068"},{"taxonomy":"product_cat","embeddable":true,"href":"https:\/\/dasgrasshop.com\/pl\/wp-json\/wp\/v2\/product_cat?post=2068"},{"taxonomy":"product_tag","embeddable":true,"href":"https:\/\/dasgrasshop.com\/pl\/wp-json\/wp\/v2\/product_tag?post=2068"}],"curies":[{"name":"wp","href":"https:\/\/api.w.org\/{rel}","templated":true}]}}