{"id":2075,"date":"2022-03-07T15:12:25","date_gmt":"2022-03-07T15:12:25","guid":{"rendered":"https:\/\/dasgrasshop.com\/?post_type=product&#038;p=2075"},"modified":"2022-03-07T15:15:06","modified_gmt":"2022-03-07T15:15:06","slug":"grand-daddy-purple","status":"publish","type":"product","link":"https:\/\/dasgrasshop.com\/pl\/product\/dziadek-purpurowy\/","title":{"rendered":"Wielki Tata Purpurowy"},"content":{"rendered":"<p>Grand daddy purple na sprzeda\u017c<br \/>\nWreszcie indica, o kt\u00f3rej mo\u017cna m\u00f3wi\u0107! Zanim Cookies sta\u0142o si\u0119 \"tym\" szczepem, by\u0142 Grand Daddy Purple na sprzeda\u017c (GDP), kt\u00f3ry zdominowa\u0142 spo\u0142eczno\u015b\u0107 konopi przez ponad 5 lat. Teraz to ju\u017c ca\u0142kiem niez\u0142a tytu\u0142owa seria! Jest to bezsprzecznie najs\u0142ynniejszy ze wszystkich szczep\u00f3w Purple. \u0141atwa do znalezienia i \u0142atwa do uprawy, ta odmiana jest podstaw\u0105 na scenie zio\u0142olecznictwa i sprawi, \u017ce b\u0119dziesz wraca\u0107 po wi\u0119cej. grand daddy purple strain for sale.<\/p>\n<p>Wygl\u0105d i zapach<\/p>\n<p>Buds od Grand Daddy Purple na sprzeda\u017c s\u0105 niesamowicie g\u0119ste, zielone, kt\u00f3re nabieraj\u0105 g\u0142\u0119bokich purpurowych odcieni, gdy ro\u015blina dojrzewa, biegn\u0105c przez ca\u0142e buds (nie tylko na zewn\u0105trz). Jasnopomara\u0144czowe w\u0142oski s\u0105 obfite i stanowi\u0105 mi\u0142y kontrast dla innych kolor\u00f3w, kt\u00f3re zdobi\u0105 pokryte \u017cywic\u0105 p\u0105ki. Zapach jest prosty i mo\u017ce to troch\u0119 banalne, ale naprawd\u0119 pachnie jak winogrona.<\/p>\n<p>Dym<\/p>\n<p>W poprzednim \u017cyciu przez wiele lat uprawia\u0142em t\u0119 odmian\u0119. Z \u0142atwo\u015bci\u0105 rozpoznaj\u0119 PKB po samym smaku. Ponownie dominuj\u0105cym aromatem jest wyra\u017any smak winogron. Ten smak ma tendencj\u0119 do utrzymywania si\u0119 na j\u0119zyku przez d\u0142u\u017cszy czas. Efekt jest d\u0142ugotrwa\u0142y (3-4 godziny) z g\u0142adkim, r\u00f3wnomiernym uczuciem. Niesamowite lekarstwo na zako\u0144czenie nocy w g\u0142\u0119bokim roztopieniu cia\u0142a. Grand Daddy purple strain na sprzeda\u017c skontaktuj si\u0119 z nami teraz<\/p>\n<p>Razem<\/p>\n<p>Zawsze my\u015bl\u0119 o Grand Daddy Purple jako o szczepie na noc. Chocia\u017c nie jest to najsilniejsza odmiana Indica, mog\u0119 my\u015ble\u0107 o wielu innych odmianach, kt\u00f3re s\u0105 lepsze do u\u017cytku dziennego. Poza tym GDP jest uwa\u017cana za jeden z najlepszych szczep\u00f3w \"leczniczych\". To oraz w\u0142a\u015bciwo\u015bci zwi\u0119kszaj\u0105ce apetyt sprawiaj\u0105, \u017ce jest on ch\u0119tnie wybierany przez pacjent\u00f3w zmagaj\u0105cych si\u0119 ze skutkami ubocznymi chemioterapii. PKB \u015bwietnie sprawdza si\u0119 r\u00f3wnie\u017c w przypadku problem\u00f3w z bezsenno\u015bci\u0105. PKB wydaje si\u0119 by\u0107 teraz wsz\u0119dzie, wi\u0119c je\u015bli si\u0119 na ni\u0105 natkniesz, nie przegap swojej szansy na udzia\u0142 w tym legendarnym szczepie. grand daddy purple na sprzeda\u017c. purple punch szczep<\/p>","protected":false},"excerpt":{"rendered":"<p>Grand daddy purple na sprzeda\u017c Wreszcie indica, o kt\u00f3rej mo\u017cna m\u00f3wi\u0107! Zanim Cookies sta\u0142o si\u0119 \"tym\" szczepem, istnia\u0142 Grand Daddy Purple na sprzeda\u017c (GDP), kt\u00f3ry rz\u0105dzi\u0142 spo\u0142eczno\u015bci\u0105 konopi przez ponad 5 lat. Teraz to ju\u017c ca\u0142kiem niez\u0142a tytu\u0142owa seria! Jest to bezsprzecznie najs\u0142ynniejszy ze wszystkich szczep\u00f3w Purple. Ten \u0142atwy do znalezienia i \u0142atwy do uprawy szczep jest [...]<\/p>","protected":false},"featured_media":2076,"comment_status":"open","ping_status":"closed","template":"","meta":[],"product_brand":[],"product_cat":[20],"product_tag":[29,32,33,27,34,30,28,31,35,36],"class_list":{"0":"post-2075","1":"product","2":"type-product","3":"status-publish","4":"has-post-thumbnail","6":"product_cat-exotische-weed-aromen-kaufen","7":"product_tag-cannabis-kaufen","8":"product_tag-cannabis-online-kaufen","9":"product_tag-gras-bestellen","10":"product_tag-gras-kaufen","11":"product_tag-gras-online-kaufen","12":"product_tag-marihuana-kaufen","13":"product_tag-thc-kaufen","14":"product_tag-weed-kaufen","15":"product_tag-weed-online-bestellen","16":"product_tag-weed-online-kaufen","18":"first","19":"instock","20":"shipping-taxable","21":"purchasable","22":"product-type-variable"},"_links":{"self":[{"href":"https:\/\/dasgrasshop.com\/pl\/wp-json\/wp\/v2\/product\/2075","targetHints":{"allow":["GET"]}}],"collection":[{"href":"https:\/\/dasgrasshop.com\/pl\/wp-json\/wp\/v2\/product"}],"about":[{"href":"https:\/\/dasgrasshop.com\/pl\/wp-json\/wp\/v2\/types\/product"}],"replies":[{"embeddable":true,"href":"https:\/\/dasgrasshop.com\/pl\/wp-json\/wp\/v2\/comments?post=2075"}],"wp:featuredmedia":[{"embeddable":true,"href":"https:\/\/dasgrasshop.com\/pl\/wp-json\/wp\/v2\/media\/2076"}],"wp:attachment":[{"href":"https:\/\/dasgrasshop.com\/pl\/wp-json\/wp\/v2\/media?parent=2075"}],"wp:term":[{"taxonomy":"product_brand","embeddable":true,"href":"https:\/\/dasgrasshop.com\/pl\/wp-json\/wp\/v2\/product_brand?post=2075"},{"taxonomy":"product_cat","embeddable":true,"href":"https:\/\/dasgrasshop.com\/pl\/wp-json\/wp\/v2\/product_cat?post=2075"},{"taxonomy":"product_tag","embeddable":true,"href":"https:\/\/dasgrasshop.com\/pl\/wp-json\/wp\/v2\/product_tag?post=2075"}],"curies":[{"name":"wp","href":"https:\/\/api.w.org\/{rel}","templated":true}]}}