{"id":2082,"date":"2022-03-07T20:47:01","date_gmt":"2022-03-07T20:47:01","guid":{"rendered":"https:\/\/dasgrasshop.com\/?post_type=product&#038;p=2082"},"modified":"2023-05-10T00:02:56","modified_gmt":"2023-05-10T00:02:56","slug":"pineapple-express","status":"publish","type":"product","link":"https:\/\/dasgrasshop.com\/pl\/product\/ananas-express\/","title":{"rendered":"Ananasowy Ekspres"},"content":{"rendered":"<h2>Kup Pineapple Express online z najlepszej apteki internetowej.<\/h2>\n<p>Pineapple Express na sprzeda\u017c w Niemczech, Austand Szwajcarii mo\u017cna kupi\u0107 w przyst\u0119pnych cenach na Unkrautmarkt.com dzisiaj. Ca\u0142y nasz zesp\u00f3\u0142 sprzedawc\u00f3w i dostawc\u00f3w jest dost\u0119pny 24\/7, aby pom\u00f3c Ci kupi\u0107 Pineapple Express online. Jeste\u015bmy do\u015bwiadczon\u0105 aptek\u0105 internetow\u0105, kt\u00f3ra rozumie swoich klient\u00f3w. Tutaj mo\u017cna kupi\u0107 najlepsze produkty. Zam\u00f3w teraz Pineapple Express Niemcy, Austria i Szwajcaria!<\/p>\n<h3>Jakie s\u0105 funkcje Pineapple Express?<\/h3>\n<p>Pineapple Express to wynik skrzy\u017cowania Trainwreck z Hawajskim. Jest to tropikalny p\u0105czek. Wytwarza g\u0142adki i s\u0142odki dym, kt\u00f3ry wystarcza palaczom do uzyskania haju. Jest to silna odmiana, kt\u00f3ra sta\u0142a si\u0119 bardzo popularna na rynku online w USA, Wielkiej Brytanii, Kanadzie, Niemczech i Australii. Zawarto\u015b\u0107 THC w tym szczepie wynosi og\u00f3lnie powy\u017cej 24%. Pachnie jak stoisko z owocami. P\u0105ki Pineapple Express s\u0105 oliwkowe i maj\u0105 kszta\u0142t ska\u0142y. Smakuj\u0105 jak \u015bwie\u017cy plasterek ananasa. Twoja kr\u00f3tka lista rzeczy do zrobienia mo\u017ce by\u0107 wykonana w mgnieniu oka dzi\u0119ki tej odmianie. Mo\u017cna uprawia\u0107 t\u0119 ro\u015blin\u0119 zar\u00f3wno na zewn\u0105trz, jak i w pomieszczeniach. Kwitnienie trwa oko\u0142o 7-8 tygodni.<\/p>\n<ul>\n<li>Smak jest super mocny.<\/li>\n<li>Jego szum jest pot\u0119\u017cny.<\/li>\n<li>Daje uczucie unoszenia si\u0119 w powietrzu.<\/li>\n<li>Wywo\u0142uje lekkie odr\u0119twienie oraz odurzaj\u0105cy i radosny haj.<\/li>\n<li>Sprawia, \u017ce u\u017cytkownicy staj\u0105 si\u0119 kreatywni i rozmowni.<\/li>\n<li>Pomaga si\u0119 skoncentrowa\u0107 i by\u0107 produktywnym.<\/li>\n<li>Jest pomocny dla os\u00f3b cierpi\u0105cych na l\u0119k, zm\u0119czenie, depresj\u0119, przewlek\u0142y stres i og\u00f3lny niepok\u00f3j.<\/li>\n<li>Ma te\u017c niewielkie w\u0142a\u015bciwo\u015bci uspokajaj\u0105ce.<\/li>\n<\/ul>\n<h3>Jak zam\u00f3wi\u0107 Pineapple Express online?<\/h3>\n<p>Je\u015bli chcesz zam\u00f3wi\u0107 Pineapple Express online w Niemczech, Austrii i Szwajcarii, wybierz Unkrautmarkt.com. Zapakujemy Twoje zam\u00f3wienie bezpiecznie i wy\u015blemy je do wskazanej przez Ciebie lokalizacji. Nie b\u0119dzie \u017cadnych op\u00f3\u017anie\u0144 z naszej strony. Pod\u0142\u0105cz si\u0119 teraz!<\/p>","protected":false},"excerpt":{"rendered":"<p>Pineapple Express zawiera 20,1% THC i mo\u017ce sprawi\u0107, \u017ce poczujesz si\u0119 o\u017cywiony, czujny i kreatywny.<\/p>","protected":false},"featured_media":2083,"comment_status":"open","ping_status":"closed","template":"","meta":[],"product_brand":[],"product_cat":[20],"product_tag":[29,32,33,27,34,30,28,31,35,36],"class_list":{"0":"post-2082","1":"product","2":"type-product","3":"status-publish","4":"has-post-thumbnail","6":"product_cat-exotische-weed-aromen-kaufen","7":"product_tag-cannabis-kaufen","8":"product_tag-cannabis-online-kaufen","9":"product_tag-gras-bestellen","10":"product_tag-gras-kaufen","11":"product_tag-gras-online-kaufen","12":"product_tag-marihuana-kaufen","13":"product_tag-thc-kaufen","14":"product_tag-weed-kaufen","15":"product_tag-weed-online-bestellen","16":"product_tag-weed-online-kaufen","18":"first","19":"instock","20":"shipping-taxable","21":"purchasable","22":"product-type-variable"},"_links":{"self":[{"href":"https:\/\/dasgrasshop.com\/pl\/wp-json\/wp\/v2\/product\/2082","targetHints":{"allow":["GET"]}}],"collection":[{"href":"https:\/\/dasgrasshop.com\/pl\/wp-json\/wp\/v2\/product"}],"about":[{"href":"https:\/\/dasgrasshop.com\/pl\/wp-json\/wp\/v2\/types\/product"}],"replies":[{"embeddable":true,"href":"https:\/\/dasgrasshop.com\/pl\/wp-json\/wp\/v2\/comments?post=2082"}],"wp:featuredmedia":[{"embeddable":true,"href":"https:\/\/dasgrasshop.com\/pl\/wp-json\/wp\/v2\/media\/2083"}],"wp:attachment":[{"href":"https:\/\/dasgrasshop.com\/pl\/wp-json\/wp\/v2\/media?parent=2082"}],"wp:term":[{"taxonomy":"product_brand","embeddable":true,"href":"https:\/\/dasgrasshop.com\/pl\/wp-json\/wp\/v2\/product_brand?post=2082"},{"taxonomy":"product_cat","embeddable":true,"href":"https:\/\/dasgrasshop.com\/pl\/wp-json\/wp\/v2\/product_cat?post=2082"},{"taxonomy":"product_tag","embeddable":true,"href":"https:\/\/dasgrasshop.com\/pl\/wp-json\/wp\/v2\/product_tag?post=2082"}],"curies":[{"name":"wp","href":"https:\/\/api.w.org\/{rel}","templated":true}]}}