{"id":2133,"date":"2022-05-24T17:29:49","date_gmt":"2022-05-24T17:29:49","guid":{"rendered":"https:\/\/dasgrasshop.com\/?post_type=product&#038;p=2133"},"modified":"2022-06-23T17:17:38","modified_gmt":"2022-06-23T17:17:38","slug":"kaufen-sie-afghanisches-schwarzes-haschisch","status":"publish","type":"product","link":"https:\/\/dasgrasshop.com\/pl\/product\/kup-afgana-czarnego-hashisha\/","title":{"rendered":"Kup afga\u0144skie czarne haszysz"},"content":{"rendered":"<p>Kup afga\u0144skie czarne haszysz<\/p>\n<p>Afghan Black Hash to z\u0142o\u017cona odmiana z dominacj\u0105 indica o dzia\u0142aniu euforycznym i relaksuj\u0105cym. Kwiaty rozwijaj\u0105 si\u0119 jako jadeitowe, sosnowe kolie z ciemnozielonymi, prawie czarnymi li\u015b\u0107mi cukrowymi. Profil terpenowy Black Afghan to aromatyczna mieszanka pieprzu, ziemi i sza\u0142wii, otulona ciemnymi jagodami, co nawi\u0105zuje do m\u00f3zgowych i fizycznych efekt\u00f3w tej odmiany. Upojny, podnosz\u0105cy na duchu haj tej odmiany oraz relaksuj\u0105ce, wywo\u0142uj\u0105ce upojenie efekty fizyczne sprawiaj\u0105, \u017ce jest ona idealna na leniwe popo\u0142udnie.<\/p>\n<p>Kup Afga\u0144ski Czarny Hash online. Afghan Black Hash jest klonem haszyszu. Jest to szeroka na mil\u0119 \u015bwiatowa zbrodnia i b\u0119dzie wi\u0119zieniem na zawsze. Nie zawiera THC, syntetycznych kannabinoid\u00f3w ani r\u00f3\u017cnych zwi\u0105zk\u00f3w chemicznych (jak JWH-018, JWH-073, JWH-250, AM-2209 i wiele innych). Jest to prawdopodobnie najbardziej wyj\u0105tkowy haszysz wi\u0119zienny na rynku. U\u017cywamy najlepszych substancji zio\u0142owych o jako\u015bci spo\u017cywczej. Wygl\u0105da jak haszysz, pachnie jak haszysz i ma doskona\u0142y smak. Afga\u0144ski czarny haszysz najskuteczniej odr\u00f3\u017cnia si\u0119 od innych naszych produkt\u00f3w swoim kolorem. Je\u015bli nie znasz naszych towar\u00f3w, kup pr\u00f3bk\u0119 PC. Po pierwsze, wysy\u0142ka jest darmowa. Kupi\u0107 dodatkowe z naszych przest\u0119pczych hash merchandise i op\u0142ata mo\u017ce by\u0107 ni\u017csza.<\/p>\n<p>&nbsp;<\/p>\n<p>Kup afga\u0144ski czarny haszysz online - kup czarny haszysz, <a href=\"https:\/\/dasgrasshop.com\/pl\/\">kupi\u0107<\/a> Ty czarny haszysz online, gdzie kupi\u0107 afgan czarny haszysz, afgan czarny haszysz na sprzeda\u017c, czarny haszysz na sprzeda\u017c, kupi\u0107 haszysz online, <a href=\"https:\/\/cannahome.net\/\" target=\"_blank\" rel=\"noopener\">cannahome.net<\/a> gdzie kupi\u0107 czarny hasz online kupi\u0107 afgan czarny hasz online. bezpieczna dostawa afgan czarny hasz<\/p>","protected":false},"excerpt":{"rendered":"<p>30 g<\/p>\n<p>Dyskretna obs\u0142uga\u2714 100 % Gwarancja zwrotu pieni\u0119dzy\u2714 Dostawa z mo\u017cliwo\u015bci\u0105 \u015bledzenia\u2714. 100 % Zadowolenie klienta\u2714. Bezp\u0142atne 5 g 5 r\u00f3\u017cnych odmian dla os\u00f3b kupuj\u0105cych po raz pierwszy<\/p>","protected":false},"featured_media":2134,"comment_status":"open","ping_status":"closed","template":"","meta":[],"product_brand":[],"product_cat":[19],"product_tag":[37,38],"class_list":{"0":"post-2133","1":"product","2":"type-product","3":"status-publish","4":"has-post-thumbnail","6":"product_cat-haschisch-online-kaufen","7":"product_tag-haschisch-online-kaufen","8":"product_tag-kaufen-sie-afghanisches-schwarzes-haschisch","10":"first","11":"instock","12":"sale","13":"featured","14":"shipping-taxable","15":"purchasable","16":"product-type-simple"},"_links":{"self":[{"href":"https:\/\/dasgrasshop.com\/pl\/wp-json\/wp\/v2\/product\/2133","targetHints":{"allow":["GET"]}}],"collection":[{"href":"https:\/\/dasgrasshop.com\/pl\/wp-json\/wp\/v2\/product"}],"about":[{"href":"https:\/\/dasgrasshop.com\/pl\/wp-json\/wp\/v2\/types\/product"}],"replies":[{"embeddable":true,"href":"https:\/\/dasgrasshop.com\/pl\/wp-json\/wp\/v2\/comments?post=2133"}],"wp:featuredmedia":[{"embeddable":true,"href":"https:\/\/dasgrasshop.com\/pl\/wp-json\/wp\/v2\/media\/2134"}],"wp:attachment":[{"href":"https:\/\/dasgrasshop.com\/pl\/wp-json\/wp\/v2\/media?parent=2133"}],"wp:term":[{"taxonomy":"product_brand","embeddable":true,"href":"https:\/\/dasgrasshop.com\/pl\/wp-json\/wp\/v2\/product_brand?post=2133"},{"taxonomy":"product_cat","embeddable":true,"href":"https:\/\/dasgrasshop.com\/pl\/wp-json\/wp\/v2\/product_cat?post=2133"},{"taxonomy":"product_tag","embeddable":true,"href":"https:\/\/dasgrasshop.com\/pl\/wp-json\/wp\/v2\/product_tag?post=2133"}],"curies":[{"name":"wp","href":"https:\/\/api.w.org\/{rel}","templated":true}]}}