{"id":2135,"date":"2022-05-24T18:01:57","date_gmt":"2022-05-24T18:01:57","guid":{"rendered":"https:\/\/dasgrasshop.com\/?post_type=product&#038;p=2135"},"modified":"2022-11-25T22:07:06","modified_gmt":"2022-11-25T22:07:06","slug":"kaufe-marokkanisches-haschisch","status":"publish","type":"product","link":"https:\/\/dasgrasshop.com\/pl\/product\/buy-moroccan-hashish\/","title":{"rendered":"Kup maroka\u0144ski haszysz"},"content":{"rendered":"<p>Kup online maroka\u0144ski haszysz.<\/p>\n<p>&nbsp;<\/p>\n<p>Kup Maroka\u0144ski Haszysz Online Prawdziwe pochodzenie haszyszu, kt\u00f3ry mo\u017cesz u nas zam\u00f3wi\u0107, jest nieznane, ale historycy zgadzaj\u0105 si\u0119, \u017ce zosta\u0142 on przywieziony do Maroka podczas podboj\u00f3w islamskich, mi\u0119dzy XV a XVII wiekiem. Min\u0119\u0142o jednak wiele stuleci, zanim haszysz zacz\u0105\u0142 by\u0107 masowo sprzedawany na ca\u0142ym \u015bwiecie, a by\u0142o to w latach 60-70, czyli w z\u0142otym wieku hipis\u00f3w.<\/p>\n<p>Haszysz, jak jest znany w tym kraju, zazwyczaj spo\u017cywa si\u0119 z czarnym tytoniem zwini\u0119tym w skr\u0119ta. W regionie Rif spo\u017cywanie zam\u00f3wionego haszyszu jest jednak cz\u0119\u015bci\u0105 niekt\u00f3rych tradycyjnych rytua\u0142\u00f3w. W por\u00f3wnaniu z innymi obszarami Maroka, region ten cieszy\u0142 si\u0119 przywilejami zwi\u0105zanymi z upraw\u0105 i u\u017cywaniem konopi do lat 50. XX wieku.<\/p>\n<p>Obecnie tysi\u0105ce os\u00f3b w tym kraju zarabiaj\u0105 na \u017cycie, kupuj\u0105c i sprzedaj\u0105c haszysz w Internecie. Ze wzgl\u0119du na wysokie temperatury obszar ten jest idealny do produkcji haszyszu, bo cho\u0107 inne gatunki ro\u015blin nie przetrwa\u0142yby tam, klimat jest wyj\u0105tkowo korzystny dla ro\u015blin chwast\u00f3w, z kt\u00f3rych pozyskuje si\u0119 haszysz.<\/p>\n<p>&nbsp;<\/p>\n<p>buy moroccan hashish online, czyli maroka\u0144ski haszysz, to produkt ekstrahowany z ro\u015blin konopi indyjskich, sk\u0142adaj\u0105cy si\u0119 ze sprasowanych lub oczyszczonych preparat\u00f3w z gruczo\u0142\u00f3w \u017cywicznych nazywanych trichomami. Zawiera te same substancje czynne, co marihuana - takie jak tetrahydrokannabinol (<a href=\"https:\/\/dasgrasshop.com\/pl\/\">THC<\/a>) i innych kannabinoid\u00f3w - ale cz\u0119sto w wy\u017cszych st\u0119\u017ceniach ni\u017c w nie przesianych p\u0105kach lub li\u015bciach, z kt\u00f3rych wytwarza si\u0119 marihuan\u0119. Zale\u017cnie od sposobu przygotowania, haszysz mo\u017ce mie\u0107 posta\u0107 sta\u0142\u0105 lub \u017cywiczn\u0105; haszysz prasowany ma zazwyczaj posta\u0107 sta\u0142\u0105, natomiast haszysz oczyszczony wod\u0105 - cz\u0119sto okre\u015blany jako \"haszysz topiony w ba\u0144kach\" - jest cz\u0119sto substancj\u0105 pastowat\u0105 o r\u00f3\u017cnej twardo\u015bci i g\u0142adko\u015bci; jego kolor, najcz\u0119\u015bciej od jasnego do ciemnobr\u0105zowego, mo\u017ce zmienia\u0107 si\u0119 od przezroczystego do \u017c\u00f3\u0142tego, br\u0105zowego, czarnego lub czerwonego. Wszystko to zale\u017cy od procesu i ilo\u015bci pozosta\u0142ego rozpuszczalnika.<\/p>\n<p>W tym kontek\u015bcie z dzielnic Brukseli, Amsterdamu i Antwerpii przeszczepiono dotychczasowe zwyczaje, rutyn\u0119 i tradycyjne kodeksy osi\u0105gni\u0119\u0107, honoru, sprawiedliwo\u015bci i nieufno\u015bci wobec autorytet\u00f3w, co pozwoli\u0142o tym spo\u0142eczno\u015bciom drastycznie si\u0119 powi\u0119kszy\u0107, zw\u0142aszcza wraz z instytucj\u0105 pomocnego zwi\u0105zku wraz z holendersk\u0105 Penose, nale\u017c\u0105c\u0105 w\u00f3wczas do wielu wiod\u0105cych organizacji prawniczych w Europie. Niezale\u017cnie od tego, czy by\u0142o to uzasadnione, czy nie, w\u0142adze belgijskie i holenderskie charakteryzowa\u0142y te spo\u0142eczno\u015bci ze wzgl\u0119du na ich \"spo\u0142eczn\u0105 izolacj\u0119\" i \"znacznie bardziej agresywne spo\u0142ecze\u0144stwo plemienne\", kt\u00f3re odr\u00f3\u017cnia\u0142o je od innych spo\u0142eczno\u015bci imigrant\u00f3w.<\/p>\n<p>Kup online maroka\u0144ski haszysz: Wt\u00f3rnie wykorzystane zabytkowe drzwi drewniane lub szklane to przyjazne dla \u015brodowiska rozwi\u0105zanie, kt\u00f3re pozwala urozmaici\u0107 wn\u0119trze. Rozgrzej kut\u0105 \u017celiwn\u0105 patelni\u0119 na \u015brednim ogniu. Gdy zacznie skwiercze\u0107, dodaj \u0142y\u017ck\u0119 oleju z pestek winogron i wymieszaj, aby pokry\u0107 nim dno patelni. Zwi\u0119ksz ogie\u0144 i dopraw ziemniaki szczypt\u0105 soli i czarnego pieprzu. kluczowy \u015bwiadek w procesie Marengo, kt\u00f3rego osobisty brat zosta\u0142 zamordowany wraz ze swoim prawnikiem przez organizacj\u0119 Taghiego za ujawnienie jej wewn\u0119trznych dzia\u0142a\u0144. Osoba podejrzana o zabicie De Vriesa jest krewnym osoby kontroluj\u0105cej oddzia\u0142 uderzeniowy Taghiego, co daje w\u0142adzom holenderskim dodatkowe powody, by s\u0105dzi\u0107, \u017ce to organizacja Taghiego jest odpowiedzialna za to morderstwo.<\/p>","protected":false},"excerpt":{"rendered":"<p>30 g<\/p>\n<p>Dyskretna obs\u0142uga\u2714 100 % Gwarancja zwrotu pieni\u0119dzy\u2714 Dostawa z mo\u017cliwo\u015bci\u0105 \u015bledzenia\u2714. 100 % Zadowolenie klienta\u2714. Bezp\u0142atne 5 g 5 r\u00f3\u017cnych odmian dla os\u00f3b kupuj\u0105cych po raz pierwszy<\/p>","protected":false},"featured_media":2136,"comment_status":"open","ping_status":"closed","template":"","meta":[],"product_brand":[],"product_cat":[19],"product_tag":[],"class_list":{"0":"post-2135","1":"product","2":"type-product","3":"status-publish","4":"has-post-thumbnail","6":"product_cat-haschisch-online-kaufen","8":"first","9":"instock","10":"sale","11":"shipping-taxable","12":"purchasable","13":"product-type-simple"},"_links":{"self":[{"href":"https:\/\/dasgrasshop.com\/pl\/wp-json\/wp\/v2\/product\/2135","targetHints":{"allow":["GET"]}}],"collection":[{"href":"https:\/\/dasgrasshop.com\/pl\/wp-json\/wp\/v2\/product"}],"about":[{"href":"https:\/\/dasgrasshop.com\/pl\/wp-json\/wp\/v2\/types\/product"}],"replies":[{"embeddable":true,"href":"https:\/\/dasgrasshop.com\/pl\/wp-json\/wp\/v2\/comments?post=2135"}],"wp:featuredmedia":[{"embeddable":true,"href":"https:\/\/dasgrasshop.com\/pl\/wp-json\/wp\/v2\/media\/2136"}],"wp:attachment":[{"href":"https:\/\/dasgrasshop.com\/pl\/wp-json\/wp\/v2\/media?parent=2135"}],"wp:term":[{"taxonomy":"product_brand","embeddable":true,"href":"https:\/\/dasgrasshop.com\/pl\/wp-json\/wp\/v2\/product_brand?post=2135"},{"taxonomy":"product_cat","embeddable":true,"href":"https:\/\/dasgrasshop.com\/pl\/wp-json\/wp\/v2\/product_cat?post=2135"},{"taxonomy":"product_tag","embeddable":true,"href":"https:\/\/dasgrasshop.com\/pl\/wp-json\/wp\/v2\/product_tag?post=2135"}],"curies":[{"name":"wp","href":"https:\/\/api.w.org\/{rel}","templated":true}]}}