{"id":2007,"date":"2022-03-07T12:44:42","date_gmt":"2022-03-07T12:44:42","guid":{"rendered":"https:\/\/dasgrasshop.com\/?post_type=product&#038;p=2007"},"modified":"2022-07-10T12:31:21","modified_gmt":"2022-07-10T12:31:21","slug":"gelato-weed","status":"publish","type":"product","link":"https:\/\/dasgrasshop.com\/pt\/product\/gelato-alga\/","title":{"rendered":"Erva daninha gelato"},"content":{"rendered":"<p><span style=\"vertical-align: inherit;\"><span style=\"vertical-align: inherit;\">Comprar Gelato Weed Strain - Erva daninha ex\u00f3tica de alta qualidade<\/span><\/span><\/p>\n<p><span style=\"vertical-align: inherit;\"><span style=\"vertical-align: inherit;\">Outra estirpe de topo de <\/span><\/span><a href=\"https:\/\/dasgrasshop.com\/pt\/\"><span style=\"vertical-align: inherit;\"><span style=\"vertical-align: inherit;\">Grasherr.com<\/span><\/span><\/a><span style=\"vertical-align: inherit;\"><span style=\"vertical-align: inherit;\"> ! <\/span><span style=\"vertical-align: inherit;\">A erva daninha gelato \u00e9 um produto do cruzamento de bolachas de escuteiras Thin Mint Girl Sherbet X Sunset, duas estirpes populares pelos seus aromas e sabores incrivelmente deliciosos. <\/span><span style=\"vertical-align: inherit;\">A variedade Gelato tem aromas e sabores que t\u00eam sido descritos como terroso, doce, mentolado, c\u00edtrico, baga, carvalho, sherbet, laranja, lavanda, e biscoito. <\/span><span style=\"vertical-align: inherit;\">A planta Gelato \u00e9 curta e robusta. <\/span><span style=\"vertical-align: inherit;\">As suas folhas s\u00e3o de cor verde floresta com tons de p\u00farpura escura. <\/span><span style=\"vertical-align: inherit;\">Os bot\u00f5es de caule de ervas daninhas gelato aparecem p\u00farpura escura e s\u00e3o injectados com pistilos cor-de-laranja vivo. <\/span><span style=\"vertical-align: inherit;\">Os seus bot\u00f5es s\u00e3o pegajosos com uma cobertura m\u00e9dia de cristal tricome.<\/span><\/span><\/p>\n<p><span style=\"vertical-align: inherit;\"><span style=\"vertical-align: inherit;\">A variedade Gelato de marijuana tem n\u00edveis elevados de THC, variando entre 15 e 25%, o que a torna uma variedade bastante potente. <\/span><span style=\"vertical-align: inherit;\">Os efeitos do h\u00edbrido de design THC s\u00e3o bem equilibrados - uma mistura interessante de revigoramento e relaxamento. <\/span><span style=\"vertical-align: inherit;\">Se desejar uma indica f\u00edsica alta com um efeito sativa claro que o mantenha activo o suficiente para desfrutar dos efeitos de uma estirpe, ent\u00e3o esta estirpe \u00e9 para si. <\/span><span style=\"vertical-align: inherit;\">O efeito atinge rapidamente, come\u00e7ando com uma elevada e intensa euforia. <\/span><span style=\"vertical-align: inherit;\">A cabe\u00e7a alta que ela entrega \u00e9 feliz e edificante. <\/span><span style=\"vertical-align: inherit;\">Um corpo rastejante e alto ir\u00e1 gradualmente tomar controlo at\u00e9 se sentir completamente relaxado e calmo, mas com energia e concentra\u00e7\u00e3o suficientes para se manter positivo e social.<\/span><\/span><\/p>\n<p><span style=\"vertical-align: inherit;\"><span style=\"vertical-align: inherit;\">Comprar gelato 45 UK, gelato #45 vs 33 tamb\u00e9m comprar gelato 45 allbud, estirpe gelato 41, estirpe gelato #45, estirpe gelato 45 smart cart, gelato 45 vs 33, estirpe gelato 45 indica ou sativa, estirpe gelati vs estirpe gelato, estirpe gelato 45, estirpe tubar\u00e3o gelato, estirpe gelato 41, estirpe bolo de casamento, estirpe blueberry gelato, estirpe lim\u00e3o gelato, can\u00e1bis<\/span><\/span><\/p>\n<p><span style=\"vertical-align: inherit;\"><span style=\"vertical-align: inherit;\">Benef\u00edcios m\u00e9dicos da utiliza\u00e7\u00e3o de Tens\u00e3o H\u00edbrida de Erva daninha Gelato<\/span><\/span><br \/>\n<span style=\"vertical-align: inherit;\"><span style=\"vertical-align: inherit;\">A ligeira alta cerebral do Gelato combinada com o relaxamento f\u00edsico faz dele uma tens\u00e3o popular para a ansiedade e o stress cr\u00f3nico. <\/span><span style=\"vertical-align: inherit;\">O Gelato fornece uma explos\u00e3o de energia cerebral que ajuda a aliviar a depress\u00e3o cr\u00f3nica. <\/span><span style=\"vertical-align: inherit;\">Este est\u00edmulo tamb\u00e9m pode ajudar no tratamento de pacientes com perturba\u00e7\u00f5es da aten\u00e7\u00e3o, tais como TDAH e TDAH. <\/span><span style=\"vertical-align: inherit;\">A componente indica relaxa o corpo para suprimir a hiperactividade, enquanto que a componente sativa proporciona o est\u00edmulo necess\u00e1rio para um foco sustentado. <\/span><span style=\"vertical-align: inherit;\">A estirpe do gelato ajuda com n\u00e1useas devido ao seu sabor e cheiro sedutor; <\/span><span style=\"vertical-align: inherit;\">Esta estirpe de can\u00e1bis gelato tamb\u00e9m ajuda no apetite de pacientes com n\u00e1useas devido \u00e0 quimioterapia para o cancro ou doen\u00e7as auto-imunes.<\/span><\/span><\/p>\n<p><span style=\"vertical-align: inherit;\"><span style=\"vertical-align: inherit;\">Efeitos do Gelato 45 Marijuana Strain <\/span><\/span><br \/>\n<span style=\"vertical-align: inherit;\"><span style=\"vertical-align: inherit;\">Feliz <\/span><\/span><br \/>\n<span style=\"vertical-align: inherit;\"><span style=\"vertical-align: inherit;\">Euf\u00f3rico <\/span><\/span><br \/>\n<span style=\"vertical-align: inherit;\"><span style=\"vertical-align: inherit;\">Descontra\u00eddo <\/span><\/span><br \/>\n<span style=\"vertical-align: inherit;\"><span style=\"vertical-align: inherit;\">Emocionado <\/span><\/span><br \/>\n<span style=\"vertical-align: inherit;\"><span style=\"vertical-align: inherit;\">Criativo <\/span><\/span><br \/>\n<span style=\"vertical-align: inherit;\"><span style=\"vertical-align: inherit;\">Classifica\u00e7\u00e3o: 55% Indica\/45% Sativa<\/span><\/span><\/p>\n<p><span style=\"vertical-align: inherit;\"><span style=\"vertical-align: inherit;\">Linhagem: Biscoitos de Escuteira de Menta Fina X Sherbet Sunset<\/span><\/span><\/p>\n<p><span style=\"vertical-align: inherit;\"><span style=\"vertical-align: inherit;\">Tempo de flora\u00e7\u00e3o: 8 - 9 semanas<\/span><\/span><\/p>\n<p><span style=\"vertical-align: inherit;\"><span style=\"vertical-align: inherit;\">Condi\u00e7\u00f5es de cultivo: Interior \/ Exterior<\/span><\/span><\/p>\n<p><span style=\"vertical-align: inherit;\"><span style=\"vertical-align: inherit;\">Rendimento: m\u00e9dio a alto<\/span><\/span><\/p>\n<p>&nbsp;<\/p>\n<p><span style=\"vertical-align: inherit;\"><span style=\"vertical-align: inherit;\">Comprar gelato 45 Alemanha, onde comprar gelato #45 vs 33, gelato 45 todos os bot\u00f5es para venda, estirpe gelato 41, estirpe gelato #45 rendimento, estirpe gelato 45 carrinho inteligente, gelato 45 vs 33, estirpe gelato 45 estirpe indica ou sativa, estirpe gelati vs estirpe gelato, estirpe gelato 45, tamb\u00e9m pode comprar estirpe shark gelato, estirpe gelato 41, estirpe bolo de casamento, estirpe blueberry gelato, estirpe sherbet, estirpe lim\u00e3o gelato Pode comprar gelato <\/span><\/span><a href=\"https:\/\/hempbudswholesale.com\/\" target=\"_blank\" rel=\"noopener\"><span style=\"vertical-align: inherit;\"><span style=\"vertical-align: inherit;\">CDB<\/span><\/span><\/a><span style=\"vertical-align: inherit;\"><span style=\"vertical-align: inherit;\"> bot\u00f5es de c\u00e2nhamo<\/span><\/span><\/p>","protected":false},"excerpt":{"rendered":"<p>A erva gelato tem o apelo suave e frutado do Sunset Sherbert com a bondade terrena e herb\u00e1cea de Menta fina. Com disponibilidade limitada e uma apar\u00eancia e sabor ousados, esta estirpe insere-se numa categoria emergente de h\u00edbridos artesanais da Costa Oeste que se concentram no sabor. A Gelato transporta v\u00e1rios tra\u00e7os desej\u00e1veis da sua linhagem fortemente cruzada e cativa com a sua apar\u00eancia e sabor. A sua vibra\u00e7\u00e3o trivial mas relaxante faz dela uma escolha perfeita para introspec\u00e7\u00e3o a solo ou reuni\u00f5es sociais.<\/p>","protected":false},"featured_media":2012,"comment_status":"open","ping_status":"closed","template":"","meta":[],"product_brand":[],"product_cat":[20],"product_tag":[29,32,33,27,34,30,28,31,35,36],"class_list":{"0":"post-2007","1":"product","2":"type-product","3":"status-publish","4":"has-post-thumbnail","6":"product_cat-exotische-weed-aromen-kaufen","7":"product_tag-cannabis-kaufen","8":"product_tag-cannabis-online-kaufen","9":"product_tag-gras-bestellen","10":"product_tag-gras-kaufen","11":"product_tag-gras-online-kaufen","12":"product_tag-marihuana-kaufen","13":"product_tag-thc-kaufen","14":"product_tag-weed-kaufen","15":"product_tag-weed-online-bestellen","16":"product_tag-weed-online-kaufen","18":"first","19":"instock","20":"shipping-taxable","21":"purchasable","22":"product-type-variable"},"_links":{"self":[{"href":"https:\/\/dasgrasshop.com\/pt\/wp-json\/wp\/v2\/product\/2007","targetHints":{"allow":["GET"]}}],"collection":[{"href":"https:\/\/dasgrasshop.com\/pt\/wp-json\/wp\/v2\/product"}],"about":[{"href":"https:\/\/dasgrasshop.com\/pt\/wp-json\/wp\/v2\/types\/product"}],"replies":[{"embeddable":true,"href":"https:\/\/dasgrasshop.com\/pt\/wp-json\/wp\/v2\/comments?post=2007"}],"wp:featuredmedia":[{"embeddable":true,"href":"https:\/\/dasgrasshop.com\/pt\/wp-json\/wp\/v2\/media\/2012"}],"wp:attachment":[{"href":"https:\/\/dasgrasshop.com\/pt\/wp-json\/wp\/v2\/media?parent=2007"}],"wp:term":[{"taxonomy":"product_brand","embeddable":true,"href":"https:\/\/dasgrasshop.com\/pt\/wp-json\/wp\/v2\/product_brand?post=2007"},{"taxonomy":"product_cat","embeddable":true,"href":"https:\/\/dasgrasshop.com\/pt\/wp-json\/wp\/v2\/product_cat?post=2007"},{"taxonomy":"product_tag","embeddable":true,"href":"https:\/\/dasgrasshop.com\/pt\/wp-json\/wp\/v2\/product_tag?post=2007"}],"curies":[{"name":"wp","href":"https:\/\/api.w.org\/{rel}","templated":true}]}}