{"id":2016,"date":"2022-03-07T13:04:46","date_gmt":"2022-03-07T13:04:46","guid":{"rendered":"https:\/\/dasgrasshop.com\/?post_type=product&#038;p=2016"},"modified":"2022-03-07T13:10:12","modified_gmt":"2022-03-07T13:10:12","slug":"sour-diesel","status":"publish","type":"product","link":"https:\/\/dasgrasshop.com\/pt\/product\/sour-diesel\/","title":{"rendered":"Gas\u00f3leo \u00c1cido"},"content":{"rendered":"<p>Comprar Sour Diesel online<br \/>\nO Diesel azedo \u00e9 uma das estirpes de sativa mais fumadas de todos os tempos. Se ainda n\u00e3o ouviu falar desta estirpe, provavelmente vive numa caverna no Afeganist\u00e3o, ou algu\u00e9m que conhece j\u00e1 a experimentou (e provavelmente adora). A linhagem exacta de Sour Diesel \u00e9 complicada e muito mal documentada, como parece ser o caso da maioria das estirpes mais antigas.<\/p>\n<p>Alguns acreditam que a estirpe de Sour Diesel descende simplesmente de um fen\u00f3tipo de Chemdawg que era ligeiramente diferente e mais do lado sativa da equa\u00e7\u00e3o. A teoria mais popular da ancestralidade \u00e9 que o Diesel original \u00e9 o resultado de um cruzamento entre (Chemdawg x Super Skunk x Northern Lights). Este h\u00edbrido maioritariamente sativa (90% Sativa, 10% Indica) \u00e9 frequentemente referido como \"Sour D\" e obt\u00e9m o seu nome \u00fanico a partir do cheiro quase diesel e c\u00edtrico que emite.<\/p>\n<p>Tanto quanto sei, o Sour Diesel s\u00f3 existe sob a forma de clones, e muitas vezes \u00e9 dif\u00edcil de encontrar. Devido a esta raridade do verdadeiro Sour Diesel, h\u00e1 muitos h\u00edbridos que tentaram imitar a verdadeira Alta de Sour Diesel. Alguns chegam muito perto, mas n\u00e3o h\u00e1 nada que se compare com o verdadeiro Diesel \u00c1cido.<\/p>\n<p>Apar\u00eancia e cheiro de Diesel \u00c1cido<br \/>\nO Sour Diesel \u00e9 uma planta alta e esguia que \u00e9 adequada tanto para jardins interiores como exteriores. A sua folhagem escurece at\u00e9 uma cor quase p\u00farpura nas \u00faltimas semanas de flora\u00e7\u00e3o. Os bot\u00f5es t\u00eam normalmente pistilos cor-de-rosa a laranja claro e a forma\u00e7\u00e3o \u00e9 solta e em forma de espiga.<\/p>\n<p>Todos os Sour D I que cresci tiveram uma grande cola com 6-9 ramos mais pequenos.<\/p>\n<p>O cheiro \u00e9 muito forte, quase avassalador e, no entanto, de alguma forma apelativo. Isto porque esta linhagem tem um cheiro distinto, pungente, herb\u00e1ceo e c\u00edtrico de Diesel, que vem com uma excitante explos\u00e3o de energia. Como tem uma linhagem de sativa dominante, pode assumir-se que funciona principalmente na mente.<\/p>\n<p>O fumo<br \/>\nOs adeptos da estirpe usam normalmente o Diesel azedo como primeira fonte de medicina para come\u00e7ar um longo dia - sentem-se acordados e prontos para partir. Como o Sour Diesel \u00e9 t\u00e3o sativa-dominante, funciona quase exclusivamente em fun\u00e7\u00f5es cerebrais. N\u00e3o deve haver nenhum cadeado de sof\u00e1 ou sensa\u00e7\u00f5es corporais pesadas quando se fuma a coisa verdadeira.<\/p>\n<p>O Diesel azedo tem exactamente o mesmo sabor que cheira: um aroma cl\u00e1ssico e funky de combust\u00edvel. \u00c9 tamb\u00e9m por isso que o Sour Diesel \u00e9 t\u00e3o f\u00e1cil de cheirar fora de uma fila.<\/p>\n<p>A estirpe \u00e9 t\u00e3o popular porque a alta \u00e9 simplesmente incr\u00edvel, com mais de 20% THC e uma dura\u00e7\u00e3o de efeito de 2-3 horas. Sendo t\u00e3o sativa-dominante, enche o corpo e especialmente a mente de energia motivadora e edificante. \u00c9 um impulsionador definitivo do humor e destruidor da depress\u00e3o. Estar de bom humor \u00e9 uma sensa\u00e7\u00e3o natural e sem esfor\u00e7o quando se experimenta o Diesel \u00c1cido.<\/p>\n<p>Total<br \/>\nA popularidade esmagadora do Sour Diesel n\u00e3o \u00e9 uma coincid\u00eancia e j\u00e1 n\u00e3o \u00e9 apenas um fen\u00f3meno da Costa Leste. A variedade \u00e9 uma das variedades mais fascinantes na hist\u00f3ria da can\u00e1bis. Torna as coisas divertidas ainda mais divertidas; torna os bons alimentos ainda mais saborosos. Como um melhorador de humor, simplesmente torna a vida mais divertida. As noites mais comuns tornam-se rapidamente memor\u00e1veis quando o Sour Diesel est\u00e1 envolvido. N\u00e3o s\u00f3 a estirpe \u00e9 um estimulante do humor, como tamb\u00e9m tem demonstrado ser eficaz no tratamento da depress\u00e3o. Tamb\u00e9m a ansiedade, o stress e a perda de apetite. Esta estirpe \u00e9 digna da sua fama e ser\u00e1 sempre uma das melhores estirpes do planeta.<\/p>","protected":false},"excerpt":{"rendered":"<p>Sour Diesel online kaufen Sour Diesel ist eine der am meisten gerauchten Sativa-Sorten aller Zeiten. Wenn Sie noch nichts von dieser Sorte geh\u00f6rt haben, leben Sie wahrscheinlich in einer H\u00f6hle in Afghanistan, oder jemand, den Sie kennen, hat sie bereits probiert (und liebt sie wahrscheinlich). Die genaue Abstammung von Sour Diesel ist kompliziert und sehr [&hellip;]<\/p>","protected":false},"featured_media":2017,"comment_status":"open","ping_status":"closed","template":"","meta":[],"product_brand":[],"product_cat":[20],"product_tag":[29,32,33,27,34,30,28,31,35,36],"class_list":{"0":"post-2016","1":"product","2":"type-product","3":"status-publish","4":"has-post-thumbnail","6":"product_cat-exotische-weed-aromen-kaufen","7":"product_tag-cannabis-kaufen","8":"product_tag-cannabis-online-kaufen","9":"product_tag-gras-bestellen","10":"product_tag-gras-kaufen","11":"product_tag-gras-online-kaufen","12":"product_tag-marihuana-kaufen","13":"product_tag-thc-kaufen","14":"product_tag-weed-kaufen","15":"product_tag-weed-online-bestellen","16":"product_tag-weed-online-kaufen","18":"first","19":"instock","20":"shipping-taxable","21":"purchasable","22":"product-type-variable"},"_links":{"self":[{"href":"https:\/\/dasgrasshop.com\/pt\/wp-json\/wp\/v2\/product\/2016","targetHints":{"allow":["GET"]}}],"collection":[{"href":"https:\/\/dasgrasshop.com\/pt\/wp-json\/wp\/v2\/product"}],"about":[{"href":"https:\/\/dasgrasshop.com\/pt\/wp-json\/wp\/v2\/types\/product"}],"replies":[{"embeddable":true,"href":"https:\/\/dasgrasshop.com\/pt\/wp-json\/wp\/v2\/comments?post=2016"}],"wp:featuredmedia":[{"embeddable":true,"href":"https:\/\/dasgrasshop.com\/pt\/wp-json\/wp\/v2\/media\/2017"}],"wp:attachment":[{"href":"https:\/\/dasgrasshop.com\/pt\/wp-json\/wp\/v2\/media?parent=2016"}],"wp:term":[{"taxonomy":"product_brand","embeddable":true,"href":"https:\/\/dasgrasshop.com\/pt\/wp-json\/wp\/v2\/product_brand?post=2016"},{"taxonomy":"product_cat","embeddable":true,"href":"https:\/\/dasgrasshop.com\/pt\/wp-json\/wp\/v2\/product_cat?post=2016"},{"taxonomy":"product_tag","embeddable":true,"href":"https:\/\/dasgrasshop.com\/pt\/wp-json\/wp\/v2\/product_tag?post=2016"}],"curies":[{"name":"wp","href":"https:\/\/api.w.org\/{rel}","templated":true}]}}