{"id":2022,"date":"2022-03-07T13:21:57","date_gmt":"2022-03-07T13:21:57","guid":{"rendered":"https:\/\/dasgrasshop.com\/?post_type=product&#038;p=2022"},"modified":"2026-05-01T19:29:14","modified_gmt":"2026-05-01T19:29:14","slug":"afghan-kush","status":"publish","type":"product","link":"https:\/\/dasgrasshop.com\/pt\/product\/afghan-kush\/","title":{"rendered":"Kush afeg\u00e3o"},"content":{"rendered":"<p><span style=\"vertical-align: inherit;\"><span style=\"vertical-align: inherit;\">Cepa afeg\u00e3 Kush <\/span><\/span><br \/>\n<span style=\"vertical-align: inherit;\"><span style=\"vertical-align: inherit;\">O Afghan Kush parece muito bonito, verde p\u00e1lido com nuances de amarelo, os cabelos cor-de-laranja est\u00e3o presentes tanto claros como escuros, parece uma pepita laranja e dourada, com cristais mosqueados.<\/span><\/span><\/p>\n<p><span style=\"vertical-align: inherit;\"><span style=\"vertical-align: inherit;\">Nariz <\/span><\/span><br \/>\n<span style=\"vertical-align: inherit;\"><span style=\"vertical-align: inherit;\">O Afghan Kush tem um cheiro muito suave mesmo como uma pepita inteira com sugest\u00f5es de a\u00e7afr\u00e3o e whisky de manteiga. <\/span><span style=\"vertical-align: inherit;\">No entanto, uma vez aberto o rebento, o cheiro a caramelo queimado torna-se dominante.<\/span><\/span><\/p>\n<p><span style=\"vertical-align: inherit;\"><span style=\"vertical-align: inherit;\">Sabor <\/span><\/span><br \/>\n<span style=\"vertical-align: inherit;\"><span style=\"vertical-align: inherit;\">Este bot\u00e3o tem o mesmo sabor picante, sendo a noz-moscada, a canela e o gengibre os mais fortes. <\/span><span style=\"vertical-align: inherit;\">O sabor da noz-moscada \u00e9 muito suave e ser\u00e1 recordado por alguns momentos.<\/span><\/span><\/p>\n<p><span style=\"vertical-align: inherit;\"><span style=\"vertical-align: inherit;\">Efeito <\/span><\/span><br \/>\n<span style=\"vertical-align: inherit;\"><span style=\"vertical-align: inherit;\">Os efeitos do Kush afeg\u00e3o s\u00e3o imediatos. <\/span><span style=\"vertical-align: inherit;\">Fica muito relaxado, e um pouco pesado, (n\u00e3o para os novatos). <\/span><span style=\"vertical-align: inherit;\">Descobri que n\u00e3o sentia muita dor. <\/span><span style=\"vertical-align: inherit;\">Tamb\u00e9m sinto que se trata de um grande espasmo. <\/span><span style=\"vertical-align: inherit;\">E se est\u00e1 a ter dificuldades em dormir e pensa que precisa de dormir imediatamente, o Afghan Kush \u00e9 a sua erva daninha.<\/span><\/span><\/p>\n<p><span style=\"vertical-align: inherit;\"><span style=\"vertical-align: inherit;\">O Afghan Kush \u00e9 de longe a minha estirpe preferida do ano. <\/span><span style=\"vertical-align: inherit;\">Conhecer pessoalmente algu\u00e9m que a cultivou e observou a beleza deu-me paix\u00e3o por uma linhagem t\u00e3o espantosa. <\/span><span style=\"vertical-align: inherit;\">Os cheiros que emanavam desta rapariga eram pungentes como o inferno durante o per\u00edodo de flora\u00e7\u00e3o, e depois enfraquecidos \u00e0 medida que secava. <\/span><span style=\"vertical-align: inherit;\">Durante a cura, ela mostrou as suas verdadeiras cores. <\/span><span style=\"vertical-align: inherit;\">Passou de picante a um cheiro doce suave, com notas de verde lima e cabelo laranja brilhante. <\/span><span style=\"vertical-align: inherit;\">Um fumo muito suave em compara\u00e7\u00e3o com a maioria. <\/span><span style=\"vertical-align: inherit;\">O \u00f3leo de mel feito com esta mancha \u00e9 fenomenal. <\/span><span style=\"vertical-align: inherit;\">A tens\u00e3o de maior impacto em algum tempo<\/span><\/span><\/p>","protected":false},"excerpt":{"rendered":"<p><span style=\"vertical-align: inherit;\"><span style=\"vertical-align: inherit;\">O Afghan Kush parece muito bonito \u00e0 vista, verde p\u00e1lido com vest\u00edgios de amarelo, cabelos cor-de-laranja claros e escuros, parece uma pepita laranja e dourada, com cristais mosqueados. <\/span><span style=\"vertical-align: inherit;\">Comprar Afghan Kush Online - Afghan Kush para venda. <\/span><span style=\"vertical-align: inherit;\">O Afghan Kush \u00e9 uma variedade popular de marijuana com n\u00edveis de THC de at\u00e9 15%. <\/span><span style=\"vertical-align: inherit;\">O Afghan Kush tem um sabor muito medicinal e tem efeitos dram\u00e1ticos no al\u00edvio da dor. <\/span><span style=\"vertical-align: inherit;\">O Afghan Kush \u00e9 popular entre os pacientes que procuram aliviar dores, stress, ins\u00f3nias e n\u00e1useas.<\/span><\/span><\/p>","protected":false},"featured_media":2033,"comment_status":"open","ping_status":"closed","template":"","meta":[],"product_brand":[],"product_cat":[20],"product_tag":[29,32,33,27,34,30,28,31,35,36],"class_list":{"0":"post-2022","1":"product","2":"type-product","3":"status-publish","4":"has-post-thumbnail","6":"product_cat-exotische-weed-aromen-kaufen","7":"product_tag-cannabis-kaufen","8":"product_tag-cannabis-online-kaufen","9":"product_tag-gras-bestellen","10":"product_tag-gras-kaufen","11":"product_tag-gras-online-kaufen","12":"product_tag-marihuana-kaufen","13":"product_tag-thc-kaufen","14":"product_tag-weed-kaufen","15":"product_tag-weed-online-bestellen","16":"product_tag-weed-online-kaufen","18":"first","19":"instock","20":"shipping-taxable","21":"purchasable","22":"product-type-variable"},"_links":{"self":[{"href":"https:\/\/dasgrasshop.com\/pt\/wp-json\/wp\/v2\/product\/2022","targetHints":{"allow":["GET"]}}],"collection":[{"href":"https:\/\/dasgrasshop.com\/pt\/wp-json\/wp\/v2\/product"}],"about":[{"href":"https:\/\/dasgrasshop.com\/pt\/wp-json\/wp\/v2\/types\/product"}],"replies":[{"embeddable":true,"href":"https:\/\/dasgrasshop.com\/pt\/wp-json\/wp\/v2\/comments?post=2022"}],"wp:featuredmedia":[{"embeddable":true,"href":"https:\/\/dasgrasshop.com\/pt\/wp-json\/wp\/v2\/media\/2033"}],"wp:attachment":[{"href":"https:\/\/dasgrasshop.com\/pt\/wp-json\/wp\/v2\/media?parent=2022"}],"wp:term":[{"taxonomy":"product_brand","embeddable":true,"href":"https:\/\/dasgrasshop.com\/pt\/wp-json\/wp\/v2\/product_brand?post=2022"},{"taxonomy":"product_cat","embeddable":true,"href":"https:\/\/dasgrasshop.com\/pt\/wp-json\/wp\/v2\/product_cat?post=2022"},{"taxonomy":"product_tag","embeddable":true,"href":"https:\/\/dasgrasshop.com\/pt\/wp-json\/wp\/v2\/product_tag?post=2022"}],"curies":[{"name":"wp","href":"https:\/\/api.w.org\/{rel}","templated":true}]}}