{"id":2035,"date":"2022-03-07T14:16:35","date_gmt":"2022-03-07T14:16:35","guid":{"rendered":"https:\/\/dasgrasshop.com\/?post_type=product&#038;p=2035"},"modified":"2022-06-14T18:16:40","modified_gmt":"2022-06-14T18:16:40","slug":"blue-dream","status":"publish","type":"product","link":"https:\/\/dasgrasshop.com\/pt\/product\/blue-dream\/","title":{"rendered":"Sonho Azul"},"content":{"rendered":"<p>Comprar marijuana dos sonhos azuis online. Blue Dream \u00e9 uma cruz h\u00edbrida sativa-dominante de Haze e Blueberry. Tem um dos mais procurados sabores encorpados de qualquer estirpe. O aroma do Sonho Azul \u00e9 doce, picante e revigorante para os sentidos. Ela tem bot\u00f5es densos, semelhantes a pipocas que brilham azul na luz, complementando a paisagem de tricomas e p\u00ealos cor-de-laranja.<\/p>\n<p>A marijuana Blue Dream produz uma excelente sensa\u00e7\u00e3o gustativa que dura desde que seja equilibrada. \u00c9 uma grande tens\u00e3o para o dia. Ao inalar, pode sentir imediatamente o Sonho Azul. O efeito arrefece muito rapidamente, produzindo uma alta energ\u00e9tica e concentrada. Segundo consta, a criatividade floresce com esta variedade, tornando-a uma favorita entre os utilizadores art\u00edsticos de can\u00e1bis.<\/p>","protected":false},"excerpt":{"rendered":"<p>Comprar marijuana dos sonhos azuis online. Blue Dream \u00e9 uma cruz h\u00edbrida sativa-dominante de Haze e Blueberry. Tem um dos mais procurados sabores encorpados de qualquer estirpe. O aroma do Sonho Azul \u00e9 doce, picante e revigorante para os sentidos. Ela tem bot\u00f5es densos, semelhantes a pipocas que brilham de azul na luz e na paisagem de tricomas e cabelos cor de laranja [...]<\/p>","protected":false},"featured_media":2044,"comment_status":"open","ping_status":"closed","template":"","meta":[],"product_brand":[],"product_cat":[20],"product_tag":[29,32,33,27,34,30,28,31,35,36],"class_list":{"0":"post-2035","1":"product","2":"type-product","3":"status-publish","4":"has-post-thumbnail","6":"product_cat-exotische-weed-aromen-kaufen","7":"product_tag-cannabis-kaufen","8":"product_tag-cannabis-online-kaufen","9":"product_tag-gras-bestellen","10":"product_tag-gras-kaufen","11":"product_tag-gras-online-kaufen","12":"product_tag-marihuana-kaufen","13":"product_tag-thc-kaufen","14":"product_tag-weed-kaufen","15":"product_tag-weed-online-bestellen","16":"product_tag-weed-online-kaufen","18":"first","19":"instock","20":"shipping-taxable","21":"purchasable","22":"product-type-variable"},"_links":{"self":[{"href":"https:\/\/dasgrasshop.com\/pt\/wp-json\/wp\/v2\/product\/2035","targetHints":{"allow":["GET"]}}],"collection":[{"href":"https:\/\/dasgrasshop.com\/pt\/wp-json\/wp\/v2\/product"}],"about":[{"href":"https:\/\/dasgrasshop.com\/pt\/wp-json\/wp\/v2\/types\/product"}],"replies":[{"embeddable":true,"href":"https:\/\/dasgrasshop.com\/pt\/wp-json\/wp\/v2\/comments?post=2035"}],"wp:featuredmedia":[{"embeddable":true,"href":"https:\/\/dasgrasshop.com\/pt\/wp-json\/wp\/v2\/media\/2044"}],"wp:attachment":[{"href":"https:\/\/dasgrasshop.com\/pt\/wp-json\/wp\/v2\/media?parent=2035"}],"wp:term":[{"taxonomy":"product_brand","embeddable":true,"href":"https:\/\/dasgrasshop.com\/pt\/wp-json\/wp\/v2\/product_brand?post=2035"},{"taxonomy":"product_cat","embeddable":true,"href":"https:\/\/dasgrasshop.com\/pt\/wp-json\/wp\/v2\/product_cat?post=2035"},{"taxonomy":"product_tag","embeddable":true,"href":"https:\/\/dasgrasshop.com\/pt\/wp-json\/wp\/v2\/product_tag?post=2035"}],"curies":[{"name":"wp","href":"https:\/\/api.w.org\/{rel}","templated":true}]}}