{"id":2036,"date":"2022-03-07T13:44:21","date_gmt":"2022-03-07T13:44:21","guid":{"rendered":"https:\/\/dasgrasshop.com\/?post_type=product&#038;p=2036"},"modified":"2022-03-07T13:59:04","modified_gmt":"2022-03-07T13:59:04","slug":"wedding-cake","status":"publish","type":"product","link":"https:\/\/dasgrasshop.com\/pt\/product\/wedding-cake\/","title":{"rendered":"Bolo de Casamento"},"content":{"rendered":"<p>Exotische Hochzeitstorte Unkraut Stamm<br \/>\nSicher kaufen Hochzeitstorte Stamm oder exotische Hochzeitstorte Stamm online zum Verkauf mit Tracking-und Unkrautbek\u00e4mpfung Kuchen Bewertungen. Unauff\u00e4llig. Wedding Cake Stamm ist ein k\u00f6stlicher Hybrid, Indica-dominante Marihuana-Sorte. Seine Eltern wurden selbst f\u00fcr ihre k\u00f6stlichen Geschmack ausgew\u00e4hlt, das sind Girl Scout Cookies Unkraut, und Cherry Pie Stamm Marihuana. Die Eltern wiederum haben die Genetik auch von OG Kush auch Durban Poison, und Granddaddy Purple, wodurch exotische Hochzeitstorte Stamm. nicht nur eine k\u00f6stliche Gras, sondern eine, die eine ernsthafte Schlag packt, mit THC-Werte von mehr als 25 Prozent.<\/p>\n<p>wedding cake strain Germany oder Hochzeitstorte kaufen<br \/>\nWedding Cake Buds sind eine starke medizinische Sorte. Der hohe THC-Gehalt macht sie zu einem vollendeten Stimmungsaufheller sowie zu einem starken Analgetikum. Wedding Cake medizinisches Marihuana Stamm kann Muskel-Skelett-Schmerzen wie Ischias, entz\u00fcndliche Schmerzen wie Arthritis, und neuropathische Schmerzen wie in Fibromyalgie, unter anderen Bedingungen zu lindern. Neurologische Erkrankungen wie ALS oder die Lou-Gehrig-Krankheit k\u00f6nnen mit medizinischen Formulierungen dieser Sorte behandelt werden, die von einem Arzt empfohlen werden. Viele andere Krankheiten werden empfohlen und k\u00f6nnen legal mit Wedding Cake Marihuana behandelt werden, je nach den Gesetzen in verschiedenen Staaten und L\u00e4ndern. Senden Sie uns hier eine Nachricht<\/p>\n<p>&nbsp;<\/p>\n<p>Wirkungen der Sorte Wedding Cake<br \/>\nDer von dieser Sorte erzeugte Rausch ist erstaunlich erhebend und gleichzeitig entspannend. Er verleiht einen Rausch der St\u00e4rke, w\u00e4hrend er den Geist in eine Phase der relativen Ruhe versetzt.<\/p>\n<p>Mit der Zeit flacht diese starke Wirkung auf den K\u00f6rper ab &#8211; insbesondere auf den Bauch &#8211; und weckt Hunger und l\u00f6st einen extremen Fall von Hei\u00dfhunger aus.<\/p>\n<p>Die Konsumenten k\u00f6nnen ein sanftes psychedelisches High erleben, in dem sich ihre Gedanken rasant entwickeln und ihre Wahrnehmung der Umgebung verbessert.<\/p>\n<p>Im entsprechenden Umfeld k\u00f6nnen Euphorie- und Schwindelgef\u00fchle diese Ver\u00e4nderung im Kopfraum bewirken. Dies mag zun\u00e4chst hart erscheinen, aber aufgrund der Verbindung mit der Indica-Dominanz stellt sich schon nach kurzer Zeit Entspannung ein.<\/p>\n<p>W\u00e4hrend diese Entspannung eintritt, sp\u00fcren manche Nutzer eine erfrischende Welle der Erregung und Dichte, die sich \u00fcber ihren Oberk\u00f6rper und ihre Gliedma\u00dfen ausbreitet.<\/p>\n<p>Selbst wenn die Sedierung eintritt, kann die mentale Stimulation noch sp\u00fcrbar sein, so dass sich die Konsumenten auf ihre Umgebung eingestellt f\u00fchlen. Es ist unerl\u00e4sslich, bestimmte T\u00e4tigkeiten wie Lesen, Schreiben und leichte k\u00f6rperliche Bet\u00e4tigung auszu\u00fcben.<\/p>\n<p>Dennoch wird sie definitiv nicht f\u00fcr Aufgaben empfohlen, die ein hohes Ma\u00df an Maschinenbedienung und Kontrolle erfordern (z.B. Kochen oder Autofahren).<\/p>\n<p>Die Sorte Wedding Cake ist ein komplettes THC-Kraftpaket und als solches nicht f\u00fcr Neulinge in der Cannabiskultur geeignet.<\/p>\n<p>Au\u00dferdem sollten sich erfahrene Nutzer dieser Sorte mit Vorsicht n\u00e4hern. Diese Sorte wird immer beliebter wegen ihrer robusten und doch abgerundeten Wirkung, die sowohl f\u00fcr den Freizeitgebrauch als auch f\u00fcr therapeutische Zwecke genutzt werden kann. exotische Sorte Wedding Cake<\/p>\n<p>Es wird dringend empfohlen, diese Sorte erst dann zu konsumieren, wenn die Sonne untergegangen und das Abendessen fertig ist, denn dieses St\u00fcck Kuchen wird das letzte sein, was Sie zu sich nehmen, bevor Sie ins Bett gehen.<\/p>\n<p>Medizinische Vorteile von Wedding Cake<br \/>\nWedding Cake ist zweifellos eine ausgezeichnete Cannabissorte f\u00fcr den Freizeitgebrauch. Ihr THC-Gehalt erzeugt ein intensives zerebrales und k\u00f6rperliches High, das den Nutzer erhebt und den K\u00f6rper entspannt.<\/p>\n<p>Die Allgegenwart ihrer psychoaktiven Bestandteile und ihre Nachwirkungen haben jedoch auch einen bedeutenden kurativen Wert.<\/p>\n<p>Als echte Alternative zu opioidbasierten Medikamenten hat es selten unerw\u00fcnschte Nebenwirkungen wie \u00dcbelkeit. Im Gegenteil, es befriedigt den Magen und w\u00fcrde sogar den Appetit anregen.<\/p>\n<p>Patienten mit Essst\u00f6rungen wie Magersucht k\u00f6nnten ihr Gewicht zur\u00fcckgewinnen, insbesondere unter der Aufsicht eines Facharztes.<\/p>\n<p>Es dient als Beruhigungsmittel und Appetitanreger und ist sehr vorteilhaft f\u00fcr F\u00e4lle, die regelm\u00e4\u00dfig Depressionen-assoziierte Symptome, Fibromyalgie, MS und andere verwandte Merkmale durchmachen.<\/p>\n<p>Mit einem exzellenten Terpenprofil ist es kein Wunder, dass Wedding Cake therapeutische Hilfe bei Angstzust\u00e4nden, Arthritis, leichten Depressionen, Migr\u00e4ne und Stress mit zeitgen\u00f6ssischen Wirkungen wie Kreativit\u00e4t und Entspannung bietet.<\/p>\n<p>Es kann auch als Beruhigungsmittel f\u00fcr Patienten verwendet werden, aber es hilft bei der Beruhigung der Nerven oder bei der Bew\u00e4ltigung von Angst erregenden Symptomen. Auch wenn es die Konzentration und das Energieniveau nicht g\u00e4nzlich kontrolliert, verursacht es das normale Austrocknen der Augen und des Mundes.<\/p>\n<p>Nebenwirkungen von Wedding Cake<br \/>\nDie Sorte Wedding Cake oder Pink Cookie hat einen h\u00f6heren THC-Gehalt als andere Cannabissorten, und deshalb gibt es auch einige m\u00f6gliche Nebenwirkungen.<\/p>\n<p>Bei Wedding Cake kann man von den \u00fcblichen trockenen Augen und dem Mundgeruch ausgehen, die durch feuchtigkeitshemmende Cannabinoide hervorgerufen werden. Sie ist mild und wird von erfahrenen Nutzern oft vernachl\u00e4ssigt.<\/p>\n<p>Rauchanf\u00e4nger, die von den Problemen betroffen sind, k\u00f6nnen die Trockenheit in den Griff bekommen, indem sie viel Fl\u00fcssigkeit zu sich nehmen.<\/p>\n<p>Au\u00dferdem ist es m\u00f6glich, dass die absolute Potenz von Wedding Cake zu einem Greenout f\u00fchrt. Dieser Zustand ist durch ein leichtes Schwindelgef\u00fchl gekennzeichnet, das sich zu Angstzust\u00e4nden oder einem subtilen Gef\u00fchl der Unruhe entwickeln kann.<\/p>","protected":false},"excerpt":{"rendered":"<p>Exotische Hochzeitstorte Unkraut Stamm Sicher kaufen Hochzeitstorte Stamm oder exotische Hochzeitstorte Stamm online zum Verkauf mit Tracking-und Unkrautbek\u00e4mpfung Kuchen Bewertungen. Unauff\u00e4llig. Wedding Cake Stamm ist ein k\u00f6stlicher Hybrid, Indica-dominante Marihuana-Sorte. Seine Eltern wurden selbst f\u00fcr ihre k\u00f6stlichen Geschmack ausgew\u00e4hlt, das sind Girl Scout Cookies Unkraut, und Cherry Pie Stamm Marihuana. Die Eltern wiederum haben die [&hellip;]<\/p>","protected":false},"featured_media":2037,"comment_status":"open","ping_status":"closed","template":"","meta":[],"product_brand":[],"product_cat":[20],"product_tag":[29,32,33,27,34,30,28,31,35,36],"class_list":{"0":"post-2036","1":"product","2":"type-product","3":"status-publish","4":"has-post-thumbnail","6":"product_cat-exotische-weed-aromen-kaufen","7":"product_tag-cannabis-kaufen","8":"product_tag-cannabis-online-kaufen","9":"product_tag-gras-bestellen","10":"product_tag-gras-kaufen","11":"product_tag-gras-online-kaufen","12":"product_tag-marihuana-kaufen","13":"product_tag-thc-kaufen","14":"product_tag-weed-kaufen","15":"product_tag-weed-online-bestellen","16":"product_tag-weed-online-kaufen","18":"first","19":"instock","20":"shipping-taxable","21":"purchasable","22":"product-type-variable"},"_links":{"self":[{"href":"https:\/\/dasgrasshop.com\/pt\/wp-json\/wp\/v2\/product\/2036","targetHints":{"allow":["GET"]}}],"collection":[{"href":"https:\/\/dasgrasshop.com\/pt\/wp-json\/wp\/v2\/product"}],"about":[{"href":"https:\/\/dasgrasshop.com\/pt\/wp-json\/wp\/v2\/types\/product"}],"replies":[{"embeddable":true,"href":"https:\/\/dasgrasshop.com\/pt\/wp-json\/wp\/v2\/comments?post=2036"}],"wp:featuredmedia":[{"embeddable":true,"href":"https:\/\/dasgrasshop.com\/pt\/wp-json\/wp\/v2\/media\/2037"}],"wp:attachment":[{"href":"https:\/\/dasgrasshop.com\/pt\/wp-json\/wp\/v2\/media?parent=2036"}],"wp:term":[{"taxonomy":"product_brand","embeddable":true,"href":"https:\/\/dasgrasshop.com\/pt\/wp-json\/wp\/v2\/product_brand?post=2036"},{"taxonomy":"product_cat","embeddable":true,"href":"https:\/\/dasgrasshop.com\/pt\/wp-json\/wp\/v2\/product_cat?post=2036"},{"taxonomy":"product_tag","embeddable":true,"href":"https:\/\/dasgrasshop.com\/pt\/wp-json\/wp\/v2\/product_tag?post=2036"}],"curies":[{"name":"wp","href":"https:\/\/api.w.org\/{rel}","templated":true}]}}