{"id":2050,"date":"2022-03-07T14:38:58","date_gmt":"2022-03-07T14:38:58","guid":{"rendered":"https:\/\/dasgrasshop.com\/?post_type=product&#038;p=2050"},"modified":"2023-04-21T22:15:10","modified_gmt":"2023-04-21T22:15:10","slug":"apple-fritter","status":"publish","type":"product","link":"https:\/\/dasgrasshop.com\/pt\/product\/maca-fritadeira\/","title":{"rendered":"Bolinho de ma\u00e7\u00e3"},"content":{"rendered":"<p>Pode comprar a Apple Fritteronline.<br \/>\nTamb\u00e9m conhecida como \"Apple Fritters\", \u00e9 uma estirpe h\u00edbrida rara, uniformemente equilibrada (50% Indica\/50% Sativa) criada atrav\u00e9s do cruzamento das cl\u00e1ssicas estirpes de bolachas de animais Sour Apple X. Conhecido por ter entrado na lista High Times 2016 \"World's Strongest Strains\", este beb\u00e9 traz um sabor super delicioso e um sabor super saboroso que o far\u00e1 implorar por mais depois de apenas uma prova. Este bot\u00e3o tem um sabor de ma\u00e7\u00e3 super doce e frutado com uma baunilha ligeiramente picante que \u00e9 como uma deliciosa tarte de ma\u00e7\u00e3 acabada de cozer. O aroma \u00e9 muito semelhante, com um efeito herbal, tamb\u00e9m. A alta Apple Fritter come\u00e7a quase imediatamente com a primeira exala\u00e7\u00e3o, enchendo a sua mente com um elevador apressado que afasta qualquer pensamento negativo ou de corrida quase instantaneamente. \u00c0 medida que o seu estado mental voa cada vez mais alto, um formigueiro f\u00edsico elevado ir\u00e1 lavar-se sobre si, relaxando os seus m\u00fasculos dolorosos e fazendo-o sentir em completa harmonia com o mundo \u00e0 sua volta. Combinado com o teor m\u00e9dio muito elevado de THC de 22-28%, este efeito d\u00e1 \u00e0 Apple Fritter uma vantagem no tratamento de condi\u00e7\u00f5es tais como ins\u00f3nia, dor cr\u00f3nica, depress\u00e3o, altera\u00e7\u00f5es de humor e stress cr\u00f3nico. Este bot\u00e3o tem bot\u00f5es em forma de espada, verde-azeitona escura, com tons p\u00farpura profundos, p\u00ealos alaranjados brilhantes e um revestimento de pequenos tricomas de cristal branco.<\/p>","protected":false},"excerpt":{"rendered":"<p>Pode comprar a Apple Fritteronline. Tamb\u00e9m conhecida como \"Apple Fritters\", \u00e9 uma estirpe h\u00edbrida rara, uniformemente equilibrada (50% Indica\/50% Sativa) criada atrav\u00e9s do cruzamento das cl\u00e1ssicas estirpes de bolachas de animais Sour Apple X. Conhecido por ter chegado \u00e0 lista do High Times 2016 \"World's Strongest Strains\", este beb\u00e9 traz um badass alto e um [...]<\/p>","protected":false},"featured_media":2051,"comment_status":"open","ping_status":"closed","template":"","meta":[],"product_brand":[],"product_cat":[20],"product_tag":[29,32,33,27,34,30,28,31,35,36],"class_list":{"0":"post-2050","1":"product","2":"type-product","3":"status-publish","4":"has-post-thumbnail","6":"product_cat-exotische-weed-aromen-kaufen","7":"product_tag-cannabis-kaufen","8":"product_tag-cannabis-online-kaufen","9":"product_tag-gras-bestellen","10":"product_tag-gras-kaufen","11":"product_tag-gras-online-kaufen","12":"product_tag-marihuana-kaufen","13":"product_tag-thc-kaufen","14":"product_tag-weed-kaufen","15":"product_tag-weed-online-bestellen","16":"product_tag-weed-online-kaufen","18":"first","19":"instock","20":"shipping-taxable","21":"purchasable","22":"product-type-variable"},"_links":{"self":[{"href":"https:\/\/dasgrasshop.com\/pt\/wp-json\/wp\/v2\/product\/2050","targetHints":{"allow":["GET"]}}],"collection":[{"href":"https:\/\/dasgrasshop.com\/pt\/wp-json\/wp\/v2\/product"}],"about":[{"href":"https:\/\/dasgrasshop.com\/pt\/wp-json\/wp\/v2\/types\/product"}],"replies":[{"embeddable":true,"href":"https:\/\/dasgrasshop.com\/pt\/wp-json\/wp\/v2\/comments?post=2050"}],"wp:featuredmedia":[{"embeddable":true,"href":"https:\/\/dasgrasshop.com\/pt\/wp-json\/wp\/v2\/media\/2051"}],"wp:attachment":[{"href":"https:\/\/dasgrasshop.com\/pt\/wp-json\/wp\/v2\/media?parent=2050"}],"wp:term":[{"taxonomy":"product_brand","embeddable":true,"href":"https:\/\/dasgrasshop.com\/pt\/wp-json\/wp\/v2\/product_brand?post=2050"},{"taxonomy":"product_cat","embeddable":true,"href":"https:\/\/dasgrasshop.com\/pt\/wp-json\/wp\/v2\/product_cat?post=2050"},{"taxonomy":"product_tag","embeddable":true,"href":"https:\/\/dasgrasshop.com\/pt\/wp-json\/wp\/v2\/product_tag?post=2050"}],"curies":[{"name":"wp","href":"https:\/\/api.w.org\/{rel}","templated":true}]}}