{"id":2056,"date":"2022-03-07T14:46:13","date_gmt":"2022-03-07T14:46:13","guid":{"rendered":"https:\/\/dasgrasshop.com\/?post_type=product&#038;p=2056"},"modified":"2022-03-07T14:48:22","modified_gmt":"2022-03-07T14:48:22","slug":"lemon-haze","status":"publish","type":"product","link":"https:\/\/dasgrasshop.com\/pt\/product\/limao-haze\/","title":{"rendered":"Perigo de lim\u00e3o"},"content":{"rendered":"<p>Comprar o Super Lemon Haze online. Ela \u00e9 uma mistura de Lemon Skunk e Super Silver Haze e tem uma rela\u00e7\u00e3o sativa \/ indica de 80:20, o que significa efeitos heady, buzzy, cerebral: Emo\u00e7\u00e3o, criatividade, energia, euforia e prazer intenso. Estes s\u00e3o os rem\u00e9dios ideais para o tratamento da depress\u00e3o, fadiga, ansiedade, n\u00e1useas e dores cr\u00f3nicas. O <a href=\"https:\/\/legitweeddispensary.com\/\" target=\"_blank\" rel=\"noopener\">THC-<\/a>O conte\u00fado desta estirpe \u00e9 elevado, com pelo menos uma amostra a exceder 25 %, colocando a Super Lemon Haze no topo da pir\u00e2mide de pot\u00eancia. No entanto, n\u00e3o \u00e9 conhecida pelos seus n\u00edveis de CBD, que s\u00e3o regularmente muito inferiores a 1 %. Por outras palavras, esta estirpe n\u00e3o deve ser utilizada como o \u00fanico medicamento para doen\u00e7as que dependem de <a href=\"https:\/\/gethempnow.com\/\" target=\"_blank\" rel=\"noopener\">CDB<\/a> como, por exemplo, perturba\u00e7\u00f5es convulsivas. A Super Lemon Haze tem um sabor e aroma \u00e1cido a lim\u00e3o com notas doces de doces. Comprar a Super Lemon Haze online. O bot\u00e3o, que tem uma apar\u00eancia marrom-esverdeada, \u00e9 coberto com uma densa camada de tricomas resinosos.<\/p>","protected":false},"excerpt":{"rendered":"<p>Comprar o Super Lemon Haze online. Ela \u00e9 uma mistura de Lemon Skunk e Super Silver Haze e tem uma rela\u00e7\u00e3o sativa \/ indica de 80:20, o que significa efeitos heady, buzzy, cerebral: Emo\u00e7\u00e3o, criatividade, energia, euforia e prazer intenso. Estes s\u00e3o os rem\u00e9dios ideais para o tratamento da depress\u00e3o, fadiga, ansiedade, n\u00e1useas e dores cr\u00f3nicas. O conte\u00fado de THC destes [...]<\/p>","protected":false},"featured_media":2057,"comment_status":"open","ping_status":"closed","template":"","meta":[],"product_brand":[],"product_cat":[20],"product_tag":[29,32,33,27,34,30,28,31,35,36],"class_list":{"0":"post-2056","1":"product","2":"type-product","3":"status-publish","4":"has-post-thumbnail","6":"product_cat-exotische-weed-aromen-kaufen","7":"product_tag-cannabis-kaufen","8":"product_tag-cannabis-online-kaufen","9":"product_tag-gras-bestellen","10":"product_tag-gras-kaufen","11":"product_tag-gras-online-kaufen","12":"product_tag-marihuana-kaufen","13":"product_tag-thc-kaufen","14":"product_tag-weed-kaufen","15":"product_tag-weed-online-bestellen","16":"product_tag-weed-online-kaufen","18":"first","19":"instock","20":"shipping-taxable","21":"purchasable","22":"product-type-variable"},"_links":{"self":[{"href":"https:\/\/dasgrasshop.com\/pt\/wp-json\/wp\/v2\/product\/2056","targetHints":{"allow":["GET"]}}],"collection":[{"href":"https:\/\/dasgrasshop.com\/pt\/wp-json\/wp\/v2\/product"}],"about":[{"href":"https:\/\/dasgrasshop.com\/pt\/wp-json\/wp\/v2\/types\/product"}],"replies":[{"embeddable":true,"href":"https:\/\/dasgrasshop.com\/pt\/wp-json\/wp\/v2\/comments?post=2056"}],"wp:featuredmedia":[{"embeddable":true,"href":"https:\/\/dasgrasshop.com\/pt\/wp-json\/wp\/v2\/media\/2057"}],"wp:attachment":[{"href":"https:\/\/dasgrasshop.com\/pt\/wp-json\/wp\/v2\/media?parent=2056"}],"wp:term":[{"taxonomy":"product_brand","embeddable":true,"href":"https:\/\/dasgrasshop.com\/pt\/wp-json\/wp\/v2\/product_brand?post=2056"},{"taxonomy":"product_cat","embeddable":true,"href":"https:\/\/dasgrasshop.com\/pt\/wp-json\/wp\/v2\/product_cat?post=2056"},{"taxonomy":"product_tag","embeddable":true,"href":"https:\/\/dasgrasshop.com\/pt\/wp-json\/wp\/v2\/product_tag?post=2056"}],"curies":[{"name":"wp","href":"https:\/\/api.w.org\/{rel}","templated":true}]}}