{"id":2062,"date":"2022-03-07T14:56:07","date_gmt":"2022-03-07T14:56:07","guid":{"rendered":"https:\/\/dasgrasshop.com\/?post_type=product&#038;p=2062"},"modified":"2022-12-12T14:35:01","modified_gmt":"2022-12-12T14:35:01","slug":"northern-lights","status":"publish","type":"product","link":"https:\/\/dasgrasshop.com\/pt\/product\/luzes-do-norte\/","title":{"rendered":"Luzes do Norte"},"content":{"rendered":"<p>Estirpe Northern Lights Indica<br \/>\nAlgumas variedades s\u00e3o simplesmente famosas; a Northern Lights (Afghanica), no entanto, alcan\u00e7ou um estatuto lend\u00e1rio.<\/p>\n<p>Se \u00e9 um utilizador regular de can\u00e1bis, h\u00e1 uma boa hip\u00f3tese de ter experimentado ou a Northern Lights. Ou uma das estirpes irm\u00e3s da estirpe, como por exemplo: Sour Diesel e Shiva Skunk, para citar alguns. A linhagem exacta e a hist\u00f3ria da Northern Lights est\u00e1 envolta em mist\u00e9rio e pode perder-se para sempre.<\/p>\n<p>A teoria dominante \u00e9 que a variedade teve origem no Noroeste do Pac\u00edfico e tem poucos adeptos. Em seguida, seguiu para a Holanda, onde os dois melhores fen\u00f3tipos foram cruzados (Northern Lights #5 x Northern Lights #2). NL #5 assumiu o papel mais importante na cruz porque NL #5 aumenta a pot\u00eancia e encurta o tempo de flora\u00e7\u00e3o. NL #2 d\u00e1 \u00e0 estirpe o fant\u00e1stico sabor e cheiro e contribui para a pot\u00eancia e for\u00e7a geral da alta. Al\u00e9m disso, NL #2 \u00e9 uma planta mais resistente a bolores e pragas do que outros fen\u00f3tipos.<\/p>\n<p>Aspecto e cheiro das Luzes do Norte<br \/>\nEsta variedade era bonita de se ver, tanto de perto como de longe. O oitavo esp\u00e9cime que recebi para este teste tinha a forma de um grande nug, cortado com arte. Mostrou todo o \"funcionamento interno\" do rebento, deixando ainda uma quantidade perfeita de material foliar para parecer natural. A colora\u00e7\u00e3o era muito brilhante em geral com verdes crocantes e pistilos quase dourados.<\/p>\n<p>Northern Lights apresenta-se com bot\u00f5es compactos e densos cobertos por uma cobertura de tricromos branco prateado, muitas vezes separados por alguns cent\u00edmetros de caule, fazendo com que o corte seja uma brisa e proporcionando um excelente rendimento. Embora os bot\u00f5es sejam densos e espessos (estrutura indica t\u00edpica), n\u00e3o s\u00e3o t\u00e3o impenetr\u00e1veis que a podrid\u00e3o dos bot\u00f5es seja um grande problema - o que pode ser um grande problema com muitas estirpes indica - tornando a Northern Lights uma boa indica que pode ser cultivada em ambientes h\u00famidos.<\/p>\n<p>O aroma \u00e9 um cheiro fresco, herb\u00e1ceo e ligeiramente desnatado \u00e0 dist\u00e2ncia que se transforma num aroma complexo, doce de pinheiro-citrino com notas de eucalipto quando as flores s\u00e3o esmagadas. Quando esmagado, o aroma torna-se ainda mais acentuado e assume uma qualidade almiscarada c\u00edtrica que lembra a casca de laranja queimada misturada com um pouco de pinheiro.<\/p>\n<p>O fumo<br \/>\nLigeiramente doce e c\u00edtrico na inala\u00e7\u00e3o, mais rosado e almiscarado na exala\u00e7\u00e3o. A estirpe Northern Lights tinha definitivamente o sabor que cheirava, embora fosse ligeiramente menos pungente em geral. O fumo e o sabor tinham uma qualidade suave que pode ser melhor descrita como \"amanteigado\", mas tamb\u00e9m tinham elementos de expans\u00e3o que causavam tosse em folhados maiores. Vaporizar o rebento ajudaria provavelmente a aliviar esta situa\u00e7\u00e3o. A experi\u00eancia suave com reten\u00e7\u00e3o de sabor s\u00f3lido a cada batida, a tigela acabou por se tornar num cinzento muito claro. Cinzas quase brancas, mostrando que o cultivador tinha feito um \"flush\" mais forte.<\/p>\n<p>Alguns dizem que esta \u00e9 uma estirpe \"creeper\", mas para mim o efeito teve sentimentos imediatos de euforia e efeitos cerebrais fortes quase esmagadores - e isso foi apenas o primeiro incha\u00e7o. Depois de mais umas passas para acompanhar o intenso indica alto, desenvolve-se uma sensa\u00e7\u00e3o muito agrad\u00e1vel e calmante de bem-estar e felicidade.<\/p>\n<p>Total<br \/>\nEm suma, Northern Lights \u00e9 um grande exemplo de gen\u00e9tica da velha guarda animada por modernas t\u00e9cnicas de cultivo. A vigorosa estrutura de bot\u00f5es indica-dominante com os seus tricromos de cabe\u00e7a grossa. E uma variedade de cores brilhantes era maravilhosa de admirar, tornando quase dif\u00edcil fumar tanta beleza. (eu disse quase.)<\/p>\n<p>Embora o cheiro e o gosto excedessem as expectativas, o dom\u00ednio da indica era definitivamente percept\u00edvel. Embora tecnicamente um h\u00edbrido, a maioria considera esta estirpe uma indica, com uma raz\u00e3o de 95% indica e 5% sativa. Isto, por sua vez, torna a tens\u00e3o um pouco pesada para as opera\u00e7\u00f5es diurnas. Recomendado para fumadores moderados a experientes. Principalmente como indica de noite ou ap\u00f3s o trabalho, quando \u00e9 desejado um forte relaxamento.<\/p>\n<p>A alta dura tipicamente 2-3 horas e a tens\u00e3o de Northern Lights provou tratar o stress, ansiedade e nervosismo. Tamb\u00e9m para s\u00edndrome do c\u00f3lon irrit\u00e1vel, n\u00e1useas, depress\u00e3o, dores cr\u00f3nicas, dores nas costas, artrite e outros problemas relacionados com o corpo. Tamb\u00e9m o achei muito \u00fatil para problemas de ins\u00f3nia e esta estirpe \u00e9 agora a minha primeira escolha em noites sem dormir.<\/p>\n<p>A \u00fanica desvantagem da Northern Lights \u00e9 que a variedade original \u00e9 muito rara de encontrar. A maioria dos dispens\u00e1rios n\u00e3o vendem a verdadeira variedade, mas sim h\u00edbridos, mas n\u00e3o as verdadeiras Luzes do Norte. Por isso fa\u00e7a os seus trabalhos de casa, fale com pessoas respeit\u00e1veis, e garanta este cl\u00e1ssico! Contacte-nos<\/p>\n<p>&nbsp;<\/p>\n<p>comprar erva daninha online nos estados unidos, comprar erva daninha online no reino unido, comprar erva daninha online na irlanda, comprar erva daninha online na su\u00ed\u00e7a, comprar erva daninha online na austr\u00e1lia, comprar erva daninha online na it\u00e1lia, comprar erva daninha online na dinamarca, comprar erva daninha online na uni\u00e3o europeia, comprar erva daninha online em fran\u00e7a, comprar erva daninha online<\/p>","protected":false},"excerpt":{"rendered":"<p>Estirpe Northern Lights Indica Algumas estirpes s\u00e3o simplesmente famosas; no entanto, Northern Lights (Afghanica) alcan\u00e7ou um estatuto lend\u00e1rio. Se for um utilizador regular de can\u00e1bis, h\u00e1 uma boa hip\u00f3tese de ter experimentado a Northern Lights. Ou uma das estirpes irm\u00e3s da estirpe, como por exemplo: Sour Diesel e Shiva Skunk, para citar algumas. A [...]<\/p>","protected":false},"featured_media":2063,"comment_status":"open","ping_status":"closed","template":"","meta":[],"product_brand":[],"product_cat":[20],"product_tag":[29,32,33,27,34,30,28,31,35,36],"class_list":{"0":"post-2062","1":"product","2":"type-product","3":"status-publish","4":"has-post-thumbnail","6":"product_cat-exotische-weed-aromen-kaufen","7":"product_tag-cannabis-kaufen","8":"product_tag-cannabis-online-kaufen","9":"product_tag-gras-bestellen","10":"product_tag-gras-kaufen","11":"product_tag-gras-online-kaufen","12":"product_tag-marihuana-kaufen","13":"product_tag-thc-kaufen","14":"product_tag-weed-kaufen","15":"product_tag-weed-online-bestellen","16":"product_tag-weed-online-kaufen","18":"first","19":"instock","20":"shipping-taxable","21":"purchasable","22":"product-type-variable"},"_links":{"self":[{"href":"https:\/\/dasgrasshop.com\/pt\/wp-json\/wp\/v2\/product\/2062","targetHints":{"allow":["GET"]}}],"collection":[{"href":"https:\/\/dasgrasshop.com\/pt\/wp-json\/wp\/v2\/product"}],"about":[{"href":"https:\/\/dasgrasshop.com\/pt\/wp-json\/wp\/v2\/types\/product"}],"replies":[{"embeddable":true,"href":"https:\/\/dasgrasshop.com\/pt\/wp-json\/wp\/v2\/comments?post=2062"}],"wp:featuredmedia":[{"embeddable":true,"href":"https:\/\/dasgrasshop.com\/pt\/wp-json\/wp\/v2\/media\/2063"}],"wp:attachment":[{"href":"https:\/\/dasgrasshop.com\/pt\/wp-json\/wp\/v2\/media?parent=2062"}],"wp:term":[{"taxonomy":"product_brand","embeddable":true,"href":"https:\/\/dasgrasshop.com\/pt\/wp-json\/wp\/v2\/product_brand?post=2062"},{"taxonomy":"product_cat","embeddable":true,"href":"https:\/\/dasgrasshop.com\/pt\/wp-json\/wp\/v2\/product_cat?post=2062"},{"taxonomy":"product_tag","embeddable":true,"href":"https:\/\/dasgrasshop.com\/pt\/wp-json\/wp\/v2\/product_tag?post=2062"}],"curies":[{"name":"wp","href":"https:\/\/api.w.org\/{rel}","templated":true}]}}