{"id":2068,"date":"2022-03-07T15:03:57","date_gmt":"2022-03-07T15:03:57","guid":{"rendered":"https:\/\/dasgrasshop.com\/?post_type=product&#038;p=2068"},"modified":"2022-07-31T00:08:33","modified_gmt":"2022-07-31T00:08:33","slug":"runtz-gras-kaufen","status":"publish","type":"product","link":"https:\/\/dasgrasshop.com\/pt\/product\/runtz-gras-kaufen\/","title":{"rendered":"Comprar relva Runtz"},"content":{"rendered":"<p>Runtz Strain temos runtz branco para venda, variedade white runtz, variedade exotic runtz, variedade gruntz, variedade vlone runtz, variedade runtz can\u00e1bis Runtz Clique aqui para ver todas as variedades de runtz para venda no nosso website<br \/>\nH\u00edbrido - 50% Sativa \/50% Indica#<br \/>\nTHC: 23% - 24%<br \/>\nComprar Runtz Weed Strain Alemanha<br \/>\nComprar Runtz Weed Strain Europe<\/p>\n<p>Runtz Weed \u00e9 uma variedade de cannabis fresca de Los Angeles, com um perfil terpeno que a maioria descreveria como do\u00e7ura. Contudo, o Runtz como variedade tem um n\u00famero incrivelmente diversificado de fen\u00f3tipos que podem afectar drasticamente os dados, tornando quase imposs\u00edvel dizer se o Runtz \u00e9 uma sativa ou uma h\u00edbrida indica, pois diferentes fen\u00f3tipos acabam por se inclinar em direc\u00e7\u00f5es diferentes.<\/p>\n<p>Isto tamb\u00e9m se aplica ao conte\u00fado de THC e CBD, que \u00e9 testado por cultivo e n\u00e3o est\u00e1 dispon\u00edvel na Internet neste momento.<\/p>\n<p>Medical Runtz Weed para uso recreativo comprar online Alemanha<br \/>\nRuntz \u00e9 uma variedade de can\u00e1bis fresca de L.A., com um perfil terpeno que a maioria descreveria como do\u00e7ura.<br \/>\nContudo, Runtz como variedade tem um conjunto incrivelmente diversificado de fen\u00f3tipos que podem afectar drasticamente os seus dados.<br \/>\nIsto tamb\u00e9m se aplica ao conte\u00fado de THC e CBD, que \u00e9 testado por cultivo e n\u00e3o est\u00e1 dispon\u00edvel na Internet neste momento.<br \/>\n\u00c9 uma variedade popular entre os fumadores de can\u00e1bis que est\u00e3o interessados na cultura e publicidade por detr\u00e1s das embalagens de produtos de can\u00e1bis.<br \/>\nQuando devidamente secos e curados, os utilizadores podem ver cores para al\u00e9m do verde no rebento.<br \/>\nOs bot\u00f5es densos de Runtz apresentam frequentemente uma paleta de cores vibrantes que v\u00e3o do azul e p\u00farpura ao verde escuro e laranjas brilhantes.<br \/>\nPortanto, \u00e9 quase imposs\u00edvel dizer se o Runtz \u00e9 um h\u00edbrido Sativa ou Indica.<br \/>\n\u00c9 uma variedade incrivelmente dif\u00edcil de encontrar, vendida quase exclusivamente a partir de Los Angeles.<br \/>\nH\u00e1 pouca ou nenhuma informa\u00e7\u00e3o sobre Runtz na Internet.<br \/>\nMuitos escrevem que esta estirpe \u00e9 boa para aliviar o stress, a ansiedade e a dor cr\u00f3nica.<br \/>\nSentir-se-\u00e1 provavelmente euf\u00f3rico e feliz, mas n\u00e3o o suficiente para deixar a casa.<\/p>\n<p>Comprar erva branca Runtz. White Runtz Weed \u00e9 uma estirpe h\u00edbrida equilibrada (50% Indica\/50% Sativa), criada pelo cruzamento das cl\u00e1ssicas estirpes Zkittlez X Gelato. Conhecida pelo seu sabor super delicioso e alta de longa dura\u00e7\u00e3o, a White Runtz \u00e9 perfeita para qualquer amante de h\u00edbridos. Esta estirpe White Runtz tem um sabor como o nome sugere - rebu\u00e7ados de fruta doce e azeda com uma ligeira pitada de citrinos. O aroma \u00e9 tamb\u00e9m muito semelhante, com um tom de terra de citrinos acentuado por frutos doces frescos. Da mesma forma, o alto da variedade de White Runtz Weed \u00e9 t\u00e3o delicioso como o sabor. Cepa de can\u00e1bis Runtz, o que \u00e9 cepa runtz, cepa runtz rosa, cepa roxa runtz, cepa vlone runtz, white runtz ,Alemanha Uk , EUA, Europa, Onde, onlinne,<\/p>\n<p>Quanto a outra estirpe de Runtz chamada White Runtz, a sua origem tamb\u00e9m n\u00e3o \u00e9 clara. Pode ser outro fen\u00f3tipo do Runtz, uma vez que tem uma quantidade compar\u00e1vel de THC, embora outros afirmem que \u00e9 um produto da colabora\u00e7\u00e3o entre o Runtz e os Cookies. Os bot\u00f5es desta variedade s\u00e3o geralmente roxos e verdes. O Runtz branco \u00e9 uma estirpe indica-dominante, o que significa que embora possa querer mudar-se no in\u00edcio, n\u00e3o \u00e9 a melhor ideia deixar a casa. Actualmente, \u00e9 uma das variedades de can\u00e1bis mais populares na Calif\u00f3rnia, por isso n\u00e3o \u00e9 raro encontrar erva daninha rotulada como White Runtz que n\u00e3o tem nenhuma das suas caracter\u00edsticas.<\/p>\n<p>Cultivo da variedade Runtz<\/p>\n<p>Uma planta de can\u00e1bis criada a partir da sua origem vem em dois tipos, um macho e uma f\u00eamea. O White Runtz \u00e9 um produto especial que \u00e9 criado quando o macho fertiliza a f\u00eamea. Isto produz algo chamado \"h\u00edbrido\" porque cont\u00e9m as caracter\u00edsticas tanto da planta f\u00eamea como da macho. Onde em tempos foi a variedade mais quente no mercado, agora \u00e9 apenas um raro e suave trope\u00e7ador.<br \/>\nEfeitos da variedade Runtz<br \/>\nEste produto \u00fanico tem o maior efeito no stress e f\u00e1-lo desaparecer como nunca antes. Da retirada dos sentimentos sombrios de desespero e frustra\u00e7\u00e3o, vem com a sensa\u00e7\u00e3o subtil de puro \u00eaxtase, felicidade, positividade e paz.<br \/>\nFornecemos e uma boa selec\u00e7\u00e3o a retalho de variedade de erva branca runtz White Kuntz, White runtz, Buy Pink runtz strain online, imagens da variedade branca runtz, pre\u00e7o runtz rosa, gen\u00e9tica da variedade branca runtz<\/p>\n<p>quanto \u00e9 um quilo de runtz, Encomendar online estirpe de runtz cor-de-rosa, Erva branca runtz para venda, Comprar online erva branca runtz. Onde comprar erva branca runtz, Estirpe ex\u00f3tica runtz, Estirpe Runtz<\/p>\n<p>estirpe vlone runtz, piadas para sacos runtz, branco runtz indica ou sativa, branco runtz leafy, gruntz de estirpe runtz, revis\u00e3o de estirpe branca runtz, biscoitos gruntz, sacos mylar runtz brancos, roxo granddaddy<\/p>\n<p>gruntz strain, gruntz strain uk, sunset runtz, ice cream cake strain, runtz latas para venda, comprar \u00f3leo de cbd online, comprar latas de bot\u00f5es inteligentes online ,<\/p>\n<p>tribo runtz branca referir kewords<br \/>\nquanto \u00e9 um quilo de runtz branco, quanto \u00e9 white runtz, white runtz kush, white runtz og, website runtz, carrinhos runtz, biscoitos runtz, runtz havaiano, sundae tens\u00e3o do condutor para venda, onde posso obter <a href=\"https:\/\/deligentman.com\/\" target=\"_blank\" rel=\"noopener\">Jungle Boys Weed<\/a> encontrar em linha<\/p>\n<p>&nbsp;<\/p>","protected":false},"excerpt":{"rendered":"<p>Runtz Strain haben wir wei\u00df Runtz zum Verkauf, wei\u00df runtz Stamm, exotische runtz Stamm, gruntz Stamm, vlone runtz Stamm, Runtz Cannabis Stamm Klicken Sie hier, um alle runts St\u00e4mme zum Verkauf auf unserer Website sehen Hybrid &#8211; 50% Sativa \/50% Indica# THC: 23% &#8211; 24% Kaufen Runtz weed Strain Germany Kaufen Runtz weed Strain Europe [&hellip;]<\/p>","protected":false},"featured_media":2069,"comment_status":"open","ping_status":"closed","template":"","meta":[],"product_brand":[],"product_cat":[20],"product_tag":[],"class_list":{"0":"post-2068","1":"product","2":"type-product","3":"status-publish","4":"has-post-thumbnail","6":"product_cat-exotische-weed-aromen-kaufen","8":"first","9":"instock","10":"shipping-taxable","11":"purchasable","12":"product-type-variable"},"_links":{"self":[{"href":"https:\/\/dasgrasshop.com\/pt\/wp-json\/wp\/v2\/product\/2068","targetHints":{"allow":["GET"]}}],"collection":[{"href":"https:\/\/dasgrasshop.com\/pt\/wp-json\/wp\/v2\/product"}],"about":[{"href":"https:\/\/dasgrasshop.com\/pt\/wp-json\/wp\/v2\/types\/product"}],"replies":[{"embeddable":true,"href":"https:\/\/dasgrasshop.com\/pt\/wp-json\/wp\/v2\/comments?post=2068"}],"wp:featuredmedia":[{"embeddable":true,"href":"https:\/\/dasgrasshop.com\/pt\/wp-json\/wp\/v2\/media\/2069"}],"wp:attachment":[{"href":"https:\/\/dasgrasshop.com\/pt\/wp-json\/wp\/v2\/media?parent=2068"}],"wp:term":[{"taxonomy":"product_brand","embeddable":true,"href":"https:\/\/dasgrasshop.com\/pt\/wp-json\/wp\/v2\/product_brand?post=2068"},{"taxonomy":"product_cat","embeddable":true,"href":"https:\/\/dasgrasshop.com\/pt\/wp-json\/wp\/v2\/product_cat?post=2068"},{"taxonomy":"product_tag","embeddable":true,"href":"https:\/\/dasgrasshop.com\/pt\/wp-json\/wp\/v2\/product_tag?post=2068"}],"curies":[{"name":"wp","href":"https:\/\/api.w.org\/{rel}","templated":true}]}}