{"id":2075,"date":"2022-03-07T15:12:25","date_gmt":"2022-03-07T15:12:25","guid":{"rendered":"https:\/\/dasgrasshop.com\/?post_type=product&#038;p=2075"},"modified":"2022-03-07T15:15:06","modified_gmt":"2022-03-07T15:15:06","slug":"grand-daddy-purple","status":"publish","type":"product","link":"https:\/\/dasgrasshop.com\/pt\/product\/bisavo-purpura\/","title":{"rendered":"Grand Daddy Purple"},"content":{"rendered":"<p>Grand daddy roxo para venda<br \/>\nFinalmente, um indicativo para falar! Antes de Cookies ser a variedade \"it\", havia o Grand Daddy Purple \u00e0 venda (GDP), que dominou a comunidade da can\u00e1bis durante mais de 5 anos. Isso \u00e9 que \u00e9 uma s\u00e9rie de t\u00edtulos! Ela \u00e9 inegavelmente a mais famosa de todas as estirpes de P\u00farpura. F\u00e1cil de encontrar e f\u00e1cil de cultivar, esta estirpe \u00e9 um grampo na cena da erva daninha e vai continuar a voltar para mais.<\/p>\n<p>Apar\u00eancia e cheiro<\/p>\n<p>Os bot\u00f5es do Grand Daddy Purple para venda s\u00e3o um verde incrivelmente denso que adquire tonalidades roxas profundas \u00e0 medida que a planta amadurece, correndo atrav\u00e9s dos bot\u00f5es (n\u00e3o apenas no exterior). Os p\u00ealos alaranjados brilhantes s\u00e3o abundantes e proporcionam um contraste agrad\u00e1vel com as outras cores que adornam os bot\u00f5es revestidos de resina. O cheiro \u00e9 simples, e isto pode ser um pouco clich\u00e9, mas cheira realmente a uvas.<\/p>\n<p>O fumo<\/p>\n<p>Na minha vida anterior, cresci esta variedade durante muitos anos. Posso facilmente identificar o PIB apenas pelo sabor. Mais uma vez, o aroma predominante \u00e9 um sabor de uva distinto. Este sabor tende a permanecer na l\u00edngua durante um longo per\u00edodo de tempo. O efeito \u00e9 duradouro (3-4 horas) com uma sensa\u00e7\u00e3o suave e uniforme. Rem\u00e9dio espantoso para terminar a sua noite num derretimento profundo do corpo. Estirpe p\u00farpura do Grand Daddy para venda contacte-nos agora<\/p>\n<p>Total<\/p>\n<p>Penso sempre no Grand Daddy Purple como uma estirpe nocturna. Embora n\u00e3o seja a estirpe Indica mais forte, posso pensar em muitas outras estirpes que s\u00e3o melhores para uso diurno. Para al\u00e9m disso, o PIB \u00e9 considerado uma das melhores estirpes \"medicinais\". Isto e as propriedades que aumentam o apetite tornam-no um favorito entre os pacientes que lutam com os efeitos secund\u00e1rios da quimioterapia. O PIB tamb\u00e9m \u00e9 \u00f3ptimo para problemas de ins\u00f3nia. O PIB parece estar em todo o lado agora, por isso se a encontrar, n\u00e3o perca a sua oportunidade de participar nesta lend\u00e1ria estirpe.<\/p>","protected":false},"excerpt":{"rendered":"<p>Grand daddy roxo para venda Finalmente, um indicativo para falar! Antes de Cookies ser a estirpe \"it\", havia o Grand Daddy Purple \u00e0 venda (GDP) que governou a comunidade da can\u00e1bis durante mais de 5 anos. Isso \u00e9 que \u00e9 uma s\u00e9rie de t\u00edtulos! \u00c9 inegavelmente a mais famosa de todas as linhagens de Purple. Esta estirpe f\u00e1cil de encontrar e f\u00e1cil de cultivar \u00e9 [...]<\/p>","protected":false},"featured_media":2076,"comment_status":"open","ping_status":"closed","template":"","meta":[],"product_brand":[],"product_cat":[20],"product_tag":[29,32,33,27,34,30,28,31,35,36],"class_list":{"0":"post-2075","1":"product","2":"type-product","3":"status-publish","4":"has-post-thumbnail","6":"product_cat-exotische-weed-aromen-kaufen","7":"product_tag-cannabis-kaufen","8":"product_tag-cannabis-online-kaufen","9":"product_tag-gras-bestellen","10":"product_tag-gras-kaufen","11":"product_tag-gras-online-kaufen","12":"product_tag-marihuana-kaufen","13":"product_tag-thc-kaufen","14":"product_tag-weed-kaufen","15":"product_tag-weed-online-bestellen","16":"product_tag-weed-online-kaufen","18":"first","19":"instock","20":"shipping-taxable","21":"purchasable","22":"product-type-variable"},"_links":{"self":[{"href":"https:\/\/dasgrasshop.com\/pt\/wp-json\/wp\/v2\/product\/2075","targetHints":{"allow":["GET"]}}],"collection":[{"href":"https:\/\/dasgrasshop.com\/pt\/wp-json\/wp\/v2\/product"}],"about":[{"href":"https:\/\/dasgrasshop.com\/pt\/wp-json\/wp\/v2\/types\/product"}],"replies":[{"embeddable":true,"href":"https:\/\/dasgrasshop.com\/pt\/wp-json\/wp\/v2\/comments?post=2075"}],"wp:featuredmedia":[{"embeddable":true,"href":"https:\/\/dasgrasshop.com\/pt\/wp-json\/wp\/v2\/media\/2076"}],"wp:attachment":[{"href":"https:\/\/dasgrasshop.com\/pt\/wp-json\/wp\/v2\/media?parent=2075"}],"wp:term":[{"taxonomy":"product_brand","embeddable":true,"href":"https:\/\/dasgrasshop.com\/pt\/wp-json\/wp\/v2\/product_brand?post=2075"},{"taxonomy":"product_cat","embeddable":true,"href":"https:\/\/dasgrasshop.com\/pt\/wp-json\/wp\/v2\/product_cat?post=2075"},{"taxonomy":"product_tag","embeddable":true,"href":"https:\/\/dasgrasshop.com\/pt\/wp-json\/wp\/v2\/product_tag?post=2075"}],"curies":[{"name":"wp","href":"https:\/\/api.w.org\/{rel}","templated":true}]}}