{"id":2082,"date":"2022-03-07T20:47:01","date_gmt":"2022-03-07T20:47:01","guid":{"rendered":"https:\/\/dasgrasshop.com\/?post_type=product&#038;p=2082"},"modified":"2023-05-10T00:02:56","modified_gmt":"2023-05-10T00:02:56","slug":"pineapple-express","status":"publish","type":"product","link":"https:\/\/dasgrasshop.com\/pt\/product\/ananas-expresso\/","title":{"rendered":"Pineapple Express"},"content":{"rendered":"<h2>Comprar Pineapple Express online na melhor farm\u00e1cia online.<\/h2>\n<p>O Pineapple Express para venda na Alemanha, Aust e Su\u00ed\u00e7a pode ser adquirido a pre\u00e7os acess\u00edveis em Unkrautmarkt.com hoje. Toda a nossa equipa de vendedores e fornecedores est\u00e1 dispon\u00edvel 24\/7 para o ajudar a comprar o Pineapple Express online. Somos uma farm\u00e1cia online experiente que compreende os seus clientes. Aqui pode comprar os melhores produtos. Encomende agora Pineapple Express Alemanha, \u00c1ustria e Su\u00ed\u00e7a!<\/p>\n<h3>Quais s\u00e3o as caracter\u00edsticas do Pineapple Express?<\/h3>\n<p>Pineapple Express \u00e9 o resultado de um cruzamento entre o Trainwreck e o Hawaiian. \u00c9 um bot\u00e3o tropical. Produz um fumo suave e doce que \u00e9 suficiente para os fumadores ficarem pedrados. \u00c9 uma forte tens\u00e3o que se tornou muito popular no mercado online dos EUA, Reino Unido, Canad\u00e1, Alemanha e Austr\u00e1lia. O teor de THC desta estirpe \u00e9 geralmente superior a 24%. Cheira a banca de fruta. Os bot\u00f5es do Pineapple Express s\u00e3o em forma de azeitona e de rocha. T\u00eam o sabor de uma fatia de anan\u00e1s fresco. A sua pequena lista de tarefas pode ser feita em pouco tempo com esta variedade. Pode cultivar esta planta tanto no exterior como no interior. A flora\u00e7\u00e3o leva cerca de 7-8 semanas.<\/p>\n<ul>\n<li>O sabor \u00e9 super forte.<\/li>\n<li>O seu zumbido \u00e9 poderoso.<\/li>\n<li>D\u00e1-lhe a sensa\u00e7\u00e3o de flutuar atrav\u00e9s do ar.<\/li>\n<li>Produz um ligeiro entorpecimento e uma alta intoxicante e feliz.<\/li>\n<li>Torna os utilizadores criativos e faladores.<\/li>\n<li>Ajuda a concentrar e a ser produtivo.<\/li>\n<li>\u00c9 \u00fatil para pessoas que sofrem de ansiedade, fadiga, depress\u00e3o, stress cr\u00f3nico e inquietude geral.<\/li>\n<li>Tem tamb\u00e9m algumas propriedades calmantes menores.<\/li>\n<\/ul>\n<h3>Como posso encomendar o Pineapple Express online?<\/h3>\n<p>Se quiser encomendar Pineapple Express online na Alemanha, \u00c1ustria e Su\u00ed\u00e7a, escolha Unkrautmarkt.com. Embalaremos a sua encomenda de forma segura e envi\u00e1-la-emos para o seu local especificado. N\u00e3o haver\u00e1 atrasos da nossa parte. Ligue agora!<\/p>","protected":false},"excerpt":{"rendered":"<p>O Pineapple Express cont\u00e9m 20.1% THC e pode faz\u00ea-lo sentir-se animado, alerta e criativo.<\/p>","protected":false},"featured_media":2083,"comment_status":"open","ping_status":"closed","template":"","meta":[],"product_brand":[],"product_cat":[20],"product_tag":[29,32,33,27,34,30,28,31,35,36],"class_list":{"0":"post-2082","1":"product","2":"type-product","3":"status-publish","4":"has-post-thumbnail","6":"product_cat-exotische-weed-aromen-kaufen","7":"product_tag-cannabis-kaufen","8":"product_tag-cannabis-online-kaufen","9":"product_tag-gras-bestellen","10":"product_tag-gras-kaufen","11":"product_tag-gras-online-kaufen","12":"product_tag-marihuana-kaufen","13":"product_tag-thc-kaufen","14":"product_tag-weed-kaufen","15":"product_tag-weed-online-bestellen","16":"product_tag-weed-online-kaufen","18":"first","19":"instock","20":"shipping-taxable","21":"purchasable","22":"product-type-variable"},"_links":{"self":[{"href":"https:\/\/dasgrasshop.com\/pt\/wp-json\/wp\/v2\/product\/2082","targetHints":{"allow":["GET"]}}],"collection":[{"href":"https:\/\/dasgrasshop.com\/pt\/wp-json\/wp\/v2\/product"}],"about":[{"href":"https:\/\/dasgrasshop.com\/pt\/wp-json\/wp\/v2\/types\/product"}],"replies":[{"embeddable":true,"href":"https:\/\/dasgrasshop.com\/pt\/wp-json\/wp\/v2\/comments?post=2082"}],"wp:featuredmedia":[{"embeddable":true,"href":"https:\/\/dasgrasshop.com\/pt\/wp-json\/wp\/v2\/media\/2083"}],"wp:attachment":[{"href":"https:\/\/dasgrasshop.com\/pt\/wp-json\/wp\/v2\/media?parent=2082"}],"wp:term":[{"taxonomy":"product_brand","embeddable":true,"href":"https:\/\/dasgrasshop.com\/pt\/wp-json\/wp\/v2\/product_brand?post=2082"},{"taxonomy":"product_cat","embeddable":true,"href":"https:\/\/dasgrasshop.com\/pt\/wp-json\/wp\/v2\/product_cat?post=2082"},{"taxonomy":"product_tag","embeddable":true,"href":"https:\/\/dasgrasshop.com\/pt\/wp-json\/wp\/v2\/product_tag?post=2082"}],"curies":[{"name":"wp","href":"https:\/\/api.w.org\/{rel}","templated":true}]}}