{"id":2133,"date":"2022-05-24T17:29:49","date_gmt":"2022-05-24T17:29:49","guid":{"rendered":"https:\/\/dasgrasshop.com\/?post_type=product&#038;p=2133"},"modified":"2022-06-23T17:17:38","modified_gmt":"2022-06-23T17:17:38","slug":"kaufen-sie-afghanisches-schwarzes-haschisch","status":"publish","type":"product","link":"https:\/\/dasgrasshop.com\/pt\/product\/buy-afghan-black-hashish\/","title":{"rendered":"Comprar Afghan Black Hashish"},"content":{"rendered":"<p>Comprar Afghan Black Hashish<\/p>\n<p>O Afghan Black Hash \u00e9 uma estirpe indica-dominante complexa com efeitos euf\u00f3ricos e relaxantes. As flores desenvolvem-se como jade, colas de pinheiro com folhas verdes escuras, quase pretas de a\u00e7\u00facar. O perfil do terpeno negro afeg\u00e3o \u00e9 uma mistura arom\u00e1tica de pimenta, terra e salva envolta em bagas escuras, aludindo aos efeitos cerebrais e f\u00edsicos da estirpe. O alto e edificante desta estirpe e os efeitos f\u00edsicos relaxantes e indutores de bebedeira tornam-na perfeita para uma tarde pregui\u00e7osa.<\/p>\n<p>Comprar Afghan Black Hash online. O Afghan Black Hash \u00e9 um clone do haxixe negro. \u00c9 um crime mundial com uma milha de largura e ser\u00e1 uma pris\u00e3o para sempre. N\u00e3o cont\u00e9m THC, canabin\u00f3ides sint\u00e9ticos ou v\u00e1rios compostos qu\u00edmicos (como JWH-018, JWH-073, JWH-250, AM-2209 e muitos mais). \u00c9 provavelmente o haxixe prisional mais excepcional do mercado. Utilizamos as melhores subst\u00e2ncias herbais de qualidade alimentar. Parece haxixe, cheira a haxixe e tem um excelente sabor. O haxixe negro afeg\u00e3o distingue-se mais eficazmente dos nossos outros produtos pela sua cor. Se n\u00e3o conhece os nossos produtos, compre uma amostra de PC. Primeiro, o envio \u00e9 gratuito. Compre um extra da nossa mercadoria de hash criminosa e a taxa pode ser mais baixa.<\/p>\n<p>&nbsp;<\/p>\n<p>Comprar haxixe negro afeg\u00e3o online - comprar haxixe negro, <a href=\"https:\/\/dasgrasshop.com\/pt\/\">comprar<\/a> Voc\u00ea haxixe negro online, onde comprar haxixe negro afghan, haxixe negro afghan para venda, haxixe negro para venda, comprar haxixe online, <a href=\"https:\/\/cannahome.net\/\" target=\"_blank\" rel=\"noopener\">cannahome.net<\/a> onde comprar hash preto online para comprar afghan hash preto online. entrega segura afghan haxixe preto<\/p>","protected":false},"excerpt":{"rendered":"<p>30 gramas<\/p>\n<p>Discreto Service\u2714 100 % Devolu\u00e7\u00e3o do dinheiro Guarantee\u2714 Entrega com Tracking\u2714. 100 % Cliente Satisfaction\u2714. Gr\u00e1tis 5g de 5 variedades diferentes para compradores de primeira viagem<\/p>","protected":false},"featured_media":2134,"comment_status":"open","ping_status":"closed","template":"","meta":[],"product_brand":[],"product_cat":[19],"product_tag":[37,38],"class_list":{"0":"post-2133","1":"product","2":"type-product","3":"status-publish","4":"has-post-thumbnail","6":"product_cat-haschisch-online-kaufen","7":"product_tag-haschisch-online-kaufen","8":"product_tag-kaufen-sie-afghanisches-schwarzes-haschisch","10":"first","11":"instock","12":"sale","13":"featured","14":"shipping-taxable","15":"purchasable","16":"product-type-simple"},"_links":{"self":[{"href":"https:\/\/dasgrasshop.com\/pt\/wp-json\/wp\/v2\/product\/2133","targetHints":{"allow":["GET"]}}],"collection":[{"href":"https:\/\/dasgrasshop.com\/pt\/wp-json\/wp\/v2\/product"}],"about":[{"href":"https:\/\/dasgrasshop.com\/pt\/wp-json\/wp\/v2\/types\/product"}],"replies":[{"embeddable":true,"href":"https:\/\/dasgrasshop.com\/pt\/wp-json\/wp\/v2\/comments?post=2133"}],"wp:featuredmedia":[{"embeddable":true,"href":"https:\/\/dasgrasshop.com\/pt\/wp-json\/wp\/v2\/media\/2134"}],"wp:attachment":[{"href":"https:\/\/dasgrasshop.com\/pt\/wp-json\/wp\/v2\/media?parent=2133"}],"wp:term":[{"taxonomy":"product_brand","embeddable":true,"href":"https:\/\/dasgrasshop.com\/pt\/wp-json\/wp\/v2\/product_brand?post=2133"},{"taxonomy":"product_cat","embeddable":true,"href":"https:\/\/dasgrasshop.com\/pt\/wp-json\/wp\/v2\/product_cat?post=2133"},{"taxonomy":"product_tag","embeddable":true,"href":"https:\/\/dasgrasshop.com\/pt\/wp-json\/wp\/v2\/product_tag?post=2133"}],"curies":[{"name":"wp","href":"https:\/\/api.w.org\/{rel}","templated":true}]}}