{"id":2135,"date":"2022-05-24T18:01:57","date_gmt":"2022-05-24T18:01:57","guid":{"rendered":"https:\/\/dasgrasshop.com\/?post_type=product&#038;p=2135"},"modified":"2022-11-25T22:07:06","modified_gmt":"2022-11-25T22:07:06","slug":"kaufe-marokkanisches-haschisch","status":"publish","type":"product","link":"https:\/\/dasgrasshop.com\/pt\/product\/buy-moroccan-hashish\/","title":{"rendered":"Comprar haxixe marroquino"},"content":{"rendered":"<p>Comprar haxixe marroquino online.<\/p>\n<p>&nbsp;<\/p>\n<p>Comprar Haxixe Marroquino Online A verdadeira origem do haxixe que pode encomendar-nos \u00e9 desconhecida, mas os historiadores concordam que ele foi trazido para Marrocos durante as conquistas isl\u00e2micas, entre os s\u00e9culos XV e XVII. No entanto, muitos s\u00e9culos passaram antes do haxixe ser vendido em massa em todo o mundo, por volta dos anos 60 a 70, a idade de ouro dos hippies.<\/p>\n<p>O haxixe, como \u00e9 conhecido neste pa\u00eds, \u00e9 normalmente consumido com tabaco preto enrolado numa junta. Na regi\u00e3o do Rif, contudo, o consumo de haxixe encomendado faz parte de alguns rituais tradicionais. Em compara\u00e7\u00e3o com outras \u00e1reas de Marrocos, esta regi\u00e3o gozou de privil\u00e9gios relativamente ao cultivo e uso de can\u00e1bis at\u00e9 aos anos 50.<\/p>\n<p>Hoje em dia, milhares de pessoas neste pa\u00eds ganham o seu sustento comprando e vendendo haxixe online. Devido \u00e0s altas temperaturas, esta \u00e1rea \u00e9 ideal para a produ\u00e7\u00e3o de haxixe, porque embora outras esp\u00e9cies vegetais n\u00e3o sobrevivessem l\u00e1, o clima \u00e9 extremamente favor\u00e1vel para plantas infestantes a partir das quais se obt\u00e9m o haxixe.<\/p>\n<p>&nbsp;<\/p>\n<p>comprar haxixe marroquino em linha, ou haxixe marroquino, \u00e9 um produto extra\u00eddo que consiste em prepara\u00e7\u00f5es comprimidas ou purificadas de gl\u00e2ndulas de resina picadas chamadas tricomas da planta de can\u00e1bis. Cont\u00e9m os mesmos ingredientes activos que a marijuana - como o tetrahidrocanabinol (<a href=\"https:\/\/dasgrasshop.com\/pt\/\">THC<\/a>) e outros canabin\u00f3ides - mas muitas vezes em concentra\u00e7\u00f5es mais elevadas do que os bot\u00f5es ou folhas n\u00e3o enxertados a partir dos quais \u00e9 feita a marijuana. O haxixe pode ser s\u00f3lido ou resinoso, dependendo de como \u00e9 preparado; o haxixe prensado \u00e9 geralmente s\u00f3lido, enquanto que o haxixe limpo com \u00e1gua - frequentemente referido como \"haxixe de fus\u00e3o de bolhas\" - \u00e9 frequentemente uma subst\u00e2ncia pastosa com dureza e suavidade vari\u00e1veis; a sua cor, mais comummente claro a castanho escuro, pode variar de transparente a amarelo, castanho, preto ou vermelho. Tudo isto depende do processo e da quantidade de solvente restante.<\/p>\n<p>Neste contexto, os costumes anteriores, rotinas e c\u00f3digos tradicionais de realiza\u00e7\u00e3o, honra, justi\u00e7a e desconfian\u00e7a da autoridade foram transplantados dos distritos de Bruxelas, Amsterd\u00e3o e Antu\u00e9rpia, o que permitiu a estas comunidades aumentar drasticamente especialmente juntamente com a institui\u00e7\u00e3o da rela\u00e7\u00e3o de ajuda juntamente com a Penose holandesa, ent\u00e3o entre muitas das principais organiza\u00e7\u00f5es jur\u00eddicas na Europa. Justificadas ou n\u00e3o, as autoridades belgas e holandesas caracterizaram estas comunidades pelo seu \"isolamento social\" e por uma \"sociedade tribal muito mais agressiva\" que as distinguia de outras comunidades imigrantes.<\/p>\n<p>Comprar haxixe marroquino online: As antigas portas de madeira ou vidro s\u00e3o uma solu\u00e7\u00e3o ecol\u00f3gica para apimentar os espa\u00e7os interiores. Aquecer uma panela de ferro forjado em lume m\u00e9dio. Quando fervilhar, adicionar uma colher de sopa de \u00f3leo de grainha de uva e rodopiar para revestir o fundo da frigideira. Aumentar o calor e temperar a batata com uma pitada de sal e pimenta preta. a principal testemunha no julgamento de Marengo, cujo irm\u00e3o pessoal foi assassinado juntamente com o seu advogado pela organiza\u00e7\u00e3o de Taghi por revelar o seu funcionamento interior. A pessoa suspeita de ter morto De Vries \u00e9 na realidade um parente da pessoa que controla o esquadr\u00e3o de assassinatos de Taghi, o que d\u00e1 \u00e0s autoridades holandesas raz\u00f5es adicionais para acreditar que a organiza\u00e7\u00e3o de Taghi \u00e9 respons\u00e1vel pelo assassinato.<\/p>","protected":false},"excerpt":{"rendered":"<p>30 gramas<\/p>\n<p>Discreto Service\u2714 100 % Devolu\u00e7\u00e3o do dinheiro Guarantee\u2714 Entrega com Tracking\u2714. 100 % Cliente Satisfaction\u2714. Gr\u00e1tis 5g de 5 variedades diferentes para compradores de primeira viagem<\/p>","protected":false},"featured_media":2136,"comment_status":"open","ping_status":"closed","template":"","meta":[],"product_brand":[],"product_cat":[19],"product_tag":[],"class_list":{"0":"post-2135","1":"product","2":"type-product","3":"status-publish","4":"has-post-thumbnail","6":"product_cat-haschisch-online-kaufen","8":"first","9":"instock","10":"sale","11":"shipping-taxable","12":"purchasable","13":"product-type-simple"},"_links":{"self":[{"href":"https:\/\/dasgrasshop.com\/pt\/wp-json\/wp\/v2\/product\/2135","targetHints":{"allow":["GET"]}}],"collection":[{"href":"https:\/\/dasgrasshop.com\/pt\/wp-json\/wp\/v2\/product"}],"about":[{"href":"https:\/\/dasgrasshop.com\/pt\/wp-json\/wp\/v2\/types\/product"}],"replies":[{"embeddable":true,"href":"https:\/\/dasgrasshop.com\/pt\/wp-json\/wp\/v2\/comments?post=2135"}],"wp:featuredmedia":[{"embeddable":true,"href":"https:\/\/dasgrasshop.com\/pt\/wp-json\/wp\/v2\/media\/2136"}],"wp:attachment":[{"href":"https:\/\/dasgrasshop.com\/pt\/wp-json\/wp\/v2\/media?parent=2135"}],"wp:term":[{"taxonomy":"product_brand","embeddable":true,"href":"https:\/\/dasgrasshop.com\/pt\/wp-json\/wp\/v2\/product_brand?post=2135"},{"taxonomy":"product_cat","embeddable":true,"href":"https:\/\/dasgrasshop.com\/pt\/wp-json\/wp\/v2\/product_cat?post=2135"},{"taxonomy":"product_tag","embeddable":true,"href":"https:\/\/dasgrasshop.com\/pt\/wp-json\/wp\/v2\/product_tag?post=2135"}],"curies":[{"name":"wp","href":"https:\/\/api.w.org\/{rel}","templated":true}]}}