{"id":2007,"date":"2022-03-07T12:44:42","date_gmt":"2022-03-07T12:44:42","guid":{"rendered":"https:\/\/dasgrasshop.com\/?post_type=product&#038;p=2007"},"modified":"2022-07-10T12:31:21","modified_gmt":"2022-07-10T12:31:21","slug":"gelato-weed","status":"publish","type":"product","link":"https:\/\/dasgrasshop.com\/sv\/product\/gelato-alger\/","title":{"rendered":"Gelato Weed"},"content":{"rendered":"<p><span style=\"vertical-align: inherit;\"><span style=\"vertical-align: inherit;\">K\u00f6p Gelato Weed Strain - Exotiskt gr\u00e4s av h\u00f6gsta kvalitet<\/span><\/span><\/p>\n<p><span style=\"vertical-align: inherit;\"><span style=\"vertical-align: inherit;\">\u00c4nnu en toppklassig sort fr\u00e5n <\/span><\/span><a href=\"https:\/\/dasgrasshop.com\/sv\/\"><span style=\"vertical-align: inherit;\"><span style=\"vertical-align: inherit;\">Grasherr.com<\/span><\/span><\/a><span style=\"vertical-align: inherit;\"><span style=\"vertical-align: inherit;\"> ! <\/span><span style=\"vertical-align: inherit;\">Gelato weed \u00e4r en produkt av en korsning av Thin Mint Girl Scout Cookies X Sunset Sherbet, tv\u00e5 sorter som \u00e4r popul\u00e4ra f\u00f6r sina otroligt l\u00e4ckra aromer och smaker. <\/span><span style=\"vertical-align: inherit;\">Gelato-sorten har aromer och smaker som har beskrivits som jordiga, s\u00f6ta, mynta, citrus, b\u00e4r, ekig, sorbet, apelsin, lavendel och kaka. <\/span><span style=\"vertical-align: inherit;\">Gelato-plantan \u00e4r kort och kraftig. <\/span><span style=\"vertical-align: inherit;\">Bladen \u00e4r skogsgr\u00f6na med m\u00f6rklila nyanser. <\/span><span style=\"vertical-align: inherit;\">Gelato weed stamknoppar \u00e4r m\u00f6rklila och genomsyrade av ljusa orangef\u00e4rgade pistiller. <\/span><span style=\"vertical-align: inherit;\">Dess knoppar \u00e4r klibbiga med genomsnittlig t\u00e4ckning av trikomkristaller.<\/span><\/span><\/p>\n<p><span style=\"vertical-align: inherit;\"><span style=\"vertical-align: inherit;\">Marijuana sorten Gelato har h\u00f6ga THC-niv\u00e5er, mellan 15 och 25%, vilket g\u00f6r den till en ganska potent sort. <\/span><span style=\"vertical-align: inherit;\">Effekterna av THC-designhybriden \u00e4r v\u00e4lbalanserade - en intressant blandning av uppfriskande och avslappning. <\/span><span style=\"vertical-align: inherit;\">Om du \u00e4r sugen p\u00e5 en fysisk indica high med en tydlig sativa-effekt som h\u00e5ller dig tillr\u00e4ckligt aktiv f\u00f6r att kunna njuta av effekterna av en sort, d\u00e5 \u00e4r den h\u00e4r sorten f\u00f6r dig. <\/span><span style=\"vertical-align: inherit;\">Effekten kommer snabbt och b\u00f6rjar med en h\u00f6g och intensiv eufori. <\/span><span style=\"vertical-align: inherit;\">Den head high som hon ger dig \u00e4r lycklig och upplyftande. <\/span><span style=\"vertical-align: inherit;\">Ett krypande kroppsligt rus kommer gradvis att ta \u00f6ver tills du k\u00e4nner dig helt avslappnad och lugn, men har tillr\u00e4ckligt med energi och fokus f\u00f6r att f\u00f6rbli positiv och social.<\/span><\/span><\/p>\n<p><span style=\"vertical-align: inherit;\"><span style=\"vertical-align: inherit;\">K\u00f6p gelato 45 UK, gelato #45 vs 33 ocks\u00e5 k\u00f6pa gelato 45 allbud, gelato 41 stam, gelato #45 avkastning, gelato 45 stam smart cart, gelato 45 vs 33, gelato 45 stam indica eller sativa, gelati vs gelato stam, gelato stam 45, shark gelato stam, gelato 41 stam, br\u00f6llopst\u00e5rta stam, bl\u00e5b\u00e4r gelato stam, citron gelato stam, cannabis<\/span><\/span><\/p>\n<p><span style=\"vertical-align: inherit;\"><span style=\"vertical-align: inherit;\">Medicinska f\u00f6rdelar med att anv\u00e4nda Gelato Weed Hybrid Strain<\/span><\/span><br \/>\n<span style=\"vertical-align: inherit;\"><span style=\"vertical-align: inherit;\">Gelatos milda cerebrala high i kombination med fysisk avslappning g\u00f6r den till en popul\u00e4r sort f\u00f6r \u00e5ngest och kronisk stress. <\/span><span style=\"vertical-align: inherit;\">Gelato ger en explosion av hj\u00e4rnans energi som hj\u00e4lper till att lindra kronisk depression. <\/span><span style=\"vertical-align: inherit;\">Denna stimulering kan ocks\u00e5 hj\u00e4lpa till vid behandling av patienter med uppm\u00e4rksamhetsst\u00f6rningar som ADHD och ADD. <\/span><span style=\"vertical-align: inherit;\">Indica-komponenten slappnar av i kroppen f\u00f6r att d\u00e4mpa hyperaktivitet, medan sativa-komponenten ger den stimulans som beh\u00f6vs f\u00f6r att h\u00e5lla fokus. <\/span><span style=\"vertical-align: inherit;\">Gelato hj\u00e4lper mot illam\u00e5ende p\u00e5 grund av sin lockande smak och lukt; <\/span><span style=\"vertical-align: inherit;\">Denna gelato cannabis sort hj\u00e4lper ocks\u00e5 till med aptiten hos patienter som lider av illam\u00e5ende p\u00e5 grund av kemoterapi f\u00f6r cancer eller autoimmuna sjukdomar.<\/span><\/span><\/p>\n<p><span style=\"vertical-align: inherit;\"><span style=\"vertical-align: inherit;\">Effekter av Gelato 45 Marijuana Strain <\/span><\/span><br \/>\n<span style=\"vertical-align: inherit;\"><span style=\"vertical-align: inherit;\">Glad <\/span><\/span><br \/>\n<span style=\"vertical-align: inherit;\"><span style=\"vertical-align: inherit;\">Euforisk <\/span><\/span><br \/>\n<span style=\"vertical-align: inherit;\"><span style=\"vertical-align: inherit;\">Avslappnad <\/span><\/span><br \/>\n<span style=\"vertical-align: inherit;\"><span style=\"vertical-align: inherit;\">Upprymd <\/span><\/span><br \/>\n<span style=\"vertical-align: inherit;\"><span style=\"vertical-align: inherit;\">Kreativt <\/span><\/span><br \/>\n<span style=\"vertical-align: inherit;\"><span style=\"vertical-align: inherit;\">Klassificering: 55% Indica\/45% Sativa<\/span><\/span><\/p>\n<p><span style=\"vertical-align: inherit;\"><span style=\"vertical-align: inherit;\">Lina: Thin Mint Girl Scout Cookies X Sunset Sherbet<\/span><\/span><\/p>\n<p><span style=\"vertical-align: inherit;\"><span style=\"vertical-align: inherit;\">Blomningstid: 8 - 9 veckor<\/span><\/span><\/p>\n<p><span style=\"vertical-align: inherit;\"><span style=\"vertical-align: inherit;\">Odlingsf\u00f6rh\u00e5llanden: Inomhus \/ utomhus<\/span><\/span><\/p>\n<p><span style=\"vertical-align: inherit;\"><span style=\"vertical-align: inherit;\">Avkastning: Medelh\u00f6g till h\u00f6g<\/span><\/span><\/p>\n<p>&nbsp;<\/p>\n<p><span style=\"vertical-align: inherit;\"><span style=\"vertical-align: inherit;\">K\u00f6p gelato 45 Tyskland, var man kan k\u00f6pa gelato #45 vs 33, gelato 45 all bud till salu, gelato 41 stam, gelato #45 avkastning, gelato 45 stam smart cart, gelato 45 vs 33, gelato 45 stam indica eller sativa, gelati vs gelato stam, gelato stam 45, du kan ocks\u00e5 k\u00f6pa shark gelato stam, gelato 41 stam, br\u00f6llopst\u00e5rta stam, bl\u00e5b\u00e4r gelato stam, sherbet stam, citron gelato stam Du kan k\u00f6pa gelato <\/span><\/span><a href=\"https:\/\/hempbudswholesale.com\/\" target=\"_blank\" rel=\"noopener\"><span style=\"vertical-align: inherit;\"><span style=\"vertical-align: inherit;\">CBD<\/span><\/span><\/a><span style=\"vertical-align: inherit;\"><span style=\"vertical-align: inherit;\"> Hamptoppar<\/span><\/span><\/p>","protected":false},"excerpt":{"rendered":"<p>Gelato Weed har den mjuka och fruktiga k\u00e4nslan av Sunset Sherbert med den jordiga, \u00f6rtiga godheten av Thin Mints. Med begr\u00e4nsad tillg\u00e4nglighet och ett dj\u00e4rvt utseende och smak faller den h\u00e4r sorten in i en ny kategori av hantverkshybrider fr\u00e5n v\u00e4stkusten som fokuserar p\u00e5 smak. Gelato har flera \u00f6nskv\u00e4rda egenskaper fr\u00e5n sin tungt korsade sl\u00e4kt och f\u00e4ngslar med sitt utseende och sin smak. Hennes trippiga men avslappnande atmosf\u00e4r g\u00f6r henne till ett perfekt val f\u00f6r introspektion ensam eller sociala sammankomster.<\/p>","protected":false},"featured_media":2012,"comment_status":"open","ping_status":"closed","template":"","meta":[],"product_brand":[],"product_cat":[20],"product_tag":[29,32,33,27,34,30,28,31,35,36],"class_list":{"0":"post-2007","1":"product","2":"type-product","3":"status-publish","4":"has-post-thumbnail","6":"product_cat-exotische-weed-aromen-kaufen","7":"product_tag-cannabis-kaufen","8":"product_tag-cannabis-online-kaufen","9":"product_tag-gras-bestellen","10":"product_tag-gras-kaufen","11":"product_tag-gras-online-kaufen","12":"product_tag-marihuana-kaufen","13":"product_tag-thc-kaufen","14":"product_tag-weed-kaufen","15":"product_tag-weed-online-bestellen","16":"product_tag-weed-online-kaufen","18":"first","19":"instock","20":"shipping-taxable","21":"purchasable","22":"product-type-variable"},"_links":{"self":[{"href":"https:\/\/dasgrasshop.com\/sv\/wp-json\/wp\/v2\/product\/2007","targetHints":{"allow":["GET"]}}],"collection":[{"href":"https:\/\/dasgrasshop.com\/sv\/wp-json\/wp\/v2\/product"}],"about":[{"href":"https:\/\/dasgrasshop.com\/sv\/wp-json\/wp\/v2\/types\/product"}],"replies":[{"embeddable":true,"href":"https:\/\/dasgrasshop.com\/sv\/wp-json\/wp\/v2\/comments?post=2007"}],"wp:featuredmedia":[{"embeddable":true,"href":"https:\/\/dasgrasshop.com\/sv\/wp-json\/wp\/v2\/media\/2012"}],"wp:attachment":[{"href":"https:\/\/dasgrasshop.com\/sv\/wp-json\/wp\/v2\/media?parent=2007"}],"wp:term":[{"taxonomy":"product_brand","embeddable":true,"href":"https:\/\/dasgrasshop.com\/sv\/wp-json\/wp\/v2\/product_brand?post=2007"},{"taxonomy":"product_cat","embeddable":true,"href":"https:\/\/dasgrasshop.com\/sv\/wp-json\/wp\/v2\/product_cat?post=2007"},{"taxonomy":"product_tag","embeddable":true,"href":"https:\/\/dasgrasshop.com\/sv\/wp-json\/wp\/v2\/product_tag?post=2007"}],"curies":[{"name":"wp","href":"https:\/\/api.w.org\/{rel}","templated":true}]}}