{"id":2016,"date":"2022-03-07T13:04:46","date_gmt":"2022-03-07T13:04:46","guid":{"rendered":"https:\/\/dasgrasshop.com\/?post_type=product&#038;p=2016"},"modified":"2022-03-07T13:10:12","modified_gmt":"2022-03-07T13:10:12","slug":"sour-diesel","status":"publish","type":"product","link":"https:\/\/dasgrasshop.com\/sv\/product\/sour-diesel\/","title":{"rendered":"Sur diesel"},"content":{"rendered":"<p>K\u00f6p Sour Diesel online<br \/>\nSour Diesel \u00e4r en av de mest r\u00f6kta sativa-sorterna genom tiderna. Om du inte har h\u00f6rt talas om den h\u00e4r sorten bor du f\u00f6rmodligen i en grotta i Afghanistan, eller s\u00e5 har n\u00e5gon du k\u00e4nner redan provat den (och \u00e4lskar den f\u00f6rmodligen). Sour Diesels exakta h\u00e4rstamning \u00e4r komplicerad och mycket d\u00e5ligt dokumenterad, vilket verkar vara fallet med de flesta \u00e4ldre sorter.<\/p>\n<p>Vissa tror att Sour Diesel-sorten helt enkelt h\u00e4rstammar fr\u00e5n en fenotyp av Chemdawg som var n\u00e5got annorlunda och mer p\u00e5 sativa-sidan av ekvationen. Den mest popul\u00e4ra teorin om ursprunget \u00e4r att den ursprungliga Diesel \u00e4r resultatet av en korsning mellan (Chemdawg x Super Skunk x Northern Lights). Den h\u00e4r hybriden som till st\u00f6rsta delen \u00e4r sativa (90% Sativa, 10% Indica) kallas ofta \"Sour D\" och f\u00e5r sitt unika namn fr\u00e5n den n\u00e4stan diesel- och citrusliknande lukten som den avger.<\/p>\n<p>S\u00e5vitt jag vet finns Sour Diesel bara i form av kloner, och den \u00e4r ofta sv\u00e5r att hitta. Eftersom den \u00e4kta Sour Diesel \u00e4r s\u00e5 s\u00e4llsynt finns det m\u00e5nga hybrider som har f\u00f6rs\u00f6kt efterlikna den \u00e4kta Sour Diesel High. Vissa kommer v\u00e4ldigt n\u00e4ra, men det finns inget som kan j\u00e4mf\u00f6ras med den \u00e4kta Sour Diesel.<\/p>\n<p>Utseende och lukt av Sour Diesel<br \/>\nSour Diesel \u00e4r en h\u00f6g, smal v\u00e4xt som passar b\u00e5de inomhus och utomhus. Bladet m\u00f6rknar till en n\u00e4stan lila f\u00e4rg under de sista veckorna av blomningen. Knopparna har vanligen rosa till ljusorange pistiller och bildningen \u00e4r l\u00f6s och taggformad.<\/p>\n<p>Alla Sour D som jag har odlat hade en stor cola med 6-9 mindre grenar.<\/p>\n<p>Doften \u00e4r mycket stark, n\u00e4stan \u00f6verv\u00e4ldigande men \u00e4nd\u00e5 tilltalande p\u00e5 n\u00e5got s\u00e4tt. Detta beror p\u00e5 att denna sort har en distinkt, stickande, gr\u00e4sig, citrusliknande diesellukt som kommer med en sp\u00e4nnande energiutbrott. Eftersom den har en dominant sativa-linje kan man anta att den fr\u00e4mst verkar p\u00e5 sinnet.<\/p>\n<p>R\u00f6ken<br \/>\nFans av sorten brukar anv\u00e4nda Sour Diesel som sin f\u00f6rsta medicink\u00e4lla f\u00f6r att starta en l\u00e5ng dag - du k\u00e4nner dig vaken och redo att g\u00e5 ig\u00e5ng. Eftersom Sour Diesel \u00e4r s\u00e5 sativa-dominant fungerar den n\u00e4stan uteslutande p\u00e5 hj\u00e4rnans funktioner. Om du r\u00f6ker den \u00e4kta varan b\u00f6r du inte ha n\u00e5gon soffl\u00e5sning eller tunga kroppsk\u00e4nslor n\u00e4r du konsumerar den.<\/p>\n<p>Sour Diesel smakar precis som den luktar: en klassisk, funkig br\u00e4nslearom. Det \u00e4r ocks\u00e5 d\u00e4rf\u00f6r som Sour Diesel \u00e4r s\u00e5 l\u00e4tt att k\u00e4nna igen i ett sortiment.<\/p>\n<p>Sorten \u00e4r s\u00e5 popul\u00e4r eftersom den \u00e4r helt enkelt otrolig, med \u00f6ver 20% THC och en effekt som varar i 2-3 timmar. Eftersom den \u00e4r s\u00e5 sativa-dominerande fyller den kroppen och s\u00e4rskilt sinnet med motiverande och upplyftande energi. Det \u00e4r en tydlig hum\u00f6rh\u00f6jare och en depressionsf\u00f6rst\u00f6rare. Att vara p\u00e5 gott hum\u00f6r \u00e4r en enkel och naturlig k\u00e4nsla n\u00e4r du upplever Sour Diesel.<\/p>\n<p>Totalt<br \/>\nDen \u00f6verv\u00e4ldigande populariteten f\u00f6r Sour Diesel \u00e4r ingen tillf\u00e4llighet och \u00e4r inte l\u00e4ngre bara ett fenomen p\u00e5 \u00f6stkusten. Denna sort \u00e4r en av de mest fascinerande sorterna i cannabishistorien. Det g\u00f6r roliga saker \u00e4nnu roligare och f\u00e5r god mat att smaka \u00e4nnu b\u00e4ttre. Som hum\u00f6rh\u00f6jare g\u00f6r det livet helt enkelt roligare. De vanligaste kv\u00e4llarna blir snabbt minnesv\u00e4rda n\u00e4r Sour Diesel \u00e4r inblandad. Denna sort \u00e4r inte bara en hum\u00f6rh\u00f6jare, utan har ocks\u00e5 visat sig vara effektiv vid behandling av depression. \u00c4ven \u00e5ngest, stress och aptitl\u00f6shet. Denna sort \u00e4r v\u00e4rd sin ber\u00f6mmelse och kommer alltid att vara en av de b\u00e4sta sorterna p\u00e5 planeten.<\/p>","protected":false},"excerpt":{"rendered":"<p>K\u00f6p Sour Diesel online Sour Diesel \u00e4r en av de mest r\u00f6kta sativa-sorterna genom tiderna. Om du inte har h\u00f6rt talas om den h\u00e4r sorten bor du f\u00f6rmodligen i en grotta i Afghanistan, eller s\u00e5 har n\u00e5gon du k\u00e4nner redan provat den (och \u00e4lskar den f\u00f6rmodligen). Den exakta h\u00e4rstamningen av Sour Diesel \u00e4r komplicerad och mycket [...]<\/p>","protected":false},"featured_media":2017,"comment_status":"open","ping_status":"closed","template":"","meta":[],"product_brand":[],"product_cat":[20],"product_tag":[29,32,33,27,34,30,28,31,35,36],"class_list":{"0":"post-2016","1":"product","2":"type-product","3":"status-publish","4":"has-post-thumbnail","6":"product_cat-exotische-weed-aromen-kaufen","7":"product_tag-cannabis-kaufen","8":"product_tag-cannabis-online-kaufen","9":"product_tag-gras-bestellen","10":"product_tag-gras-kaufen","11":"product_tag-gras-online-kaufen","12":"product_tag-marihuana-kaufen","13":"product_tag-thc-kaufen","14":"product_tag-weed-kaufen","15":"product_tag-weed-online-bestellen","16":"product_tag-weed-online-kaufen","18":"first","19":"instock","20":"shipping-taxable","21":"purchasable","22":"product-type-variable"},"_links":{"self":[{"href":"https:\/\/dasgrasshop.com\/sv\/wp-json\/wp\/v2\/product\/2016","targetHints":{"allow":["GET"]}}],"collection":[{"href":"https:\/\/dasgrasshop.com\/sv\/wp-json\/wp\/v2\/product"}],"about":[{"href":"https:\/\/dasgrasshop.com\/sv\/wp-json\/wp\/v2\/types\/product"}],"replies":[{"embeddable":true,"href":"https:\/\/dasgrasshop.com\/sv\/wp-json\/wp\/v2\/comments?post=2016"}],"wp:featuredmedia":[{"embeddable":true,"href":"https:\/\/dasgrasshop.com\/sv\/wp-json\/wp\/v2\/media\/2017"}],"wp:attachment":[{"href":"https:\/\/dasgrasshop.com\/sv\/wp-json\/wp\/v2\/media?parent=2016"}],"wp:term":[{"taxonomy":"product_brand","embeddable":true,"href":"https:\/\/dasgrasshop.com\/sv\/wp-json\/wp\/v2\/product_brand?post=2016"},{"taxonomy":"product_cat","embeddable":true,"href":"https:\/\/dasgrasshop.com\/sv\/wp-json\/wp\/v2\/product_cat?post=2016"},{"taxonomy":"product_tag","embeddable":true,"href":"https:\/\/dasgrasshop.com\/sv\/wp-json\/wp\/v2\/product_tag?post=2016"}],"curies":[{"name":"wp","href":"https:\/\/api.w.org\/{rel}","templated":true}]}}