{"id":2022,"date":"2022-03-07T13:21:57","date_gmt":"2022-03-07T13:21:57","guid":{"rendered":"https:\/\/dasgrasshop.com\/?post_type=product&#038;p=2022"},"modified":"2026-05-01T19:29:14","modified_gmt":"2026-05-01T19:29:14","slug":"afghan-kush","status":"publish","type":"product","link":"https:\/\/dasgrasshop.com\/sv\/product\/afghan-kush\/","title":{"rendered":"Afghanska Kush"},"content":{"rendered":"<p><span style=\"vertical-align: inherit;\"><span style=\"vertical-align: inherit;\">Afghansk Kush stam <\/span><\/span><br \/>\n<span style=\"vertical-align: inherit;\"><span style=\"vertical-align: inherit;\">Afghan Kush \u00e4r mycket vacker, blekgr\u00f6n med inslag av gult, orange h\u00e5rstr\u00e5n \u00e4r b\u00e5de ljusa och m\u00f6rka, ser ut som en orange och guldklimp, med fl\u00e4ckiga kristaller.<\/span><\/span><\/p>\n<p><span style=\"vertical-align: inherit;\"><span style=\"vertical-align: inherit;\">N\u00e4san <\/span><\/span><br \/>\n<span style=\"vertical-align: inherit;\"><span style=\"vertical-align: inherit;\">Afghan Kush luktar mycket milt \u00e4ven som en hel nugget med inslag av saffran och sm\u00f6rskotch. <\/span><span style=\"vertical-align: inherit;\">Men n\u00e4r du bryter upp knoppen blir doften av br\u00e4nd karamell dominerande.<\/span><\/span><\/p>\n<p><span style=\"vertical-align: inherit;\"><span style=\"vertical-align: inherit;\">Smak <\/span><\/span><br \/>\n<span style=\"vertical-align: inherit;\"><span style=\"vertical-align: inherit;\">Denna knopp smakar lika kryddigt, med muskot, kanel och ingef\u00e4ra som de starkaste. <\/span><span style=\"vertical-align: inherit;\">Smaken av muskot \u00e4r mycket mjuk och kommer att vara ih\u00e5gkommen i n\u00e5gra \u00f6gonblick.<\/span><\/span><\/p>\n<p><span style=\"vertical-align: inherit;\"><span style=\"vertical-align: inherit;\">Effekt <\/span><\/span><br \/>\n<span style=\"vertical-align: inherit;\"><span style=\"vertical-align: inherit;\">Effekterna av Afghan Kush \u00e4r omedelbara. <\/span><span style=\"vertical-align: inherit;\">Du blir v\u00e4ldigt avslappnad och f\u00e5r lite tunga \u00f6gon (inte f\u00f6r nyb\u00f6rjare). <\/span><span style=\"vertical-align: inherit;\">Jag uppt\u00e4ckte att jag inte k\u00e4nde n\u00e5gon st\u00f6rre sm\u00e4rta. <\/span><span style=\"vertical-align: inherit;\">Jag k\u00e4nner ocks\u00e5 att detta \u00e4r en stor kramp. <\/span><span style=\"vertical-align: inherit;\">Och om du har sv\u00e5rt att sova och tror att du beh\u00f6ver sova direkt, \u00e4r Afghan Kush ditt gr\u00e4s.<\/span><\/span><\/p>\n<p><span style=\"vertical-align: inherit;\"><span style=\"vertical-align: inherit;\">Afghan Kush \u00e4r utan tvekan min favorit sort f\u00f6r \u00e5ret. <\/span><span style=\"vertical-align: inherit;\">Att personligen k\u00e4nna n\u00e5gon som odlat den och observerat dess sk\u00f6nhet har gett mig passion f\u00f6r denna fantastiska sort. <\/span><span style=\"vertical-align: inherit;\">Lukterna som kom fr\u00e5n denna flicka var skarpa som fan under blomningen och f\u00f6rsvagades sedan n\u00e4r den torkade. <\/span><span style=\"vertical-align: inherit;\">Under behandlingen visade hon sitt r\u00e4tta ansikte. <\/span><span style=\"vertical-align: inherit;\">Hon gick fr\u00e5n kryddig till en mjuk s\u00f6t doft med inslag av limegr\u00f6nt och ljusorange h\u00e5r. <\/span><span style=\"vertical-align: inherit;\">En mycket j\u00e4mn r\u00f6kning j\u00e4mf\u00f6rt med de flesta andra. <\/span><span style=\"vertical-align: inherit;\">Den honungsolja som g\u00f6rs med denna f\u00e4rg \u00e4r fenomenal. <\/span><span style=\"vertical-align: inherit;\">Den mest framg\u00e5ngsrika sorten p\u00e5 l\u00e4nge<\/span><\/span><\/p>","protected":false},"excerpt":{"rendered":"<p><span style=\"vertical-align: inherit;\"><span style=\"vertical-align: inherit;\">Afghan Kush \u00e4r mycket vacker f\u00f6r \u00f6gat, blekgr\u00f6n med inslag av gult, orange h\u00e5rstr\u00e5n b\u00e5de ljusa och m\u00f6rka finns, ser ut som en orange och guldklimp, med fl\u00e4ckiga kristaller. <\/span><span style=\"vertical-align: inherit;\">K\u00f6p Afghan Kush online - Afghan Kush till salu. <\/span><span style=\"vertical-align: inherit;\">Afghan Kush \u00e4r en popul\u00e4r marijuanasort med THC-niv\u00e5er p\u00e5 upp till 15%. <\/span><span style=\"vertical-align: inherit;\">Afghan Kush smakar mycket medicinskt och har dramatiska sm\u00e4rtlindrande effekter. <\/span><span style=\"vertical-align: inherit;\">Afghan Kush \u00e4r popul\u00e4r bland patienter som vill lindra sm\u00e4rta, stress, s\u00f6mnl\u00f6shet och illam\u00e5ende.<\/span><\/span><\/p>","protected":false},"featured_media":2033,"comment_status":"open","ping_status":"closed","template":"","meta":[],"product_brand":[],"product_cat":[20],"product_tag":[29,32,33,27,34,30,28,31,35,36],"class_list":{"0":"post-2022","1":"product","2":"type-product","3":"status-publish","4":"has-post-thumbnail","6":"product_cat-exotische-weed-aromen-kaufen","7":"product_tag-cannabis-kaufen","8":"product_tag-cannabis-online-kaufen","9":"product_tag-gras-bestellen","10":"product_tag-gras-kaufen","11":"product_tag-gras-online-kaufen","12":"product_tag-marihuana-kaufen","13":"product_tag-thc-kaufen","14":"product_tag-weed-kaufen","15":"product_tag-weed-online-bestellen","16":"product_tag-weed-online-kaufen","18":"first","19":"instock","20":"shipping-taxable","21":"purchasable","22":"product-type-variable"},"_links":{"self":[{"href":"https:\/\/dasgrasshop.com\/sv\/wp-json\/wp\/v2\/product\/2022","targetHints":{"allow":["GET"]}}],"collection":[{"href":"https:\/\/dasgrasshop.com\/sv\/wp-json\/wp\/v2\/product"}],"about":[{"href":"https:\/\/dasgrasshop.com\/sv\/wp-json\/wp\/v2\/types\/product"}],"replies":[{"embeddable":true,"href":"https:\/\/dasgrasshop.com\/sv\/wp-json\/wp\/v2\/comments?post=2022"}],"wp:featuredmedia":[{"embeddable":true,"href":"https:\/\/dasgrasshop.com\/sv\/wp-json\/wp\/v2\/media\/2033"}],"wp:attachment":[{"href":"https:\/\/dasgrasshop.com\/sv\/wp-json\/wp\/v2\/media?parent=2022"}],"wp:term":[{"taxonomy":"product_brand","embeddable":true,"href":"https:\/\/dasgrasshop.com\/sv\/wp-json\/wp\/v2\/product_brand?post=2022"},{"taxonomy":"product_cat","embeddable":true,"href":"https:\/\/dasgrasshop.com\/sv\/wp-json\/wp\/v2\/product_cat?post=2022"},{"taxonomy":"product_tag","embeddable":true,"href":"https:\/\/dasgrasshop.com\/sv\/wp-json\/wp\/v2\/product_tag?post=2022"}],"curies":[{"name":"wp","href":"https:\/\/api.w.org\/{rel}","templated":true}]}}