{"id":2035,"date":"2022-03-07T14:16:35","date_gmt":"2022-03-07T14:16:35","guid":{"rendered":"https:\/\/dasgrasshop.com\/?post_type=product&#038;p=2035"},"modified":"2022-06-14T18:16:40","modified_gmt":"2022-06-14T18:16:40","slug":"blue-dream","status":"publish","type":"product","link":"https:\/\/dasgrasshop.com\/sv\/product\/blue-dream\/","title":{"rendered":"Bl\u00e5 dr\u00f6m"},"content":{"rendered":"<p>K\u00f6p blue dream marijuana online. Blue Dream \u00e4r en sativa-dominant hybrid korsning av Haze och Blueberry. Hon har en av de mest eftertraktade fylliga smakerna av alla sorter. Doften av Blue Dream \u00e4r s\u00f6t, kryddig och uppfriskande f\u00f6r sinnena. Hon har t\u00e4ta, popcornliknande knoppar som skimrar bl\u00e5tt i ljuset, vilket kompletterar landskapet av trikomer och orange h\u00e5rstr\u00e5n.<\/p>\n<p>Blue Dream marijuana ger en utm\u00e4rkt smak som varar lika l\u00e4nge som den \u00e4r balanserad. Det \u00e4r en bra sort f\u00f6r dagen. N\u00e4r du andas in kan du k\u00e4nna Blue Dream omedelbart. Effekten kommer in ganska snabbt och ger en energisk och fokuserad h\u00f6g effekt. Kreativiteten blomstrar enligt uppgift med denna sort, vilket g\u00f6r den till en favorit bland konstn\u00e4rliga cannabisanv\u00e4ndare.<\/p>","protected":false},"excerpt":{"rendered":"<p>K\u00f6p blue dream marijuana online. Blue Dream \u00e4r en sativa-dominant hybrid korsning av Haze och Blueberry. Hon har en av de mest eftertraktade fylliga smakerna av alla sorter. Doften av Blue Dream \u00e4r s\u00f6t, kryddig och uppfriskande f\u00f6r sinnena. Hon har t\u00e4ta, popcornliknande knoppar som skimrar bl\u00e5tt i ljuset och ett landskap av trikomer och orange h\u00e5rstr\u00e5n [...]<\/p>","protected":false},"featured_media":2044,"comment_status":"open","ping_status":"closed","template":"","meta":[],"product_brand":[],"product_cat":[20],"product_tag":[29,32,33,27,34,30,28,31,35,36],"class_list":{"0":"post-2035","1":"product","2":"type-product","3":"status-publish","4":"has-post-thumbnail","6":"product_cat-exotische-weed-aromen-kaufen","7":"product_tag-cannabis-kaufen","8":"product_tag-cannabis-online-kaufen","9":"product_tag-gras-bestellen","10":"product_tag-gras-kaufen","11":"product_tag-gras-online-kaufen","12":"product_tag-marihuana-kaufen","13":"product_tag-thc-kaufen","14":"product_tag-weed-kaufen","15":"product_tag-weed-online-bestellen","16":"product_tag-weed-online-kaufen","18":"first","19":"instock","20":"shipping-taxable","21":"purchasable","22":"product-type-variable"},"_links":{"self":[{"href":"https:\/\/dasgrasshop.com\/sv\/wp-json\/wp\/v2\/product\/2035","targetHints":{"allow":["GET"]}}],"collection":[{"href":"https:\/\/dasgrasshop.com\/sv\/wp-json\/wp\/v2\/product"}],"about":[{"href":"https:\/\/dasgrasshop.com\/sv\/wp-json\/wp\/v2\/types\/product"}],"replies":[{"embeddable":true,"href":"https:\/\/dasgrasshop.com\/sv\/wp-json\/wp\/v2\/comments?post=2035"}],"wp:featuredmedia":[{"embeddable":true,"href":"https:\/\/dasgrasshop.com\/sv\/wp-json\/wp\/v2\/media\/2044"}],"wp:attachment":[{"href":"https:\/\/dasgrasshop.com\/sv\/wp-json\/wp\/v2\/media?parent=2035"}],"wp:term":[{"taxonomy":"product_brand","embeddable":true,"href":"https:\/\/dasgrasshop.com\/sv\/wp-json\/wp\/v2\/product_brand?post=2035"},{"taxonomy":"product_cat","embeddable":true,"href":"https:\/\/dasgrasshop.com\/sv\/wp-json\/wp\/v2\/product_cat?post=2035"},{"taxonomy":"product_tag","embeddable":true,"href":"https:\/\/dasgrasshop.com\/sv\/wp-json\/wp\/v2\/product_tag?post=2035"}],"curies":[{"name":"wp","href":"https:\/\/api.w.org\/{rel}","templated":true}]}}