{"id":2036,"date":"2022-03-07T13:44:21","date_gmt":"2022-03-07T13:44:21","guid":{"rendered":"https:\/\/dasgrasshop.com\/?post_type=product&#038;p=2036"},"modified":"2022-03-07T13:59:04","modified_gmt":"2022-03-07T13:59:04","slug":"wedding-cake","status":"publish","type":"product","link":"https:\/\/dasgrasshop.com\/sv\/product\/broellopstarta\/","title":{"rendered":"Br\u00f6llopst\u00e5rta"},"content":{"rendered":"<p>Exotisk br\u00f6llopst\u00e5rta Weed Strain<br \/>\nS\u00e4kert k\u00f6pa br\u00f6llopst\u00e5rta trunk eller exotiska br\u00f6llopst\u00e5rta trunk online f\u00f6r f\u00f6rs\u00e4ljning med sp\u00e5rning och ogr\u00e4srensning t\u00e5rta recensioner. Diskret. Wedding Cake stam \u00e4r en l\u00e4cker hybrid, indica-dominant marijuana stam. Dess f\u00f6r\u00e4ldrar var sj\u00e4lvvalda f\u00f6r sin l\u00e4ckra smak, vilka \u00e4r Girl Scout Cookies gr\u00e4s och Cherry Pie strain marijuana. F\u00f6r\u00e4ldrarna har i sin tur genetik \u00e4ven fr\u00e5n OG Kush \u00e4ven Durban Poison och Granddaddy Purple, vilket skapar exotisk br\u00f6llopst\u00e5rta stam. inte bara ett l\u00e4ckert ogr\u00e4s, utan ett som har en rej\u00e4l punch, med THC-niv\u00e5er p\u00e5 mer \u00e4n 25 procent.<\/p>\n<p>br\u00f6llopst\u00e5rta stam Tyskland eller k\u00f6pa br\u00f6llopst\u00e5rta<br \/>\nWedding Cake Buds \u00e4r en stark medicinsk sort. Den h\u00f6ga THC-inneh\u00e5llet g\u00f6r den till en perfekt hum\u00f6rh\u00f6jare och ett kraftfullt sm\u00e4rtstillande medel. Wedding Cake medicinsk marijuana stam kan lindra muskuloskeletal sm\u00e4rta som ischias, inflammatorisk sm\u00e4rta som artrit och neuropatisk sm\u00e4rta som i fibromyalgi, bland andra tillst\u00e5nd. Neurologiska tillst\u00e5nd som ALS eller Lou Gehrigs sjukdom kan behandlas med medicinska formuleringar av denna sort som rekommenderas av en l\u00e4kare. M\u00e5nga andra tillst\u00e5nd rekommenderas och kan lagligt behandlas med Wedding Cake marijuana, beroende p\u00e5 lagarna i olika stater och l\u00e4nder. Skicka ett meddelande till oss h\u00e4r<\/p>\n<p>&nbsp;<\/p>\n<p>Effekter av br\u00f6llopst\u00e5rtessorten<br \/>\nDen h\u00f6ga effekten av denna sort \u00e4r otroligt upplyftande och avslappnande p\u00e5 samma g\u00e5ng. Den ger en rusning av styrka samtidigt som den f\u00f6rs\u00e4tter sinnet i en fas av relativt lugn.<\/p>\n<p>Med tiden blir denna kraftfulla effekt p\u00e5 kroppen mindre - s\u00e4rskilt p\u00e5 magen - och v\u00e4cker hunger och utl\u00f6ser ett extremt sug efter mat.<\/p>\n<p>Konsumenten kan uppleva en mild psykedelisk kick, d\u00e4r tankarna utvecklas snabbt och uppfattningen om omgivningen f\u00f6rb\u00e4ttras.<\/p>\n<p>I l\u00e4mplig milj\u00f6 kan k\u00e4nslor av eufori och yrsel ge upphov till denna f\u00f6r\u00e4ndring i huvudet. Detta kan verka h\u00e5rt till en b\u00f6rjan, men p\u00e5 grund av kombinationen med indica-dominansen infinner sig avslappning efter en kort tid.<\/p>\n<p>N\u00e4r denna avslappning sker k\u00e4nner vissa anv\u00e4ndare en uppfriskande v\u00e5g av sp\u00e4nning och t\u00e4thet som sprider sig \u00f6ver \u00f6verkroppen och lemmarna.<\/p>\n<p>\u00c4ven n\u00e4r sedering intr\u00e4der kan man fortfarande k\u00e4nna mental stimulering, vilket g\u00f6r att anv\u00e4ndarna k\u00e4nner sig inst\u00e4llda p\u00e5 sin omgivning. Det \u00e4r viktigt att \u00e4gna sig \u00e5t vissa aktiviteter som l\u00e4sning, skrivande och l\u00e4tt fysisk aktivitet.<\/p>\n<p>Den rekommenderas dock definitivt inte f\u00f6r arbetsuppgifter som kr\u00e4ver en h\u00f6g grad av maskinman\u00f6vrering och kontroll (t.ex. matlagning eller bilk\u00f6rning).<\/p>\n<p>Wedding Cake-sorten \u00e4r ett komplett THC-kraftpaket och l\u00e4mpar sig d\u00e4rf\u00f6r inte f\u00f6r nyb\u00f6rjare inom cannabiskulturen.<\/p>\n<p>Dessutom b\u00f6r erfarna anv\u00e4ndare n\u00e4rma sig denna sort med f\u00f6rsiktighet. Denna sort blir alltmer popul\u00e4r f\u00f6r sin robusta men v\u00e4l avrundade effekt, som kan anv\u00e4ndas b\u00e5de f\u00f6r rekreation och terapeutiska \u00e4ndam\u00e5l. exotisk sort Wedding Cake<\/p>\n<p>Det \u00e4r starkt rekommenderat att konsumera denna sort f\u00f6rst efter att solen har g\u00e5tt ner och middagen \u00e4r klar, eftersom denna t\u00e5rtbit kommer att vara det sista du \u00e4ter innan du g\u00e5r till s\u00e4ngs.<\/p>\n<p>Medicinska f\u00f6rdelar med br\u00f6llopst\u00e5rta<br \/>\nWedding Cake \u00e4r utan tvekan en utm\u00e4rkt cannabis sort f\u00f6r fritidsbruk. Dess THC-inneh\u00e5ll ger ett intensivt cerebralt och fysiskt rus som lyfter anv\u00e4ndaren och slappnar av i kroppen.<\/p>\n<p>De allest\u00e4des n\u00e4rvarande psykoaktiva komponenterna och deras efterverkningar har dock ocks\u00e5 ett betydande l\u00e4kande v\u00e4rde.<\/p>\n<p>Som ett verkligt alternativ till opioidbaserade l\u00e4kemedel har den s\u00e4llan o\u00f6nskade biverkningar som illam\u00e5ende. Tv\u00e4rtom, den tillfredsst\u00e4ller magen och skulle till och med stimulera aptiten.<\/p>\n<p>Patienter med \u00e4tst\u00f6rningar som anorexi kan \u00e5terf\u00e5 sin vikt, s\u00e4rskilt under \u00f6vervakning av en specialist.<\/p>\n<p>Det fungerar som ett lugnande medel och aptit stimulerande och \u00e4r mycket f\u00f6rdelaktigt f\u00f6r fall som regelbundet g\u00e5r igenom depressionsassocierade symptom, fibromyalgi, MS och andra relaterade drag.<\/p>\n<p>Med en utm\u00e4rkt terpenprofil \u00e4r det inte konstigt att Wedding Cake erbjuder terapeutisk hj\u00e4lp vid \u00e5ngest, artrit, mild depression, migr\u00e4n och stress med moderna effekter som kreativitet och avslappning.<\/p>\n<p>Det kan ocks\u00e5 anv\u00e4ndas som ett lugnande medel f\u00f6r patienter, men det hj\u00e4lper till att lugna nerverna eller hantera \u00e5ngestframkallande symptom. \u00c4ven om det inte helt kontrollerar koncentrations- och energiniv\u00e5er orsakar det den normala uttorkningen av \u00f6gon och mun.<\/p>\n<p>Br\u00f6llopst\u00e5rta biverkningar<br \/>\nSorten Wedding Cake eller Pink Cookie har en h\u00f6gre THC-halt \u00e4n andra cannabisvarianter, och d\u00e4rf\u00f6r finns det vissa m\u00f6jliga biverkningar.<\/p>\n<p>N\u00e4r det g\u00e4ller Wedding Cake kan man utg\u00e5 fr\u00e5n de vanliga torra \u00f6gonen och d\u00e5lig andedr\u00e4kt som orsakas av fukth\u00e4mmande cannabinoider. Den \u00e4r mild och f\u00f6rsummas ofta av erfarna anv\u00e4ndare.<\/p>\n<p>R\u00f6kande nyb\u00f6rjare som drabbas av problemen kan hantera torrheten genom att dricka mycket v\u00e4tska.<\/p>\n<p>Det \u00e4r ocks\u00e5 m\u00f6jligt att den absoluta styrkan hos Wedding Cake kan leda till en greenout. Detta tillst\u00e5nd k\u00e4nnetecknas av en l\u00e4tt yrsel som kan utvecklas till \u00e5ngest eller en subtil k\u00e4nsla av rastl\u00f6shet.<\/p>","protected":false},"excerpt":{"rendered":"<p>Exotische Hochzeitstorte Unkraut Stamm Sicher kaufen Hochzeitstorte Stamm oder exotische Hochzeitstorte Stamm online zum Verkauf mit Tracking-und Unkrautbek\u00e4mpfung Kuchen Bewertungen. Unauff\u00e4llig. Wedding Cake Stamm ist ein k\u00f6stlicher Hybrid, Indica-dominante Marihuana-Sorte. Seine Eltern wurden selbst f\u00fcr ihre k\u00f6stlichen Geschmack ausgew\u00e4hlt, das sind Girl Scout Cookies Unkraut, und Cherry Pie Stamm Marihuana. Die Eltern wiederum haben die [&hellip;]<\/p>","protected":false},"featured_media":2037,"comment_status":"open","ping_status":"closed","template":"","meta":[],"product_brand":[],"product_cat":[20],"product_tag":[29,32,33,27,34,30,28,31,35,36],"class_list":{"0":"post-2036","1":"product","2":"type-product","3":"status-publish","4":"has-post-thumbnail","6":"product_cat-exotische-weed-aromen-kaufen","7":"product_tag-cannabis-kaufen","8":"product_tag-cannabis-online-kaufen","9":"product_tag-gras-bestellen","10":"product_tag-gras-kaufen","11":"product_tag-gras-online-kaufen","12":"product_tag-marihuana-kaufen","13":"product_tag-thc-kaufen","14":"product_tag-weed-kaufen","15":"product_tag-weed-online-bestellen","16":"product_tag-weed-online-kaufen","18":"first","19":"instock","20":"shipping-taxable","21":"purchasable","22":"product-type-variable"},"_links":{"self":[{"href":"https:\/\/dasgrasshop.com\/sv\/wp-json\/wp\/v2\/product\/2036","targetHints":{"allow":["GET"]}}],"collection":[{"href":"https:\/\/dasgrasshop.com\/sv\/wp-json\/wp\/v2\/product"}],"about":[{"href":"https:\/\/dasgrasshop.com\/sv\/wp-json\/wp\/v2\/types\/product"}],"replies":[{"embeddable":true,"href":"https:\/\/dasgrasshop.com\/sv\/wp-json\/wp\/v2\/comments?post=2036"}],"wp:featuredmedia":[{"embeddable":true,"href":"https:\/\/dasgrasshop.com\/sv\/wp-json\/wp\/v2\/media\/2037"}],"wp:attachment":[{"href":"https:\/\/dasgrasshop.com\/sv\/wp-json\/wp\/v2\/media?parent=2036"}],"wp:term":[{"taxonomy":"product_brand","embeddable":true,"href":"https:\/\/dasgrasshop.com\/sv\/wp-json\/wp\/v2\/product_brand?post=2036"},{"taxonomy":"product_cat","embeddable":true,"href":"https:\/\/dasgrasshop.com\/sv\/wp-json\/wp\/v2\/product_cat?post=2036"},{"taxonomy":"product_tag","embeddable":true,"href":"https:\/\/dasgrasshop.com\/sv\/wp-json\/wp\/v2\/product_tag?post=2036"}],"curies":[{"name":"wp","href":"https:\/\/api.w.org\/{rel}","templated":true}]}}