{"id":2050,"date":"2022-03-07T14:38:58","date_gmt":"2022-03-07T14:38:58","guid":{"rendered":"https:\/\/dasgrasshop.com\/?post_type=product&#038;p=2050"},"modified":"2023-04-21T22:15:10","modified_gmt":"2023-04-21T22:15:10","slug":"apple-fritter","status":"publish","type":"product","link":"https:\/\/dasgrasshop.com\/sv\/product\/aepple-fritter\/","title":{"rendered":"\u00c4ppelkaka"},"content":{"rendered":"<p>Du kan k\u00f6pa Apple Fritter p\u00e5 n\u00e4tet.<br \/>\n\u00c4ven k\u00e4nd som \"Apple Fritters\", \u00e4r en s\u00e4llsynt, j\u00e4mnt balanserad hybridsort (50% Indica\/50% Sativa) som skapats genom att korsa de klassiska Sour Apple X Animal Cookies-sorterna. Den \u00e4r k\u00e4nd f\u00f6r att ha tagit sig in p\u00e5 High Times 2016 \u00e5rs lista \u00f6ver \"World's Strongest Strains\", och den h\u00e4r gr\u00e4set ger dig ett grymt rus och en supergod smak som f\u00e5r dig att tigga om mer efter bara en smak. Den h\u00e4r knoppen har en supers\u00f6t, fruktig \u00e4ppelsmak med en l\u00e4tt syrlig vaniljutandning som \u00e4r som en uts\u00f6kt, nybakad \u00e4ppelpaj. Doften \u00e4r mycket likartad, med en \u00f6rtig effekt ocks\u00e5. Apple Fritter-h\u00f6jningen b\u00f6rjar n\u00e4stan omedelbart med den f\u00f6rsta utandningen och fyller ditt sinne med ett rusande lyft som skjuter bort alla negativa eller snabba tankar n\u00e4stan omedelbart. N\u00e4r ditt mentala tillst\u00e5nd flyger h\u00f6gre och h\u00f6gre, kommer du att k\u00e4nna ett pirrigt fysiskt rus, som slappnar av dina \u00f6mma muskler och f\u00e5r dig att k\u00e4nna dig i fullst\u00e4ndig harmoni med v\u00e4rlden runt omkring dig. I kombination med den mycket h\u00f6ga genomsnittliga THC-halten p\u00e5 22-28% ger denna effekt Apple Fritter en f\u00f6rdel n\u00e4r det g\u00e4ller att behandla tillst\u00e5nd som s\u00f6mnl\u00f6shet, kronisk sm\u00e4rta, depression, hum\u00f6rsv\u00e4ngningar och kronisk stress. Denna knopp har spadformade, m\u00f6rkt olivgr\u00f6na knoppar med djupt lila undertoner, ljusorange h\u00e5rstr\u00e5n och en bel\u00e4ggning av sm\u00e5 vita kristalltrikomer.<\/p>","protected":false},"excerpt":{"rendered":"<p>Du kan k\u00f6pa Apple Fritter p\u00e5 n\u00e4tet. \u00c4ven k\u00e4nd som \"Apple Fritters\", \u00e4r en s\u00e4llsynt, j\u00e4mnt balanserad hybridsort (50% Indica\/50% Sativa) som skapats genom att korsa de klassiska Sour Apple X Animal Cookies-sorterna. Den \u00e4r k\u00e4nd f\u00f6r att ha tagit sig in p\u00e5 High Times 2016 \u00e5rs lista \u00f6ver \"World's Strongest Strains\", och ger ett grymt rus och en [...]<\/p>","protected":false},"featured_media":2051,"comment_status":"open","ping_status":"closed","template":"","meta":[],"product_brand":[],"product_cat":[20],"product_tag":[29,32,33,27,34,30,28,31,35,36],"class_list":{"0":"post-2050","1":"product","2":"type-product","3":"status-publish","4":"has-post-thumbnail","6":"product_cat-exotische-weed-aromen-kaufen","7":"product_tag-cannabis-kaufen","8":"product_tag-cannabis-online-kaufen","9":"product_tag-gras-bestellen","10":"product_tag-gras-kaufen","11":"product_tag-gras-online-kaufen","12":"product_tag-marihuana-kaufen","13":"product_tag-thc-kaufen","14":"product_tag-weed-kaufen","15":"product_tag-weed-online-bestellen","16":"product_tag-weed-online-kaufen","18":"first","19":"instock","20":"shipping-taxable","21":"purchasable","22":"product-type-variable"},"_links":{"self":[{"href":"https:\/\/dasgrasshop.com\/sv\/wp-json\/wp\/v2\/product\/2050","targetHints":{"allow":["GET"]}}],"collection":[{"href":"https:\/\/dasgrasshop.com\/sv\/wp-json\/wp\/v2\/product"}],"about":[{"href":"https:\/\/dasgrasshop.com\/sv\/wp-json\/wp\/v2\/types\/product"}],"replies":[{"embeddable":true,"href":"https:\/\/dasgrasshop.com\/sv\/wp-json\/wp\/v2\/comments?post=2050"}],"wp:featuredmedia":[{"embeddable":true,"href":"https:\/\/dasgrasshop.com\/sv\/wp-json\/wp\/v2\/media\/2051"}],"wp:attachment":[{"href":"https:\/\/dasgrasshop.com\/sv\/wp-json\/wp\/v2\/media?parent=2050"}],"wp:term":[{"taxonomy":"product_brand","embeddable":true,"href":"https:\/\/dasgrasshop.com\/sv\/wp-json\/wp\/v2\/product_brand?post=2050"},{"taxonomy":"product_cat","embeddable":true,"href":"https:\/\/dasgrasshop.com\/sv\/wp-json\/wp\/v2\/product_cat?post=2050"},{"taxonomy":"product_tag","embeddable":true,"href":"https:\/\/dasgrasshop.com\/sv\/wp-json\/wp\/v2\/product_tag?post=2050"}],"curies":[{"name":"wp","href":"https:\/\/api.w.org\/{rel}","templated":true}]}}