{"id":2056,"date":"2022-03-07T14:46:13","date_gmt":"2022-03-07T14:46:13","guid":{"rendered":"https:\/\/dasgrasshop.com\/?post_type=product&#038;p=2056"},"modified":"2022-03-07T14:48:22","modified_gmt":"2022-03-07T14:48:22","slug":"lemon-haze","status":"publish","type":"product","link":"https:\/\/dasgrasshop.com\/sv\/product\/citron-haze\/","title":{"rendered":"Lemon Haze"},"content":{"rendered":"<p>K\u00f6p Super Lemon Haze online. Hon \u00e4r en blandning av Lemon Skunk och Super Silver Haze och har ett sativa\/indica-f\u00f6rh\u00e5llande p\u00e5 80:20, vilket betyder att hon har en h\u00e4ftig, surrande och cerebral effekt: Sp\u00e4nning, kreativitet, energi, eufori och intensiv njutning. Dessa \u00e4r idealiska medel f\u00f6r att behandla depression, tr\u00f6tthet, \u00e5ngest, illam\u00e5ende och kronisk sm\u00e4rta. <a href=\"https:\/\/legitweeddispensary.com\/\" target=\"_blank\" rel=\"noopener\">THC-<\/a>inneh\u00e5llet i den h\u00e4r sorten \u00e4r h\u00f6gt, med minst ett prov som \u00f6verstiger 25 %, vilket placerar Super Lemon Haze h\u00f6gst upp i potenspyramiden. Den \u00e4r dock inte k\u00e4nd f\u00f6r sina CBD-niv\u00e5er, som regelbundet ligger l\u00e5ngt under 1 %. Med andra ord b\u00f6r denna stam inte anv\u00e4ndas som enda medicin f\u00f6r sjukdomar som \u00e4r beroende av <a href=\"https:\/\/gethempnow.com\/\" target=\"_blank\" rel=\"noopener\">CBD<\/a> som till exempel anfallssjukdomar. Super Lemon Haze har en syrlig, syrlig citronsmak och arom med s\u00f6ta toner av godis. K\u00f6p Super Lemon Haze online. Knoppen, som har ett gr\u00f6nbrunt utseende, \u00e4r t\u00e4ckt av ett t\u00e4tt lager av hartsartade trikomer.<\/p>","protected":false},"excerpt":{"rendered":"<p>K\u00f6p Super Lemon Haze online. Hon \u00e4r en blandning av Lemon Skunk och Super Silver Haze och har ett sativa \/ indica-f\u00f6rh\u00e5llande p\u00e5 80:20, vilket betyder att hon har en berusande, uppsluppen och cerebral effekt: Sp\u00e4nning, kreativitet, energi, eufori och intensivt n\u00f6je. Detta \u00e4r de idealiska medlen f\u00f6r att behandla depression, tr\u00f6tthet, \u00e5ngest, illam\u00e5ende och kronisk sm\u00e4rta. THC-inneh\u00e5llet i dessa [...]<\/p>","protected":false},"featured_media":2057,"comment_status":"open","ping_status":"closed","template":"","meta":[],"product_brand":[],"product_cat":[20],"product_tag":[29,32,33,27,34,30,28,31,35,36],"class_list":{"0":"post-2056","1":"product","2":"type-product","3":"status-publish","4":"has-post-thumbnail","6":"product_cat-exotische-weed-aromen-kaufen","7":"product_tag-cannabis-kaufen","8":"product_tag-cannabis-online-kaufen","9":"product_tag-gras-bestellen","10":"product_tag-gras-kaufen","11":"product_tag-gras-online-kaufen","12":"product_tag-marihuana-kaufen","13":"product_tag-thc-kaufen","14":"product_tag-weed-kaufen","15":"product_tag-weed-online-bestellen","16":"product_tag-weed-online-kaufen","18":"first","19":"instock","20":"shipping-taxable","21":"purchasable","22":"product-type-variable"},"_links":{"self":[{"href":"https:\/\/dasgrasshop.com\/sv\/wp-json\/wp\/v2\/product\/2056","targetHints":{"allow":["GET"]}}],"collection":[{"href":"https:\/\/dasgrasshop.com\/sv\/wp-json\/wp\/v2\/product"}],"about":[{"href":"https:\/\/dasgrasshop.com\/sv\/wp-json\/wp\/v2\/types\/product"}],"replies":[{"embeddable":true,"href":"https:\/\/dasgrasshop.com\/sv\/wp-json\/wp\/v2\/comments?post=2056"}],"wp:featuredmedia":[{"embeddable":true,"href":"https:\/\/dasgrasshop.com\/sv\/wp-json\/wp\/v2\/media\/2057"}],"wp:attachment":[{"href":"https:\/\/dasgrasshop.com\/sv\/wp-json\/wp\/v2\/media?parent=2056"}],"wp:term":[{"taxonomy":"product_brand","embeddable":true,"href":"https:\/\/dasgrasshop.com\/sv\/wp-json\/wp\/v2\/product_brand?post=2056"},{"taxonomy":"product_cat","embeddable":true,"href":"https:\/\/dasgrasshop.com\/sv\/wp-json\/wp\/v2\/product_cat?post=2056"},{"taxonomy":"product_tag","embeddable":true,"href":"https:\/\/dasgrasshop.com\/sv\/wp-json\/wp\/v2\/product_tag?post=2056"}],"curies":[{"name":"wp","href":"https:\/\/api.w.org\/{rel}","templated":true}]}}