{"id":2062,"date":"2022-03-07T14:56:07","date_gmt":"2022-03-07T14:56:07","guid":{"rendered":"https:\/\/dasgrasshop.com\/?post_type=product&#038;p=2062"},"modified":"2022-12-12T14:35:01","modified_gmt":"2022-12-12T14:35:01","slug":"northern-lights","status":"publish","type":"product","link":"https:\/\/dasgrasshop.com\/sv\/product\/norrsken\/","title":{"rendered":"Norrsken"},"content":{"rendered":"<p>Northern Lights Indica stam<br \/>\nVissa sorter \u00e4r helt enkelt ber\u00f6mda; Northern Lights (Afghanica) har dock uppn\u00e5tt legendarisk status.<\/p>\n<p>Om du \u00e4r en regelbunden cannabisanv\u00e4ndare finns det en stor chans att du har provat Northern Lights. Eller en av stammens systerstammar, t.ex: Sour Diesel och Shiva Skunk, f\u00f6r att n\u00e4mna n\u00e5gra. Northern Lights exakta h\u00e4rstamning och historia \u00e4r h\u00f6ljd i ett mysterium och kan vara f\u00f6rlorad f\u00f6r alltid.<\/p>\n<p>Den r\u00e5dande teorin \u00e4r att sorten har sitt ursprung i nordv\u00e4stra delen av Stilla havet och har f\u00e5 fans. Sedan tog den sig till Holland, d\u00e4r de tv\u00e5 b\u00e4sta fenotyperna korsades (Northern Lights #5 x Northern Lights #2). NL #5 spelade den viktigaste rollen i korsningen eftersom NL #5 \u00f6kar styrkan och f\u00f6rkortar blomningstiden. NL #2 ger sorten den fantastiska smaken och lukten och bidrar till den totala kraften och styrkan i highs. NL #2 \u00e4r ocks\u00e5 en mer t\u00e5lig v\u00e4xt med b\u00e4ttre motst\u00e5ndskraft mot m\u00f6gel och skadedjur \u00e4n andra fenotyper.<\/p>\n<p>Norrskenets utseende och lukt<br \/>\nDen h\u00e4r sorten var vacker att titta p\u00e5, b\u00e5de p\u00e5 n\u00e4ra h\u00e5ll och p\u00e5 avst\u00e5nd. Det \u00e5ttonde exemplaret som jag fick f\u00f6r detta test hade formen av en stor nug, konstfullt skuren. Den visade hela knoppens \"inre arbete\" samtidigt som den l\u00e4mnade en perfekt m\u00e4ngd bladmaterial f\u00f6r att se naturlig ut. F\u00e4rgen var v\u00e4ldigt ljus \u00f6verlag med skarpa gr\u00f6na och n\u00e4stan gyllene pistiller. northern lights indica sort.<\/p>\n<p>Northern Lights presenterar sig med kompakta, t\u00e4ta knoppar som \u00e4r t\u00e4ckta av en silvervit glasyr av trichromer, ofta separerade av n\u00e5gra centimeter stam, vilket g\u00f6r det enkelt att trimma och ger en utm\u00e4rkt avkastning. \u00c4ven om knopparna \u00e4r t\u00e4ta och tjocka (typisk indica-struktur) \u00e4r de inte s\u00e5 ogenomtr\u00e4ngliga att knoppr\u00f6ta blir ett stort problem - vilket kan vara ett stort problem med m\u00e5nga indica-sorter - vilket g\u00f6r Northern Lights till en bra indica som kan odlas i fuktiga milj\u00f6er.<\/p>\n<p>Doften \u00e4r fr\u00e4sch, \u00f6rtig och l\u00e4tt skummig p\u00e5 avst\u00e5nd och \u00f6verg\u00e5r i en komplex, s\u00f6t citrus- och talldoft med eukalyptustoner n\u00e4r flaskorna krossas. N\u00e4r den krossas blir aromen \u00e4nnu starkare och f\u00e5r en mustig citrusdoft som p\u00e5minner om br\u00e4nt apelsinskal blandat med lite tall.<\/p>\n<p>R\u00f6ken<br \/>\nL\u00e4tt s\u00f6t och citrusaktig i inandningen, mer tallig och mustig i utandningen. Northern Lights smakade definitivt som den luktade, \u00e4ven om den var n\u00e5got mindre skarp i sin helhet. R\u00f6ken och smaken hade en mjuk kvalitet som b\u00e4st kan beskrivas som \"sm\u00f6rig\", men hade ocks\u00e5 inslag av expansion som orsakade hostanfall vid st\u00f6rre puffar. Att f\u00f6r\u00e5nga knoppen skulle f\u00f6rmodligen hj\u00e4lpa till att lindra detta. Den mjuka upplevelsen med en solid smakbeh\u00e5llning med varje dragning, och sk\u00e5len slutade med en mycket ljusgr\u00e5 f\u00e4rg. N\u00e4stan vit aska, vilket visar att odlaren har gjort en b\u00e4ttre flush.<\/p>\n<p>Vissa s\u00e4ger att detta \u00e4r en \"krypande\" sort, men f\u00f6r mig hade effekten en omedelbar k\u00e4nsla av eufori och starka, n\u00e4stan \u00f6verv\u00e4ldigande cerebrala effekter - och det var bara den f\u00f6rsta puffen. Efter ytterligare n\u00e5gra puffar f\u00f6r att f\u00f6lja med den intensiva indicah\u00f6jden utvecklas en mycket behaglig och lugnande k\u00e4nsla av v\u00e4lbefinnande och lycka. northern lights indica strain.<\/p>\n<p>Totalt<br \/>\nP\u00e5 det hela taget \u00e4r Northern Lights ett utm\u00e4rkt exempel p\u00e5 genetik fr\u00e5n den gamla skolan som upplivas av modern odlingsteknik. Den kraftiga indica-dominanta knoppstrukturen med sina tjocka trichromer. Och en rad ljusa f\u00e4rger var underbara att beundra, vilket gjorde det n\u00e4stan sv\u00e5rt att r\u00f6ka en s\u00e5dan sk\u00f6nhet. (Jag sa n\u00e4stan.)<\/p>\n<p>Lukten och smaken \u00f6vertr\u00e4ffade f\u00f6rv\u00e4ntningarna, men indica-dominansen var definitivt m\u00e4rkbar. \u00c4ven om den tekniskt sett \u00e4r en hybrid, anser de flesta att den h\u00e4r sorten \u00e4r en indica, med ett 95% indica- och 5% sativa-f\u00f6rh\u00e5llande. Detta g\u00f6r i sin tur att sorten \u00e4r lite tung f\u00f6r dagodling. Rekommenderas f\u00f6r m\u00e5ttliga till erfarna r\u00f6kare. Fr\u00e4mst som en indica p\u00e5 kv\u00e4llen eller efter jobbet, n\u00e4r stark avkoppling \u00f6nskas.<\/p>\n<p>H\u00f6gdigheten varar vanligtvis i 2-3 timmar och Northern Lights har visat sig kunna behandla stress, \u00e5ngest och nervositet. \u00c4ven f\u00f6r irritabel tarm, illam\u00e5ende, depression, kronisk sm\u00e4rta, ryggsm\u00e4rta, artrit och andra kroppsrelaterade problem. Jag har ocks\u00e5 funnit att den \u00e4r till stor hj\u00e4lp vid s\u00f6mnl\u00f6shet, och den h\u00e4r sorten \u00e4r nu mitt f\u00f6rstahandsval under s\u00f6mnl\u00f6sa n\u00e4tter.<\/p>\n<p>Den enda nackdelen med Northern Lights \u00e4r att den ursprungliga sorten \u00e4r mycket s\u00e4llsynt att hitta. De flesta apotek s\u00e4ljer inte den riktiga sorten, utan hybrider, men inte den riktiga Northern Lights. S\u00e5 g\u00f6r din heml\u00e4xa, prata med seri\u00f6sa personer och s\u00e4kra denna klassiker! Kontakta oss<\/p>\n<p>&nbsp;<\/p>\n<p>k\u00f6pa gr\u00e4s p\u00e5 n\u00e4tet USA, k\u00f6pa gr\u00e4s p\u00e5 n\u00e4tet i Storbritannien, k\u00f6pa gr\u00e4s p\u00e5 n\u00e4tet i Irland, k\u00f6pa gr\u00e4s p\u00e5 n\u00e4tet i Schweiz, k\u00f6pa gr\u00e4s p\u00e5 n\u00e4tet i Australien, k\u00f6pa gr\u00e4s p\u00e5 n\u00e4tet i Italien, k\u00f6pa gr\u00e4s p\u00e5 n\u00e4tet i Danmark, k\u00f6pa gr\u00e4s p\u00e5 n\u00e4tet i Europeiska unionen, k\u00f6pa gr\u00e4s p\u00e5 n\u00e4tet i Frankrike, k\u00f6pa gr\u00e4s p\u00e5 n\u00e4tet<\/p>","protected":false},"excerpt":{"rendered":"<p>Northern Lights Indica sort Vissa sorter \u00e4r helt enkelt ber\u00f6mda, men Northern Lights (Afghanica) har uppn\u00e5tt legendarisk status. Om du \u00e4r en regelbunden cannabisanv\u00e4ndare finns det en mycket god chans att du antingen har provat Northern Lights. Eller n\u00e5gon av stammens systersorter, t.ex: Sour Diesel och Shiva Skunk, f\u00f6r att n\u00e4mna n\u00e5gra. Den [...]<\/p>","protected":false},"featured_media":2063,"comment_status":"open","ping_status":"closed","template":"","meta":[],"product_brand":[],"product_cat":[20],"product_tag":[29,32,33,27,34,30,28,31,35,36],"class_list":{"0":"post-2062","1":"product","2":"type-product","3":"status-publish","4":"has-post-thumbnail","6":"product_cat-exotische-weed-aromen-kaufen","7":"product_tag-cannabis-kaufen","8":"product_tag-cannabis-online-kaufen","9":"product_tag-gras-bestellen","10":"product_tag-gras-kaufen","11":"product_tag-gras-online-kaufen","12":"product_tag-marihuana-kaufen","13":"product_tag-thc-kaufen","14":"product_tag-weed-kaufen","15":"product_tag-weed-online-bestellen","16":"product_tag-weed-online-kaufen","18":"first","19":"instock","20":"shipping-taxable","21":"purchasable","22":"product-type-variable"},"_links":{"self":[{"href":"https:\/\/dasgrasshop.com\/sv\/wp-json\/wp\/v2\/product\/2062","targetHints":{"allow":["GET"]}}],"collection":[{"href":"https:\/\/dasgrasshop.com\/sv\/wp-json\/wp\/v2\/product"}],"about":[{"href":"https:\/\/dasgrasshop.com\/sv\/wp-json\/wp\/v2\/types\/product"}],"replies":[{"embeddable":true,"href":"https:\/\/dasgrasshop.com\/sv\/wp-json\/wp\/v2\/comments?post=2062"}],"wp:featuredmedia":[{"embeddable":true,"href":"https:\/\/dasgrasshop.com\/sv\/wp-json\/wp\/v2\/media\/2063"}],"wp:attachment":[{"href":"https:\/\/dasgrasshop.com\/sv\/wp-json\/wp\/v2\/media?parent=2062"}],"wp:term":[{"taxonomy":"product_brand","embeddable":true,"href":"https:\/\/dasgrasshop.com\/sv\/wp-json\/wp\/v2\/product_brand?post=2062"},{"taxonomy":"product_cat","embeddable":true,"href":"https:\/\/dasgrasshop.com\/sv\/wp-json\/wp\/v2\/product_cat?post=2062"},{"taxonomy":"product_tag","embeddable":true,"href":"https:\/\/dasgrasshop.com\/sv\/wp-json\/wp\/v2\/product_tag?post=2062"}],"curies":[{"name":"wp","href":"https:\/\/api.w.org\/{rel}","templated":true}]}}