{"id":2068,"date":"2022-03-07T15:03:57","date_gmt":"2022-03-07T15:03:57","guid":{"rendered":"https:\/\/dasgrasshop.com\/?post_type=product&#038;p=2068"},"modified":"2022-07-31T00:08:33","modified_gmt":"2022-07-31T00:08:33","slug":"runtz-gras-kaufen","status":"publish","type":"product","link":"https:\/\/dasgrasshop.com\/sv\/product\/runtz-gras-kaufen\/","title":{"rendered":"K\u00f6p Runtz Grass"},"content":{"rendered":"<p>Runtz stam vi har vit runtz till salu, vit runtz stam, exotisk runtz stam, gruntz stam, vlone runtz stam, runtz cannabis stam Klicka h\u00e4r f\u00f6r att se alla runts stammar till salu p\u00e5 v\u00e5r webbplats<br \/>\nHybrid - 50% Sativa \/50% Indica#<br \/>\nTHC: 23% - 24%<br \/>\nK\u00f6p Runtz weed Strain Tyskland<br \/>\nK\u00f6p Runtz weed Strain Europa<\/p>\n<p>Runtz Weed \u00e4r en cannabis sort fr\u00e5n LA, med en terpenprofil som de flesta skulle beskriva som s\u00f6tma. Runtz som sort har dock ett otroligt varierande antal fenotyper som drastiskt kan p\u00e5verka data, vilket g\u00f6r det n\u00e4stan om\u00f6jligt att avg\u00f6ra om Runtz \u00e4r en sativa- eller indicahybrid, eftersom olika fenotyper slutar med att luta \u00e5t olika h\u00e5ll.<\/p>\n<p>Detta g\u00e4ller \u00e4ven THC- och CBD-inneh\u00e5llet, som testas per odling och som f\u00f6r n\u00e4rvarande inte \u00e4r tillg\u00e4ngligt p\u00e5 internet.<\/p>\n<p>Medicinsk Runtz Weed f\u00f6r rekreation k\u00f6p online Tyskland<br \/>\nRuntz \u00e4r en cannabis sort fr\u00e5n L.A. med en terpenprofil som de flesta skulle beskriva som s\u00f6tma.<br \/>\nRuntz som sort har dock ett otroligt stort antal olika fenotyper som kan p\u00e5verka uppgifterna drastiskt.<br \/>\nDetta g\u00e4ller \u00e4ven THC- och CBD-inneh\u00e5llet, som testas per odling och som f\u00f6r n\u00e4rvarande inte \u00e4r tillg\u00e4ngligt p\u00e5 internet.<br \/>\nDet \u00e4r en popul\u00e4r sort bland cannabisr\u00f6kare som \u00e4r intresserade av kulturen och reklamen bakom f\u00f6rpackningen av cannabisprodukter.<br \/>\nN\u00e4r de torkas och torkas ordentligt kan anv\u00e4ndarna se f\u00e4rger ut\u00f6ver gr\u00f6nt i knoppen.<br \/>\nRuntz t\u00e4ta knoppar har ofta en livlig f\u00e4rgpalett som str\u00e4cker sig fr\u00e5n bl\u00e5tt och lila till m\u00f6rkt gr\u00f6nt och ljusa apelsiner.<br \/>\nD\u00e4rf\u00f6r \u00e4r det n\u00e4stan om\u00f6jligt att avg\u00f6ra om Runtz \u00e4r en Sativa- eller Indica-hybrid.<br \/>\nDet \u00e4r en otroligt sv\u00e5r att hitta och s\u00e4ljs n\u00e4stan uteslutande i Los Angeles.<br \/>\nDet finns lite eller ingen information om Runtz p\u00e5 Internet.<br \/>\nM\u00e5nga skriver att denna sort \u00e4r bra f\u00f6r att lindra stress, \u00e5ngest och kronisk sm\u00e4rta.<br \/>\nDu kommer f\u00f6rmodligen att k\u00e4nna dig euforisk och glad, men inte tillr\u00e4ckligt f\u00f6r att l\u00e4mna huset.<\/p>\n<p>K\u00f6p White Runtz Weed. White Runtz Weed \u00e4r en balanserad hybridsort (50% Indica\/50% Sativa) som skapats genom att korsa de klassiska sorterna Zkittlez X Gelato. White Runtz \u00e4r k\u00e4nd f\u00f6r sin superl\u00e4ckra smak och l\u00e5ngvariga h\u00f6ga effekt och \u00e4r perfekt f\u00f6r alla hybrid\u00e4lskare. Denna White Runtz-v\u00e4xtsort har en smak som namnet antyder - s\u00f6ta och sura fruktgodis med en liten antydan av citrus. Doften \u00e4r ocks\u00e5 mycket likartad, med en jordig citruston som accentueras av f\u00e4rska s\u00f6ta frukter. P\u00e5 samma s\u00e4tt \u00e4r h\u00f6gdriften av White Runtz Weed lika uts\u00f6kt som smaken. Runtz cannabis stam, vad \u00e4r runtz stam, rosa runtz stam, lila runtz stam, vlone runtz stam, white runtz ,Tyskland UK , USA, Europa, Var, onlinne,<\/p>\n<p>N\u00e4r det g\u00e4ller en annan Runtz-stam kallad White Runtz \u00e4r dess ursprung ocks\u00e5 oklart. Det kan vara en annan fenotyp av Runtz, eftersom den har en j\u00e4mf\u00f6rbar m\u00e4ngd THC, \u00e4ven om andra h\u00e4vdar att den \u00e4r en produkt av samarbetet mellan Runtz och Cookies. Knopparna i denna sort \u00e4r vanligtvis lila och gr\u00f6na. White Runtz \u00e4r en indica-dominant sort, vilket inneb\u00e4r att \u00e4ven om du kanske vill r\u00f6ra p\u00e5 dig i b\u00f6rjan \u00e4r det inte den b\u00e4sta id\u00e9n att l\u00e4mna huset. F\u00f6r n\u00e4rvarande \u00e4r det en av de mest popul\u00e4ra cannabisvarianterna i Kalifornien, s\u00e5 det \u00e4r inte ovanligt att hitta gr\u00e4s m\u00e4rkt som White Runtz som inte har n\u00e5gon av dess egenskaper.<\/p>\n<p>Odling av sorten Runtz<\/p>\n<p>En cannabisplanta som \u00e4r avlad fr\u00e5n sitt ursprung finns i tv\u00e5 typer, en hane och en hona. White Runtz \u00e4r en speciell produkt som skapas n\u00e4r hanen befruktar honan. Detta ger upphov till en s\u00e5 kallad \"hybrid\" eftersom den inneh\u00e5ller egenskaper fr\u00e5n b\u00e5de den kvinnliga och den manliga v\u00e4xten. D\u00e4r den en g\u00e5ng var den hetaste sorten p\u00e5 marknaden \u00e4r den nu bara en s\u00e4llsynt och f\u00f6rsiktig snubblare.<br \/>\nEffekter av Runtz-sorten<br \/>\nDenna unika produkt har den st\u00f6rsta effekten p\u00e5 stress och f\u00e5r den att f\u00f6rsvinna som aldrig f\u00f6rr. N\u00e4r de dystra k\u00e4nslorna av f\u00f6rtvivlan och frustration f\u00f6rsvinner kommer den subtila k\u00e4nslan av ren lycka, lycka, positivitet och fred.<br \/>\nVi levererar och ett detaljhandel bra urval av white runtz ogr\u00e4s stam White Kuntz, White runtz, K\u00f6p Pink runtz stam p\u00e5 n\u00e4tet, white runtz stam bilder, pink runtz pris, white runtz stam genetik<\/p>\n<p>hur mycket kostar ett pund runtz, Best\u00e4ll Pink runtz stam online, White runtz gr\u00e4s till salu, K\u00f6p White runtz gr\u00e4s online. Var kan man k\u00f6pa White runtz weed, Exotisk runtz stam, Runtz stam<\/p>\n<p>vlone runtz stam, sk\u00e4mt till runtz p\u00e5sar, white runtz indica eller sativa, white runtz stam leafy, gruntz av runtz stam, white runtz stam recension, gruntz cookies, white runtz mylar p\u00e5sar, granddaddy lila<\/p>\n<p>gruntz stam, gruntz stam uk, sunset runtz, isglass t\u00e5rta stam, runtz burkar till salu, k\u00f6pa cbd olja online, k\u00f6pa smart bud burkar online ,<\/p>\n<p>white runtz tribe h\u00e4nvisar till nyckelord<br \/>\nhur mycket \u00e4r ett pund white runtz, hur mycket \u00e4r white runtz, white runtz kush, white runtz og, runtz hemsida, runtz vagnar, cookies runtz, hawaiian runtz, sundae driver stam till salu, var kan jag f\u00e5 riktiga <a href=\"https:\/\/deligentman.com\/\" target=\"_blank\" rel=\"noopener\">Jungle Boys Weed<\/a> hitta p\u00e5 n\u00e4tet<\/p>\n<p>&nbsp;<\/p>","protected":false},"excerpt":{"rendered":"<p>Runtz Strain haben wir wei\u00df Runtz zum Verkauf, wei\u00df runtz Stamm, exotische runtz Stamm, gruntz Stamm, vlone runtz Stamm, Runtz Cannabis Stamm Klicken Sie hier, um alle runts St\u00e4mme zum Verkauf auf unserer Website sehen Hybrid &#8211; 50% Sativa \/50% Indica# THC: 23% &#8211; 24% Kaufen Runtz weed Strain Germany Kaufen Runtz weed Strain Europe [&hellip;]<\/p>","protected":false},"featured_media":2069,"comment_status":"open","ping_status":"closed","template":"","meta":[],"product_brand":[],"product_cat":[20],"product_tag":[],"class_list":{"0":"post-2068","1":"product","2":"type-product","3":"status-publish","4":"has-post-thumbnail","6":"product_cat-exotische-weed-aromen-kaufen","8":"first","9":"instock","10":"shipping-taxable","11":"purchasable","12":"product-type-variable"},"_links":{"self":[{"href":"https:\/\/dasgrasshop.com\/sv\/wp-json\/wp\/v2\/product\/2068","targetHints":{"allow":["GET"]}}],"collection":[{"href":"https:\/\/dasgrasshop.com\/sv\/wp-json\/wp\/v2\/product"}],"about":[{"href":"https:\/\/dasgrasshop.com\/sv\/wp-json\/wp\/v2\/types\/product"}],"replies":[{"embeddable":true,"href":"https:\/\/dasgrasshop.com\/sv\/wp-json\/wp\/v2\/comments?post=2068"}],"wp:featuredmedia":[{"embeddable":true,"href":"https:\/\/dasgrasshop.com\/sv\/wp-json\/wp\/v2\/media\/2069"}],"wp:attachment":[{"href":"https:\/\/dasgrasshop.com\/sv\/wp-json\/wp\/v2\/media?parent=2068"}],"wp:term":[{"taxonomy":"product_brand","embeddable":true,"href":"https:\/\/dasgrasshop.com\/sv\/wp-json\/wp\/v2\/product_brand?post=2068"},{"taxonomy":"product_cat","embeddable":true,"href":"https:\/\/dasgrasshop.com\/sv\/wp-json\/wp\/v2\/product_cat?post=2068"},{"taxonomy":"product_tag","embeddable":true,"href":"https:\/\/dasgrasshop.com\/sv\/wp-json\/wp\/v2\/product_tag?post=2068"}],"curies":[{"name":"wp","href":"https:\/\/api.w.org\/{rel}","templated":true}]}}