{"id":2075,"date":"2022-03-07T15:12:25","date_gmt":"2022-03-07T15:12:25","guid":{"rendered":"https:\/\/dasgrasshop.com\/?post_type=product&#038;p=2075"},"modified":"2022-03-07T15:15:06","modified_gmt":"2022-03-07T15:15:06","slug":"grand-daddy-purple","status":"publish","type":"product","link":"https:\/\/dasgrasshop.com\/sv\/product\/grand-daddy-purple\/","title":{"rendered":"Grand Daddy Purple"},"content":{"rendered":"<p>Grand daddy purple till salu<br \/>\n\u00c4ntligen en indica att prata om! Innan Cookies blev den nya sorten fanns Grand Daddy Purple till salu (GDP), som dominerade cannabissamh\u00e4llet i mer \u00e4n fem \u00e5r. Det \u00e4r en riktig titelserie! Det \u00e4r onekligen den mest k\u00e4nda av alla Purple Strains. Den h\u00e4r sorten \u00e4r l\u00e4tt att hitta och l\u00e4tt att odla, och \u00e4r en viktig del av gr\u00e4set och kommer att f\u00e5 dig att komma tillbaka f\u00f6r mer. grand daddy purple sort till salu.<\/p>\n<p>Utseende och lukt<\/p>\n<p>Knopparna av Grand Daddy Purple till salu \u00e4r otroligt t\u00e4ta gr\u00f6na som f\u00e5r djupt lila nyanser n\u00e4r v\u00e4xten mognar, genom hela knopparna (inte bara p\u00e5 utsidan). Det finns gott om ljusorange h\u00e5rstr\u00e5n och de ger en fin kontrast till de andra f\u00e4rgerna som pryder de hartsbelagda knopparna. Doften \u00e4r enkel, och det \u00e4r kanske lite klyschigt, men den luktar verkligen som druvor.<\/p>\n<p>R\u00f6ken<\/p>\n<p>I mitt tidigare liv odlade jag denna sort i m\u00e5nga \u00e5r. Jag kan l\u00e4tt identifiera GDP enbart genom smaken. \u00c4ven h\u00e4r \u00e4r det en tydlig druvsmak som \u00e4r den dominerande aromen. Denna smak tenderar att stanna kvar p\u00e5 tungan under en l\u00e4ngre tid. Effekten \u00e4r l\u00e5ngvarig (3-4 timmar) och ger en j\u00e4mn och sl\u00e4t k\u00e4nsla. Fantastisk medicin f\u00f6r att avsluta kv\u00e4llen med en djup sm\u00e4ltning av kroppen. Grand Daddy purple strain till salu kontakta oss nu<\/p>\n<p>Totalt<\/p>\n<p>Jag t\u00e4nker alltid p\u00e5 Grand Daddy Purple som en nattlig sort. \u00c4ven om det inte \u00e4r den starkaste Indica-sorten kan jag t\u00e4nka mig m\u00e5nga andra sorter som \u00e4r b\u00e4ttre f\u00f6r dagbruk. Dessutom anses GDP vara en av de b\u00e4sta \"medicinska\" sorterna. Detta och de aptitfr\u00e4mjande egenskaperna g\u00f6r den till en favorit bland patienter som k\u00e4mpar med biverkningarna av kemoterapi. GDP \u00e4r ocks\u00e5 bra f\u00f6r s\u00f6mnproblem. GDP verkar finnas \u00f6verallt nu, s\u00e5 om du st\u00f6ter p\u00e5 henne, missa inte din chans att ta del av denna legendariska sort. grand daddy purple till salu. purple punch strain<\/p>","protected":false},"excerpt":{"rendered":"<p>Grand daddy purple till salu \u00c4ntligen en indica att tala om! Innan Cookies var \"den\" sorten fanns Grand Daddy Purple till salu (GDP) som styrde cannabissamh\u00e4llet i \u00f6ver 5 \u00e5r. Nu \u00e4r det en riktig titelserie! Det \u00e4r onekligen den mest k\u00e4nda av alla Purple-sorter. Denna l\u00e4tt att hitta och l\u00e4tt att odla stam \u00e4r [...]<\/p>","protected":false},"featured_media":2076,"comment_status":"open","ping_status":"closed","template":"","meta":[],"product_brand":[],"product_cat":[20],"product_tag":[29,32,33,27,34,30,28,31,35,36],"class_list":{"0":"post-2075","1":"product","2":"type-product","3":"status-publish","4":"has-post-thumbnail","6":"product_cat-exotische-weed-aromen-kaufen","7":"product_tag-cannabis-kaufen","8":"product_tag-cannabis-online-kaufen","9":"product_tag-gras-bestellen","10":"product_tag-gras-kaufen","11":"product_tag-gras-online-kaufen","12":"product_tag-marihuana-kaufen","13":"product_tag-thc-kaufen","14":"product_tag-weed-kaufen","15":"product_tag-weed-online-bestellen","16":"product_tag-weed-online-kaufen","18":"first","19":"instock","20":"shipping-taxable","21":"purchasable","22":"product-type-variable"},"_links":{"self":[{"href":"https:\/\/dasgrasshop.com\/sv\/wp-json\/wp\/v2\/product\/2075","targetHints":{"allow":["GET"]}}],"collection":[{"href":"https:\/\/dasgrasshop.com\/sv\/wp-json\/wp\/v2\/product"}],"about":[{"href":"https:\/\/dasgrasshop.com\/sv\/wp-json\/wp\/v2\/types\/product"}],"replies":[{"embeddable":true,"href":"https:\/\/dasgrasshop.com\/sv\/wp-json\/wp\/v2\/comments?post=2075"}],"wp:featuredmedia":[{"embeddable":true,"href":"https:\/\/dasgrasshop.com\/sv\/wp-json\/wp\/v2\/media\/2076"}],"wp:attachment":[{"href":"https:\/\/dasgrasshop.com\/sv\/wp-json\/wp\/v2\/media?parent=2075"}],"wp:term":[{"taxonomy":"product_brand","embeddable":true,"href":"https:\/\/dasgrasshop.com\/sv\/wp-json\/wp\/v2\/product_brand?post=2075"},{"taxonomy":"product_cat","embeddable":true,"href":"https:\/\/dasgrasshop.com\/sv\/wp-json\/wp\/v2\/product_cat?post=2075"},{"taxonomy":"product_tag","embeddable":true,"href":"https:\/\/dasgrasshop.com\/sv\/wp-json\/wp\/v2\/product_tag?post=2075"}],"curies":[{"name":"wp","href":"https:\/\/api.w.org\/{rel}","templated":true}]}}