{"id":2082,"date":"2022-03-07T20:47:01","date_gmt":"2022-03-07T20:47:01","guid":{"rendered":"https:\/\/dasgrasshop.com\/?post_type=product&#038;p=2082"},"modified":"2023-05-10T00:02:56","modified_gmt":"2023-05-10T00:02:56","slug":"pineapple-express","status":"publish","type":"product","link":"https:\/\/dasgrasshop.com\/sv\/product\/ananas-express\/","title":{"rendered":"Ananas Express"},"content":{"rendered":"<h2>K\u00f6p Pineapple Express online fr\u00e5n det b\u00e4sta apoteket p\u00e5 n\u00e4tet.<\/h2>\n<p>Pineapple Express till salu i Tyskland, \u00d6sterrike och Schweiz kan k\u00f6pas till \u00f6verkomliga priser p\u00e5 Unkrautmarkt.com idag. Hela v\u00e5rt team av s\u00e4ljare och leverant\u00f6rer \u00e4r tillg\u00e4ngligt dygnet runt f\u00f6r att hj\u00e4lpa dig att k\u00f6pa Pineapple Express online. Vi \u00e4r ett erfaret n\u00e4tapotek som f\u00f6rst\u00e5r sina kunder. H\u00e4r kan du k\u00f6pa de b\u00e4sta produkterna. Best\u00e4ll Pineapple Express Tyskland, \u00d6sterrike och Schweiz nu!<\/p>\n<h3>Vilka \u00e4r funktionerna i Pineapple Express?<\/h3>\n<p>Pineapple Express \u00e4r resultatet av en korsning mellan Trainwreck och Hawaiian. Det \u00e4r en tropisk knopp. Den ger en mjuk och s\u00f6t r\u00f6k som \u00e4r tillr\u00e4cklig f\u00f6r att r\u00f6kare ska bli h\u00f6ga. Det \u00e4r en stark sort som har blivit mycket popul\u00e4r p\u00e5 onlinemarknaden i USA, Storbritannien, Kanada, Tyskland och Australien. THC-inneh\u00e5llet i denna sort \u00e4r i allm\u00e4nhet \u00f6ver 24%. Det luktar som ett fruktst\u00e5nd. Knopparna p\u00e5 Pineapple Express \u00e4r olivf\u00e4rgade och stenformade. De smakar som en f\u00e4rsk ananasskiva. Med den h\u00e4r sorten kan du g\u00f6ra din korta att-g\u00f6ra-lista p\u00e5 nolltid. Du kan odla den h\u00e4r v\u00e4xten b\u00e5de utomhus och inomhus. Blomningen tar ungef\u00e4r 7-8 veckor.<\/p>\n<ul>\n<li>Smaken \u00e4r mycket stark.<\/li>\n<li>Dess brummande \u00e4r kraftfullt.<\/li>\n<li>Det ger dig k\u00e4nslan av att sv\u00e4va i luften.<\/li>\n<li>Den ger en l\u00e4tt domning och en berusande och glad h\u00f6g.<\/li>\n<li>Det g\u00f6r anv\u00e4ndarna kreativa och pratsamma.<\/li>\n<li>Det hj\u00e4lper dig att koncentrera dig och vara produktiv.<\/li>\n<li>Den \u00e4r bra f\u00f6r personer som lider av \u00e5ngest, tr\u00f6tthet, depression, kronisk stress och allm\u00e4n rastl\u00f6shet.<\/li>\n<li>Den har ocks\u00e5 vissa mindre lugnande egenskaper.<\/li>\n<\/ul>\n<h3>Hur best\u00e4ller jag Pineapple Express online?<\/h3>\n<p>Om du vill best\u00e4lla Pineapple Express online i Tyskland, \u00d6sterrike och Schweiz, v\u00e4lj Unkrautmarkt.com. Vi packar din best\u00e4llning p\u00e5 ett s\u00e4kert s\u00e4tt och skickar den till den plats du har angett. Vi kommer inte att f\u00f6rdr\u00f6ja n\u00e5got fr\u00e5n v\u00e5r sida. Anslut nu!<\/p>","protected":false},"excerpt":{"rendered":"<p>Pineapple Express inneh\u00e5ller 20,1% THC och kan f\u00e5 dig att k\u00e4nna dig livlig, alert och kreativ.<\/p>","protected":false},"featured_media":2083,"comment_status":"open","ping_status":"closed","template":"","meta":[],"product_brand":[],"product_cat":[20],"product_tag":[29,32,33,27,34,30,28,31,35,36],"class_list":{"0":"post-2082","1":"product","2":"type-product","3":"status-publish","4":"has-post-thumbnail","6":"product_cat-exotische-weed-aromen-kaufen","7":"product_tag-cannabis-kaufen","8":"product_tag-cannabis-online-kaufen","9":"product_tag-gras-bestellen","10":"product_tag-gras-kaufen","11":"product_tag-gras-online-kaufen","12":"product_tag-marihuana-kaufen","13":"product_tag-thc-kaufen","14":"product_tag-weed-kaufen","15":"product_tag-weed-online-bestellen","16":"product_tag-weed-online-kaufen","18":"first","19":"instock","20":"shipping-taxable","21":"purchasable","22":"product-type-variable"},"_links":{"self":[{"href":"https:\/\/dasgrasshop.com\/sv\/wp-json\/wp\/v2\/product\/2082","targetHints":{"allow":["GET"]}}],"collection":[{"href":"https:\/\/dasgrasshop.com\/sv\/wp-json\/wp\/v2\/product"}],"about":[{"href":"https:\/\/dasgrasshop.com\/sv\/wp-json\/wp\/v2\/types\/product"}],"replies":[{"embeddable":true,"href":"https:\/\/dasgrasshop.com\/sv\/wp-json\/wp\/v2\/comments?post=2082"}],"wp:featuredmedia":[{"embeddable":true,"href":"https:\/\/dasgrasshop.com\/sv\/wp-json\/wp\/v2\/media\/2083"}],"wp:attachment":[{"href":"https:\/\/dasgrasshop.com\/sv\/wp-json\/wp\/v2\/media?parent=2082"}],"wp:term":[{"taxonomy":"product_brand","embeddable":true,"href":"https:\/\/dasgrasshop.com\/sv\/wp-json\/wp\/v2\/product_brand?post=2082"},{"taxonomy":"product_cat","embeddable":true,"href":"https:\/\/dasgrasshop.com\/sv\/wp-json\/wp\/v2\/product_cat?post=2082"},{"taxonomy":"product_tag","embeddable":true,"href":"https:\/\/dasgrasshop.com\/sv\/wp-json\/wp\/v2\/product_tag?post=2082"}],"curies":[{"name":"wp","href":"https:\/\/api.w.org\/{rel}","templated":true}]}}