{"id":2133,"date":"2022-05-24T17:29:49","date_gmt":"2022-05-24T17:29:49","guid":{"rendered":"https:\/\/dasgrasshop.com\/?post_type=product&#038;p=2133"},"modified":"2022-06-23T17:17:38","modified_gmt":"2022-06-23T17:17:38","slug":"kaufen-sie-afghanisches-schwarzes-haschisch","status":"publish","type":"product","link":"https:\/\/dasgrasshop.com\/sv\/product\/koepa-afghan-svart-hashish\/","title":{"rendered":"K\u00f6p afghansk svart hasch"},"content":{"rendered":"<p>K\u00f6p afghansk svart hasch<\/p>\n<p>Afghan Black Hash \u00e4r en komplex indica-dominant sort med euforiska och avslappnande effekter. Blommorna utvecklas till jadef\u00e4rgade tallkolonier med m\u00f6rkgr\u00f6na, n\u00e4stan svarta sockerblad. Black Afghans terpenprofil \u00e4r en aromatisk blandning av peppar, jord och salvia, omgiven av m\u00f6rka b\u00e4r, vilket anspelar p\u00e5 sortens cerebrala och fysiska effekter. Den h\u00e4r sortens upplyftande, upplyftande effekt och de avslappnande, binge-inducerande fysiska effekterna g\u00f6r den perfekt f\u00f6r en lat eftermiddag.<\/p>\n<p>K\u00f6p afghansk svart hasch online. Afghan Black Hash \u00e4r en haschklon. Det \u00e4r ett milsvid v\u00e4rldsomsp\u00e4nnande brott och det kommer att vara ett f\u00e4ngelse f\u00f6r evigt. Den inneh\u00e5ller ingen THC, syntetiska cannabinoider eller olika kemiska f\u00f6reningar (som JWH-018, JWH-073, JWH-250, AM-2209 och m\u00e5nga fler). Det \u00e4r f\u00f6rmodligen den mest exceptionella f\u00e4ngelsehasch p\u00e5 marknaden. Vi anv\u00e4nder de b\u00e4sta v\u00e4xtbaserade substanserna av livsmedelskvalitet. Den ser ut som hasch, luktar som hasch och smakar utm\u00e4rkt. Afghansk svart hasch skiljer sig mest effektivt fr\u00e5n v\u00e5ra andra produkter genom sin f\u00e4rg. Om du inte k\u00e4nner till v\u00e5ra varor kan du k\u00f6pa en provpc. F\u00f6r det f\u00f6rsta \u00e4r frakten gratis. Om du k\u00f6per fler av v\u00e5ra varor f\u00f6r kriminell hasch kan avgiften bli l\u00e4gre.<\/p>\n<p>&nbsp;<\/p>\n<p>K\u00f6p afghansk svart hasch online - k\u00f6p svart hasch, <a href=\"https:\/\/dasgrasshop.com\/sv\/\">k\u00f6pa<\/a> Du kan k\u00f6pa svart hasch online, var man kan k\u00f6pa afghansk svart hasch, afghansk svart hasch till salu, svart hasch till salu, k\u00f6p hasch online, <a href=\"https:\/\/cannahome.net\/\" target=\"_blank\" rel=\"noopener\">cannahome.net<\/a> var man kan k\u00f6pa svart hasch online f\u00f6r att k\u00f6pa afghan svart hasch online. s\u00e4ker leverans afghan svart hasch<\/p>","protected":false},"excerpt":{"rendered":"<p>30 gram<\/p>\n<p>Diskret service\u2714 100 % pengarna tillbaka-garanti\u2714 Leverans med sp\u00e5rning\u2714. 100 % kundn\u00f6jdhet\u2714. Gratis 5 g av 5 olika sorter f\u00f6r f\u00f6rstag\u00e5ngsk\u00f6pare<\/p>","protected":false},"featured_media":2134,"comment_status":"open","ping_status":"closed","template":"","meta":[],"product_brand":[],"product_cat":[19],"product_tag":[37,38],"class_list":{"0":"post-2133","1":"product","2":"type-product","3":"status-publish","4":"has-post-thumbnail","6":"product_cat-haschisch-online-kaufen","7":"product_tag-haschisch-online-kaufen","8":"product_tag-kaufen-sie-afghanisches-schwarzes-haschisch","10":"first","11":"instock","12":"sale","13":"featured","14":"shipping-taxable","15":"purchasable","16":"product-type-simple"},"_links":{"self":[{"href":"https:\/\/dasgrasshop.com\/sv\/wp-json\/wp\/v2\/product\/2133","targetHints":{"allow":["GET"]}}],"collection":[{"href":"https:\/\/dasgrasshop.com\/sv\/wp-json\/wp\/v2\/product"}],"about":[{"href":"https:\/\/dasgrasshop.com\/sv\/wp-json\/wp\/v2\/types\/product"}],"replies":[{"embeddable":true,"href":"https:\/\/dasgrasshop.com\/sv\/wp-json\/wp\/v2\/comments?post=2133"}],"wp:featuredmedia":[{"embeddable":true,"href":"https:\/\/dasgrasshop.com\/sv\/wp-json\/wp\/v2\/media\/2134"}],"wp:attachment":[{"href":"https:\/\/dasgrasshop.com\/sv\/wp-json\/wp\/v2\/media?parent=2133"}],"wp:term":[{"taxonomy":"product_brand","embeddable":true,"href":"https:\/\/dasgrasshop.com\/sv\/wp-json\/wp\/v2\/product_brand?post=2133"},{"taxonomy":"product_cat","embeddable":true,"href":"https:\/\/dasgrasshop.com\/sv\/wp-json\/wp\/v2\/product_cat?post=2133"},{"taxonomy":"product_tag","embeddable":true,"href":"https:\/\/dasgrasshop.com\/sv\/wp-json\/wp\/v2\/product_tag?post=2133"}],"curies":[{"name":"wp","href":"https:\/\/api.w.org\/{rel}","templated":true}]}}